{"id":3281,"date":"2023-02-16T09:03:59","date_gmt":"2023-02-16T09:03:59","guid":{"rendered":"https:\/\/modernteh.md\/?post_type=product&#038;p=3281"},"modified":"2025-06-23T15:52:42","modified_gmt":"2025-06-23T15:52:42","slug":"adapatoare-iepuri-1l","status":"publish","type":"product","link":"https:\/\/modernteh.md\/ru\/catalog\/adapatoare-iepuri-1l\/","title":{"rendered":"Ad\u0103p\u0103toare iepuri 1L"},"content":{"rendered":"<p>Ad\u0103p\u0103toarea 1 l este alcatuit\u0103 din:<br \/>\nCapac;<br \/>\nRezervor 1 l ap\u0103;<br \/>\nSistem de prindere cu\u0219c\u0103;<br \/>\nAd\u0103p\u0103toare tip suzeta alimentare ap\u0103 pentru iepure.<\/p>\n<p>Un produs de calitate net superioar\u0103 fa\u021b\u0103 de ad\u0103p\u0103torile clasice sunt ad\u0103p\u0103torile furnizate de Tehno MS pentru iepuri. Consultandu-ne cu diverse fabrici de produc\u021bie am reusit sa aducem pe pia\u021ba moldoveneasc\u0103 o ad\u0103p\u0103toare rezistent\u0103, adaptat\u0103  nevoilor cresc\u0103torilor de iepuri de care am \u021binut cont.<br \/>\nAd\u0103p\u0103toarea de iepuri cu recipient de 1l  este foarte simplu de utilizat, se monteza direct pe cu\u0219ca at\u00e2t \u00een interior c\u00e2t \u0219i \u00een exterior. Ajut\u0103 la men\u021binerea apei curate, capacul \u00eempiedic\u00e2nd intrarea obiectelor str\u0103ine \u00een recipientul cu ap\u0103, iepurele neav\u00e2nd acces direct la ap\u0103, astfel nu poate sa o verse sau sa o murdareasc\u0103.<\/p>\n<p> Prin men\u021binerea apei curate, ad\u0103p\u0103toarea de iepuri tip suzet\u0103 ajut\u0103 la reducerea apari\u021biei bolilor specifice acestui animal deosebit de sensibil. \u00cen cazul apari\u021biei unor boli pute\u021bi folosi ad\u0103p\u0103toarea drept o modalitate eficienta de tratament al iepurilor prin ajutorul acestui suport, tratamentul poate fi personalizat dupa boli \u0219i \u00een parte la fiecare cu\u0219c\u0103 sau individ \u00een mod controlat.<br \/>\nSe stie \u00eentre gospodari ca animalu\u021bele au obiceiul de a roade recipientele pentru ap\u0103 \u0219i hran\u0103 \u00eens\u0103 materialul din care este fabricat produsul este facut de a\u0219a natur\u0103 \u00eenc\u00e2t juc\u0103u\u0219ele creaturi nu \u00eel pot uza prin roadere.<\/p>\n<p> Specifica\u021biile ad\u0103p\u0103torii 1 l<br \/>\nCapacitate: 1 litri<br \/>\nGrosime masa plastica: 2,5 mm<br \/>\n\u00cen\u0103l\u021bime: 18 cm<br \/>\nLungime: 9 cm<br \/>\nGreutate: 140 g.<br \/>\nCuloare: alb\/ verde<br \/>\nIdeal\u0103 pentru iepuri.<br \/>\nDotat\u0103 cu suzeta vertical\u0103, capac \u0219i dispozitiv de prindere.<br \/>\n\u00cempiedic\u0103 udarea spa\u021biului destinat iepurilor.<\/p>","protected":false},"excerpt":{"rendered":"<p>Ad\u0103p\u0103toarea 1 l este alcatuit\u0103 din: Capac; Rezervor 1 l ap\u0103; Sistem de prindere cu\u0219c\u0103; Ad\u0103p\u0103toare tip suzeta alimentare ap\u0103<\/p>","protected":false},"featured_media":3282,"template":"","meta":[],"product_cat":[127],"product_tag":[],"class_list":{"0":"post-3281","1":"product","2":"type-product","3":"status-publish","4":"has-post-thumbnail","6":"product_cat-adapatori-si-hranitori-iepuri","8":"first","9":"instock","10":"sale","11":"shipping-taxable","12":"purchasable","13":"product-type-simple"},"yoast_head":"<!-- This site is optimized with the Yoast SEO plugin v20.12 - https:\/\/yoast.com\/wordpress\/plugins\/seo\/ -->\n<title>Ad\u0103p\u0103toare iepuri 1L - Modernteh<\/title>\n<meta name=\"description\" content=\"Ad\u0103p\u0103toare iepuri 1L cu recipient de 1l este foarte simplu de utilizat, se monteza direct pe cu\u0219ca at\u00e2t \u00een interior c\u00e2t \u0219i \u00een exterior\" \/>\n<meta name=\"robots\" content=\"index, follow, max-snippet:-1, max-image-preview:large, max-video-preview:-1\" \/>\n<link rel=\"canonical\" href=\"https:\/\/modernteh.md\/ru\/catalog\/adapatoare-iepuri-1l\/\" \/>\n<meta property=\"og:locale\" content=\"ru_RU\" \/>\n<meta property=\"og:type\" content=\"article\" \/>\n<meta property=\"og:title\" content=\"Ad\u0103p\u0103toare iepuri 1L - Modernteh\" \/>\n<meta property=\"og:description\" content=\"Ad\u0103p\u0103toare iepuri 1L cu recipient de 1l este foarte simplu de utilizat, se monteza direct pe cu\u0219ca at\u00e2t \u00een interior c\u00e2t \u0219i \u00een exterior\" \/>\n<meta property=\"og:url\" content=\"https:\/\/modernteh.md\/ru\/catalog\/adapatoare-iepuri-1l\/\" \/>\n<meta property=\"og:site_name\" content=\"Modernteh\" \/>\n<meta property=\"article:publisher\" content=\"https:\/\/www.facebook.com\/profile.php?id=100082695620019\" \/>\n<meta property=\"article:modified_time\" content=\"2025-06-23T15:52:42+00:00\" \/>\n<meta property=\"og:image\" content=\"https:\/\/modernteh.md\/wp-content\/uploads\/2023\/02\/adapatoare-iepuri-1L-500-500-500-500-500-500-500-500-500-500-500-500-500-500-500-500-500-500-500-500-500-500-500-500-500-500.jpg\" \/>\n\t<meta property=\"og:image:width\" content=\"500\" \/>\n\t<meta property=\"og:image:height\" content=\"500\" \/>\n\t<meta property=\"og:image:type\" content=\"image\/jpeg\" \/>\n<meta name=\"twitter:card\" content=\"summary_large_image\" \/>\n<script type=\"application\/ld+json\" class=\"yoast-schema-graph\">{\"@context\":\"https:\/\/schema.org\",\"@graph\":[{\"@type\":\"WebPage\",\"@id\":\"https:\/\/modernteh.md\/catalog\/adapatoare-iepuri-1l\/\",\"url\":\"https:\/\/modernteh.md\/catalog\/adapatoare-iepuri-1l\/\",\"name\":\"Ad\u0103p\u0103toare iepuri 1L - Modernteh\",\"isPartOf\":{\"@id\":\"https:\/\/modernteh.md\/#website\"},\"datePublished\":\"2023-02-16T09:03:59+00:00\",\"dateModified\":\"2025-06-23T15:52:42+00:00\",\"description\":\"Ad\u0103p\u0103toare iepuri 1L cu recipient de 1l este foarte simplu de utilizat, se monteza direct pe cu\u0219ca at\u00e2t \u00een interior c\u00e2t \u0219i \u00een exterior\",\"breadcrumb\":{\"@id\":\"https:\/\/modernteh.md\/catalog\/adapatoare-iepuri-1l\/#breadcrumb\"},\"inLanguage\":\"ru-RU\",\"potentialAction\":[{\"@type\":\"ReadAction\",\"target\":[\"https:\/\/modernteh.md\/catalog\/adapatoare-iepuri-1l\/\"]}]},{\"@type\":\"BreadcrumbList\",\"@id\":\"https:\/\/modernteh.md\/catalog\/adapatoare-iepuri-1l\/#breadcrumb\",\"itemListElement\":[{\"@type\":\"ListItem\",\"position\":1,\"name\":\"Prima pagin\u0103\",\"item\":\"https:\/\/modernteh.md\/\"},{\"@type\":\"ListItem\",\"position\":2,\"name\":\"Catalog\",\"item\":\"https:\/\/modernteh.md\/catalog\/\"},{\"@type\":\"ListItem\",\"position\":3,\"name\":\"Ad\u0103p\u0103toare iepuri 1L\"}]},{\"@type\":\"WebSite\",\"@id\":\"https:\/\/modernteh.md\/#website\",\"url\":\"https:\/\/modernteh.md\/\",\"name\":\"Modernteh\",\"description\":\"Modernteh\",\"publisher\":{\"@id\":\"https:\/\/modernteh.md\/#organization\"},\"potentialAction\":[{\"@type\":\"SearchAction\",\"target\":{\"@type\":\"EntryPoint\",\"urlTemplate\":\"https:\/\/modernteh.md\/?s={search_term_string}\"},\"query-input\":\"required name=search_term_string\"}],\"inLanguage\":\"ru-RU\"},{\"@type\":\"Organization\",\"@id\":\"https:\/\/modernteh.md\/#organization\",\"name\":\"Modernteh\",\"url\":\"https:\/\/modernteh.md\/\",\"logo\":{\"@type\":\"ImageObject\",\"inLanguage\":\"ru-RU\",\"@id\":\"https:\/\/modernteh.md\/#\/schema\/logo\/image\/\",\"url\":\"https:\/\/modernteh.md\/wp-content\/uploads\/2022\/06\/Logo_site-2.png\",\"contentUrl\":\"https:\/\/modernteh.md\/wp-content\/uploads\/2022\/06\/Logo_site-2.png\",\"width\":500,\"height\":487,\"caption\":\"Modernteh\"},\"image\":{\"@id\":\"https:\/\/modernteh.md\/#\/schema\/logo\/image\/\"},\"sameAs\":[\"https:\/\/www.facebook.com\/profile.php?id=100082695620019\"]}]}<\/script>\n<!-- \/ Yoast SEO plugin. -->","yoast_head_json":{"title":"Ad\u0103p\u0103toare iepuri 1L - Modernteh","description":"Ad\u0103p\u0103toare iepuri 1L cu recipient de 1l este foarte simplu de utilizat, se monteza direct pe cu\u0219ca at\u00e2t \u00een interior c\u00e2t \u0219i \u00een exterior","robots":{"index":"index","follow":"follow","max-snippet":"max-snippet:-1","max-image-preview":"max-image-preview:large","max-video-preview":"max-video-preview:-1"},"canonical":"https:\/\/modernteh.md\/ru\/catalog\/adapatoare-iepuri-1l\/","og_locale":"ru_RU","og_type":"article","og_title":"Ad\u0103p\u0103toare iepuri 1L - Modernteh","og_description":"Ad\u0103p\u0103toare iepuri 1L cu recipient de 1l este foarte simplu de utilizat, se monteza direct pe cu\u0219ca at\u00e2t \u00een interior c\u00e2t \u0219i \u00een exterior","og_url":"https:\/\/modernteh.md\/ru\/catalog\/adapatoare-iepuri-1l\/","og_site_name":"Modernteh","article_publisher":"https:\/\/www.facebook.com\/profile.php?id=100082695620019","article_modified_time":"2025-06-23T15:52:42+00:00","og_image":[{"width":500,"height":500,"url":"https:\/\/modernteh.md\/wp-content\/uploads\/2023\/02\/adapatoare-iepuri-1L-500-500-500-500-500-500-500-500-500-500-500-500-500-500-500-500-500-500-500-500-500-500-500-500-500-500.jpg","type":"image\/jpeg"}],"twitter_card":"summary_large_image","schema":{"@context":"https:\/\/schema.org","@graph":[{"@type":"WebPage","@id":"https:\/\/modernteh.md\/catalog\/adapatoare-iepuri-1l\/","url":"https:\/\/modernteh.md\/catalog\/adapatoare-iepuri-1l\/","name":"Ad\u0103p\u0103toare iepuri 1L - Modernteh","isPartOf":{"@id":"https:\/\/modernteh.md\/#website"},"datePublished":"2023-02-16T09:03:59+00:00","dateModified":"2025-06-23T15:52:42+00:00","description":"Ad\u0103p\u0103toare iepuri 1L cu recipient de 1l este foarte simplu de utilizat, se monteza direct pe cu\u0219ca at\u00e2t \u00een interior c\u00e2t \u0219i \u00een exterior","breadcrumb":{"@id":"https:\/\/modernteh.md\/catalog\/adapatoare-iepuri-1l\/#breadcrumb"},"inLanguage":"ru-RU","potentialAction":[{"@type":"ReadAction","target":["https:\/\/modernteh.md\/catalog\/adapatoare-iepuri-1l\/"]}]},{"@type":"BreadcrumbList","@id":"https:\/\/modernteh.md\/catalog\/adapatoare-iepuri-1l\/#breadcrumb","itemListElement":[{"@type":"ListItem","position":1,"name":"Prima pagin\u0103","item":"https:\/\/modernteh.md\/"},{"@type":"ListItem","position":2,"name":"Catalog","item":"https:\/\/modernteh.md\/catalog\/"},{"@type":"ListItem","position":3,"name":"Ad\u0103p\u0103toare iepuri 1L"}]},{"@type":"WebSite","@id":"https:\/\/modernteh.md\/#website","url":"https:\/\/modernteh.md\/","name":"Modernteh","description":"Modernteh","publisher":{"@id":"https:\/\/modernteh.md\/#organization"},"potentialAction":[{"@type":"SearchAction","target":{"@type":"EntryPoint","urlTemplate":"https:\/\/modernteh.md\/?s={search_term_string}"},"query-input":"required name=search_term_string"}],"inLanguage":"ru-RU"},{"@type":"Organization","@id":"https:\/\/modernteh.md\/#organization","name":"Modernteh","url":"https:\/\/modernteh.md\/","logo":{"@type":"ImageObject","inLanguage":"ru-RU","@id":"https:\/\/modernteh.md\/#\/schema\/logo\/image\/","url":"https:\/\/modernteh.md\/wp-content\/uploads\/2022\/06\/Logo_site-2.png","contentUrl":"https:\/\/modernteh.md\/wp-content\/uploads\/2022\/06\/Logo_site-2.png","width":500,"height":487,"caption":"Modernteh"},"image":{"@id":"https:\/\/modernteh.md\/#\/schema\/logo\/image\/"},"sameAs":["https:\/\/www.facebook.com\/profile.php?id=100082695620019"]}]}},"_links":{"self":[{"href":"https:\/\/modernteh.md\/ru\/wp-json\/wp\/v2\/product\/3281","targetHints":{"allow":["GET"]}}],"collection":[{"href":"https:\/\/modernteh.md\/ru\/wp-json\/wp\/v2\/product"}],"about":[{"href":"https:\/\/modernteh.md\/ru\/wp-json\/wp\/v2\/types\/product"}],"wp:featuredmedia":[{"embeddable":true,"href":"https:\/\/modernteh.md\/ru\/wp-json\/wp\/v2\/media\/3282"}],"wp:attachment":[{"href":"https:\/\/modernteh.md\/ru\/wp-json\/wp\/v2\/media?parent=3281"}],"wp:term":[{"taxonomy":"product_cat","embeddable":true,"href":"https:\/\/modernteh.md\/ru\/wp-json\/wp\/v2\/product_cat?post=3281"},{"taxonomy":"product_tag","embeddable":true,"href":"https:\/\/modernteh.md\/ru\/wp-json\/wp\/v2\/product_tag?post=3281"}],"curies":[{"name":"wp","href":"https:\/\/api.w.org\/{rel}","templated":true}]}}