{"id":3291,"date":"2023-02-21T09:07:30","date_gmt":"2023-02-21T09:07:30","guid":{"rendered":"https:\/\/modernteh.md\/?post_type=product&#038;p=3291"},"modified":"2026-02-24T12:25:31","modified_gmt":"2026-02-24T12:25:31","slug":"bidon-de-alaptare-pentru-miei-si-iezi-2l","status":"publish","type":"product","link":"https:\/\/modernteh.md\/ru\/catalog\/bidon-de-alaptare-pentru-miei-si-iezi-2l\/","title":{"rendered":"Bidon de al\u0103ptare pentru miei \u0219i iezi, 2L"},"content":{"rendered":"<p>Bidon de al\u0103ptare pentru miei \u0219i iezi, 2L<br \/>\nBidon din plastic moale, ideal pentru administrarea laptelui \u0219i\/sau medicamentului. Scara u\u0219or de citit ajut\u0103 la dozarea exact\u0103. Bidoanele sunt compatibile cu toate tipurile de tetine, prin urmare se pot folosi at\u00e2t la vi\u021bei c\u00e2t \u0219i la miei \u0219i iezi, dac\u0103 se procur\u0103 tetina potrivit\u0103.<\/p>\n<p>Tetina pentru miei \u0219i iezi este inclus\u0103.<br \/>\nBidon de al\u0103ptare pentru miei \u0219i iezi, 2L<br \/>\nDate tehnice<br \/>\nCapacitate\t2 litri<br \/>\n\u00cen\u0103l\u021bime (f\u0103r\u0103 tetin\u0103)\t34,5 cm<br \/>\nL\u0103\u021bime\t10 \u00d7 10 cm<\/p>","protected":false},"excerpt":{"rendered":"<p>Bidon de al\u0103ptare pentru miei \u0219i iezi, 2L Bidon din plastic moale, ideal pentru administrarea laptelui \u0219i\/sau medicamentului. Scara u\u0219or<\/p>","protected":false},"featured_media":3292,"template":"","meta":[],"product_cat":[125],"product_tag":[],"class_list":{"0":"post-3291","1":"product","2":"type-product","3":"status-publish","4":"has-post-thumbnail","6":"product_cat-adapatori-vaci-oi-porci","8":"first","9":"outofstock","10":"shipping-taxable","11":"purchasable","12":"product-type-simple"},"yoast_head":"<!-- This site is optimized with the Yoast SEO plugin v20.12 - https:\/\/yoast.com\/wordpress\/plugins\/seo\/ -->\n<title>Bidon de al\u0103ptare pentru miei \u0219i iezi, 2L - Modernteh<\/title>\n<meta name=\"description\" content=\"Bidon de al\u0103ptare pentru miei \u0219i iezi, 2L din plastic moale, ideal pentru administrarea laptelui \u0219i\/sau medicamentului.Scara care ajut\u0103 la dozarea exact\u0103\" \/>\n<meta name=\"robots\" content=\"index, follow, max-snippet:-1, max-image-preview:large, max-video-preview:-1\" \/>\n<link rel=\"canonical\" href=\"https:\/\/modernteh.md\/ru\/catalog\/bidon-de-alaptare-pentru-miei-si-iezi-2l\/\" \/>\n<meta property=\"og:locale\" content=\"ru_RU\" \/>\n<meta property=\"og:type\" content=\"article\" \/>\n<meta property=\"og:title\" content=\"Bidon de al\u0103ptare pentru miei \u0219i iezi, 2L - Modernteh\" \/>\n<meta property=\"og:description\" content=\"Bidon de al\u0103ptare pentru miei \u0219i iezi, 2L din plastic moale, ideal pentru administrarea laptelui \u0219i\/sau medicamentului.Scara care ajut\u0103 la dozarea exact\u0103\" \/>\n<meta property=\"og:url\" content=\"https:\/\/modernteh.md\/ru\/catalog\/bidon-de-alaptare-pentru-miei-si-iezi-2l\/\" \/>\n<meta property=\"og:site_name\" content=\"Modernteh\" \/>\n<meta property=\"article:publisher\" content=\"https:\/\/www.facebook.com\/profile.php?id=100082695620019\" \/>\n<meta property=\"article:modified_time\" content=\"2026-02-24T12:25:31+00:00\" \/>\n<meta property=\"og:image\" content=\"https:\/\/modernteh.md\/wp-content\/uploads\/2023\/02\/1424-bidon-de-alaptare-pentru-miei-si-iezi-2000-ml.jpg\" \/>\n\t<meta property=\"og:image:width\" content=\"1200\" \/>\n\t<meta property=\"og:image:height\" content=\"1200\" \/>\n\t<meta property=\"og:image:type\" content=\"image\/jpeg\" \/>\n<meta name=\"twitter:card\" content=\"summary_large_image\" \/>\n<script type=\"application\/ld+json\" class=\"yoast-schema-graph\">{\"@context\":\"https:\/\/schema.org\",\"@graph\":[{\"@type\":\"WebPage\",\"@id\":\"https:\/\/modernteh.md\/catalog\/bidon-de-alaptare-pentru-miei-si-iezi-2l\/\",\"url\":\"https:\/\/modernteh.md\/catalog\/bidon-de-alaptare-pentru-miei-si-iezi-2l\/\",\"name\":\"Bidon de al\u0103ptare pentru miei \u0219i iezi, 2L - Modernteh\",\"isPartOf\":{\"@id\":\"https:\/\/modernteh.md\/#website\"},\"datePublished\":\"2023-02-21T09:07:30+00:00\",\"dateModified\":\"2026-02-24T12:25:31+00:00\",\"description\":\"Bidon de al\u0103ptare pentru miei \u0219i iezi, 2L din plastic moale, ideal pentru administrarea laptelui \u0219i\/sau medicamentului.Scara care ajut\u0103 la dozarea exact\u0103\",\"breadcrumb\":{\"@id\":\"https:\/\/modernteh.md\/catalog\/bidon-de-alaptare-pentru-miei-si-iezi-2l\/#breadcrumb\"},\"inLanguage\":\"ru-RU\",\"potentialAction\":[{\"@type\":\"ReadAction\",\"target\":[\"https:\/\/modernteh.md\/catalog\/bidon-de-alaptare-pentru-miei-si-iezi-2l\/\"]}]},{\"@type\":\"BreadcrumbList\",\"@id\":\"https:\/\/modernteh.md\/catalog\/bidon-de-alaptare-pentru-miei-si-iezi-2l\/#breadcrumb\",\"itemListElement\":[{\"@type\":\"ListItem\",\"position\":1,\"name\":\"Prima pagin\u0103\",\"item\":\"https:\/\/modernteh.md\/\"},{\"@type\":\"ListItem\",\"position\":2,\"name\":\"Catalog\",\"item\":\"https:\/\/modernteh.md\/catalog\/\"},{\"@type\":\"ListItem\",\"position\":3,\"name\":\"Bidon de al\u0103ptare pentru miei \u0219i iezi, 2L\"}]},{\"@type\":\"WebSite\",\"@id\":\"https:\/\/modernteh.md\/#website\",\"url\":\"https:\/\/modernteh.md\/\",\"name\":\"Modernteh\",\"description\":\"Modernteh\",\"publisher\":{\"@id\":\"https:\/\/modernteh.md\/#organization\"},\"potentialAction\":[{\"@type\":\"SearchAction\",\"target\":{\"@type\":\"EntryPoint\",\"urlTemplate\":\"https:\/\/modernteh.md\/?s={search_term_string}\"},\"query-input\":\"required name=search_term_string\"}],\"inLanguage\":\"ru-RU\"},{\"@type\":\"Organization\",\"@id\":\"https:\/\/modernteh.md\/#organization\",\"name\":\"Modernteh\",\"url\":\"https:\/\/modernteh.md\/\",\"logo\":{\"@type\":\"ImageObject\",\"inLanguage\":\"ru-RU\",\"@id\":\"https:\/\/modernteh.md\/#\/schema\/logo\/image\/\",\"url\":\"https:\/\/modernteh.md\/wp-content\/uploads\/2022\/06\/Logo_site-2.png\",\"contentUrl\":\"https:\/\/modernteh.md\/wp-content\/uploads\/2022\/06\/Logo_site-2.png\",\"width\":500,\"height\":487,\"caption\":\"Modernteh\"},\"image\":{\"@id\":\"https:\/\/modernteh.md\/#\/schema\/logo\/image\/\"},\"sameAs\":[\"https:\/\/www.facebook.com\/profile.php?id=100082695620019\"]}]}<\/script>\n<!-- \/ Yoast SEO plugin. -->","yoast_head_json":{"title":"Bidon de al\u0103ptare pentru miei \u0219i iezi, 2L - Modernteh","description":"Bidon de al\u0103ptare pentru miei \u0219i iezi, 2L din plastic moale, ideal pentru administrarea laptelui \u0219i\/sau medicamentului.Scara care ajut\u0103 la dozarea exact\u0103","robots":{"index":"index","follow":"follow","max-snippet":"max-snippet:-1","max-image-preview":"max-image-preview:large","max-video-preview":"max-video-preview:-1"},"canonical":"https:\/\/modernteh.md\/ru\/catalog\/bidon-de-alaptare-pentru-miei-si-iezi-2l\/","og_locale":"ru_RU","og_type":"article","og_title":"Bidon de al\u0103ptare pentru miei \u0219i iezi, 2L - Modernteh","og_description":"Bidon de al\u0103ptare pentru miei \u0219i iezi, 2L din plastic moale, ideal pentru administrarea laptelui \u0219i\/sau medicamentului.Scara care ajut\u0103 la dozarea exact\u0103","og_url":"https:\/\/modernteh.md\/ru\/catalog\/bidon-de-alaptare-pentru-miei-si-iezi-2l\/","og_site_name":"Modernteh","article_publisher":"https:\/\/www.facebook.com\/profile.php?id=100082695620019","article_modified_time":"2026-02-24T12:25:31+00:00","og_image":[{"width":1200,"height":1200,"url":"https:\/\/modernteh.md\/wp-content\/uploads\/2023\/02\/1424-bidon-de-alaptare-pentru-miei-si-iezi-2000-ml.jpg","type":"image\/jpeg"}],"twitter_card":"summary_large_image","schema":{"@context":"https:\/\/schema.org","@graph":[{"@type":"WebPage","@id":"https:\/\/modernteh.md\/catalog\/bidon-de-alaptare-pentru-miei-si-iezi-2l\/","url":"https:\/\/modernteh.md\/catalog\/bidon-de-alaptare-pentru-miei-si-iezi-2l\/","name":"Bidon de al\u0103ptare pentru miei \u0219i iezi, 2L - Modernteh","isPartOf":{"@id":"https:\/\/modernteh.md\/#website"},"datePublished":"2023-02-21T09:07:30+00:00","dateModified":"2026-02-24T12:25:31+00:00","description":"Bidon de al\u0103ptare pentru miei \u0219i iezi, 2L din plastic moale, ideal pentru administrarea laptelui \u0219i\/sau medicamentului.Scara care ajut\u0103 la dozarea exact\u0103","breadcrumb":{"@id":"https:\/\/modernteh.md\/catalog\/bidon-de-alaptare-pentru-miei-si-iezi-2l\/#breadcrumb"},"inLanguage":"ru-RU","potentialAction":[{"@type":"ReadAction","target":["https:\/\/modernteh.md\/catalog\/bidon-de-alaptare-pentru-miei-si-iezi-2l\/"]}]},{"@type":"BreadcrumbList","@id":"https:\/\/modernteh.md\/catalog\/bidon-de-alaptare-pentru-miei-si-iezi-2l\/#breadcrumb","itemListElement":[{"@type":"ListItem","position":1,"name":"Prima pagin\u0103","item":"https:\/\/modernteh.md\/"},{"@type":"ListItem","position":2,"name":"Catalog","item":"https:\/\/modernteh.md\/catalog\/"},{"@type":"ListItem","position":3,"name":"Bidon de al\u0103ptare pentru miei \u0219i iezi, 2L"}]},{"@type":"WebSite","@id":"https:\/\/modernteh.md\/#website","url":"https:\/\/modernteh.md\/","name":"Modernteh","description":"Modernteh","publisher":{"@id":"https:\/\/modernteh.md\/#organization"},"potentialAction":[{"@type":"SearchAction","target":{"@type":"EntryPoint","urlTemplate":"https:\/\/modernteh.md\/?s={search_term_string}"},"query-input":"required name=search_term_string"}],"inLanguage":"ru-RU"},{"@type":"Organization","@id":"https:\/\/modernteh.md\/#organization","name":"Modernteh","url":"https:\/\/modernteh.md\/","logo":{"@type":"ImageObject","inLanguage":"ru-RU","@id":"https:\/\/modernteh.md\/#\/schema\/logo\/image\/","url":"https:\/\/modernteh.md\/wp-content\/uploads\/2022\/06\/Logo_site-2.png","contentUrl":"https:\/\/modernteh.md\/wp-content\/uploads\/2022\/06\/Logo_site-2.png","width":500,"height":487,"caption":"Modernteh"},"image":{"@id":"https:\/\/modernteh.md\/#\/schema\/logo\/image\/"},"sameAs":["https:\/\/www.facebook.com\/profile.php?id=100082695620019"]}]}},"_links":{"self":[{"href":"https:\/\/modernteh.md\/ru\/wp-json\/wp\/v2\/product\/3291","targetHints":{"allow":["GET"]}}],"collection":[{"href":"https:\/\/modernteh.md\/ru\/wp-json\/wp\/v2\/product"}],"about":[{"href":"https:\/\/modernteh.md\/ru\/wp-json\/wp\/v2\/types\/product"}],"wp:featuredmedia":[{"embeddable":true,"href":"https:\/\/modernteh.md\/ru\/wp-json\/wp\/v2\/media\/3292"}],"wp:attachment":[{"href":"https:\/\/modernteh.md\/ru\/wp-json\/wp\/v2\/media?parent=3291"}],"wp:term":[{"taxonomy":"product_cat","embeddable":true,"href":"https:\/\/modernteh.md\/ru\/wp-json\/wp\/v2\/product_cat?post=3291"},{"taxonomy":"product_tag","embeddable":true,"href":"https:\/\/modernteh.md\/ru\/wp-json\/wp\/v2\/product_tag?post=3291"}],"curies":[{"name":"wp","href":"https:\/\/api.w.org\/{rel}","templated":true}]}}