{"id":3295,"date":"2023-02-22T08:59:20","date_gmt":"2023-02-22T08:59:20","guid":{"rendered":"https:\/\/modernteh.md\/?post_type=product&#038;p=3295"},"modified":"2026-02-03T07:17:25","modified_gmt":"2026-02-03T07:17:25","slug":"sera-de-gradina-4x2x2m","status":"publish","type":"product","link":"https:\/\/modernteh.md\/ru\/catalog\/sera-de-gradina-4x2x2m\/","title":{"rendered":"Sera de gradina 4x3x2m"},"content":{"rendered":"<p>Sera de gradina 4x2x2m include:<br \/>\n\u2013 Carcas\u0103 de o\u021bel galvanizat 25 x 0,7 mm u\u0219or de ansamblat;<br \/>\n\u2013 Folie armat\u0103 cu polietilena 140 g\/m2 de \u00eenalt\u0103 calitate rezistent\u0103 la radiatiile solare UV ce v\u0103 protejeaz\u0103 plantele si asigur\u0103 perioada indelungat\u0103 de utilizare;<br \/>\n\u2013 Fereastra mare de ventilatie cu plasa impotriva insectelor inclusa;<br \/>\n\u2013 Utilizare pentru plante, r\u0103saduri, flori \u0219.a.<br \/>\n\u2013 Plasa integrat\u0103 ce protejeaz\u0103 pelicula la ploile cu grindin\u0103;<br \/>\n\u2013 Accesoriile \u0219i instruc\u021biuni de montare.<br \/>\nSera de gradina 4x3x2m- Toate \u00eembin\u0103rile se \u00een\u0219urubeaz\u0103.<br \/>\nU\u0219a mare rulabil\u0103, se \u00eenchide cu fermoare laterale.<br \/>\n\u00eentregul cadru este realizat din profile de o\u021bel groase, galvanizate pe ambele p\u0103r\u021bi cu zinc de calitate<br \/>\nsolarul este \u00eemp\u0103r\u021bit \u00een module<br \/>\ndatorit\u0103 modulelor, solarul este mult mai stabil \u0219i armat cu ancore, deci este foarte durabil<br \/>\ncadrul este realizat din profile groase de o\u021bel cu o grosime de 25 mm<br \/>\ncadrul este galvanizat cu zinc de calitate \u00een dou\u0103 straturi<br \/>\ndatorit\u0103 acestui fapt este rezistent la intemperii<br \/>\nculoarea foliei este verde, fiind una din cele mai rezistente folii<br \/>\nsolarul are ferestre, datorit\u0103 c\u0103rora pute\u021bi regla temperatura \u0219i umiditatea<br \/>\nacestea asigur\u0103 o bun\u0103 ventila\u021bie a aerului ceea ce duce la condi\u021bii ideale pentru cre\u0219terea plantelor<br \/>\nplasele anti insecte ofer\u0103 o protec\u021bie excelent\u0103 \u00eempotriva d\u0103un\u0103torilor<br \/>\npot fi \u00eenchise cu band\u0103 velcro pe tot perimetrul ferestrelor<br \/>\nfiecare solar are o u\u0219\u0103 cu fermoar, datorit\u0103 c\u0103reia pute\u021bi \u00eenchide u\u0219or \u0219i rapid u\u0219a din exterior \u0219i din interior<br \/>\nAcest lucru v\u0103 permite s\u0103 proteja\u021bi plantele de ploaie \u0219i v\u00e2nt<br \/>\nu\u0219ile mari pot fi pliate \u0219i l\u0103sate deschise<br \/>\nacest lucru faciliteaz\u0103 udarea \u0219i fertilizarea<br \/>\no alt\u0103 protec\u021bie este oferit\u0103 de utilizarea fr\u00e2nghiilor de calitate<br \/>\nprecum \u0219i a curelelor de protec\u021bie<br \/>\nfolia groas\u0103 c\u00e2nt\u0103re\u0219te 140g\/m2 \u0219i are un filtru UV<br \/>\nFiltrul UV protejeaz\u0103 de p\u0103trunderea radia\u021biilor direct \u00een plante<br \/>\n\u00een plus, plasa PP \u00eencorporat\u0103 \u00een structura foliei o \u00eent\u0103re\u0219te \u0219i protejeaz\u0103 \u00eempotriva ruperilor \u0219i a deterior\u0103rilor mecanice<br \/>\nfolia are baza prelungit\u0103 pentru protejarea \u00eempotriva ridic\u0103rii foliei stabiliz\u00e2nd \u00eentreaga construc\u021bie<br \/>\naceast\u0103 baz\u0103 trebuie acoperit\u0103 cu p\u0103m\u00e2nt sau pietre<\/p>","protected":false},"excerpt":{"rendered":"<p>Sera de gradina 4x2x2m include: \u2013 Carcas\u0103 de o\u021bel galvanizat 25 x 0,7 mm u\u0219or de ansamblat; \u2013 Folie armat\u0103<\/p>","protected":false},"featured_media":3296,"template":"","meta":[],"product_cat":[144],"product_tag":[],"class_list":{"0":"post-3295","1":"product","2":"type-product","3":"status-publish","4":"has-post-thumbnail","6":"product_cat-sere-de-tip-tunel","8":"first","9":"instock","10":"shipping-taxable","11":"purchasable","12":"product-type-simple"},"yoast_head":"<!-- This site is optimized with the Yoast SEO plugin v20.12 - https:\/\/yoast.com\/wordpress\/plugins\/seo\/ -->\n<title>Sera de gradina 4x3x2m - Modernteh<\/title>\n<meta name=\"description\" content=\"Sera de gradina 4x3x2m-Folie armat\u0103 cu polietilena 140 g\/m2 de \u00eenalt\u0103 calitate rezistent\u0103 la radiatiile solare UV ce v\u0103 protejeaz\u0103 plantele.\" \/>\n<meta name=\"robots\" content=\"index, follow, max-snippet:-1, max-image-preview:large, max-video-preview:-1\" \/>\n<link rel=\"canonical\" href=\"https:\/\/modernteh.md\/ru\/catalog\/sera-de-gradina-4x2x2m\/\" \/>\n<meta property=\"og:locale\" content=\"ru_RU\" \/>\n<meta property=\"og:type\" content=\"article\" \/>\n<meta property=\"og:title\" content=\"Sera de gradina 4x3x2m - Modernteh\" \/>\n<meta property=\"og:description\" content=\"Sera de gradina 4x3x2m-Folie armat\u0103 cu polietilena 140 g\/m2 de \u00eenalt\u0103 calitate rezistent\u0103 la radiatiile solare UV ce v\u0103 protejeaz\u0103 plantele.\" \/>\n<meta property=\"og:url\" content=\"https:\/\/modernteh.md\/ru\/catalog\/sera-de-gradina-4x2x2m\/\" \/>\n<meta property=\"og:site_name\" content=\"Modernteh\" \/>\n<meta property=\"article:publisher\" content=\"https:\/\/www.facebook.com\/profile.php?id=100082695620019\" \/>\n<meta property=\"article:modified_time\" content=\"2026-02-03T07:17:25+00:00\" \/>\n<meta property=\"og:image\" content=\"https:\/\/modernteh.md\/wp-content\/uploads\/2023\/02\/sera-polietilena-4x3x2-uniteh-pro.jpg\" \/>\n\t<meta property=\"og:image:width\" content=\"800\" \/>\n\t<meta property=\"og:image:height\" content=\"533\" \/>\n\t<meta property=\"og:image:type\" content=\"image\/jpeg\" \/>\n<meta name=\"twitter:card\" content=\"summary_large_image\" \/>\n<meta name=\"twitter:label1\" content=\"\u041f\u0440\u0438\u043c\u0435\u0440\u043d\u043e\u0435 \u0432\u0440\u0435\u043c\u044f \u0434\u043b\u044f \u0447\u0442\u0435\u043d\u0438\u044f\" \/>\n\t<meta name=\"twitter:data1\" content=\"2 \u043c\u0438\u043d\u0443\u0442\u044b\" \/>\n<script type=\"application\/ld+json\" class=\"yoast-schema-graph\">{\"@context\":\"https:\/\/schema.org\",\"@graph\":[{\"@type\":\"WebPage\",\"@id\":\"https:\/\/modernteh.md\/catalog\/sera-de-gradina-4x2x2m\/\",\"url\":\"https:\/\/modernteh.md\/catalog\/sera-de-gradina-4x2x2m\/\",\"name\":\"Sera de gradina 4x3x2m - Modernteh\",\"isPartOf\":{\"@id\":\"https:\/\/modernteh.md\/#website\"},\"datePublished\":\"2023-02-22T08:59:20+00:00\",\"dateModified\":\"2026-02-03T07:17:25+00:00\",\"description\":\"Sera de gradina 4x3x2m-Folie armat\u0103 cu polietilena 140 g\/m2 de \u00eenalt\u0103 calitate rezistent\u0103 la radiatiile solare UV ce v\u0103 protejeaz\u0103 plantele.\",\"breadcrumb\":{\"@id\":\"https:\/\/modernteh.md\/catalog\/sera-de-gradina-4x2x2m\/#breadcrumb\"},\"inLanguage\":\"ru-RU\",\"potentialAction\":[{\"@type\":\"ReadAction\",\"target\":[\"https:\/\/modernteh.md\/catalog\/sera-de-gradina-4x2x2m\/\"]}]},{\"@type\":\"BreadcrumbList\",\"@id\":\"https:\/\/modernteh.md\/catalog\/sera-de-gradina-4x2x2m\/#breadcrumb\",\"itemListElement\":[{\"@type\":\"ListItem\",\"position\":1,\"name\":\"Prima pagin\u0103\",\"item\":\"https:\/\/modernteh.md\/\"},{\"@type\":\"ListItem\",\"position\":2,\"name\":\"Catalog\",\"item\":\"https:\/\/modernteh.md\/catalog\/\"},{\"@type\":\"ListItem\",\"position\":3,\"name\":\"Sera de gradina 4x3x2m\"}]},{\"@type\":\"WebSite\",\"@id\":\"https:\/\/modernteh.md\/#website\",\"url\":\"https:\/\/modernteh.md\/\",\"name\":\"Modernteh\",\"description\":\"Modernteh\",\"publisher\":{\"@id\":\"https:\/\/modernteh.md\/#organization\"},\"potentialAction\":[{\"@type\":\"SearchAction\",\"target\":{\"@type\":\"EntryPoint\",\"urlTemplate\":\"https:\/\/modernteh.md\/?s={search_term_string}\"},\"query-input\":\"required name=search_term_string\"}],\"inLanguage\":\"ru-RU\"},{\"@type\":\"Organization\",\"@id\":\"https:\/\/modernteh.md\/#organization\",\"name\":\"Modernteh\",\"url\":\"https:\/\/modernteh.md\/\",\"logo\":{\"@type\":\"ImageObject\",\"inLanguage\":\"ru-RU\",\"@id\":\"https:\/\/modernteh.md\/#\/schema\/logo\/image\/\",\"url\":\"https:\/\/modernteh.md\/wp-content\/uploads\/2022\/06\/Logo_site-2.png\",\"contentUrl\":\"https:\/\/modernteh.md\/wp-content\/uploads\/2022\/06\/Logo_site-2.png\",\"width\":500,\"height\":487,\"caption\":\"Modernteh\"},\"image\":{\"@id\":\"https:\/\/modernteh.md\/#\/schema\/logo\/image\/\"},\"sameAs\":[\"https:\/\/www.facebook.com\/profile.php?id=100082695620019\"]}]}<\/script>\n<!-- \/ Yoast SEO plugin. -->","yoast_head_json":{"title":"Sera de gradina 4x3x2m - Modernteh","description":"Sera de gradina 4x3x2m-Folie armat\u0103 cu polietilena 140 g\/m2 de \u00eenalt\u0103 calitate rezistent\u0103 la radiatiile solare UV ce v\u0103 protejeaz\u0103 plantele.","robots":{"index":"index","follow":"follow","max-snippet":"max-snippet:-1","max-image-preview":"max-image-preview:large","max-video-preview":"max-video-preview:-1"},"canonical":"https:\/\/modernteh.md\/ru\/catalog\/sera-de-gradina-4x2x2m\/","og_locale":"ru_RU","og_type":"article","og_title":"Sera de gradina 4x3x2m - Modernteh","og_description":"Sera de gradina 4x3x2m-Folie armat\u0103 cu polietilena 140 g\/m2 de \u00eenalt\u0103 calitate rezistent\u0103 la radiatiile solare UV ce v\u0103 protejeaz\u0103 plantele.","og_url":"https:\/\/modernteh.md\/ru\/catalog\/sera-de-gradina-4x2x2m\/","og_site_name":"Modernteh","article_publisher":"https:\/\/www.facebook.com\/profile.php?id=100082695620019","article_modified_time":"2026-02-03T07:17:25+00:00","og_image":[{"width":800,"height":533,"url":"https:\/\/modernteh.md\/wp-content\/uploads\/2023\/02\/sera-polietilena-4x3x2-uniteh-pro.jpg","type":"image\/jpeg"}],"twitter_card":"summary_large_image","twitter_misc":{"\u041f\u0440\u0438\u043c\u0435\u0440\u043d\u043e\u0435 \u0432\u0440\u0435\u043c\u044f \u0434\u043b\u044f \u0447\u0442\u0435\u043d\u0438\u044f":"2 \u043c\u0438\u043d\u0443\u0442\u044b"},"schema":{"@context":"https:\/\/schema.org","@graph":[{"@type":"WebPage","@id":"https:\/\/modernteh.md\/catalog\/sera-de-gradina-4x2x2m\/","url":"https:\/\/modernteh.md\/catalog\/sera-de-gradina-4x2x2m\/","name":"Sera de gradina 4x3x2m - Modernteh","isPartOf":{"@id":"https:\/\/modernteh.md\/#website"},"datePublished":"2023-02-22T08:59:20+00:00","dateModified":"2026-02-03T07:17:25+00:00","description":"Sera de gradina 4x3x2m-Folie armat\u0103 cu polietilena 140 g\/m2 de \u00eenalt\u0103 calitate rezistent\u0103 la radiatiile solare UV ce v\u0103 protejeaz\u0103 plantele.","breadcrumb":{"@id":"https:\/\/modernteh.md\/catalog\/sera-de-gradina-4x2x2m\/#breadcrumb"},"inLanguage":"ru-RU","potentialAction":[{"@type":"ReadAction","target":["https:\/\/modernteh.md\/catalog\/sera-de-gradina-4x2x2m\/"]}]},{"@type":"BreadcrumbList","@id":"https:\/\/modernteh.md\/catalog\/sera-de-gradina-4x2x2m\/#breadcrumb","itemListElement":[{"@type":"ListItem","position":1,"name":"Prima pagin\u0103","item":"https:\/\/modernteh.md\/"},{"@type":"ListItem","position":2,"name":"Catalog","item":"https:\/\/modernteh.md\/catalog\/"},{"@type":"ListItem","position":3,"name":"Sera de gradina 4x3x2m"}]},{"@type":"WebSite","@id":"https:\/\/modernteh.md\/#website","url":"https:\/\/modernteh.md\/","name":"Modernteh","description":"Modernteh","publisher":{"@id":"https:\/\/modernteh.md\/#organization"},"potentialAction":[{"@type":"SearchAction","target":{"@type":"EntryPoint","urlTemplate":"https:\/\/modernteh.md\/?s={search_term_string}"},"query-input":"required name=search_term_string"}],"inLanguage":"ru-RU"},{"@type":"Organization","@id":"https:\/\/modernteh.md\/#organization","name":"Modernteh","url":"https:\/\/modernteh.md\/","logo":{"@type":"ImageObject","inLanguage":"ru-RU","@id":"https:\/\/modernteh.md\/#\/schema\/logo\/image\/","url":"https:\/\/modernteh.md\/wp-content\/uploads\/2022\/06\/Logo_site-2.png","contentUrl":"https:\/\/modernteh.md\/wp-content\/uploads\/2022\/06\/Logo_site-2.png","width":500,"height":487,"caption":"Modernteh"},"image":{"@id":"https:\/\/modernteh.md\/#\/schema\/logo\/image\/"},"sameAs":["https:\/\/www.facebook.com\/profile.php?id=100082695620019"]}]}},"_links":{"self":[{"href":"https:\/\/modernteh.md\/ru\/wp-json\/wp\/v2\/product\/3295","targetHints":{"allow":["GET"]}}],"collection":[{"href":"https:\/\/modernteh.md\/ru\/wp-json\/wp\/v2\/product"}],"about":[{"href":"https:\/\/modernteh.md\/ru\/wp-json\/wp\/v2\/types\/product"}],"wp:featuredmedia":[{"embeddable":true,"href":"https:\/\/modernteh.md\/ru\/wp-json\/wp\/v2\/media\/3296"}],"wp:attachment":[{"href":"https:\/\/modernteh.md\/ru\/wp-json\/wp\/v2\/media?parent=3295"}],"wp:term":[{"taxonomy":"product_cat","embeddable":true,"href":"https:\/\/modernteh.md\/ru\/wp-json\/wp\/v2\/product_cat?post=3295"},{"taxonomy":"product_tag","embeddable":true,"href":"https:\/\/modernteh.md\/ru\/wp-json\/wp\/v2\/product_tag?post=3295"}],"curies":[{"name":"wp","href":"https:\/\/api.w.org\/{rel}","templated":true}]}}