{"id":3302,"date":"2023-02-22T09:23:18","date_gmt":"2023-02-22T09:23:18","guid":{"rendered":"https:\/\/modernteh.md\/?post_type=product&#038;p=3302"},"modified":"2023-09-05T13:21:54","modified_gmt":"2023-09-05T13:21:54","slug":"tambur-30-x-12-cm-cu-talpa-si-curea","status":"publish","type":"product","link":"https:\/\/modernteh.md\/ru\/catalog\/tambur-30-x-12-cm-cu-talpa-si-curea\/","title":{"rendered":"\u0411\u0430\u0440\u0430\u0431\u0430\u043d 30 \u00d7 12 \u0441\u043c \u0441 \u043f\u043e\u0434\u043e\u0448\u0432\u043e\u0439 \u0438 \u0440\u0435\u043c\u0435\u0448\u043a\u043e\u043c"},"content":{"rendered":"<p>Tambur 30 \u00d7 12 cm cu talp\u0103 \u0219i curea.Este foarte practic \u00een cazuri \u00een care se dore\u0219te mutarea sistemului de gard electric, sau este necesar\u0103 depozitarea firului \u00een perioadele \u00een care nu este folosit\u0103. \u00cen cazul unui fir de gard electric cu diametrul de 2-4 mm \u00eencap cca. 2000 m pe acest tambur.<br \/>\n\u0425\u0430\u0440\u0430\u043a\u0442\u0435\u0440\u0438\u0441\u0442\u0438\u043a\u0438<br \/>\nDiametru exterior\t30 cm<br \/>\nDiametru interior\t10 cm<br \/>\nL\u0103\u021bime interior\t12 cm<\/p>","protected":false},"excerpt":{"rendered":"<p>Tambur 30 \u00d7 12 cm cu talp\u0103 \u0219i curea.Este foarte practic \u00een cazuri \u00een care se dore\u0219te mutarea sistemului de<\/p>","protected":false},"featured_media":3303,"template":"","meta":[],"product_cat":[171],"product_tag":[],"class_list":{"0":"post-3302","1":"product","2":"type-product","3":"status-publish","4":"has-post-thumbnail","6":"product_cat-accesorii-gard-electric","8":"first","9":"instock","10":"shipping-taxable","11":"purchasable","12":"product-type-simple"},"yoast_head":"<!-- This site is optimized with the Yoast SEO plugin v20.12 - https:\/\/yoast.com\/wordpress\/plugins\/seo\/ -->\n<title>Tambur 30 \u00d7 12 cm cu talp\u0103 \u0219i curea - Modernteh<\/title>\n<meta name=\"description\" content=\"Tambur 30 \u00d7 12 cm cu talp\u0103 \u0219i curea-Este foarte practic \u00een cazuri \u00een care se dore\u0219te mutarea sistemului de gard electric.\" \/>\n<meta name=\"robots\" content=\"index, follow, max-snippet:-1, max-image-preview:large, max-video-preview:-1\" \/>\n<link rel=\"canonical\" href=\"https:\/\/modernteh.md\/ru\/catalog\/tambur-30-x-12-cm-cu-talpa-si-curea\/\" \/>\n<meta property=\"og:locale\" content=\"ru_RU\" \/>\n<meta property=\"og:type\" content=\"article\" \/>\n<meta property=\"og:title\" content=\"Tambur 30 \u00d7 12 cm cu talp\u0103 \u0219i curea - Modernteh\" \/>\n<meta property=\"og:description\" content=\"Tambur 30 \u00d7 12 cm cu talp\u0103 \u0219i curea-Este foarte practic \u00een cazuri \u00een care se dore\u0219te mutarea sistemului de gard electric.\" \/>\n<meta property=\"og:url\" content=\"https:\/\/modernteh.md\/ru\/catalog\/tambur-30-x-12-cm-cu-talpa-si-curea\/\" \/>\n<meta property=\"og:site_name\" content=\"Modernteh\" \/>\n<meta property=\"article:publisher\" content=\"https:\/\/www.facebook.com\/profile.php?id=100082695620019\" \/>\n<meta property=\"article:modified_time\" content=\"2023-09-05T13:21:54+00:00\" \/>\n<meta property=\"og:image\" content=\"https:\/\/modernteh.md\/wp-content\/uploads\/2023\/02\/745-tambur-30-x-12-cm-cu-talpa-si-curea.jpg\" \/>\n\t<meta property=\"og:image:width\" content=\"1200\" \/>\n\t<meta property=\"og:image:height\" content=\"1200\" \/>\n\t<meta property=\"og:image:type\" content=\"image\/jpeg\" \/>\n<meta name=\"twitter:card\" content=\"summary_large_image\" \/>\n<script type=\"application\/ld+json\" class=\"yoast-schema-graph\">{\"@context\":\"https:\/\/schema.org\",\"@graph\":[{\"@type\":\"WebPage\",\"@id\":\"https:\/\/modernteh.md\/catalog\/tambur-30-x-12-cm-cu-talpa-si-curea\/\",\"url\":\"https:\/\/modernteh.md\/catalog\/tambur-30-x-12-cm-cu-talpa-si-curea\/\",\"name\":\"Tambur 30 \u00d7 12 cm cu talp\u0103 \u0219i curea - Modernteh\",\"isPartOf\":{\"@id\":\"https:\/\/modernteh.md\/#website\"},\"datePublished\":\"2023-02-22T09:23:18+00:00\",\"dateModified\":\"2023-09-05T13:21:54+00:00\",\"description\":\"Tambur 30 \u00d7 12 cm cu talp\u0103 \u0219i curea-Este foarte practic \u00een cazuri \u00een care se dore\u0219te mutarea sistemului de gard electric.\",\"breadcrumb\":{\"@id\":\"https:\/\/modernteh.md\/catalog\/tambur-30-x-12-cm-cu-talpa-si-curea\/#breadcrumb\"},\"inLanguage\":\"ru-RU\",\"potentialAction\":[{\"@type\":\"ReadAction\",\"target\":[\"https:\/\/modernteh.md\/catalog\/tambur-30-x-12-cm-cu-talpa-si-curea\/\"]}]},{\"@type\":\"BreadcrumbList\",\"@id\":\"https:\/\/modernteh.md\/catalog\/tambur-30-x-12-cm-cu-talpa-si-curea\/#breadcrumb\",\"itemListElement\":[{\"@type\":\"ListItem\",\"position\":1,\"name\":\"Prima pagin\u0103\",\"item\":\"https:\/\/modernteh.md\/\"},{\"@type\":\"ListItem\",\"position\":2,\"name\":\"Catalog\",\"item\":\"https:\/\/modernteh.md\/catalog\/\"},{\"@type\":\"ListItem\",\"position\":3,\"name\":\"Tambur 30 \u00d7 12 cm cu talp\u0103 \u0219i curea\"}]},{\"@type\":\"WebSite\",\"@id\":\"https:\/\/modernteh.md\/#website\",\"url\":\"https:\/\/modernteh.md\/\",\"name\":\"Modernteh\",\"description\":\"Modernteh\",\"publisher\":{\"@id\":\"https:\/\/modernteh.md\/#organization\"},\"potentialAction\":[{\"@type\":\"SearchAction\",\"target\":{\"@type\":\"EntryPoint\",\"urlTemplate\":\"https:\/\/modernteh.md\/?s={search_term_string}\"},\"query-input\":\"required name=search_term_string\"}],\"inLanguage\":\"ru-RU\"},{\"@type\":\"Organization\",\"@id\":\"https:\/\/modernteh.md\/#organization\",\"name\":\"Modernteh\",\"url\":\"https:\/\/modernteh.md\/\",\"logo\":{\"@type\":\"ImageObject\",\"inLanguage\":\"ru-RU\",\"@id\":\"https:\/\/modernteh.md\/#\/schema\/logo\/image\/\",\"url\":\"https:\/\/modernteh.md\/wp-content\/uploads\/2022\/06\/Logo_site-2.png\",\"contentUrl\":\"https:\/\/modernteh.md\/wp-content\/uploads\/2022\/06\/Logo_site-2.png\",\"width\":500,\"height\":487,\"caption\":\"Modernteh\"},\"image\":{\"@id\":\"https:\/\/modernteh.md\/#\/schema\/logo\/image\/\"},\"sameAs\":[\"https:\/\/www.facebook.com\/profile.php?id=100082695620019\"]}]}<\/script>\n<!-- \/ Yoast SEO plugin. -->","yoast_head_json":{"title":"Tambur 30 \u00d7 12 cm cu talp\u0103 \u0219i curea - Modernteh","description":"Tambur 30 \u00d7 12 cm cu talp\u0103 \u0219i curea-Este foarte practic \u00een cazuri \u00een care se dore\u0219te mutarea sistemului de gard electric.","robots":{"index":"index","follow":"follow","max-snippet":"max-snippet:-1","max-image-preview":"max-image-preview:large","max-video-preview":"max-video-preview:-1"},"canonical":"https:\/\/modernteh.md\/ru\/catalog\/tambur-30-x-12-cm-cu-talpa-si-curea\/","og_locale":"ru_RU","og_type":"article","og_title":"Tambur 30 \u00d7 12 cm cu talp\u0103 \u0219i curea - Modernteh","og_description":"Tambur 30 \u00d7 12 cm cu talp\u0103 \u0219i curea-Este foarte practic \u00een cazuri \u00een care se dore\u0219te mutarea sistemului de gard electric.","og_url":"https:\/\/modernteh.md\/ru\/catalog\/tambur-30-x-12-cm-cu-talpa-si-curea\/","og_site_name":"Modernteh","article_publisher":"https:\/\/www.facebook.com\/profile.php?id=100082695620019","article_modified_time":"2023-09-05T13:21:54+00:00","og_image":[{"width":1200,"height":1200,"url":"https:\/\/modernteh.md\/wp-content\/uploads\/2023\/02\/745-tambur-30-x-12-cm-cu-talpa-si-curea.jpg","type":"image\/jpeg"}],"twitter_card":"summary_large_image","schema":{"@context":"https:\/\/schema.org","@graph":[{"@type":"WebPage","@id":"https:\/\/modernteh.md\/catalog\/tambur-30-x-12-cm-cu-talpa-si-curea\/","url":"https:\/\/modernteh.md\/catalog\/tambur-30-x-12-cm-cu-talpa-si-curea\/","name":"Tambur 30 \u00d7 12 cm cu talp\u0103 \u0219i curea - Modernteh","isPartOf":{"@id":"https:\/\/modernteh.md\/#website"},"datePublished":"2023-02-22T09:23:18+00:00","dateModified":"2023-09-05T13:21:54+00:00","description":"Tambur 30 \u00d7 12 cm cu talp\u0103 \u0219i curea-Este foarte practic \u00een cazuri \u00een care se dore\u0219te mutarea sistemului de gard electric.","breadcrumb":{"@id":"https:\/\/modernteh.md\/catalog\/tambur-30-x-12-cm-cu-talpa-si-curea\/#breadcrumb"},"inLanguage":"ru-RU","potentialAction":[{"@type":"ReadAction","target":["https:\/\/modernteh.md\/catalog\/tambur-30-x-12-cm-cu-talpa-si-curea\/"]}]},{"@type":"BreadcrumbList","@id":"https:\/\/modernteh.md\/catalog\/tambur-30-x-12-cm-cu-talpa-si-curea\/#breadcrumb","itemListElement":[{"@type":"ListItem","position":1,"name":"Prima pagin\u0103","item":"https:\/\/modernteh.md\/"},{"@type":"ListItem","position":2,"name":"Catalog","item":"https:\/\/modernteh.md\/catalog\/"},{"@type":"ListItem","position":3,"name":"Tambur 30 \u00d7 12 cm cu talp\u0103 \u0219i curea"}]},{"@type":"WebSite","@id":"https:\/\/modernteh.md\/#website","url":"https:\/\/modernteh.md\/","name":"Modernteh","description":"Modernteh","publisher":{"@id":"https:\/\/modernteh.md\/#organization"},"potentialAction":[{"@type":"SearchAction","target":{"@type":"EntryPoint","urlTemplate":"https:\/\/modernteh.md\/?s={search_term_string}"},"query-input":"required name=search_term_string"}],"inLanguage":"ru-RU"},{"@type":"Organization","@id":"https:\/\/modernteh.md\/#organization","name":"Modernteh","url":"https:\/\/modernteh.md\/","logo":{"@type":"ImageObject","inLanguage":"ru-RU","@id":"https:\/\/modernteh.md\/#\/schema\/logo\/image\/","url":"https:\/\/modernteh.md\/wp-content\/uploads\/2022\/06\/Logo_site-2.png","contentUrl":"https:\/\/modernteh.md\/wp-content\/uploads\/2022\/06\/Logo_site-2.png","width":500,"height":487,"caption":"Modernteh"},"image":{"@id":"https:\/\/modernteh.md\/#\/schema\/logo\/image\/"},"sameAs":["https:\/\/www.facebook.com\/profile.php?id=100082695620019"]}]}},"_links":{"self":[{"href":"https:\/\/modernteh.md\/ru\/wp-json\/wp\/v2\/product\/3302","targetHints":{"allow":["GET"]}}],"collection":[{"href":"https:\/\/modernteh.md\/ru\/wp-json\/wp\/v2\/product"}],"about":[{"href":"https:\/\/modernteh.md\/ru\/wp-json\/wp\/v2\/types\/product"}],"wp:featuredmedia":[{"embeddable":true,"href":"https:\/\/modernteh.md\/ru\/wp-json\/wp\/v2\/media\/3303"}],"wp:attachment":[{"href":"https:\/\/modernteh.md\/ru\/wp-json\/wp\/v2\/media?parent=3302"}],"wp:term":[{"taxonomy":"product_cat","embeddable":true,"href":"https:\/\/modernteh.md\/ru\/wp-json\/wp\/v2\/product_cat?post=3302"},{"taxonomy":"product_tag","embeddable":true,"href":"https:\/\/modernteh.md\/ru\/wp-json\/wp\/v2\/product_tag?post=3302"}],"curies":[{"name":"wp","href":"https:\/\/api.w.org\/{rel}","templated":true}]}}