{"id":3313,"date":"2023-03-07T08:20:44","date_gmt":"2023-03-07T08:20:44","guid":{"rendered":"https:\/\/modernteh.md\/?post_type=product&#038;p=3313"},"modified":"2024-01-30T12:15:32","modified_gmt":"2024-01-30T12:15:32","slug":"incubator-pentru-oua-md-36","status":"publish","type":"product","link":"https:\/\/modernteh.md\/ru\/catalog\/incubator-pentru-oua-md-36\/","title":{"rendered":"Incubator pentru oua MD-36"},"content":{"rendered":"<p>Incubator pentru oua MD-36<br \/>\nSpecificatii<br \/>\nProducator:\tDemetra<br \/>\nModel:\tDM-36<br \/>\nTip alimetare:\t220 V \/ 12 V<br \/>\nCapacitate:\tOua de gaina: 36<br \/>\nOua de rata: 36<br \/>\nOua de gasca: 25<br \/>\nOua de prepelita: 60<br \/>\nRegimuri de incubare:\t4<br \/>\nNumarul de intoarceri:\t2.5 rpm<br \/>\nPutere motor intoarcere:\t4 W<br \/>\nPutere incubator:\t35 W<br \/>\nControl de umiditate:\tDa<br \/>\nTermometru:\tDa<br \/>\nIncubator pentru oua MD-36<br \/>\nAre ca p\u0103r\u021bi componente:<br \/>\n\u2714\ufe0f Suporturi cu sistem de intoarcere automata a oualor 360\u00b0.<br \/>\n\u2714\ufe0f Senzor care asigura controlul automat al temperaturii si a umiditatii.<br \/>\n\u2714\ufe0f Panou de afisare a temperaturii de incubare si a umiditatii din interiorul incubatorului.<br \/>\n\u2714\ufe0f Sistem de ventilatie optimizat care asigura o temperatura uniforma in interiorul incubatorului.<br \/>\n\u2714\ufe0f Carcasa confectionata dintr-un material termoizolant, care asigura o temperatura optima si constanta in interior.<br \/>\n\u2714\ufe0f Carcasa transparenta ce ofera posibilitatea de a privi in interiorul incubatorului fara a se mai deschide capacul acestuia.<br \/>\n\u2714\ufe0f Ovoscop \u00eencorporat care ne ajut\u0103 s\u0103 verific\u0103m fertilitatea oualor puse la incubat, \u00een complet exist\u0103 \u0219i o plas\u0103, la care \u00een ultimele zile ou\u0103le se pun pe ea, a\u0219tept\u00e2nd eclozarea puilor.<\/p>","protected":false},"excerpt":{"rendered":"<p>Incubator pentru oua MD-36 Specificatii Producator: Demetra Model: DM-36 Tip alimetare: 220 V \/ 12 V Capacitate: Oua de gaina:<\/p>","protected":false},"featured_media":3314,"template":"","meta":[],"product_cat":[137],"product_tag":[],"class_list":{"0":"post-3313","1":"product","2":"type-product","3":"status-publish","4":"has-post-thumbnail","6":"product_cat-incubatoare-automate","8":"first","9":"instock","10":"shipping-taxable","11":"purchasable","12":"product-type-simple"},"yoast_head":"<!-- This site is optimized with the Yoast SEO plugin v20.12 - https:\/\/yoast.com\/wordpress\/plugins\/seo\/ -->\n<title>Incubator pentru oua MD-36 - Modernteh<\/title>\n<meta name=\"description\" content=\"Incubator pentru oua MD-36 Acest incubator este potrivit pentru aproape toate tipurile de ou\u0103, are capacitatea de 36 oua.\" \/>\n<meta name=\"robots\" content=\"index, follow, max-snippet:-1, max-image-preview:large, max-video-preview:-1\" \/>\n<link rel=\"canonical\" href=\"https:\/\/modernteh.md\/ru\/catalog\/incubator-pentru-oua-md-36\/\" \/>\n<meta property=\"og:locale\" content=\"ru_RU\" \/>\n<meta property=\"og:type\" content=\"article\" \/>\n<meta property=\"og:title\" content=\"Incubator pentru oua MD-36 - Modernteh\" \/>\n<meta property=\"og:description\" content=\"Incubator pentru oua MD-36 Acest incubator este potrivit pentru aproape toate tipurile de ou\u0103, are capacitatea de 36 oua.\" \/>\n<meta property=\"og:url\" content=\"https:\/\/modernteh.md\/ru\/catalog\/incubator-pentru-oua-md-36\/\" \/>\n<meta property=\"og:site_name\" content=\"Modernteh\" \/>\n<meta property=\"article:publisher\" content=\"https:\/\/www.facebook.com\/profile.php?id=100082695620019\" \/>\n<meta property=\"article:modified_time\" content=\"2024-01-30T12:15:32+00:00\" \/>\n<meta property=\"og:image\" content=\"https:\/\/modernteh.md\/wp-content\/uploads\/2023\/03\/Incubator-pentru-oua-Demetra-DM-36_9.png\" \/>\n\t<meta property=\"og:image:width\" content=\"500\" \/>\n\t<meta property=\"og:image:height\" content=\"500\" \/>\n\t<meta property=\"og:image:type\" content=\"image\/png\" \/>\n<meta name=\"twitter:card\" content=\"summary_large_image\" \/>\n<script type=\"application\/ld+json\" class=\"yoast-schema-graph\">{\"@context\":\"https:\/\/schema.org\",\"@graph\":[{\"@type\":\"WebPage\",\"@id\":\"https:\/\/modernteh.md\/catalog\/incubator-pentru-oua-md-36\/\",\"url\":\"https:\/\/modernteh.md\/catalog\/incubator-pentru-oua-md-36\/\",\"name\":\"Incubator pentru oua MD-36 - Modernteh\",\"isPartOf\":{\"@id\":\"https:\/\/modernteh.md\/#website\"},\"datePublished\":\"2023-03-07T08:20:44+00:00\",\"dateModified\":\"2024-01-30T12:15:32+00:00\",\"description\":\"Incubator pentru oua MD-36 Acest incubator este potrivit pentru aproape toate tipurile de ou\u0103, are capacitatea de 36 oua.\",\"breadcrumb\":{\"@id\":\"https:\/\/modernteh.md\/catalog\/incubator-pentru-oua-md-36\/#breadcrumb\"},\"inLanguage\":\"ru-RU\",\"potentialAction\":[{\"@type\":\"ReadAction\",\"target\":[\"https:\/\/modernteh.md\/catalog\/incubator-pentru-oua-md-36\/\"]}]},{\"@type\":\"BreadcrumbList\",\"@id\":\"https:\/\/modernteh.md\/catalog\/incubator-pentru-oua-md-36\/#breadcrumb\",\"itemListElement\":[{\"@type\":\"ListItem\",\"position\":1,\"name\":\"Prima pagin\u0103\",\"item\":\"https:\/\/modernteh.md\/\"},{\"@type\":\"ListItem\",\"position\":2,\"name\":\"Catalog\",\"item\":\"https:\/\/modernteh.md\/catalog\/\"},{\"@type\":\"ListItem\",\"position\":3,\"name\":\"Incubator pentru oua MD-36\"}]},{\"@type\":\"WebSite\",\"@id\":\"https:\/\/modernteh.md\/#website\",\"url\":\"https:\/\/modernteh.md\/\",\"name\":\"Modernteh\",\"description\":\"Modernteh\",\"publisher\":{\"@id\":\"https:\/\/modernteh.md\/#organization\"},\"potentialAction\":[{\"@type\":\"SearchAction\",\"target\":{\"@type\":\"EntryPoint\",\"urlTemplate\":\"https:\/\/modernteh.md\/?s={search_term_string}\"},\"query-input\":\"required name=search_term_string\"}],\"inLanguage\":\"ru-RU\"},{\"@type\":\"Organization\",\"@id\":\"https:\/\/modernteh.md\/#organization\",\"name\":\"Modernteh\",\"url\":\"https:\/\/modernteh.md\/\",\"logo\":{\"@type\":\"ImageObject\",\"inLanguage\":\"ru-RU\",\"@id\":\"https:\/\/modernteh.md\/#\/schema\/logo\/image\/\",\"url\":\"https:\/\/modernteh.md\/wp-content\/uploads\/2022\/06\/Logo_site-2.png\",\"contentUrl\":\"https:\/\/modernteh.md\/wp-content\/uploads\/2022\/06\/Logo_site-2.png\",\"width\":500,\"height\":487,\"caption\":\"Modernteh\"},\"image\":{\"@id\":\"https:\/\/modernteh.md\/#\/schema\/logo\/image\/\"},\"sameAs\":[\"https:\/\/www.facebook.com\/profile.php?id=100082695620019\"]}]}<\/script>\n<!-- \/ Yoast SEO plugin. -->","yoast_head_json":{"title":"Incubator pentru oua MD-36 - Modernteh","description":"Incubator pentru oua MD-36 Acest incubator este potrivit pentru aproape toate tipurile de ou\u0103, are capacitatea de 36 oua.","robots":{"index":"index","follow":"follow","max-snippet":"max-snippet:-1","max-image-preview":"max-image-preview:large","max-video-preview":"max-video-preview:-1"},"canonical":"https:\/\/modernteh.md\/ru\/catalog\/incubator-pentru-oua-md-36\/","og_locale":"ru_RU","og_type":"article","og_title":"Incubator pentru oua MD-36 - Modernteh","og_description":"Incubator pentru oua MD-36 Acest incubator este potrivit pentru aproape toate tipurile de ou\u0103, are capacitatea de 36 oua.","og_url":"https:\/\/modernteh.md\/ru\/catalog\/incubator-pentru-oua-md-36\/","og_site_name":"Modernteh","article_publisher":"https:\/\/www.facebook.com\/profile.php?id=100082695620019","article_modified_time":"2024-01-30T12:15:32+00:00","og_image":[{"width":500,"height":500,"url":"https:\/\/modernteh.md\/wp-content\/uploads\/2023\/03\/Incubator-pentru-oua-Demetra-DM-36_9.png","type":"image\/png"}],"twitter_card":"summary_large_image","schema":{"@context":"https:\/\/schema.org","@graph":[{"@type":"WebPage","@id":"https:\/\/modernteh.md\/catalog\/incubator-pentru-oua-md-36\/","url":"https:\/\/modernteh.md\/catalog\/incubator-pentru-oua-md-36\/","name":"Incubator pentru oua MD-36 - Modernteh","isPartOf":{"@id":"https:\/\/modernteh.md\/#website"},"datePublished":"2023-03-07T08:20:44+00:00","dateModified":"2024-01-30T12:15:32+00:00","description":"Incubator pentru oua MD-36 Acest incubator este potrivit pentru aproape toate tipurile de ou\u0103, are capacitatea de 36 oua.","breadcrumb":{"@id":"https:\/\/modernteh.md\/catalog\/incubator-pentru-oua-md-36\/#breadcrumb"},"inLanguage":"ru-RU","potentialAction":[{"@type":"ReadAction","target":["https:\/\/modernteh.md\/catalog\/incubator-pentru-oua-md-36\/"]}]},{"@type":"BreadcrumbList","@id":"https:\/\/modernteh.md\/catalog\/incubator-pentru-oua-md-36\/#breadcrumb","itemListElement":[{"@type":"ListItem","position":1,"name":"Prima pagin\u0103","item":"https:\/\/modernteh.md\/"},{"@type":"ListItem","position":2,"name":"Catalog","item":"https:\/\/modernteh.md\/catalog\/"},{"@type":"ListItem","position":3,"name":"Incubator pentru oua MD-36"}]},{"@type":"WebSite","@id":"https:\/\/modernteh.md\/#website","url":"https:\/\/modernteh.md\/","name":"Modernteh","description":"Modernteh","publisher":{"@id":"https:\/\/modernteh.md\/#organization"},"potentialAction":[{"@type":"SearchAction","target":{"@type":"EntryPoint","urlTemplate":"https:\/\/modernteh.md\/?s={search_term_string}"},"query-input":"required name=search_term_string"}],"inLanguage":"ru-RU"},{"@type":"Organization","@id":"https:\/\/modernteh.md\/#organization","name":"Modernteh","url":"https:\/\/modernteh.md\/","logo":{"@type":"ImageObject","inLanguage":"ru-RU","@id":"https:\/\/modernteh.md\/#\/schema\/logo\/image\/","url":"https:\/\/modernteh.md\/wp-content\/uploads\/2022\/06\/Logo_site-2.png","contentUrl":"https:\/\/modernteh.md\/wp-content\/uploads\/2022\/06\/Logo_site-2.png","width":500,"height":487,"caption":"Modernteh"},"image":{"@id":"https:\/\/modernteh.md\/#\/schema\/logo\/image\/"},"sameAs":["https:\/\/www.facebook.com\/profile.php?id=100082695620019"]}]}},"_links":{"self":[{"href":"https:\/\/modernteh.md\/ru\/wp-json\/wp\/v2\/product\/3313","targetHints":{"allow":["GET"]}}],"collection":[{"href":"https:\/\/modernteh.md\/ru\/wp-json\/wp\/v2\/product"}],"about":[{"href":"https:\/\/modernteh.md\/ru\/wp-json\/wp\/v2\/types\/product"}],"wp:featuredmedia":[{"embeddable":true,"href":"https:\/\/modernteh.md\/ru\/wp-json\/wp\/v2\/media\/3314"}],"wp:attachment":[{"href":"https:\/\/modernteh.md\/ru\/wp-json\/wp\/v2\/media?parent=3313"}],"wp:term":[{"taxonomy":"product_cat","embeddable":true,"href":"https:\/\/modernteh.md\/ru\/wp-json\/wp\/v2\/product_cat?post=3313"},{"taxonomy":"product_tag","embeddable":true,"href":"https:\/\/modernteh.md\/ru\/wp-json\/wp\/v2\/product_tag?post=3313"}],"curies":[{"name":"wp","href":"https:\/\/api.w.org\/{rel}","templated":true}]}}