{"id":3454,"date":"2023-04-25T08:54:20","date_gmt":"2023-04-25T08:54:20","guid":{"rendered":"https:\/\/modernteh.md\/?post_type=product&#038;p=3454"},"modified":"2025-10-15T07:33:29","modified_gmt":"2025-10-15T07:33:29","slug":"separator-de-unt-barbaros-25l","status":"publish","type":"product","link":"https:\/\/modernteh.md\/ru\/catalog\/separator-de-unt-barbaros-25l\/","title":{"rendered":"Separator de unt Barbaros 25L"},"content":{"rendered":"<p>Separator de unt Barbaros 25L este destinat fermelor mici, gospod\u0103riilor, dar \u0219i micilor afaceri \u00een prelucrarea laptelui.<\/p>\n<p>Simplu de utilizat, fiabil.<\/p>\n<p>Caracteristici:<\/p>\n<p>Volum total: 25L<\/p>\n<p>Volum util (sm\u00e2nt\u00e2n\u0103): 20L<\/p>\n<p>Putere motor: 250W<\/p>\n<p>Tura\u021bie motor: 1400 rot\/min.<\/p>\n<p>Tensiune Alimentare: 220V\/50Hz,<\/p>\n<p>Masa: 6,5 kg,<\/p>\n<p>Bidon din inox cu sistem de blocare, agitator<\/p>\n<p>Material bidon: inox<\/p>\n<p>Timp de preparare unt: 18-22 minute.<\/p>","protected":false},"excerpt":{"rendered":"<p>Separator de unt Barbaros 25L este destinat fermelor mici, gospod\u0103riilor, dar \u0219i micilor afaceri \u00een prelucrarea laptelui. Simplu de utilizat,<\/p>","protected":false},"featured_media":3455,"template":"","meta":[],"product_cat":[178],"product_tag":[],"class_list":{"0":"post-3454","1":"product","2":"type-product","3":"status-publish","4":"has-post-thumbnail","6":"product_cat-utilaje-prelucrare-lapte","8":"first","9":"instock","10":"shipping-taxable","11":"purchasable","12":"product-type-simple"},"yoast_head":"<!-- This site is optimized with the Yoast SEO plugin v20.12 - https:\/\/yoast.com\/wordpress\/plugins\/seo\/ -->\n<title>Separator de unt Barbaros 25L - Modernteh<\/title>\n<meta name=\"description\" content=\"Separator de unt Barbaros 25L\" \/>\n<meta name=\"robots\" content=\"index, follow, max-snippet:-1, max-image-preview:large, max-video-preview:-1\" \/>\n<link rel=\"canonical\" href=\"https:\/\/modernteh.md\/ru\/catalog\/separator-de-unt-barbaros-25l\/\" \/>\n<meta property=\"og:locale\" content=\"ru_RU\" \/>\n<meta property=\"og:type\" content=\"article\" \/>\n<meta property=\"og:title\" content=\"Separator de unt Barbaros 25L - Modernteh\" \/>\n<meta property=\"og:description\" content=\"Separator de unt Barbaros 25L\" \/>\n<meta property=\"og:url\" content=\"https:\/\/modernteh.md\/ru\/catalog\/separator-de-unt-barbaros-25l\/\" \/>\n<meta property=\"og:site_name\" content=\"Modernteh\" \/>\n<meta property=\"article:publisher\" content=\"https:\/\/www.facebook.com\/profile.php?id=100082695620019\" \/>\n<meta property=\"article:modified_time\" content=\"2025-10-15T07:33:29+00:00\" \/>\n<meta property=\"og:image\" content=\"https:\/\/modernteh.md\/wp-content\/uploads\/2023\/04\/Separator-de-unt-Barbaros-25L.webp\" \/>\n\t<meta property=\"og:image:width\" content=\"1280\" \/>\n\t<meta property=\"og:image:height\" content=\"1280\" \/>\n\t<meta property=\"og:image:type\" content=\"image\/webp\" \/>\n<meta name=\"twitter:card\" content=\"summary_large_image\" \/>\n<meta name=\"twitter:label1\" content=\"\u041f\u0440\u0438\u043c\u0435\u0440\u043d\u043e\u0435 \u0432\u0440\u0435\u043c\u044f \u0434\u043b\u044f \u0447\u0442\u0435\u043d\u0438\u044f\" \/>\n\t<meta name=\"twitter:data1\" content=\"1 \u043c\u0438\u043d\u0443\u0442\u0430\" \/>\n<script type=\"application\/ld+json\" class=\"yoast-schema-graph\">{\"@context\":\"https:\/\/schema.org\",\"@graph\":[{\"@type\":\"WebPage\",\"@id\":\"https:\/\/modernteh.md\/catalog\/separator-de-unt-barbaros-25l\/\",\"url\":\"https:\/\/modernteh.md\/catalog\/separator-de-unt-barbaros-25l\/\",\"name\":\"Separator de unt Barbaros 25L - Modernteh\",\"isPartOf\":{\"@id\":\"https:\/\/modernteh.md\/#website\"},\"datePublished\":\"2023-04-25T08:54:20+00:00\",\"dateModified\":\"2025-10-15T07:33:29+00:00\",\"description\":\"Separator de unt Barbaros 25L\",\"breadcrumb\":{\"@id\":\"https:\/\/modernteh.md\/catalog\/separator-de-unt-barbaros-25l\/#breadcrumb\"},\"inLanguage\":\"ru-RU\",\"potentialAction\":[{\"@type\":\"ReadAction\",\"target\":[\"https:\/\/modernteh.md\/catalog\/separator-de-unt-barbaros-25l\/\"]}]},{\"@type\":\"BreadcrumbList\",\"@id\":\"https:\/\/modernteh.md\/catalog\/separator-de-unt-barbaros-25l\/#breadcrumb\",\"itemListElement\":[{\"@type\":\"ListItem\",\"position\":1,\"name\":\"Prima pagin\u0103\",\"item\":\"https:\/\/modernteh.md\/\"},{\"@type\":\"ListItem\",\"position\":2,\"name\":\"Catalog\",\"item\":\"https:\/\/modernteh.md\/catalog\/\"},{\"@type\":\"ListItem\",\"position\":3,\"name\":\"Separator de unt Barbaros 25L\"}]},{\"@type\":\"WebSite\",\"@id\":\"https:\/\/modernteh.md\/#website\",\"url\":\"https:\/\/modernteh.md\/\",\"name\":\"Modernteh\",\"description\":\"Modernteh\",\"publisher\":{\"@id\":\"https:\/\/modernteh.md\/#organization\"},\"potentialAction\":[{\"@type\":\"SearchAction\",\"target\":{\"@type\":\"EntryPoint\",\"urlTemplate\":\"https:\/\/modernteh.md\/?s={search_term_string}\"},\"query-input\":\"required name=search_term_string\"}],\"inLanguage\":\"ru-RU\"},{\"@type\":\"Organization\",\"@id\":\"https:\/\/modernteh.md\/#organization\",\"name\":\"Modernteh\",\"url\":\"https:\/\/modernteh.md\/\",\"logo\":{\"@type\":\"ImageObject\",\"inLanguage\":\"ru-RU\",\"@id\":\"https:\/\/modernteh.md\/#\/schema\/logo\/image\/\",\"url\":\"https:\/\/modernteh.md\/wp-content\/uploads\/2022\/06\/Logo_site-2.png\",\"contentUrl\":\"https:\/\/modernteh.md\/wp-content\/uploads\/2022\/06\/Logo_site-2.png\",\"width\":500,\"height\":487,\"caption\":\"Modernteh\"},\"image\":{\"@id\":\"https:\/\/modernteh.md\/#\/schema\/logo\/image\/\"},\"sameAs\":[\"https:\/\/www.facebook.com\/profile.php?id=100082695620019\"]}]}<\/script>\n<!-- \/ Yoast SEO plugin. -->","yoast_head_json":{"title":"Separator de unt Barbaros 25L - Modernteh","description":"Separator de unt Barbaros 25L","robots":{"index":"index","follow":"follow","max-snippet":"max-snippet:-1","max-image-preview":"max-image-preview:large","max-video-preview":"max-video-preview:-1"},"canonical":"https:\/\/modernteh.md\/ru\/catalog\/separator-de-unt-barbaros-25l\/","og_locale":"ru_RU","og_type":"article","og_title":"Separator de unt Barbaros 25L - Modernteh","og_description":"Separator de unt Barbaros 25L","og_url":"https:\/\/modernteh.md\/ru\/catalog\/separator-de-unt-barbaros-25l\/","og_site_name":"Modernteh","article_publisher":"https:\/\/www.facebook.com\/profile.php?id=100082695620019","article_modified_time":"2025-10-15T07:33:29+00:00","og_image":[{"width":1280,"height":1280,"url":"https:\/\/modernteh.md\/wp-content\/uploads\/2023\/04\/Separator-de-unt-Barbaros-25L.webp","type":"image\/webp"}],"twitter_card":"summary_large_image","twitter_misc":{"\u041f\u0440\u0438\u043c\u0435\u0440\u043d\u043e\u0435 \u0432\u0440\u0435\u043c\u044f \u0434\u043b\u044f \u0447\u0442\u0435\u043d\u0438\u044f":"1 \u043c\u0438\u043d\u0443\u0442\u0430"},"schema":{"@context":"https:\/\/schema.org","@graph":[{"@type":"WebPage","@id":"https:\/\/modernteh.md\/catalog\/separator-de-unt-barbaros-25l\/","url":"https:\/\/modernteh.md\/catalog\/separator-de-unt-barbaros-25l\/","name":"Separator de unt Barbaros 25L - Modernteh","isPartOf":{"@id":"https:\/\/modernteh.md\/#website"},"datePublished":"2023-04-25T08:54:20+00:00","dateModified":"2025-10-15T07:33:29+00:00","description":"Separator de unt Barbaros 25L","breadcrumb":{"@id":"https:\/\/modernteh.md\/catalog\/separator-de-unt-barbaros-25l\/#breadcrumb"},"inLanguage":"ru-RU","potentialAction":[{"@type":"ReadAction","target":["https:\/\/modernteh.md\/catalog\/separator-de-unt-barbaros-25l\/"]}]},{"@type":"BreadcrumbList","@id":"https:\/\/modernteh.md\/catalog\/separator-de-unt-barbaros-25l\/#breadcrumb","itemListElement":[{"@type":"ListItem","position":1,"name":"Prima pagin\u0103","item":"https:\/\/modernteh.md\/"},{"@type":"ListItem","position":2,"name":"Catalog","item":"https:\/\/modernteh.md\/catalog\/"},{"@type":"ListItem","position":3,"name":"Separator de unt Barbaros 25L"}]},{"@type":"WebSite","@id":"https:\/\/modernteh.md\/#website","url":"https:\/\/modernteh.md\/","name":"Modernteh","description":"Modernteh","publisher":{"@id":"https:\/\/modernteh.md\/#organization"},"potentialAction":[{"@type":"SearchAction","target":{"@type":"EntryPoint","urlTemplate":"https:\/\/modernteh.md\/?s={search_term_string}"},"query-input":"required name=search_term_string"}],"inLanguage":"ru-RU"},{"@type":"Organization","@id":"https:\/\/modernteh.md\/#organization","name":"Modernteh","url":"https:\/\/modernteh.md\/","logo":{"@type":"ImageObject","inLanguage":"ru-RU","@id":"https:\/\/modernteh.md\/#\/schema\/logo\/image\/","url":"https:\/\/modernteh.md\/wp-content\/uploads\/2022\/06\/Logo_site-2.png","contentUrl":"https:\/\/modernteh.md\/wp-content\/uploads\/2022\/06\/Logo_site-2.png","width":500,"height":487,"caption":"Modernteh"},"image":{"@id":"https:\/\/modernteh.md\/#\/schema\/logo\/image\/"},"sameAs":["https:\/\/www.facebook.com\/profile.php?id=100082695620019"]}]}},"_links":{"self":[{"href":"https:\/\/modernteh.md\/ru\/wp-json\/wp\/v2\/product\/3454","targetHints":{"allow":["GET"]}}],"collection":[{"href":"https:\/\/modernteh.md\/ru\/wp-json\/wp\/v2\/product"}],"about":[{"href":"https:\/\/modernteh.md\/ru\/wp-json\/wp\/v2\/types\/product"}],"wp:featuredmedia":[{"embeddable":true,"href":"https:\/\/modernteh.md\/ru\/wp-json\/wp\/v2\/media\/3455"}],"wp:attachment":[{"href":"https:\/\/modernteh.md\/ru\/wp-json\/wp\/v2\/media?parent=3454"}],"wp:term":[{"taxonomy":"product_cat","embeddable":true,"href":"https:\/\/modernteh.md\/ru\/wp-json\/wp\/v2\/product_cat?post=3454"},{"taxonomy":"product_tag","embeddable":true,"href":"https:\/\/modernteh.md\/ru\/wp-json\/wp\/v2\/product_tag?post=3454"}],"curies":[{"name":"wp","href":"https:\/\/api.w.org\/{rel}","templated":true}]}}