{"id":3511,"date":"2023-05-31T07:21:59","date_gmt":"2023-05-31T07:21:59","guid":{"rendered":"https:\/\/modernteh.md\/?post_type=product&#038;p=3511"},"modified":"2024-07-19T10:44:55","modified_gmt":"2024-07-19T10:44:55","slug":"crema-pentru-uger-eutra-500ml","status":"publish","type":"product","link":"https:\/\/modernteh.md\/ru\/catalog\/crema-pentru-uger-eutra-500ml\/","title":{"rendered":"Crema pentru uger \u201cEUTRA\u201d 500ml"},"content":{"rendered":"<p>Crema pentru uger \u201cEUTRA\u201d 500ml<br \/>\nCrema pentru uger marca Eutra.<\/p>\n<p>Pentru o mai buna calitate a laptelui si igiena ugerului in ferma.<\/p>\n<p>Calitate elvetiana.<\/p>\n<p>EUTRA: Calitate optim\u0103 de peste 125 de ani experienta pentru mulsul vitelor, oilor \u0219i caprinelor. <\/p>\n<p>Pentru muls: vaci, oi \u0219i capre.<\/p>\n<p>Preparat din uleiuri minerale rafinate de \u00eenalt\u0103 calitate, faciliteaz\u0103 mulsul datorit\u0103 propriet\u0103\u021bilor sale lubrifiante. De asemenea, ajut\u0103 la protejarea \u0219i vindecarea ugerelor prin crearea unui strat protector \u0219i ajut\u0103 la vindecarea r\u0103nilor mici.<\/p>\n<p>Fara conservanti, fara dezinfectanti, fara substante parfumate, fara coloranti.<\/p>\n<p>Compozi\u021bie: Paraffinum liquidum, Petrolatum, Parafin\u0103.<\/p>","protected":false},"excerpt":{"rendered":"<p>Crema pentru uger \u201cEUTRA\u201d 500ml Crema pentru uger marca Eutra. Pentru o mai buna calitate a laptelui si igiena ugerului<\/p>","protected":false},"featured_media":3512,"template":"","meta":[],"product_cat":[183],"product_tag":[],"class_list":{"0":"post-3511","1":"product","2":"type-product","3":"status-publish","4":"has-post-thumbnail","6":"product_cat-produse-veterinare","8":"first","9":"instock","10":"shipping-taxable","11":"purchasable","12":"product-type-simple"},"yoast_head":"<!-- This site is optimized with the Yoast SEO plugin v20.12 - https:\/\/yoast.com\/wordpress\/plugins\/seo\/ -->\n<title>Crema pentru uger \u201cEUTRA\u201d 500ml - Modernteh<\/title>\n<meta name=\"description\" content=\"Crema pentru uger \u201cEUTRA\u201d 500ml\" \/>\n<meta name=\"robots\" content=\"index, follow, max-snippet:-1, max-image-preview:large, max-video-preview:-1\" \/>\n<link rel=\"canonical\" href=\"https:\/\/modernteh.md\/ru\/catalog\/crema-pentru-uger-eutra-500ml\/\" \/>\n<meta property=\"og:locale\" content=\"ru_RU\" \/>\n<meta property=\"og:type\" content=\"article\" \/>\n<meta property=\"og:title\" content=\"Crema pentru uger \u201cEUTRA\u201d 500ml - Modernteh\" \/>\n<meta property=\"og:description\" content=\"Crema pentru uger \u201cEUTRA\u201d 500ml\" \/>\n<meta property=\"og:url\" content=\"https:\/\/modernteh.md\/ru\/catalog\/crema-pentru-uger-eutra-500ml\/\" \/>\n<meta property=\"og:site_name\" content=\"Modernteh\" \/>\n<meta property=\"article:publisher\" content=\"https:\/\/www.facebook.com\/profile.php?id=100082695620019\" \/>\n<meta property=\"article:modified_time\" content=\"2024-07-19T10:44:55+00:00\" \/>\n<meta property=\"og:image\" content=\"https:\/\/modernteh.md\/wp-content\/uploads\/2023\/05\/112500002_graisse_a_traire_250ml_1_1-600x600-1.jpg\" \/>\n\t<meta property=\"og:image:width\" content=\"600\" \/>\n\t<meta property=\"og:image:height\" content=\"600\" \/>\n\t<meta property=\"og:image:type\" content=\"image\/jpeg\" \/>\n<meta name=\"twitter:card\" content=\"summary_large_image\" \/>\n<script type=\"application\/ld+json\" class=\"yoast-schema-graph\">{\"@context\":\"https:\/\/schema.org\",\"@graph\":[{\"@type\":\"WebPage\",\"@id\":\"https:\/\/modernteh.md\/catalog\/crema-pentru-uger-eutra-500ml\/\",\"url\":\"https:\/\/modernteh.md\/catalog\/crema-pentru-uger-eutra-500ml\/\",\"name\":\"Crema pentru uger \u201cEUTRA\u201d 500ml - Modernteh\",\"isPartOf\":{\"@id\":\"https:\/\/modernteh.md\/#website\"},\"datePublished\":\"2023-05-31T07:21:59+00:00\",\"dateModified\":\"2024-07-19T10:44:55+00:00\",\"description\":\"Crema pentru uger \u201cEUTRA\u201d 500ml\",\"breadcrumb\":{\"@id\":\"https:\/\/modernteh.md\/catalog\/crema-pentru-uger-eutra-500ml\/#breadcrumb\"},\"inLanguage\":\"ru-RU\",\"potentialAction\":[{\"@type\":\"ReadAction\",\"target\":[\"https:\/\/modernteh.md\/catalog\/crema-pentru-uger-eutra-500ml\/\"]}]},{\"@type\":\"BreadcrumbList\",\"@id\":\"https:\/\/modernteh.md\/catalog\/crema-pentru-uger-eutra-500ml\/#breadcrumb\",\"itemListElement\":[{\"@type\":\"ListItem\",\"position\":1,\"name\":\"Prima pagin\u0103\",\"item\":\"https:\/\/modernteh.md\/\"},{\"@type\":\"ListItem\",\"position\":2,\"name\":\"Catalog\",\"item\":\"https:\/\/modernteh.md\/catalog\/\"},{\"@type\":\"ListItem\",\"position\":3,\"name\":\"Crema pentru uger \u201cEUTRA\u201d 500ml\"}]},{\"@type\":\"WebSite\",\"@id\":\"https:\/\/modernteh.md\/#website\",\"url\":\"https:\/\/modernteh.md\/\",\"name\":\"Modernteh\",\"description\":\"Modernteh\",\"publisher\":{\"@id\":\"https:\/\/modernteh.md\/#organization\"},\"potentialAction\":[{\"@type\":\"SearchAction\",\"target\":{\"@type\":\"EntryPoint\",\"urlTemplate\":\"https:\/\/modernteh.md\/?s={search_term_string}\"},\"query-input\":\"required name=search_term_string\"}],\"inLanguage\":\"ru-RU\"},{\"@type\":\"Organization\",\"@id\":\"https:\/\/modernteh.md\/#organization\",\"name\":\"Modernteh\",\"url\":\"https:\/\/modernteh.md\/\",\"logo\":{\"@type\":\"ImageObject\",\"inLanguage\":\"ru-RU\",\"@id\":\"https:\/\/modernteh.md\/#\/schema\/logo\/image\/\",\"url\":\"https:\/\/modernteh.md\/wp-content\/uploads\/2022\/06\/Logo_site-2.png\",\"contentUrl\":\"https:\/\/modernteh.md\/wp-content\/uploads\/2022\/06\/Logo_site-2.png\",\"width\":500,\"height\":487,\"caption\":\"Modernteh\"},\"image\":{\"@id\":\"https:\/\/modernteh.md\/#\/schema\/logo\/image\/\"},\"sameAs\":[\"https:\/\/www.facebook.com\/profile.php?id=100082695620019\"]}]}<\/script>\n<!-- \/ Yoast SEO plugin. -->","yoast_head_json":{"title":"Crema pentru uger \u201cEUTRA\u201d 500ml - Modernteh","description":"Crema pentru uger \u201cEUTRA\u201d 500ml","robots":{"index":"index","follow":"follow","max-snippet":"max-snippet:-1","max-image-preview":"max-image-preview:large","max-video-preview":"max-video-preview:-1"},"canonical":"https:\/\/modernteh.md\/ru\/catalog\/crema-pentru-uger-eutra-500ml\/","og_locale":"ru_RU","og_type":"article","og_title":"Crema pentru uger \u201cEUTRA\u201d 500ml - Modernteh","og_description":"Crema pentru uger \u201cEUTRA\u201d 500ml","og_url":"https:\/\/modernteh.md\/ru\/catalog\/crema-pentru-uger-eutra-500ml\/","og_site_name":"Modernteh","article_publisher":"https:\/\/www.facebook.com\/profile.php?id=100082695620019","article_modified_time":"2024-07-19T10:44:55+00:00","og_image":[{"width":600,"height":600,"url":"https:\/\/modernteh.md\/wp-content\/uploads\/2023\/05\/112500002_graisse_a_traire_250ml_1_1-600x600-1.jpg","type":"image\/jpeg"}],"twitter_card":"summary_large_image","schema":{"@context":"https:\/\/schema.org","@graph":[{"@type":"WebPage","@id":"https:\/\/modernteh.md\/catalog\/crema-pentru-uger-eutra-500ml\/","url":"https:\/\/modernteh.md\/catalog\/crema-pentru-uger-eutra-500ml\/","name":"Crema pentru uger \u201cEUTRA\u201d 500ml - Modernteh","isPartOf":{"@id":"https:\/\/modernteh.md\/#website"},"datePublished":"2023-05-31T07:21:59+00:00","dateModified":"2024-07-19T10:44:55+00:00","description":"Crema pentru uger \u201cEUTRA\u201d 500ml","breadcrumb":{"@id":"https:\/\/modernteh.md\/catalog\/crema-pentru-uger-eutra-500ml\/#breadcrumb"},"inLanguage":"ru-RU","potentialAction":[{"@type":"ReadAction","target":["https:\/\/modernteh.md\/catalog\/crema-pentru-uger-eutra-500ml\/"]}]},{"@type":"BreadcrumbList","@id":"https:\/\/modernteh.md\/catalog\/crema-pentru-uger-eutra-500ml\/#breadcrumb","itemListElement":[{"@type":"ListItem","position":1,"name":"Prima pagin\u0103","item":"https:\/\/modernteh.md\/"},{"@type":"ListItem","position":2,"name":"Catalog","item":"https:\/\/modernteh.md\/catalog\/"},{"@type":"ListItem","position":3,"name":"Crema pentru uger \u201cEUTRA\u201d 500ml"}]},{"@type":"WebSite","@id":"https:\/\/modernteh.md\/#website","url":"https:\/\/modernteh.md\/","name":"Modernteh","description":"Modernteh","publisher":{"@id":"https:\/\/modernteh.md\/#organization"},"potentialAction":[{"@type":"SearchAction","target":{"@type":"EntryPoint","urlTemplate":"https:\/\/modernteh.md\/?s={search_term_string}"},"query-input":"required name=search_term_string"}],"inLanguage":"ru-RU"},{"@type":"Organization","@id":"https:\/\/modernteh.md\/#organization","name":"Modernteh","url":"https:\/\/modernteh.md\/","logo":{"@type":"ImageObject","inLanguage":"ru-RU","@id":"https:\/\/modernteh.md\/#\/schema\/logo\/image\/","url":"https:\/\/modernteh.md\/wp-content\/uploads\/2022\/06\/Logo_site-2.png","contentUrl":"https:\/\/modernteh.md\/wp-content\/uploads\/2022\/06\/Logo_site-2.png","width":500,"height":487,"caption":"Modernteh"},"image":{"@id":"https:\/\/modernteh.md\/#\/schema\/logo\/image\/"},"sameAs":["https:\/\/www.facebook.com\/profile.php?id=100082695620019"]}]}},"_links":{"self":[{"href":"https:\/\/modernteh.md\/ru\/wp-json\/wp\/v2\/product\/3511","targetHints":{"allow":["GET"]}}],"collection":[{"href":"https:\/\/modernteh.md\/ru\/wp-json\/wp\/v2\/product"}],"about":[{"href":"https:\/\/modernteh.md\/ru\/wp-json\/wp\/v2\/types\/product"}],"wp:featuredmedia":[{"embeddable":true,"href":"https:\/\/modernteh.md\/ru\/wp-json\/wp\/v2\/media\/3512"}],"wp:attachment":[{"href":"https:\/\/modernteh.md\/ru\/wp-json\/wp\/v2\/media?parent=3511"}],"wp:term":[{"taxonomy":"product_cat","embeddable":true,"href":"https:\/\/modernteh.md\/ru\/wp-json\/wp\/v2\/product_cat?post=3511"},{"taxonomy":"product_tag","embeddable":true,"href":"https:\/\/modernteh.md\/ru\/wp-json\/wp\/v2\/product_tag?post=3511"}],"curies":[{"name":"wp","href":"https:\/\/api.w.org\/{rel}","templated":true}]}}