{"id":3516,"date":"2023-05-31T07:33:25","date_gmt":"2023-05-31T07:33:25","guid":{"rendered":"https:\/\/modernteh.md\/?post_type=product&#038;p=3516"},"modified":"2025-12-17T12:24:29","modified_gmt":"2025-12-17T12:24:29","slug":"creta-raidex-pentru-vaci-oi-porci","status":"publish","type":"product","link":"https:\/\/modernteh.md\/ru\/catalog\/creta-raidex-pentru-vaci-oi-porci\/","title":{"rendered":"Creta \u201cRAIDEX\u201d pentru vaci , oi , porci"},"content":{"rendered":"<p>Creta \u201cRAIDEX\u201d pentru vaci , oi , porci<br \/>\nCreta pe baz\u0103 de ceruri speciale \u0219i ulei de parafin\u0103.<br \/>\nAceste crete sunt folosite pentru marcajul de scurt\u0103 durat\u0103, \u00een special al bovinelor, ovinelor \u0219i porcinelor.<br \/>\nPigmen\u021bi de calitate excelent\u0103, pentru garantarea unei luminozit\u0103\u021bi excep\u021bionale a culorilor.<br \/>\nAceste crete se caracterizeaz\u0103 printr-o calitate bun\u0103 a inscrip\u021bion\u0103rii pe pielea animalelor, sunt rezistente termic, prezint\u0103 o putere de colorare mare \u0219i luminozitate ridicat\u0103.<\/p>","protected":false},"excerpt":{"rendered":"<p>Creta \u201cRAIDEX\u201d pentru vaci , oi , porci Creta pe baz\u0103 de ceruri speciale \u0219i ulei de parafin\u0103. Aceste crete<\/p>","protected":false},"featured_media":3517,"template":"","meta":[],"product_cat":[181],"product_tag":[],"class_list":{"0":"post-3516","1":"product","2":"type-product","3":"status-publish","4":"has-post-thumbnail","6":"product_cat-utilaje-si-accesorii-ferma","8":"first","9":"instock","10":"shipping-taxable","11":"purchasable","12":"product-type-simple"},"yoast_head":"<!-- This site is optimized with the Yoast SEO plugin v20.12 - https:\/\/yoast.com\/wordpress\/plugins\/seo\/ -->\n<title>Creta \u201cRAIDEX\u201d pentru vaci , oi , porci - Modernteh<\/title>\n<meta name=\"description\" content=\"Creta \u201cRAIDEX\u201d pentru vaci , oi , porci\" \/>\n<meta name=\"robots\" content=\"index, follow, max-snippet:-1, max-image-preview:large, max-video-preview:-1\" \/>\n<link rel=\"canonical\" href=\"https:\/\/modernteh.md\/ru\/catalog\/creta-raidex-pentru-vaci-oi-porci\/\" \/>\n<meta property=\"og:locale\" content=\"ru_RU\" \/>\n<meta property=\"og:type\" content=\"article\" \/>\n<meta property=\"og:title\" content=\"Creta \u201cRAIDEX\u201d pentru vaci , oi , porci - Modernteh\" \/>\n<meta property=\"og:description\" content=\"Creta \u201cRAIDEX\u201d pentru vaci , oi , porci\" \/>\n<meta property=\"og:url\" content=\"https:\/\/modernteh.md\/ru\/catalog\/creta-raidex-pentru-vaci-oi-porci\/\" \/>\n<meta property=\"og:site_name\" content=\"Modernteh\" \/>\n<meta property=\"article:publisher\" content=\"https:\/\/www.facebook.com\/profile.php?id=100082695620019\" \/>\n<meta property=\"article:modified_time\" content=\"2025-12-17T12:24:29+00:00\" \/>\n<meta property=\"og:image\" content=\"https:\/\/modernteh.md\/wp-content\/uploads\/2023\/05\/108304002_gamme_raidex_6-600x600-1.jpg\" \/>\n\t<meta property=\"og:image:width\" content=\"600\" \/>\n\t<meta property=\"og:image:height\" content=\"600\" \/>\n\t<meta property=\"og:image:type\" content=\"image\/jpeg\" \/>\n<meta name=\"twitter:card\" content=\"summary_large_image\" \/>\n<meta name=\"twitter:label1\" content=\"\u041f\u0440\u0438\u043c\u0435\u0440\u043d\u043e\u0435 \u0432\u0440\u0435\u043c\u044f \u0434\u043b\u044f \u0447\u0442\u0435\u043d\u0438\u044f\" \/>\n\t<meta name=\"twitter:data1\" content=\"1 \u043c\u0438\u043d\u0443\u0442\u0430\" \/>\n<script type=\"application\/ld+json\" class=\"yoast-schema-graph\">{\"@context\":\"https:\/\/schema.org\",\"@graph\":[{\"@type\":\"WebPage\",\"@id\":\"https:\/\/modernteh.md\/catalog\/creta-raidex-pentru-vaci-oi-porci\/\",\"url\":\"https:\/\/modernteh.md\/catalog\/creta-raidex-pentru-vaci-oi-porci\/\",\"name\":\"Creta \u201cRAIDEX\u201d pentru vaci , oi , porci - Modernteh\",\"isPartOf\":{\"@id\":\"https:\/\/modernteh.md\/#website\"},\"datePublished\":\"2023-05-31T07:33:25+00:00\",\"dateModified\":\"2025-12-17T12:24:29+00:00\",\"description\":\"Creta \u201cRAIDEX\u201d pentru vaci , oi , porci\",\"breadcrumb\":{\"@id\":\"https:\/\/modernteh.md\/catalog\/creta-raidex-pentru-vaci-oi-porci\/#breadcrumb\"},\"inLanguage\":\"ru-RU\",\"potentialAction\":[{\"@type\":\"ReadAction\",\"target\":[\"https:\/\/modernteh.md\/catalog\/creta-raidex-pentru-vaci-oi-porci\/\"]}]},{\"@type\":\"BreadcrumbList\",\"@id\":\"https:\/\/modernteh.md\/catalog\/creta-raidex-pentru-vaci-oi-porci\/#breadcrumb\",\"itemListElement\":[{\"@type\":\"ListItem\",\"position\":1,\"name\":\"Prima pagin\u0103\",\"item\":\"https:\/\/modernteh.md\/\"},{\"@type\":\"ListItem\",\"position\":2,\"name\":\"Catalog\",\"item\":\"https:\/\/modernteh.md\/catalog\/\"},{\"@type\":\"ListItem\",\"position\":3,\"name\":\"Creta \u201cRAIDEX\u201d pentru vaci , oi , porci\"}]},{\"@type\":\"WebSite\",\"@id\":\"https:\/\/modernteh.md\/#website\",\"url\":\"https:\/\/modernteh.md\/\",\"name\":\"Modernteh\",\"description\":\"Modernteh\",\"publisher\":{\"@id\":\"https:\/\/modernteh.md\/#organization\"},\"potentialAction\":[{\"@type\":\"SearchAction\",\"target\":{\"@type\":\"EntryPoint\",\"urlTemplate\":\"https:\/\/modernteh.md\/?s={search_term_string}\"},\"query-input\":\"required name=search_term_string\"}],\"inLanguage\":\"ru-RU\"},{\"@type\":\"Organization\",\"@id\":\"https:\/\/modernteh.md\/#organization\",\"name\":\"Modernteh\",\"url\":\"https:\/\/modernteh.md\/\",\"logo\":{\"@type\":\"ImageObject\",\"inLanguage\":\"ru-RU\",\"@id\":\"https:\/\/modernteh.md\/#\/schema\/logo\/image\/\",\"url\":\"https:\/\/modernteh.md\/wp-content\/uploads\/2022\/06\/Logo_site-2.png\",\"contentUrl\":\"https:\/\/modernteh.md\/wp-content\/uploads\/2022\/06\/Logo_site-2.png\",\"width\":500,\"height\":487,\"caption\":\"Modernteh\"},\"image\":{\"@id\":\"https:\/\/modernteh.md\/#\/schema\/logo\/image\/\"},\"sameAs\":[\"https:\/\/www.facebook.com\/profile.php?id=100082695620019\"]}]}<\/script>\n<!-- \/ Yoast SEO plugin. -->","yoast_head_json":{"title":"Creta \u201cRAIDEX\u201d pentru vaci , oi , porci - Modernteh","description":"Creta \u201cRAIDEX\u201d pentru vaci , oi , porci","robots":{"index":"index","follow":"follow","max-snippet":"max-snippet:-1","max-image-preview":"max-image-preview:large","max-video-preview":"max-video-preview:-1"},"canonical":"https:\/\/modernteh.md\/ru\/catalog\/creta-raidex-pentru-vaci-oi-porci\/","og_locale":"ru_RU","og_type":"article","og_title":"Creta \u201cRAIDEX\u201d pentru vaci , oi , porci - Modernteh","og_description":"Creta \u201cRAIDEX\u201d pentru vaci , oi , porci","og_url":"https:\/\/modernteh.md\/ru\/catalog\/creta-raidex-pentru-vaci-oi-porci\/","og_site_name":"Modernteh","article_publisher":"https:\/\/www.facebook.com\/profile.php?id=100082695620019","article_modified_time":"2025-12-17T12:24:29+00:00","og_image":[{"width":600,"height":600,"url":"https:\/\/modernteh.md\/wp-content\/uploads\/2023\/05\/108304002_gamme_raidex_6-600x600-1.jpg","type":"image\/jpeg"}],"twitter_card":"summary_large_image","twitter_misc":{"\u041f\u0440\u0438\u043c\u0435\u0440\u043d\u043e\u0435 \u0432\u0440\u0435\u043c\u044f \u0434\u043b\u044f \u0447\u0442\u0435\u043d\u0438\u044f":"1 \u043c\u0438\u043d\u0443\u0442\u0430"},"schema":{"@context":"https:\/\/schema.org","@graph":[{"@type":"WebPage","@id":"https:\/\/modernteh.md\/catalog\/creta-raidex-pentru-vaci-oi-porci\/","url":"https:\/\/modernteh.md\/catalog\/creta-raidex-pentru-vaci-oi-porci\/","name":"Creta \u201cRAIDEX\u201d pentru vaci , oi , porci - Modernteh","isPartOf":{"@id":"https:\/\/modernteh.md\/#website"},"datePublished":"2023-05-31T07:33:25+00:00","dateModified":"2025-12-17T12:24:29+00:00","description":"Creta \u201cRAIDEX\u201d pentru vaci , oi , porci","breadcrumb":{"@id":"https:\/\/modernteh.md\/catalog\/creta-raidex-pentru-vaci-oi-porci\/#breadcrumb"},"inLanguage":"ru-RU","potentialAction":[{"@type":"ReadAction","target":["https:\/\/modernteh.md\/catalog\/creta-raidex-pentru-vaci-oi-porci\/"]}]},{"@type":"BreadcrumbList","@id":"https:\/\/modernteh.md\/catalog\/creta-raidex-pentru-vaci-oi-porci\/#breadcrumb","itemListElement":[{"@type":"ListItem","position":1,"name":"Prima pagin\u0103","item":"https:\/\/modernteh.md\/"},{"@type":"ListItem","position":2,"name":"Catalog","item":"https:\/\/modernteh.md\/catalog\/"},{"@type":"ListItem","position":3,"name":"Creta \u201cRAIDEX\u201d pentru vaci , oi , porci"}]},{"@type":"WebSite","@id":"https:\/\/modernteh.md\/#website","url":"https:\/\/modernteh.md\/","name":"Modernteh","description":"Modernteh","publisher":{"@id":"https:\/\/modernteh.md\/#organization"},"potentialAction":[{"@type":"SearchAction","target":{"@type":"EntryPoint","urlTemplate":"https:\/\/modernteh.md\/?s={search_term_string}"},"query-input":"required name=search_term_string"}],"inLanguage":"ru-RU"},{"@type":"Organization","@id":"https:\/\/modernteh.md\/#organization","name":"Modernteh","url":"https:\/\/modernteh.md\/","logo":{"@type":"ImageObject","inLanguage":"ru-RU","@id":"https:\/\/modernteh.md\/#\/schema\/logo\/image\/","url":"https:\/\/modernteh.md\/wp-content\/uploads\/2022\/06\/Logo_site-2.png","contentUrl":"https:\/\/modernteh.md\/wp-content\/uploads\/2022\/06\/Logo_site-2.png","width":500,"height":487,"caption":"Modernteh"},"image":{"@id":"https:\/\/modernteh.md\/#\/schema\/logo\/image\/"},"sameAs":["https:\/\/www.facebook.com\/profile.php?id=100082695620019"]}]}},"_links":{"self":[{"href":"https:\/\/modernteh.md\/ru\/wp-json\/wp\/v2\/product\/3516","targetHints":{"allow":["GET"]}}],"collection":[{"href":"https:\/\/modernteh.md\/ru\/wp-json\/wp\/v2\/product"}],"about":[{"href":"https:\/\/modernteh.md\/ru\/wp-json\/wp\/v2\/types\/product"}],"wp:featuredmedia":[{"embeddable":true,"href":"https:\/\/modernteh.md\/ru\/wp-json\/wp\/v2\/media\/3517"}],"wp:attachment":[{"href":"https:\/\/modernteh.md\/ru\/wp-json\/wp\/v2\/media?parent=3516"}],"wp:term":[{"taxonomy":"product_cat","embeddable":true,"href":"https:\/\/modernteh.md\/ru\/wp-json\/wp\/v2\/product_cat?post=3516"},{"taxonomy":"product_tag","embeddable":true,"href":"https:\/\/modernteh.md\/ru\/wp-json\/wp\/v2\/product_tag?post=3516"}],"curies":[{"name":"wp","href":"https:\/\/api.w.org\/{rel}","templated":true}]}}