{"id":3531,"date":"2023-05-31T12:01:31","date_gmt":"2023-05-31T12:01:31","guid":{"rendered":"https:\/\/modernteh.md\/?post_type=product&#038;p=3531"},"modified":"2025-05-08T08:13:52","modified_gmt":"2025-05-08T08:13:52","slug":"izolator-inelar-pentru-stalpi-metalici-10-buc","status":"publish","type":"product","link":"https:\/\/modernteh.md\/ru\/catalog\/izolator-inelar-pentru-stalpi-metalici-10-buc\/","title":{"rendered":"Izolator inelar pentru st\u00e2lpi metalici, 10 buc"},"content":{"rendered":"<p>Izolator inelar pentru st\u00e2lpi metalici, 10 buc<\/p>\n<p>Izolator pentru st\u00e2lpi metalici, plastic sau alt material dur, cu diametrul max. 12 mm. Construit din dou\u0103 elemente, un \u0219urub de str\u00e2ngere \u0219i corpul izolatorului. Recomand\u0103m pentru bar\u0103 o\u021bel beton striat PC52, cu diametrul de 12 mm.<\/p>\n<p>Potrivit pentru benzi \u00eenguste \u0219i fir cu diametrul max. 6 mm. Inel din plastic, izolator bun, rezistent la radia\u021bii UV. Datorit\u0103 formei speciale apa scade de pe el cu u\u0219urin\u021b\u0103, astfel previne pierderea electric\u0103 a sistemului \u00een timp de ploaie.<\/p>","protected":false},"excerpt":{"rendered":"<p>Izolator inelar pentru st\u00e2lpi metalici, 10 buc Izolator pentru st\u00e2lpi metalici, plastic sau alt material dur, cu diametrul max. 12<\/p>","protected":false},"featured_media":3532,"template":"","meta":[],"product_cat":[165],"product_tag":[],"class_list":{"0":"post-3531","1":"product","2":"type-product","3":"status-publish","4":"has-post-thumbnail","6":"product_cat-izolatori","8":"first","9":"instock","10":"shipping-taxable","11":"purchasable","12":"product-type-simple"},"yoast_head":"<!-- This site is optimized with the Yoast SEO plugin v20.12 - https:\/\/yoast.com\/wordpress\/plugins\/seo\/ -->\n<title>Izolator inelar pentru st\u00e2lpi metalici, 10 buc - Modernteh<\/title>\n<meta name=\"description\" content=\"Izolator inelar pentru st\u00e2lpi metalici, 10 buc\" \/>\n<meta name=\"robots\" content=\"index, follow, max-snippet:-1, max-image-preview:large, max-video-preview:-1\" \/>\n<link rel=\"canonical\" href=\"https:\/\/modernteh.md\/ru\/catalog\/izolator-inelar-pentru-stalpi-metalici-10-buc\/\" \/>\n<meta property=\"og:locale\" content=\"ru_RU\" \/>\n<meta property=\"og:type\" content=\"article\" \/>\n<meta property=\"og:title\" content=\"Izolator inelar pentru st\u00e2lpi metalici, 10 buc - Modernteh\" \/>\n<meta property=\"og:description\" content=\"Izolator inelar pentru st\u00e2lpi metalici, 10 buc\" \/>\n<meta property=\"og:url\" content=\"https:\/\/modernteh.md\/ru\/catalog\/izolator-inelar-pentru-stalpi-metalici-10-buc\/\" \/>\n<meta property=\"og:site_name\" content=\"Modernteh\" \/>\n<meta property=\"article:publisher\" content=\"https:\/\/www.facebook.com\/profile.php?id=100082695620019\" \/>\n<meta property=\"article:modified_time\" content=\"2025-05-08T08:13:52+00:00\" \/>\n<meta property=\"og:image\" content=\"https:\/\/modernteh.md\/wp-content\/uploads\/2023\/05\/35-izolator-inelar-pentru-stalpi-25-buc.jpg\" \/>\n\t<meta property=\"og:image:width\" content=\"1200\" \/>\n\t<meta property=\"og:image:height\" content=\"1200\" \/>\n\t<meta property=\"og:image:type\" content=\"image\/jpeg\" \/>\n<meta name=\"twitter:card\" content=\"summary_large_image\" \/>\n<meta name=\"twitter:label1\" content=\"\u041f\u0440\u0438\u043c\u0435\u0440\u043d\u043e\u0435 \u0432\u0440\u0435\u043c\u044f \u0434\u043b\u044f \u0447\u0442\u0435\u043d\u0438\u044f\" \/>\n\t<meta name=\"twitter:data1\" content=\"1 \u043c\u0438\u043d\u0443\u0442\u0430\" \/>\n<script type=\"application\/ld+json\" class=\"yoast-schema-graph\">{\"@context\":\"https:\/\/schema.org\",\"@graph\":[{\"@type\":\"WebPage\",\"@id\":\"https:\/\/modernteh.md\/catalog\/izolator-inelar-pentru-stalpi-metalici-10-buc\/\",\"url\":\"https:\/\/modernteh.md\/catalog\/izolator-inelar-pentru-stalpi-metalici-10-buc\/\",\"name\":\"Izolator inelar pentru st\u00e2lpi metalici, 10 buc - Modernteh\",\"isPartOf\":{\"@id\":\"https:\/\/modernteh.md\/#website\"},\"datePublished\":\"2023-05-31T12:01:31+00:00\",\"dateModified\":\"2025-05-08T08:13:52+00:00\",\"description\":\"Izolator inelar pentru st\u00e2lpi metalici, 10 buc\",\"breadcrumb\":{\"@id\":\"https:\/\/modernteh.md\/catalog\/izolator-inelar-pentru-stalpi-metalici-10-buc\/#breadcrumb\"},\"inLanguage\":\"ru-RU\",\"potentialAction\":[{\"@type\":\"ReadAction\",\"target\":[\"https:\/\/modernteh.md\/catalog\/izolator-inelar-pentru-stalpi-metalici-10-buc\/\"]}]},{\"@type\":\"BreadcrumbList\",\"@id\":\"https:\/\/modernteh.md\/catalog\/izolator-inelar-pentru-stalpi-metalici-10-buc\/#breadcrumb\",\"itemListElement\":[{\"@type\":\"ListItem\",\"position\":1,\"name\":\"Prima pagin\u0103\",\"item\":\"https:\/\/modernteh.md\/\"},{\"@type\":\"ListItem\",\"position\":2,\"name\":\"Catalog\",\"item\":\"https:\/\/modernteh.md\/catalog\/\"},{\"@type\":\"ListItem\",\"position\":3,\"name\":\"Izolator inelar pentru st\u00e2lpi metalici, 10 buc\"}]},{\"@type\":\"WebSite\",\"@id\":\"https:\/\/modernteh.md\/#website\",\"url\":\"https:\/\/modernteh.md\/\",\"name\":\"Modernteh\",\"description\":\"Modernteh\",\"publisher\":{\"@id\":\"https:\/\/modernteh.md\/#organization\"},\"potentialAction\":[{\"@type\":\"SearchAction\",\"target\":{\"@type\":\"EntryPoint\",\"urlTemplate\":\"https:\/\/modernteh.md\/?s={search_term_string}\"},\"query-input\":\"required name=search_term_string\"}],\"inLanguage\":\"ru-RU\"},{\"@type\":\"Organization\",\"@id\":\"https:\/\/modernteh.md\/#organization\",\"name\":\"Modernteh\",\"url\":\"https:\/\/modernteh.md\/\",\"logo\":{\"@type\":\"ImageObject\",\"inLanguage\":\"ru-RU\",\"@id\":\"https:\/\/modernteh.md\/#\/schema\/logo\/image\/\",\"url\":\"https:\/\/modernteh.md\/wp-content\/uploads\/2022\/06\/Logo_site-2.png\",\"contentUrl\":\"https:\/\/modernteh.md\/wp-content\/uploads\/2022\/06\/Logo_site-2.png\",\"width\":500,\"height\":487,\"caption\":\"Modernteh\"},\"image\":{\"@id\":\"https:\/\/modernteh.md\/#\/schema\/logo\/image\/\"},\"sameAs\":[\"https:\/\/www.facebook.com\/profile.php?id=100082695620019\"]}]}<\/script>\n<!-- \/ Yoast SEO plugin. -->","yoast_head_json":{"title":"Izolator inelar pentru st\u00e2lpi metalici, 10 buc - Modernteh","description":"Izolator inelar pentru st\u00e2lpi metalici, 10 buc","robots":{"index":"index","follow":"follow","max-snippet":"max-snippet:-1","max-image-preview":"max-image-preview:large","max-video-preview":"max-video-preview:-1"},"canonical":"https:\/\/modernteh.md\/ru\/catalog\/izolator-inelar-pentru-stalpi-metalici-10-buc\/","og_locale":"ru_RU","og_type":"article","og_title":"Izolator inelar pentru st\u00e2lpi metalici, 10 buc - Modernteh","og_description":"Izolator inelar pentru st\u00e2lpi metalici, 10 buc","og_url":"https:\/\/modernteh.md\/ru\/catalog\/izolator-inelar-pentru-stalpi-metalici-10-buc\/","og_site_name":"Modernteh","article_publisher":"https:\/\/www.facebook.com\/profile.php?id=100082695620019","article_modified_time":"2025-05-08T08:13:52+00:00","og_image":[{"width":1200,"height":1200,"url":"https:\/\/modernteh.md\/wp-content\/uploads\/2023\/05\/35-izolator-inelar-pentru-stalpi-25-buc.jpg","type":"image\/jpeg"}],"twitter_card":"summary_large_image","twitter_misc":{"\u041f\u0440\u0438\u043c\u0435\u0440\u043d\u043e\u0435 \u0432\u0440\u0435\u043c\u044f \u0434\u043b\u044f \u0447\u0442\u0435\u043d\u0438\u044f":"1 \u043c\u0438\u043d\u0443\u0442\u0430"},"schema":{"@context":"https:\/\/schema.org","@graph":[{"@type":"WebPage","@id":"https:\/\/modernteh.md\/catalog\/izolator-inelar-pentru-stalpi-metalici-10-buc\/","url":"https:\/\/modernteh.md\/catalog\/izolator-inelar-pentru-stalpi-metalici-10-buc\/","name":"Izolator inelar pentru st\u00e2lpi metalici, 10 buc - Modernteh","isPartOf":{"@id":"https:\/\/modernteh.md\/#website"},"datePublished":"2023-05-31T12:01:31+00:00","dateModified":"2025-05-08T08:13:52+00:00","description":"Izolator inelar pentru st\u00e2lpi metalici, 10 buc","breadcrumb":{"@id":"https:\/\/modernteh.md\/catalog\/izolator-inelar-pentru-stalpi-metalici-10-buc\/#breadcrumb"},"inLanguage":"ru-RU","potentialAction":[{"@type":"ReadAction","target":["https:\/\/modernteh.md\/catalog\/izolator-inelar-pentru-stalpi-metalici-10-buc\/"]}]},{"@type":"BreadcrumbList","@id":"https:\/\/modernteh.md\/catalog\/izolator-inelar-pentru-stalpi-metalici-10-buc\/#breadcrumb","itemListElement":[{"@type":"ListItem","position":1,"name":"Prima pagin\u0103","item":"https:\/\/modernteh.md\/"},{"@type":"ListItem","position":2,"name":"Catalog","item":"https:\/\/modernteh.md\/catalog\/"},{"@type":"ListItem","position":3,"name":"Izolator inelar pentru st\u00e2lpi metalici, 10 buc"}]},{"@type":"WebSite","@id":"https:\/\/modernteh.md\/#website","url":"https:\/\/modernteh.md\/","name":"Modernteh","description":"Modernteh","publisher":{"@id":"https:\/\/modernteh.md\/#organization"},"potentialAction":[{"@type":"SearchAction","target":{"@type":"EntryPoint","urlTemplate":"https:\/\/modernteh.md\/?s={search_term_string}"},"query-input":"required name=search_term_string"}],"inLanguage":"ru-RU"},{"@type":"Organization","@id":"https:\/\/modernteh.md\/#organization","name":"Modernteh","url":"https:\/\/modernteh.md\/","logo":{"@type":"ImageObject","inLanguage":"ru-RU","@id":"https:\/\/modernteh.md\/#\/schema\/logo\/image\/","url":"https:\/\/modernteh.md\/wp-content\/uploads\/2022\/06\/Logo_site-2.png","contentUrl":"https:\/\/modernteh.md\/wp-content\/uploads\/2022\/06\/Logo_site-2.png","width":500,"height":487,"caption":"Modernteh"},"image":{"@id":"https:\/\/modernteh.md\/#\/schema\/logo\/image\/"},"sameAs":["https:\/\/www.facebook.com\/profile.php?id=100082695620019"]}]}},"_links":{"self":[{"href":"https:\/\/modernteh.md\/ru\/wp-json\/wp\/v2\/product\/3531","targetHints":{"allow":["GET"]}}],"collection":[{"href":"https:\/\/modernteh.md\/ru\/wp-json\/wp\/v2\/product"}],"about":[{"href":"https:\/\/modernteh.md\/ru\/wp-json\/wp\/v2\/types\/product"}],"wp:featuredmedia":[{"embeddable":true,"href":"https:\/\/modernteh.md\/ru\/wp-json\/wp\/v2\/media\/3532"}],"wp:attachment":[{"href":"https:\/\/modernteh.md\/ru\/wp-json\/wp\/v2\/media?parent=3531"}],"wp:term":[{"taxonomy":"product_cat","embeddable":true,"href":"https:\/\/modernteh.md\/ru\/wp-json\/wp\/v2\/product_cat?post=3531"},{"taxonomy":"product_tag","embeddable":true,"href":"https:\/\/modernteh.md\/ru\/wp-json\/wp\/v2\/product_tag?post=3531"}],"curies":[{"name":"wp","href":"https:\/\/api.w.org\/{rel}","templated":true}]}}