{"id":3581,"date":"2023-07-24T07:51:56","date_gmt":"2023-07-24T07:51:56","guid":{"rendered":"https:\/\/modernteh.md\/?post_type=product&#038;p=3581"},"modified":"2024-09-27T12:20:18","modified_gmt":"2024-09-27T12:20:18","slug":"tanc-de-racire-150l","status":"publish","type":"product","link":"https:\/\/modernteh.md\/ru\/catalog\/tanc-de-racire-150l\/","title":{"rendered":"\u043e\u0445\u043b\u0430\u0434\u0438\u0442\u0435\u043b\u044c \u0434\u043b\u044f \u043c\u043e\u043b\u043e\u043a\u0430 150\u043b"},"content":{"rendered":"<div class=\"woocommerce-product-details__short-description\">\n<p>Tanc de racire Lapte 150 litri.<\/p>\n<p>Rezervorul tancului de racire este cilindric din inox AISI 304, are picioare ajustabile cu cantar electronic pentru suprafetele neregulate .<br \/>\nPartea inferioara a rezervorului este cu expansiune directa astfel asigurand evacuarea completa a laptelui iar designul placilor evaporatorului impiedica inghetul, chiar si in cazul unor cantitati mici de lapte.<\/p>\n<\/div>\n<table class=\"woocommerce-product-attributes shop_attributes\">\n<tbody>\n<tr class=\"woocommerce-product-attributes-item woocommerce-product-attributes-item--attribute_pa_brand\">\n<th class=\"woocommerce-product-attributes-item__label\"><span class=\"wd-attr-name\">Brand<\/span><\/th>\n<td class=\"woocommerce-product-attributes-item__value\">IZGI KROM<\/td>\n<\/tr>\n<tr class=\"woocommerce-product-attributes-item woocommerce-product-attributes-item--attribute_pa_tip-tanc-de-racire\">\n<th class=\"woocommerce-product-attributes-item__label\"><span class=\"wd-attr-name\">Tip tanc de racire<\/span><\/th>\n<td class=\"woocommerce-product-attributes-item__value\">Compact<\/td>\n<\/tr>\n<tr class=\"woocommerce-product-attributes-item woocommerce-product-attributes-item--attribute_pa_putere-compresor\">\n<th class=\"woocommerce-product-attributes-item__label\"><span class=\"wd-attr-name\">Putere compresor<\/span><\/th>\n<td class=\"woocommerce-product-attributes-item__value\">0.55kW<\/td>\n<\/tr>\n<tr class=\"woocommerce-product-attributes-item woocommerce-product-attributes-item--attribute_pa_tensiune-alimentare\">\n<th class=\"woocommerce-product-attributes-item__label\"><span class=\"wd-attr-name\">Tensiune alimentare<\/span><\/th>\n<td class=\"woocommerce-product-attributes-item__value\">220V<\/td>\n<\/tr>\n<\/tbody>\n<\/table>\n<div class=\"container\">\n<div class=\"product-extra-content\">\n<div class=\"elementor elementor-17905\" data-elementor-type=\"wp-post\" data-elementor-id=\"17905\">\n<section class=\"wd-negative-gap elementor-section elementor-top-section elementor-element elementor-element-4ea60211 wd-section-stretch elementor-section-boxed elementor-section-height-default elementor-section-height-default\" data-id=\"4ea60211\" data-element_type=\"section\" data-settings=\"{&quot;background_background&quot;:&quot;classic&quot;}\">\n<div class=\"elementor-container elementor-column-gap-default\">\n<div class=\"elementor-column elementor-col-100 elementor-top-column elementor-element elementor-element-7710bff9\" data-id=\"7710bff9\" data-element_type=\"column\">\n<div class=\"elementor-widget-wrap elementor-element-populated\">\n<div class=\"elementor-element elementor-element-1bac3288 elementor-widget elementor-widget-wd_title\" data-id=\"1bac3288\" data-element_type=\"widget\" data-widget_type=\"wd_title.default\">\n<div class=\"elementor-widget-container\">\n<div class=\"title-wrapper set-mb-s reset-last-child wd-title-color-default wd-title-style-default wd-title-size-default text-center\">\n<div class=\"liner-continer\">\n<h4 class=\"woodmart-title-container title wd-fontsize-l\">Productivitate sporita si tehnologie avansata de productie<\/h4>\n<\/div>\n<\/div>\n<\/div>\n<\/div>\n<section class=\"wd-negative-gap elementor-section elementor-inner-section elementor-element elementor-element-4317fc11 elementor-section-content-middle elementor-section-boxed elementor-section-height-default elementor-section-height-default wd-section-disabled\" data-id=\"4317fc11\" data-element_type=\"section\">\n<div class=\"elementor-container elementor-column-gap-default\">\n<div class=\"elementor-column elementor-col-25 elementor-inner-column elementor-element elementor-element-28bff988 elementor-hidden-phone elementor-hidden-tablet\" data-id=\"28bff988\" data-element_type=\"column\">\n<div class=\"elementor-widget-wrap elementor-element-populated\">\n<div class=\"elementor-element elementor-element-35849548 elementor-widget elementor-widget-wd_infobox\" data-id=\"35849548\" data-element_type=\"widget\" data-widget_type=\"wd_infobox.default\">\n<div class=\"elementor-widget-container\">\n<div class=\"info-box-wrapper\">\n<div class=\"wd-info-box text-left box-icon-align-left box-style-bg-hover color-scheme-dark wd-items-top color-scheme-hover-light cursor-pointer\">\n<div class=\"box-icon-wrapper box-with-icon box-icon-simple\">\n<div class=\"info-box-icon\"><\/div>\n<\/div>\n<div class=\"info-box-content\">\n<h4 class=\"info-box-title title box-title-style-default wd-fontsize-m\" data-elementor-setting-key=\"title\">2 mm Inox 304<\/h4>\n<div class=\"info-box-inner set-cont-mb-s reset-last-child\" data-elementor-setting-key=\"content\">\n<p>Grosimea peretelui exterior<\/p>\n<\/div>\n<\/div>\n<\/div>\n<\/div>\n<\/div>\n<\/div>\n<div class=\"elementor-element elementor-element-1f22368 elementor-widget elementor-widget-wd_infobox\" data-id=\"1f22368\" data-element_type=\"widget\" data-widget_type=\"wd_infobox.default\">\n<div class=\"elementor-widget-container\">\n<div class=\"info-box-wrapper\">\n<div class=\"wd-info-box text-left box-icon-align-left box-style-bg-hover color-scheme-dark wd-items-top color-scheme-hover-light cursor-pointer\">\n<div class=\"box-icon-wrapper box-with-icon box-icon-simple\">\n<div class=\"info-box-icon\"><\/div>\n<\/div>\n<div class=\"info-box-content\">\n<h4 class=\"info-box-title title box-title-style-default wd-fontsize-m\" data-elementor-setting-key=\"title\">1 mm Inox 304<\/h4>\n<div class=\"info-box-inner set-cont-mb-s reset-last-child\" data-elementor-setting-key=\"content\">\n<p>Grosimea peretelui interior<\/p>\n<\/div>\n<\/div>\n<\/div>\n<\/div>\n<\/div>\n<\/div>\n<div class=\"elementor-element elementor-element-45f51559 elementor-widget elementor-widget-wd_infobox\" data-id=\"45f51559\" data-element_type=\"widget\" data-widget_type=\"wd_infobox.default\">\n<div class=\"elementor-widget-container\">\n<div class=\"info-box-wrapper\">\n<div class=\"wd-info-box text-left box-icon-align-left box-style-bg-hover color-scheme-dark wd-items-top color-scheme-hover-light cursor-pointer\">\n<div class=\"box-icon-wrapper box-with-icon box-icon-simple\">\n<div class=\"info-box-icon\"><\/div>\n<\/div>\n<div class=\"info-box-content\">\n<h4 class=\"info-box-title title box-title-style-default wd-fontsize-m\" data-elementor-setting-key=\"title\">50 mm<\/h4>\n<div class=\"info-box-inner set-cont-mb-s reset-last-child\" data-elementor-setting-key=\"content\">\n<p>izolare poliuritanica omogena<\/p>\n<\/div>\n<\/div>\n<\/div>\n<\/div>\n<\/div>\n<\/div>\n<\/div>\n<\/div>\n<div class=\"elementor-column elementor-col-50 elementor-top-column elementor-element elementor-element-127a547b\" data-id=\"127a547b\" data-element_type=\"column\">\n<div class=\"elementor-widget-wrap elementor-element-populated\">\n<div class=\"elementor-element elementor-element-3a903e83 elementor-widget elementor-widget-wd_image_or_svg\" data-id=\"3a903e83\" data-element_type=\"widget\" data-widget_type=\"wd_image_or_svg.default\">\n<div class=\"elementor-widget-container\">\n<div class=\"wd-image text-left\"><img loading=\"lazy\" decoding=\"async\" class=\"attachment-full size-full has-transparency\" src=\"https:\/\/agrozootehnie.md\/wp-content\/uploads\/2023\/07\/DikeyTip200Lt_2-1-1.png.webp\" sizes=\"auto, (max-width: 768px) 100vw, 768px\" srcset=\"https:\/\/agrozootehnie.md\/wp-content\/uploads\/2023\/07\/DikeyTip200Lt_2-1-1.png.webp 768w,https:\/\/agrozootehnie.md\/wp-content\/uploads\/2023\/07\/DikeyTip200Lt_2-1-1-430x430.png.webp 430w,https:\/\/agrozootehnie.md\/wp-content\/uploads\/2023\/07\/DikeyTip200Lt_2-1-1-150x150.png.webp 150w,https:\/\/agrozootehnie.md\/wp-content\/uploads\/2023\/07\/DikeyTip200Lt_2-1-1-700x700.png.webp 700w,https:\/\/agrozootehnie.md\/wp-content\/uploads\/2023\/07\/DikeyTip200Lt_2-1-1-300x300.png.webp 300w\" alt=\"\" width=\"768\" height=\"768\" data-has-transparency=\"true\" data-dominant-color=\"8d8784\" \/><\/div>\n<\/div>\n<\/div>\n<\/div>\n<\/div>\n<div class=\"elementor-column elementor-col-25 elementor-top-column elementor-element elementor-element-40b7b2be elementor-hidden-phone elementor-hidden-tablet\" data-id=\"40b7b2be\" data-element_type=\"column\">\n<div class=\"elementor-widget-wrap elementor-element-populated\">\n<div class=\"elementor-element elementor-element-279192c2 elementor-widget elementor-widget-wd_infobox\" data-id=\"279192c2\" data-element_type=\"widget\" data-widget_type=\"wd_infobox.default\">\n<div class=\"elementor-widget-container\">\n<div class=\"info-box-wrapper\">\n<div class=\"wd-info-box text-left box-icon-align-left box-style-bg-hover color-scheme-dark wd-items-top color-scheme-hover-light cursor-pointer\">\n<div class=\"box-icon-wrapper box-with-icon box-icon-simple\">\n<div class=\"info-box-icon\"><\/div>\n<\/div>\n<div class=\"info-box-content\">\n<h4 class=\"info-box-title title box-title-style-default wd-fontsize-m\" data-elementor-setting-key=\"title\">2 tablouri electrice si 1 panou de control<\/h4>\n<div class=\"info-box-inner set-cont-mb-s reset-last-child\" data-elementor-setting-key=\"content\">\n<p>Masuri de siguranta sporite<\/p>\n<\/div>\n<\/div>\n<\/div>\n<\/div>\n<\/div>\n<\/div>\n<div class=\"elementor-element elementor-element-259b1004 elementor-widget elementor-widget-wd_infobox\" data-id=\"259b1004\" data-element_type=\"widget\" data-widget_type=\"wd_infobox.default\">\n<div class=\"elementor-widget-container\">\n<div class=\"info-box-wrapper\">\n<div class=\"wd-info-box text-left box-icon-align-left box-style-bg-hover color-scheme-dark wd-items-top color-scheme-hover-light cursor-pointer\">\n<div class=\"box-icon-wrapper box-with-icon box-icon-simple\">\n<div class=\"info-box-icon\"><\/div>\n<\/div>\n<div class=\"info-box-content\">\n<h4 class=\"info-box-title title box-title-style-default wd-fontsize-m\" data-elementor-setting-key=\"title\">380 v sau 220 v<\/h4>\n<div class=\"info-box-inner set-cont-mb-s reset-last-child\" data-elementor-setting-key=\"content\">\n<p>Conexiune electrica<\/p>\n<\/div>\n<\/div>\n<\/div>\n<\/div>\n<\/div>\n<\/div>\n<div class=\"elementor-element elementor-element-3ecf92b elementor-widget elementor-widget-wd_infobox\" data-id=\"3ecf92b\" data-element_type=\"widget\" data-widget_type=\"wd_infobox.default\">\n<div class=\"elementor-widget-container\">\n<div class=\"info-box-wrapper\">\n<div class=\"wd-info-box text-left box-icon-align-left box-style-bg-hover color-scheme-dark wd-items-top color-scheme-hover-light cursor-pointer\">\n<div class=\"box-icon-wrapper box-with-icon box-icon-simple\">\n<div class=\"info-box-icon\"><\/div>\n<\/div>\n<div class=\"info-box-content\">\n<h4 class=\"info-box-title title box-title-style-default wd-fontsize-m\" data-elementor-setting-key=\"title\">Mixer 30 RPM<\/h4>\n<div class=\"info-box-inner set-cont-mb-s reset-last-child\" data-elementor-setting-key=\"content\">\n<p>Malaxorul este produs total din Inox 304<\/p>\n<\/div>\n<\/div>\n<\/div>\n<\/div>\n<\/div>\n<\/div>\n<\/div>\n<\/div>\n<\/div>\n<\/section>\n<\/div>\n<\/div>\n<\/div>\n<\/section>\n<\/div>\n<\/div>\n<\/div>\n<div class=\"product-tabs-wrapper\">\n<div class=\"container\">\n<div class=\"row\">\n<div class=\"col-12 poduct-tabs-inner\">\n<div class=\"woocommerce-tabs wc-tabs-wrapper tabs-layout-tabs\" data-state=\"first\" data-layout=\"tabs\">\n<div class=\"wd-accordion-item\">\n<div id=\"tab-description\" class=\"entry-content woocommerce-Tabs-panel woocommerce-Tabs-panel--description wd-active panel wc-tab\" role=\"tabpanel\" aria-labelledby=\"tab-title-description\" data-accordion-index=\"description\">\n<div class=\"wc-tab-inner\">\n<p><strong>Capacitati disponibile<\/strong>= 150, 200, 300, 500, 1000, 1500, 2000 Litri<br \/>\n<strong>Tip<\/strong>: Vertical Compact<\/p>\n<p><strong>Caracteristici:<\/strong><br \/>\n1. Placa schimbatorului de caldura \u201cRollbond\u201d\u00a0 este de 2,0mm + 1mm<br \/>\n2.Racirea este asigurata prin circulatie de gaz R 404<br \/>\n3.Peretele izolant este complet din otel inoxidabil calitate AISI 304<\/p>\n<p><b>Malaxorul\u00a0<\/b>este realizat complet din o\u021bel inoxidabil AISI 304. Regimul de lucru al acestuia poate fi setat din panoul de control avand 30 rotatii pe minut.<\/p>\n<p><strong>IZOLAREA REZERVORULUI<\/strong>\u00a0 are 50 mm \u0219i fabricat dintr-un material poliuretanic omogen, de \u00eenalt\u0103 densitate, f\u0103r\u0103 CFC.<\/p>\n<p>FOND REZERVOR = Este conceput pentru a l\u0103sa zero lichid \u00een interior \u00een timpul desc\u0103rc\u0103rii.<\/p>\n<p>Tehnologia de sudare a o\u021belului inoxidabil AISI 304 este sudarea ARGON TIG.<\/p>\n<p>Golirea tancului de racire este reazlizata cu robinet fluture lavabil DN 50 .<\/p>\n<p>Carcasa rezervorului este realizat \u00een \u00eentregime din o\u021bel inoxidabil calitate AISI 304 2 mm<\/p>\n<p><strong>ECHIPAMENT ELECTRIC<\/strong>\u00a0= Este format din 2 tablouri electrice si 1 panou de comanda, unul dintre tablouri electrice este montat pe sasiul grupului de racire, celalalt panou si panou de comanda este montat pe fata rezervorului.<br \/>\nIn plus s-au luat masuri de securitate conform tuturor cerin\u021belor de standartizare.<\/p>\n<p><span style=\"color: #ffffff;\">Tanc de racire Lapte 150 litri.<\/span><\/p>\n<\/div>\n<\/div>\n<\/div>\n<\/div>\n<\/div>\n<\/div>\n<\/div>\n<\/div>","protected":false},"excerpt":{"rendered":"<p>Tanc de racire Lapte 150 litri. Rezervorul tancului de racire este cilindric din inox AISI 304, are picioare ajustabile cu<\/p>","protected":false},"featured_media":3582,"template":"","meta":[],"product_cat":[104],"product_tag":[],"class_list":{"0":"post-3581","1":"product","2":"type-product","3":"status-publish","4":"has-post-thumbnail","6":"product_cat-frigidere-pentru-lapte","8":"first","9":"instock","10":"shipping-taxable","11":"purchasable","12":"product-type-simple"},"yoast_head":"<!-- This site is optimized with the Yoast SEO plugin v20.12 - https:\/\/yoast.com\/wordpress\/plugins\/seo\/ -->\n<title>Tanc de racire Lapte 150L - Modernteh<\/title>\n<meta name=\"description\" content=\"Tanc de racire Lapte 150 Litri, izgi krom. Fabricat din o\u021bel inoxidabil, cu panou de control electronic, r\u0103ce\u0219te \u0219i men\u021bine temperatura laptelui\" \/>\n<meta name=\"robots\" content=\"index, follow, max-snippet:-1, max-image-preview:large, max-video-preview:-1\" \/>\n<link rel=\"canonical\" href=\"https:\/\/modernteh.md\/ru\/catalog\/tanc-de-racire-150l\/\" \/>\n<meta property=\"og:locale\" content=\"ru_RU\" \/>\n<meta property=\"og:type\" content=\"article\" \/>\n<meta property=\"og:title\" content=\"Tanc de racire Lapte 150L - Modernteh\" \/>\n<meta property=\"og:description\" content=\"Tanc de racire Lapte 150 Litri, izgi krom. Fabricat din o\u021bel inoxidabil, cu panou de control electronic, r\u0103ce\u0219te \u0219i men\u021bine temperatura laptelui\" \/>\n<meta property=\"og:url\" content=\"https:\/\/modernteh.md\/ru\/catalog\/tanc-de-racire-150l\/\" \/>\n<meta property=\"og:site_name\" content=\"Modernteh\" \/>\n<meta property=\"article:publisher\" content=\"https:\/\/www.facebook.com\/profile.php?id=100082695620019\" \/>\n<meta property=\"article:modified_time\" content=\"2024-09-27T12:20:18+00:00\" \/>\n<meta property=\"og:image\" content=\"https:\/\/modernteh.md\/wp-content\/uploads\/2023\/07\/s2__1_-removebg-preview.png\" \/>\n\t<meta property=\"og:image:width\" content=\"500\" \/>\n\t<meta property=\"og:image:height\" content=\"500\" \/>\n\t<meta property=\"og:image:type\" content=\"image\/png\" \/>\n<meta name=\"twitter:card\" content=\"summary_large_image\" \/>\n<meta name=\"twitter:label1\" content=\"\u041f\u0440\u0438\u043c\u0435\u0440\u043d\u043e\u0435 \u0432\u0440\u0435\u043c\u044f \u0434\u043b\u044f \u0447\u0442\u0435\u043d\u0438\u044f\" \/>\n\t<meta name=\"twitter:data1\" content=\"2 \u043c\u0438\u043d\u0443\u0442\u044b\" \/>\n<script type=\"application\/ld+json\" class=\"yoast-schema-graph\">{\"@context\":\"https:\/\/schema.org\",\"@graph\":[{\"@type\":\"WebPage\",\"@id\":\"https:\/\/modernteh.md\/catalog\/tanc-de-racire-150l\/\",\"url\":\"https:\/\/modernteh.md\/catalog\/tanc-de-racire-150l\/\",\"name\":\"Tanc de racire Lapte 150L - Modernteh\",\"isPartOf\":{\"@id\":\"https:\/\/modernteh.md\/#website\"},\"datePublished\":\"2023-07-24T07:51:56+00:00\",\"dateModified\":\"2024-09-27T12:20:18+00:00\",\"description\":\"Tanc de racire Lapte 150 Litri, izgi krom. Fabricat din o\u021bel inoxidabil, cu panou de control electronic, r\u0103ce\u0219te \u0219i men\u021bine temperatura laptelui\",\"breadcrumb\":{\"@id\":\"https:\/\/modernteh.md\/catalog\/tanc-de-racire-150l\/#breadcrumb\"},\"inLanguage\":\"ru-RU\",\"potentialAction\":[{\"@type\":\"ReadAction\",\"target\":[\"https:\/\/modernteh.md\/catalog\/tanc-de-racire-150l\/\"]}]},{\"@type\":\"BreadcrumbList\",\"@id\":\"https:\/\/modernteh.md\/catalog\/tanc-de-racire-150l\/#breadcrumb\",\"itemListElement\":[{\"@type\":\"ListItem\",\"position\":1,\"name\":\"Prima pagin\u0103\",\"item\":\"https:\/\/modernteh.md\/\"},{\"@type\":\"ListItem\",\"position\":2,\"name\":\"Catalog\",\"item\":\"https:\/\/modernteh.md\/catalog\/\"},{\"@type\":\"ListItem\",\"position\":3,\"name\":\"Tanc de racire Lapte 150L\"}]},{\"@type\":\"WebSite\",\"@id\":\"https:\/\/modernteh.md\/#website\",\"url\":\"https:\/\/modernteh.md\/\",\"name\":\"Modernteh\",\"description\":\"Modernteh\",\"publisher\":{\"@id\":\"https:\/\/modernteh.md\/#organization\"},\"potentialAction\":[{\"@type\":\"SearchAction\",\"target\":{\"@type\":\"EntryPoint\",\"urlTemplate\":\"https:\/\/modernteh.md\/?s={search_term_string}\"},\"query-input\":\"required name=search_term_string\"}],\"inLanguage\":\"ru-RU\"},{\"@type\":\"Organization\",\"@id\":\"https:\/\/modernteh.md\/#organization\",\"name\":\"Modernteh\",\"url\":\"https:\/\/modernteh.md\/\",\"logo\":{\"@type\":\"ImageObject\",\"inLanguage\":\"ru-RU\",\"@id\":\"https:\/\/modernteh.md\/#\/schema\/logo\/image\/\",\"url\":\"https:\/\/modernteh.md\/wp-content\/uploads\/2022\/06\/Logo_site-2.png\",\"contentUrl\":\"https:\/\/modernteh.md\/wp-content\/uploads\/2022\/06\/Logo_site-2.png\",\"width\":500,\"height\":487,\"caption\":\"Modernteh\"},\"image\":{\"@id\":\"https:\/\/modernteh.md\/#\/schema\/logo\/image\/\"},\"sameAs\":[\"https:\/\/www.facebook.com\/profile.php?id=100082695620019\"]}]}<\/script>\n<!-- \/ Yoast SEO plugin. -->","yoast_head_json":{"title":"Tanc de racire Lapte 150L - Modernteh","description":"Tanc de racire Lapte 150 Litri, izgi krom. Fabricat din o\u021bel inoxidabil, cu panou de control electronic, r\u0103ce\u0219te \u0219i men\u021bine temperatura laptelui","robots":{"index":"index","follow":"follow","max-snippet":"max-snippet:-1","max-image-preview":"max-image-preview:large","max-video-preview":"max-video-preview:-1"},"canonical":"https:\/\/modernteh.md\/ru\/catalog\/tanc-de-racire-150l\/","og_locale":"ru_RU","og_type":"article","og_title":"Tanc de racire Lapte 150L - Modernteh","og_description":"Tanc de racire Lapte 150 Litri, izgi krom. Fabricat din o\u021bel inoxidabil, cu panou de control electronic, r\u0103ce\u0219te \u0219i men\u021bine temperatura laptelui","og_url":"https:\/\/modernteh.md\/ru\/catalog\/tanc-de-racire-150l\/","og_site_name":"Modernteh","article_publisher":"https:\/\/www.facebook.com\/profile.php?id=100082695620019","article_modified_time":"2024-09-27T12:20:18+00:00","og_image":[{"width":500,"height":500,"url":"https:\/\/modernteh.md\/wp-content\/uploads\/2023\/07\/s2__1_-removebg-preview.png","type":"image\/png"}],"twitter_card":"summary_large_image","twitter_misc":{"\u041f\u0440\u0438\u043c\u0435\u0440\u043d\u043e\u0435 \u0432\u0440\u0435\u043c\u044f \u0434\u043b\u044f \u0447\u0442\u0435\u043d\u0438\u044f":"2 \u043c\u0438\u043d\u0443\u0442\u044b"},"schema":{"@context":"https:\/\/schema.org","@graph":[{"@type":"WebPage","@id":"https:\/\/modernteh.md\/catalog\/tanc-de-racire-150l\/","url":"https:\/\/modernteh.md\/catalog\/tanc-de-racire-150l\/","name":"Tanc de racire Lapte 150L - Modernteh","isPartOf":{"@id":"https:\/\/modernteh.md\/#website"},"datePublished":"2023-07-24T07:51:56+00:00","dateModified":"2024-09-27T12:20:18+00:00","description":"Tanc de racire Lapte 150 Litri, izgi krom. Fabricat din o\u021bel inoxidabil, cu panou de control electronic, r\u0103ce\u0219te \u0219i men\u021bine temperatura laptelui","breadcrumb":{"@id":"https:\/\/modernteh.md\/catalog\/tanc-de-racire-150l\/#breadcrumb"},"inLanguage":"ru-RU","potentialAction":[{"@type":"ReadAction","target":["https:\/\/modernteh.md\/catalog\/tanc-de-racire-150l\/"]}]},{"@type":"BreadcrumbList","@id":"https:\/\/modernteh.md\/catalog\/tanc-de-racire-150l\/#breadcrumb","itemListElement":[{"@type":"ListItem","position":1,"name":"Prima pagin\u0103","item":"https:\/\/modernteh.md\/"},{"@type":"ListItem","position":2,"name":"Catalog","item":"https:\/\/modernteh.md\/catalog\/"},{"@type":"ListItem","position":3,"name":"Tanc de racire Lapte 150L"}]},{"@type":"WebSite","@id":"https:\/\/modernteh.md\/#website","url":"https:\/\/modernteh.md\/","name":"Modernteh","description":"Modernteh","publisher":{"@id":"https:\/\/modernteh.md\/#organization"},"potentialAction":[{"@type":"SearchAction","target":{"@type":"EntryPoint","urlTemplate":"https:\/\/modernteh.md\/?s={search_term_string}"},"query-input":"required name=search_term_string"}],"inLanguage":"ru-RU"},{"@type":"Organization","@id":"https:\/\/modernteh.md\/#organization","name":"Modernteh","url":"https:\/\/modernteh.md\/","logo":{"@type":"ImageObject","inLanguage":"ru-RU","@id":"https:\/\/modernteh.md\/#\/schema\/logo\/image\/","url":"https:\/\/modernteh.md\/wp-content\/uploads\/2022\/06\/Logo_site-2.png","contentUrl":"https:\/\/modernteh.md\/wp-content\/uploads\/2022\/06\/Logo_site-2.png","width":500,"height":487,"caption":"Modernteh"},"image":{"@id":"https:\/\/modernteh.md\/#\/schema\/logo\/image\/"},"sameAs":["https:\/\/www.facebook.com\/profile.php?id=100082695620019"]}]}},"_links":{"self":[{"href":"https:\/\/modernteh.md\/ru\/wp-json\/wp\/v2\/product\/3581","targetHints":{"allow":["GET"]}}],"collection":[{"href":"https:\/\/modernteh.md\/ru\/wp-json\/wp\/v2\/product"}],"about":[{"href":"https:\/\/modernteh.md\/ru\/wp-json\/wp\/v2\/types\/product"}],"wp:featuredmedia":[{"embeddable":true,"href":"https:\/\/modernteh.md\/ru\/wp-json\/wp\/v2\/media\/3582"}],"wp:attachment":[{"href":"https:\/\/modernteh.md\/ru\/wp-json\/wp\/v2\/media?parent=3581"}],"wp:term":[{"taxonomy":"product_cat","embeddable":true,"href":"https:\/\/modernteh.md\/ru\/wp-json\/wp\/v2\/product_cat?post=3581"},{"taxonomy":"product_tag","embeddable":true,"href":"https:\/\/modernteh.md\/ru\/wp-json\/wp\/v2\/product_tag?post=3581"}],"curies":[{"name":"wp","href":"https:\/\/api.w.org\/{rel}","templated":true}]}}