{"id":3779,"date":"2023-10-12T12:21:34","date_gmt":"2023-10-12T12:21:34","guid":{"rendered":"https:\/\/modernteh.md\/?post_type=product&#038;p=3779"},"modified":"2023-10-12T12:21:35","modified_gmt":"2023-10-12T12:21:35","slug":"masina-tuns-oi-xpert-heiniger-cu-2-viteze","status":"publish","type":"product","link":"https:\/\/modernteh.md\/ru\/catalog\/masina-tuns-oi-xpert-heiniger-cu-2-viteze\/","title":{"rendered":"Masina tuns oi \u201cXPERT HEINIGER\u201d cu 2 viteze"},"content":{"rendered":"<p>Masina tuns oi \u201cXPERT HEINIGER\u201d cu 2 viteze<\/p>\n<p>Puterea motorului: 250 wa\u021bi<br \/>\nViteza: 2.500 \/ 2.800 oscila\u021bii \/ min<br \/>\nLungime: 301 mm<br \/>\nGreutate: 1180 g<br \/>\nEmisie de zgomot (LpAm): 72 dB (A)<br \/>\nFabricat \u00een Elve\u021bia.<br \/>\nServiciu de \u00eentre\u021binere oferit de ELECTRIC FARMER ROMANIA.<br \/>\nNoua ma\u0219in\u0103 de tuns pentru oi XPERT de la Heiniger este o adev\u0103rat\u0103 concentrare de for\u021be. 2 viteze.<\/p>\n<p>Manevrabil\u0103 \u0219i u\u0219oar\u0103, aceast\u0103 ma\u0219in\u0103 de tuns combin\u0103 puterea \u0219i tehnologia la cel mai \u00eenalt nivel.<\/p>\n<p>Conexiunea stabil\u0103, inovant\u0103 \u0219i unic\u0103 deosebit\u0103 dintre capul de t\u0103iere \u0219i m\u00e2nerul din fibr\u0103 de sticl\u0103 asigur\u0103 un tuns cu minimul posibil de vibra\u021bii. Aceast\u0103 ma\u0219in\u0103 de tuns uime\u0219te pe oricine indiferent dac\u0103 este amator sau profesionist.<\/p>\n<p>XPERT, cea mai bun\u0103 alegere pentru tunsul oilor, caprelor \u0219i camelidelor. Certificat CE\/Electrosuisse.<\/p>\n<p>Toate ma\u0219inile noastre de tuns sunt livrate \u00eentr-o cutie care con\u021bine manualul de utilizare, cu\u021bite, \u0219urubelni\u021b\u0103, perie de cur\u0103\u021bare \u0219i \u0219i ulei.<\/p>","protected":false},"excerpt":{"rendered":"<p>Masina tuns oi \u201cXPERT HEINIGER\u201d cu 2 viteze Puterea motorului: 250 wa\u021bi Viteza: 2.500 \/ 2.800 oscila\u021bii \/ min Lungime:<\/p>","protected":false},"featured_media":3780,"template":"","meta":[],"product_cat":[181],"product_tag":[],"class_list":{"0":"post-3779","1":"product","2":"type-product","3":"status-publish","4":"has-post-thumbnail","6":"product_cat-utilaje-si-accesorii-ferma","8":"first","9":"instock","10":"shipping-taxable","11":"purchasable","12":"product-type-simple"},"yoast_head":"<!-- This site is optimized with the Yoast SEO plugin v20.12 - https:\/\/yoast.com\/wordpress\/plugins\/seo\/ -->\n<title>Masina tuns oi \u201cXPERT HEINIGER\u201d cu 2 viteze - Modernteh<\/title>\n<meta name=\"description\" content=\"Masina tuns oi \u201cXPERT HEINIGER\u201d cu 2 viteze\" \/>\n<meta name=\"robots\" content=\"index, follow, max-snippet:-1, max-image-preview:large, max-video-preview:-1\" \/>\n<link rel=\"canonical\" href=\"https:\/\/modernteh.md\/ru\/catalog\/masina-tuns-oi-xpert-heiniger-cu-2-viteze\/\" \/>\n<meta property=\"og:locale\" content=\"ru_RU\" \/>\n<meta property=\"og:type\" content=\"article\" \/>\n<meta property=\"og:title\" content=\"Masina tuns oi \u201cXPERT HEINIGER\u201d cu 2 viteze - Modernteh\" \/>\n<meta property=\"og:description\" content=\"Masina tuns oi \u201cXPERT HEINIGER\u201d cu 2 viteze\" \/>\n<meta property=\"og:url\" content=\"https:\/\/modernteh.md\/ru\/catalog\/masina-tuns-oi-xpert-heiniger-cu-2-viteze\/\" \/>\n<meta property=\"og:site_name\" content=\"Modernteh\" \/>\n<meta property=\"article:publisher\" content=\"https:\/\/www.facebook.com\/profile.php?id=100082695620019\" \/>\n<meta property=\"article:modified_time\" content=\"2023-10-12T12:21:35+00:00\" \/>\n<meta property=\"og:image\" content=\"https:\/\/modernteh.md\/wp-content\/uploads\/2023\/10\/masina-de-tuns-oi-heiniger-cu-2-viteze.jpg\" \/>\n\t<meta property=\"og:image:width\" content=\"600\" \/>\n\t<meta property=\"og:image:height\" content=\"600\" \/>\n\t<meta property=\"og:image:type\" content=\"image\/jpeg\" \/>\n<meta name=\"twitter:card\" content=\"summary_large_image\" \/>\n<script type=\"application\/ld+json\" class=\"yoast-schema-graph\">{\"@context\":\"https:\/\/schema.org\",\"@graph\":[{\"@type\":\"WebPage\",\"@id\":\"https:\/\/modernteh.md\/catalog\/masina-tuns-oi-xpert-heiniger-cu-2-viteze\/\",\"url\":\"https:\/\/modernteh.md\/catalog\/masina-tuns-oi-xpert-heiniger-cu-2-viteze\/\",\"name\":\"Masina tuns oi \u201cXPERT HEINIGER\u201d cu 2 viteze - Modernteh\",\"isPartOf\":{\"@id\":\"https:\/\/modernteh.md\/#website\"},\"datePublished\":\"2023-10-12T12:21:34+00:00\",\"dateModified\":\"2023-10-12T12:21:35+00:00\",\"description\":\"Masina tuns oi \u201cXPERT HEINIGER\u201d cu 2 viteze\",\"breadcrumb\":{\"@id\":\"https:\/\/modernteh.md\/catalog\/masina-tuns-oi-xpert-heiniger-cu-2-viteze\/#breadcrumb\"},\"inLanguage\":\"ru-RU\",\"potentialAction\":[{\"@type\":\"ReadAction\",\"target\":[\"https:\/\/modernteh.md\/catalog\/masina-tuns-oi-xpert-heiniger-cu-2-viteze\/\"]}]},{\"@type\":\"BreadcrumbList\",\"@id\":\"https:\/\/modernteh.md\/catalog\/masina-tuns-oi-xpert-heiniger-cu-2-viteze\/#breadcrumb\",\"itemListElement\":[{\"@type\":\"ListItem\",\"position\":1,\"name\":\"Prima pagin\u0103\",\"item\":\"https:\/\/modernteh.md\/\"},{\"@type\":\"ListItem\",\"position\":2,\"name\":\"Catalog\",\"item\":\"https:\/\/modernteh.md\/catalog\/\"},{\"@type\":\"ListItem\",\"position\":3,\"name\":\"Masina tuns oi \u201cXPERT HEINIGER\u201d cu 2 viteze\"}]},{\"@type\":\"WebSite\",\"@id\":\"https:\/\/modernteh.md\/#website\",\"url\":\"https:\/\/modernteh.md\/\",\"name\":\"Modernteh\",\"description\":\"Modernteh\",\"publisher\":{\"@id\":\"https:\/\/modernteh.md\/#organization\"},\"potentialAction\":[{\"@type\":\"SearchAction\",\"target\":{\"@type\":\"EntryPoint\",\"urlTemplate\":\"https:\/\/modernteh.md\/?s={search_term_string}\"},\"query-input\":\"required name=search_term_string\"}],\"inLanguage\":\"ru-RU\"},{\"@type\":\"Organization\",\"@id\":\"https:\/\/modernteh.md\/#organization\",\"name\":\"Modernteh\",\"url\":\"https:\/\/modernteh.md\/\",\"logo\":{\"@type\":\"ImageObject\",\"inLanguage\":\"ru-RU\",\"@id\":\"https:\/\/modernteh.md\/#\/schema\/logo\/image\/\",\"url\":\"https:\/\/modernteh.md\/wp-content\/uploads\/2022\/06\/Logo_site-2.png\",\"contentUrl\":\"https:\/\/modernteh.md\/wp-content\/uploads\/2022\/06\/Logo_site-2.png\",\"width\":500,\"height\":487,\"caption\":\"Modernteh\"},\"image\":{\"@id\":\"https:\/\/modernteh.md\/#\/schema\/logo\/image\/\"},\"sameAs\":[\"https:\/\/www.facebook.com\/profile.php?id=100082695620019\"]}]}<\/script>\n<!-- \/ Yoast SEO plugin. -->","yoast_head_json":{"title":"Masina tuns oi \u201cXPERT HEINIGER\u201d cu 2 viteze - Modernteh","description":"Masina tuns oi \u201cXPERT HEINIGER\u201d cu 2 viteze","robots":{"index":"index","follow":"follow","max-snippet":"max-snippet:-1","max-image-preview":"max-image-preview:large","max-video-preview":"max-video-preview:-1"},"canonical":"https:\/\/modernteh.md\/ru\/catalog\/masina-tuns-oi-xpert-heiniger-cu-2-viteze\/","og_locale":"ru_RU","og_type":"article","og_title":"Masina tuns oi \u201cXPERT HEINIGER\u201d cu 2 viteze - Modernteh","og_description":"Masina tuns oi \u201cXPERT HEINIGER\u201d cu 2 viteze","og_url":"https:\/\/modernteh.md\/ru\/catalog\/masina-tuns-oi-xpert-heiniger-cu-2-viteze\/","og_site_name":"Modernteh","article_publisher":"https:\/\/www.facebook.com\/profile.php?id=100082695620019","article_modified_time":"2023-10-12T12:21:35+00:00","og_image":[{"width":600,"height":600,"url":"https:\/\/modernteh.md\/wp-content\/uploads\/2023\/10\/masina-de-tuns-oi-heiniger-cu-2-viteze.jpg","type":"image\/jpeg"}],"twitter_card":"summary_large_image","schema":{"@context":"https:\/\/schema.org","@graph":[{"@type":"WebPage","@id":"https:\/\/modernteh.md\/catalog\/masina-tuns-oi-xpert-heiniger-cu-2-viteze\/","url":"https:\/\/modernteh.md\/catalog\/masina-tuns-oi-xpert-heiniger-cu-2-viteze\/","name":"Masina tuns oi \u201cXPERT HEINIGER\u201d cu 2 viteze - Modernteh","isPartOf":{"@id":"https:\/\/modernteh.md\/#website"},"datePublished":"2023-10-12T12:21:34+00:00","dateModified":"2023-10-12T12:21:35+00:00","description":"Masina tuns oi \u201cXPERT HEINIGER\u201d cu 2 viteze","breadcrumb":{"@id":"https:\/\/modernteh.md\/catalog\/masina-tuns-oi-xpert-heiniger-cu-2-viteze\/#breadcrumb"},"inLanguage":"ru-RU","potentialAction":[{"@type":"ReadAction","target":["https:\/\/modernteh.md\/catalog\/masina-tuns-oi-xpert-heiniger-cu-2-viteze\/"]}]},{"@type":"BreadcrumbList","@id":"https:\/\/modernteh.md\/catalog\/masina-tuns-oi-xpert-heiniger-cu-2-viteze\/#breadcrumb","itemListElement":[{"@type":"ListItem","position":1,"name":"Prima pagin\u0103","item":"https:\/\/modernteh.md\/"},{"@type":"ListItem","position":2,"name":"Catalog","item":"https:\/\/modernteh.md\/catalog\/"},{"@type":"ListItem","position":3,"name":"Masina tuns oi \u201cXPERT HEINIGER\u201d cu 2 viteze"}]},{"@type":"WebSite","@id":"https:\/\/modernteh.md\/#website","url":"https:\/\/modernteh.md\/","name":"Modernteh","description":"Modernteh","publisher":{"@id":"https:\/\/modernteh.md\/#organization"},"potentialAction":[{"@type":"SearchAction","target":{"@type":"EntryPoint","urlTemplate":"https:\/\/modernteh.md\/?s={search_term_string}"},"query-input":"required name=search_term_string"}],"inLanguage":"ru-RU"},{"@type":"Organization","@id":"https:\/\/modernteh.md\/#organization","name":"Modernteh","url":"https:\/\/modernteh.md\/","logo":{"@type":"ImageObject","inLanguage":"ru-RU","@id":"https:\/\/modernteh.md\/#\/schema\/logo\/image\/","url":"https:\/\/modernteh.md\/wp-content\/uploads\/2022\/06\/Logo_site-2.png","contentUrl":"https:\/\/modernteh.md\/wp-content\/uploads\/2022\/06\/Logo_site-2.png","width":500,"height":487,"caption":"Modernteh"},"image":{"@id":"https:\/\/modernteh.md\/#\/schema\/logo\/image\/"},"sameAs":["https:\/\/www.facebook.com\/profile.php?id=100082695620019"]}]}},"_links":{"self":[{"href":"https:\/\/modernteh.md\/ru\/wp-json\/wp\/v2\/product\/3779","targetHints":{"allow":["GET"]}}],"collection":[{"href":"https:\/\/modernteh.md\/ru\/wp-json\/wp\/v2\/product"}],"about":[{"href":"https:\/\/modernteh.md\/ru\/wp-json\/wp\/v2\/types\/product"}],"wp:featuredmedia":[{"embeddable":true,"href":"https:\/\/modernteh.md\/ru\/wp-json\/wp\/v2\/media\/3780"}],"wp:attachment":[{"href":"https:\/\/modernteh.md\/ru\/wp-json\/wp\/v2\/media?parent=3779"}],"wp:term":[{"taxonomy":"product_cat","embeddable":true,"href":"https:\/\/modernteh.md\/ru\/wp-json\/wp\/v2\/product_cat?post=3779"},{"taxonomy":"product_tag","embeddable":true,"href":"https:\/\/modernteh.md\/ru\/wp-json\/wp\/v2\/product_tag?post=3779"}],"curies":[{"name":"wp","href":"https:\/\/api.w.org\/{rel}","templated":true}]}}