{"id":3806,"date":"2023-11-20T14:21:22","date_gmt":"2023-11-20T14:21:22","guid":{"rendered":"https:\/\/modernteh.md\/?post_type=product&#038;p=3806"},"modified":"2023-11-20T14:23:33","modified_gmt":"2023-11-20T14:23:33","slug":"motosapa-7hp-gasoline-11","status":"publish","type":"product","link":"https:\/\/modernteh.md\/ru\/catalog\/motosapa-7hp-gasoline-11\/","title":{"rendered":"Motosapa 7hp Gasoline 1+1"},"content":{"rendered":"<p>Motosapa 7hp gasoline 1+1<\/p>\n<p>Motor pe benzin\u0103 7cp 140 ccm<br \/>\nU\u0219or de \u00eenceput<br \/>\nConstruc\u021bie robust\u0103<br \/>\nCu cultivatorul, ave\u021bi op\u021biunea de a \u00eendep\u0103rta lamele exterioare \u0219i de a reduce raza de ac\u021biune la 36 cm<br \/>\nUn mare ajutor pentru af\u00e2narea \u0219i cultivarea solului, ceea ce economise\u0219te mult timp<br \/>\nRoata auxiliara de transport<br \/>\n24 de cu\u021bite de cultivare din o\u021bel solid cu form\u0103 special\u0103, care macin\u0103 \u00een mod ideal solul<br \/>\nDatorit\u0103 gamei sale, cultivatorul este potrivit pentru paturi de flori \u0219i gr\u0103dini de dimensiuni medii<br \/>\nDurat\u0103 lung\u0103 de via\u021b\u0103 datorit\u0103 unei cutii de viteze metalice rezistente<br \/>\nM\u00e2nere ergonomice pentru un confort sporit de lucru<br \/>\nPosibilitate de lucru pe teren in panta<br \/>\nAd\u00e2ncime de cultivare p\u00e2n\u0103 la 30 cm<br \/>\nMotocultor puternic este potrivit pentru toate tipurile de sol \u0219i cu o l\u0103\u021bime de lucru de 36\/60 cm este un ajutor practic chiar \u0219i \u00een p\u0103r\u021bile mai pu\u021bin accesibile ale patului. Ma\u0219ina poate fi echipat\u0103 cu patru sau \u0219ase br\u0103zdar din o\u021bel cu cu\u021bite de cultivare \u0219i un capac mare de protec\u021bie \u00eempotriva materialului zbur\u0103tor. Transmisia puterii este asigurat\u0103 de o cutie de viteze de \u00eenalt\u0103 calitate.<\/p>\n<p>Roata frontal\u0103 m\u0103re\u0219te confortul operatorului \u0219i, datorit\u0103 suportului reglabil, ma\u0219ina este stabil\u0103 chiar \u0219i atunci c\u00e2nd nu este utilizat\u0103. Cu ghidon mari cu m\u00e2nere ergonomice \u0219i p\u00e2rghii de control practice, poate fi operat \u0219i ghidat \u00een siguran\u021b\u0103 \u0219i u\u0219or. Datorit\u0103 construc\u021biei din o\u021bel, ma\u0219ina are o durat\u0103 de via\u021b\u0103 lung\u0103 \u0219i este un ajutor durabil \u00een fiecare gr\u0103din\u0103.<\/p>\n<p>Un cultivator, denumit uneori rotavator, va fi apreciat de fiecare gr\u0103dinar sau cultivator, deoarece poate transforma ore de munc\u0103 obositoare cu o pic\u0103 \u00een minute de distrac\u021bie. Poti folosi cultivatorul pe tot parcursul sezonului \u2013 primavara si in restul anului pregatesti solul in functie de momentul in care este plantata fiecare cultura, toamna poti incorpora compost sau ingrasaminte in sol si pregatesti solul pentru iarna. .<\/p>\n<p>Greutatea motocultorului este de 35 kg.<\/p>\n<p>Brand:Barbaros<\/p>\n<p>Tip de combustibil:benzina<br \/>\nLatime de lucru:36\/59 cm<br \/>\n4\/6 cutite x 26 cm<br \/>\n1+1 viteze<\/p>","protected":false},"excerpt":{"rendered":"<p>Motosapa 7hp gasoline 1+1 Motor pe benzin\u0103 7cp 140 ccm U\u0219or de \u00eenceput Construc\u021bie robust\u0103 Cu cultivatorul, ave\u021bi op\u021biunea de<\/p>","protected":false},"featured_media":3810,"template":"","meta":[],"product_cat":[142],"product_tag":[],"class_list":{"0":"post-3806","1":"product","2":"type-product","3":"status-publish","4":"has-post-thumbnail","6":"product_cat-motocultoare","8":"first","9":"instock","10":"shipping-taxable","11":"purchasable","12":"product-type-simple"},"yoast_head":"<!-- This site is optimized with the Yoast SEO plugin v20.12 - https:\/\/yoast.com\/wordpress\/plugins\/seo\/ -->\n<title>Motosapa 7hp Gasoline 1+1 - Modernteh<\/title>\n<meta name=\"description\" content=\"Motosapa 7hp gasoline 1+1\" \/>\n<meta name=\"robots\" content=\"index, follow, max-snippet:-1, max-image-preview:large, max-video-preview:-1\" \/>\n<link rel=\"canonical\" href=\"https:\/\/modernteh.md\/ru\/catalog\/motosapa-7hp-gasoline-11\/\" \/>\n<meta property=\"og:locale\" content=\"ru_RU\" \/>\n<meta property=\"og:type\" content=\"article\" \/>\n<meta property=\"og:title\" content=\"Motosapa 7hp Gasoline 1+1 - Modernteh\" \/>\n<meta property=\"og:description\" content=\"Motosapa 7hp gasoline 1+1\" \/>\n<meta property=\"og:url\" content=\"https:\/\/modernteh.md\/ru\/catalog\/motosapa-7hp-gasoline-11\/\" \/>\n<meta property=\"og:site_name\" content=\"Modernteh\" \/>\n<meta property=\"article:publisher\" content=\"https:\/\/www.facebook.com\/profile.php?id=100082695620019\" \/>\n<meta property=\"article:modified_time\" content=\"2023-11-20T14:23:33+00:00\" \/>\n<meta property=\"og:image\" content=\"https:\/\/modernteh.md\/wp-content\/uploads\/2023\/11\/motocultor-7hp-2.jpg\" \/>\n\t<meta property=\"og:image:width\" content=\"500\" \/>\n\t<meta property=\"og:image:height\" content=\"500\" \/>\n\t<meta property=\"og:image:type\" content=\"image\/jpeg\" \/>\n<meta name=\"twitter:card\" content=\"summary_large_image\" \/>\n<meta name=\"twitter:label1\" content=\"\u041f\u0440\u0438\u043c\u0435\u0440\u043d\u043e\u0435 \u0432\u0440\u0435\u043c\u044f \u0434\u043b\u044f \u0447\u0442\u0435\u043d\u0438\u044f\" \/>\n\t<meta name=\"twitter:data1\" content=\"2 \u043c\u0438\u043d\u0443\u0442\u044b\" \/>\n<script type=\"application\/ld+json\" class=\"yoast-schema-graph\">{\"@context\":\"https:\/\/schema.org\",\"@graph\":[{\"@type\":\"WebPage\",\"@id\":\"https:\/\/modernteh.md\/catalog\/motosapa-7hp-gasoline-11\/\",\"url\":\"https:\/\/modernteh.md\/catalog\/motosapa-7hp-gasoline-11\/\",\"name\":\"Motosapa 7hp Gasoline 1+1 - Modernteh\",\"isPartOf\":{\"@id\":\"https:\/\/modernteh.md\/#website\"},\"datePublished\":\"2023-11-20T14:21:22+00:00\",\"dateModified\":\"2023-11-20T14:23:33+00:00\",\"description\":\"Motosapa 7hp gasoline 1+1\",\"breadcrumb\":{\"@id\":\"https:\/\/modernteh.md\/catalog\/motosapa-7hp-gasoline-11\/#breadcrumb\"},\"inLanguage\":\"ru-RU\",\"potentialAction\":[{\"@type\":\"ReadAction\",\"target\":[\"https:\/\/modernteh.md\/catalog\/motosapa-7hp-gasoline-11\/\"]}]},{\"@type\":\"BreadcrumbList\",\"@id\":\"https:\/\/modernteh.md\/catalog\/motosapa-7hp-gasoline-11\/#breadcrumb\",\"itemListElement\":[{\"@type\":\"ListItem\",\"position\":1,\"name\":\"Prima pagin\u0103\",\"item\":\"https:\/\/modernteh.md\/\"},{\"@type\":\"ListItem\",\"position\":2,\"name\":\"Catalog\",\"item\":\"https:\/\/modernteh.md\/catalog\/\"},{\"@type\":\"ListItem\",\"position\":3,\"name\":\"Motosapa 7hp Gasoline 1+1\"}]},{\"@type\":\"WebSite\",\"@id\":\"https:\/\/modernteh.md\/#website\",\"url\":\"https:\/\/modernteh.md\/\",\"name\":\"Modernteh\",\"description\":\"Modernteh\",\"publisher\":{\"@id\":\"https:\/\/modernteh.md\/#organization\"},\"potentialAction\":[{\"@type\":\"SearchAction\",\"target\":{\"@type\":\"EntryPoint\",\"urlTemplate\":\"https:\/\/modernteh.md\/?s={search_term_string}\"},\"query-input\":\"required name=search_term_string\"}],\"inLanguage\":\"ru-RU\"},{\"@type\":\"Organization\",\"@id\":\"https:\/\/modernteh.md\/#organization\",\"name\":\"Modernteh\",\"url\":\"https:\/\/modernteh.md\/\",\"logo\":{\"@type\":\"ImageObject\",\"inLanguage\":\"ru-RU\",\"@id\":\"https:\/\/modernteh.md\/#\/schema\/logo\/image\/\",\"url\":\"https:\/\/modernteh.md\/wp-content\/uploads\/2022\/06\/Logo_site-2.png\",\"contentUrl\":\"https:\/\/modernteh.md\/wp-content\/uploads\/2022\/06\/Logo_site-2.png\",\"width\":500,\"height\":487,\"caption\":\"Modernteh\"},\"image\":{\"@id\":\"https:\/\/modernteh.md\/#\/schema\/logo\/image\/\"},\"sameAs\":[\"https:\/\/www.facebook.com\/profile.php?id=100082695620019\"]}]}<\/script>\n<!-- \/ Yoast SEO plugin. -->","yoast_head_json":{"title":"Motosapa 7hp Gasoline 1+1 - Modernteh","description":"Motosapa 7hp gasoline 1+1","robots":{"index":"index","follow":"follow","max-snippet":"max-snippet:-1","max-image-preview":"max-image-preview:large","max-video-preview":"max-video-preview:-1"},"canonical":"https:\/\/modernteh.md\/ru\/catalog\/motosapa-7hp-gasoline-11\/","og_locale":"ru_RU","og_type":"article","og_title":"Motosapa 7hp Gasoline 1+1 - Modernteh","og_description":"Motosapa 7hp gasoline 1+1","og_url":"https:\/\/modernteh.md\/ru\/catalog\/motosapa-7hp-gasoline-11\/","og_site_name":"Modernteh","article_publisher":"https:\/\/www.facebook.com\/profile.php?id=100082695620019","article_modified_time":"2023-11-20T14:23:33+00:00","og_image":[{"width":500,"height":500,"url":"https:\/\/modernteh.md\/wp-content\/uploads\/2023\/11\/motocultor-7hp-2.jpg","type":"image\/jpeg"}],"twitter_card":"summary_large_image","twitter_misc":{"\u041f\u0440\u0438\u043c\u0435\u0440\u043d\u043e\u0435 \u0432\u0440\u0435\u043c\u044f \u0434\u043b\u044f \u0447\u0442\u0435\u043d\u0438\u044f":"2 \u043c\u0438\u043d\u0443\u0442\u044b"},"schema":{"@context":"https:\/\/schema.org","@graph":[{"@type":"WebPage","@id":"https:\/\/modernteh.md\/catalog\/motosapa-7hp-gasoline-11\/","url":"https:\/\/modernteh.md\/catalog\/motosapa-7hp-gasoline-11\/","name":"Motosapa 7hp Gasoline 1+1 - Modernteh","isPartOf":{"@id":"https:\/\/modernteh.md\/#website"},"datePublished":"2023-11-20T14:21:22+00:00","dateModified":"2023-11-20T14:23:33+00:00","description":"Motosapa 7hp gasoline 1+1","breadcrumb":{"@id":"https:\/\/modernteh.md\/catalog\/motosapa-7hp-gasoline-11\/#breadcrumb"},"inLanguage":"ru-RU","potentialAction":[{"@type":"ReadAction","target":["https:\/\/modernteh.md\/catalog\/motosapa-7hp-gasoline-11\/"]}]},{"@type":"BreadcrumbList","@id":"https:\/\/modernteh.md\/catalog\/motosapa-7hp-gasoline-11\/#breadcrumb","itemListElement":[{"@type":"ListItem","position":1,"name":"Prima pagin\u0103","item":"https:\/\/modernteh.md\/"},{"@type":"ListItem","position":2,"name":"Catalog","item":"https:\/\/modernteh.md\/catalog\/"},{"@type":"ListItem","position":3,"name":"Motosapa 7hp Gasoline 1+1"}]},{"@type":"WebSite","@id":"https:\/\/modernteh.md\/#website","url":"https:\/\/modernteh.md\/","name":"Modernteh","description":"Modernteh","publisher":{"@id":"https:\/\/modernteh.md\/#organization"},"potentialAction":[{"@type":"SearchAction","target":{"@type":"EntryPoint","urlTemplate":"https:\/\/modernteh.md\/?s={search_term_string}"},"query-input":"required name=search_term_string"}],"inLanguage":"ru-RU"},{"@type":"Organization","@id":"https:\/\/modernteh.md\/#organization","name":"Modernteh","url":"https:\/\/modernteh.md\/","logo":{"@type":"ImageObject","inLanguage":"ru-RU","@id":"https:\/\/modernteh.md\/#\/schema\/logo\/image\/","url":"https:\/\/modernteh.md\/wp-content\/uploads\/2022\/06\/Logo_site-2.png","contentUrl":"https:\/\/modernteh.md\/wp-content\/uploads\/2022\/06\/Logo_site-2.png","width":500,"height":487,"caption":"Modernteh"},"image":{"@id":"https:\/\/modernteh.md\/#\/schema\/logo\/image\/"},"sameAs":["https:\/\/www.facebook.com\/profile.php?id=100082695620019"]}]}},"_links":{"self":[{"href":"https:\/\/modernteh.md\/ru\/wp-json\/wp\/v2\/product\/3806","targetHints":{"allow":["GET"]}}],"collection":[{"href":"https:\/\/modernteh.md\/ru\/wp-json\/wp\/v2\/product"}],"about":[{"href":"https:\/\/modernteh.md\/ru\/wp-json\/wp\/v2\/types\/product"}],"wp:featuredmedia":[{"embeddable":true,"href":"https:\/\/modernteh.md\/ru\/wp-json\/wp\/v2\/media\/3810"}],"wp:attachment":[{"href":"https:\/\/modernteh.md\/ru\/wp-json\/wp\/v2\/media?parent=3806"}],"wp:term":[{"taxonomy":"product_cat","embeddable":true,"href":"https:\/\/modernteh.md\/ru\/wp-json\/wp\/v2\/product_cat?post=3806"},{"taxonomy":"product_tag","embeddable":true,"href":"https:\/\/modernteh.md\/ru\/wp-json\/wp\/v2\/product_tag?post=3806"}],"curies":[{"name":"wp","href":"https:\/\/api.w.org\/{rel}","templated":true}]}}