{"id":3817,"date":"2023-12-04T14:37:24","date_gmt":"2023-12-04T14:37:24","guid":{"rendered":"https:\/\/modernteh.md\/?post_type=product&#038;p=3817"},"modified":"2024-06-10T08:29:45","modified_gmt":"2024-06-10T08:29:45","slug":"aparat-de-muls-capre-t240-inps-barbaros","status":"publish","type":"product","link":"https:\/\/modernteh.md\/ru\/catalog\/aparat-de-muls-capre-t240-inps-barbaros\/","title":{"rendered":"Aparat de muls capre T240 INPS Barbaros"},"content":{"rendered":"<p>Aparat de muls capre T240 INPS Barbaros<br \/>\nGreutate-54 kg<br \/>\nDimensiuni-120 \u00d7 60 \u00d7 108 cm<br \/>\nBrand-Bartech | Barbaros<br \/>\nNumar de posturi-4<br \/>\nVolum bidon-40 litri<br \/>\nMaterial bidon-Inox<br \/>\nMansoane-Silicon<br \/>\nMaterial pahare-Plastic<br \/>\nPutere pompa-250 l\/min<br \/>\nTensiune alimentare-220V<br \/>\nMotor-Motor electric<br \/>\nPutere motor electric-0.55 kW (monofazic)<br \/>\nAparatele de muls capre Barbaros cu 4 posuri se folosesc pe scar\u0103 larga de c\u0103tre micile ferme sau gospod\u0103rii. Mulsul cu aparatul este considerat a fi mai curat dac\u0103 se respect\u0103 toate m\u0103surile de igien\u0103. Pe l\u00e2ng\u0103 aceasta este o economie de timp considerabil\u0103. Aparatele de muls sunt simple \u00een utilizare, u\u0219or de manipulat \u0219i nu necesit\u0103 efortul fizic precum \u00een cazul mulsului manual.<br \/>\nAparatele de muls au incluse \u00een set perii pentru cur\u0103\u021barea furtunelor \u0219i mansoanelor, un manson din cauciuc, un dop pentru manson.<\/p>\n<p>Capacitatea de mulgere: pana la 80 capre\/or\u0103<br \/>\n\u0420\u0430\u0437\u043c\u0435\u0440\u044b \u0433\u0440\u0430\u0444\u0438\u0442\u043e\u0432\u043e\u0433\u043e \u043f\u043e\u0434\u0434\u043e\u043d\u0430: 6x43x70\u043c\u043c<br \/>\nGreutate: 37kg<br \/>\nDimensiuni: 73x135x112<\/p>","protected":false},"excerpt":{"rendered":"<p>Aparat de muls capre T240 INPS Barbaros Greutate-54 kg Dimensiuni-120 \u00d7 60 \u00d7 108 cm Brand-Bartech | Barbaros Numar de<\/p>","protected":false},"featured_media":3818,"template":"","meta":[],"product_cat":[100],"product_tag":[],"class_list":{"0":"post-3817","1":"product","2":"type-product","3":"status-publish","4":"has-post-thumbnail","6":"product_cat-aparate-de-muls-oi-sau-capre","8":"first","9":"instock","10":"shipping-taxable","11":"purchasable","12":"product-type-simple"},"yoast_head":"<!-- This site is optimized with the Yoast SEO plugin v20.12 - https:\/\/yoast.com\/wordpress\/plugins\/seo\/ -->\n<title>Aparat de muls capre T240 INPS Barbaros - Modernteh<\/title>\n<meta name=\"description\" content=\"Aparat de muls capre T240 INPS Barbaros\" \/>\n<meta name=\"robots\" content=\"index, follow, max-snippet:-1, max-image-preview:large, max-video-preview:-1\" \/>\n<link rel=\"canonical\" href=\"https:\/\/modernteh.md\/ru\/catalog\/aparat-de-muls-capre-t240-inps-barbaros\/\" \/>\n<meta property=\"og:locale\" content=\"ru_RU\" \/>\n<meta property=\"og:type\" content=\"article\" \/>\n<meta property=\"og:title\" content=\"Aparat de muls capre T240 INPS Barbaros - Modernteh\" \/>\n<meta property=\"og:description\" content=\"Aparat de muls capre T240 INPS Barbaros\" \/>\n<meta property=\"og:url\" content=\"https:\/\/modernteh.md\/ru\/catalog\/aparat-de-muls-capre-t240-inps-barbaros\/\" \/>\n<meta property=\"og:site_name\" content=\"Modernteh\" \/>\n<meta property=\"article:publisher\" content=\"https:\/\/www.facebook.com\/profile.php?id=100082695620019\" \/>\n<meta property=\"article:modified_time\" content=\"2024-06-10T08:29:45+00:00\" \/>\n<meta property=\"og:image\" content=\"https:\/\/modernteh.md\/wp-content\/uploads\/2023\/12\/aparat-de-muls-capre-oi-4-posturi-inox.png\" \/>\n\t<meta property=\"og:image:width\" content=\"1080\" \/>\n\t<meta property=\"og:image:height\" content=\"1080\" \/>\n\t<meta property=\"og:image:type\" content=\"image\/png\" \/>\n<meta name=\"twitter:card\" content=\"summary_large_image\" \/>\n<meta name=\"twitter:label1\" content=\"\u041f\u0440\u0438\u043c\u0435\u0440\u043d\u043e\u0435 \u0432\u0440\u0435\u043c\u044f \u0434\u043b\u044f \u0447\u0442\u0435\u043d\u0438\u044f\" \/>\n\t<meta name=\"twitter:data1\" content=\"1 \u043c\u0438\u043d\u0443\u0442\u0430\" \/>\n<script type=\"application\/ld+json\" class=\"yoast-schema-graph\">{\"@context\":\"https:\/\/schema.org\",\"@graph\":[{\"@type\":\"WebPage\",\"@id\":\"https:\/\/modernteh.md\/catalog\/aparat-de-muls-capre-t240-inps-barbaros\/\",\"url\":\"https:\/\/modernteh.md\/catalog\/aparat-de-muls-capre-t240-inps-barbaros\/\",\"name\":\"Aparat de muls capre T240 INPS Barbaros - Modernteh\",\"isPartOf\":{\"@id\":\"https:\/\/modernteh.md\/#website\"},\"datePublished\":\"2023-12-04T14:37:24+00:00\",\"dateModified\":\"2024-06-10T08:29:45+00:00\",\"description\":\"Aparat de muls capre T240 INPS Barbaros\",\"breadcrumb\":{\"@id\":\"https:\/\/modernteh.md\/catalog\/aparat-de-muls-capre-t240-inps-barbaros\/#breadcrumb\"},\"inLanguage\":\"ru-RU\",\"potentialAction\":[{\"@type\":\"ReadAction\",\"target\":[\"https:\/\/modernteh.md\/catalog\/aparat-de-muls-capre-t240-inps-barbaros\/\"]}]},{\"@type\":\"BreadcrumbList\",\"@id\":\"https:\/\/modernteh.md\/catalog\/aparat-de-muls-capre-t240-inps-barbaros\/#breadcrumb\",\"itemListElement\":[{\"@type\":\"ListItem\",\"position\":1,\"name\":\"Prima pagin\u0103\",\"item\":\"https:\/\/modernteh.md\/\"},{\"@type\":\"ListItem\",\"position\":2,\"name\":\"Catalog\",\"item\":\"https:\/\/modernteh.md\/catalog\/\"},{\"@type\":\"ListItem\",\"position\":3,\"name\":\"Aparat de muls capre T240 INPS Barbaros\"}]},{\"@type\":\"WebSite\",\"@id\":\"https:\/\/modernteh.md\/#website\",\"url\":\"https:\/\/modernteh.md\/\",\"name\":\"Modernteh\",\"description\":\"Modernteh\",\"publisher\":{\"@id\":\"https:\/\/modernteh.md\/#organization\"},\"potentialAction\":[{\"@type\":\"SearchAction\",\"target\":{\"@type\":\"EntryPoint\",\"urlTemplate\":\"https:\/\/modernteh.md\/?s={search_term_string}\"},\"query-input\":\"required name=search_term_string\"}],\"inLanguage\":\"ru-RU\"},{\"@type\":\"Organization\",\"@id\":\"https:\/\/modernteh.md\/#organization\",\"name\":\"Modernteh\",\"url\":\"https:\/\/modernteh.md\/\",\"logo\":{\"@type\":\"ImageObject\",\"inLanguage\":\"ru-RU\",\"@id\":\"https:\/\/modernteh.md\/#\/schema\/logo\/image\/\",\"url\":\"https:\/\/modernteh.md\/wp-content\/uploads\/2022\/06\/Logo_site-2.png\",\"contentUrl\":\"https:\/\/modernteh.md\/wp-content\/uploads\/2022\/06\/Logo_site-2.png\",\"width\":500,\"height\":487,\"caption\":\"Modernteh\"},\"image\":{\"@id\":\"https:\/\/modernteh.md\/#\/schema\/logo\/image\/\"},\"sameAs\":[\"https:\/\/www.facebook.com\/profile.php?id=100082695620019\"]}]}<\/script>\n<!-- \/ Yoast SEO plugin. -->","yoast_head_json":{"title":"Aparat de muls capre T240 INPS Barbaros - Modernteh","description":"Aparat de muls capre T240 INPS Barbaros","robots":{"index":"index","follow":"follow","max-snippet":"max-snippet:-1","max-image-preview":"max-image-preview:large","max-video-preview":"max-video-preview:-1"},"canonical":"https:\/\/modernteh.md\/ru\/catalog\/aparat-de-muls-capre-t240-inps-barbaros\/","og_locale":"ru_RU","og_type":"article","og_title":"Aparat de muls capre T240 INPS Barbaros - Modernteh","og_description":"Aparat de muls capre T240 INPS Barbaros","og_url":"https:\/\/modernteh.md\/ru\/catalog\/aparat-de-muls-capre-t240-inps-barbaros\/","og_site_name":"Modernteh","article_publisher":"https:\/\/www.facebook.com\/profile.php?id=100082695620019","article_modified_time":"2024-06-10T08:29:45+00:00","og_image":[{"width":1080,"height":1080,"url":"https:\/\/modernteh.md\/wp-content\/uploads\/2023\/12\/aparat-de-muls-capre-oi-4-posturi-inox.png","type":"image\/png"}],"twitter_card":"summary_large_image","twitter_misc":{"\u041f\u0440\u0438\u043c\u0435\u0440\u043d\u043e\u0435 \u0432\u0440\u0435\u043c\u044f \u0434\u043b\u044f \u0447\u0442\u0435\u043d\u0438\u044f":"1 \u043c\u0438\u043d\u0443\u0442\u0430"},"schema":{"@context":"https:\/\/schema.org","@graph":[{"@type":"WebPage","@id":"https:\/\/modernteh.md\/catalog\/aparat-de-muls-capre-t240-inps-barbaros\/","url":"https:\/\/modernteh.md\/catalog\/aparat-de-muls-capre-t240-inps-barbaros\/","name":"Aparat de muls capre T240 INPS Barbaros - Modernteh","isPartOf":{"@id":"https:\/\/modernteh.md\/#website"},"datePublished":"2023-12-04T14:37:24+00:00","dateModified":"2024-06-10T08:29:45+00:00","description":"Aparat de muls capre T240 INPS Barbaros","breadcrumb":{"@id":"https:\/\/modernteh.md\/catalog\/aparat-de-muls-capre-t240-inps-barbaros\/#breadcrumb"},"inLanguage":"ru-RU","potentialAction":[{"@type":"ReadAction","target":["https:\/\/modernteh.md\/catalog\/aparat-de-muls-capre-t240-inps-barbaros\/"]}]},{"@type":"BreadcrumbList","@id":"https:\/\/modernteh.md\/catalog\/aparat-de-muls-capre-t240-inps-barbaros\/#breadcrumb","itemListElement":[{"@type":"ListItem","position":1,"name":"Prima pagin\u0103","item":"https:\/\/modernteh.md\/"},{"@type":"ListItem","position":2,"name":"Catalog","item":"https:\/\/modernteh.md\/catalog\/"},{"@type":"ListItem","position":3,"name":"Aparat de muls capre T240 INPS Barbaros"}]},{"@type":"WebSite","@id":"https:\/\/modernteh.md\/#website","url":"https:\/\/modernteh.md\/","name":"Modernteh","description":"Modernteh","publisher":{"@id":"https:\/\/modernteh.md\/#organization"},"potentialAction":[{"@type":"SearchAction","target":{"@type":"EntryPoint","urlTemplate":"https:\/\/modernteh.md\/?s={search_term_string}"},"query-input":"required name=search_term_string"}],"inLanguage":"ru-RU"},{"@type":"Organization","@id":"https:\/\/modernteh.md\/#organization","name":"Modernteh","url":"https:\/\/modernteh.md\/","logo":{"@type":"ImageObject","inLanguage":"ru-RU","@id":"https:\/\/modernteh.md\/#\/schema\/logo\/image\/","url":"https:\/\/modernteh.md\/wp-content\/uploads\/2022\/06\/Logo_site-2.png","contentUrl":"https:\/\/modernteh.md\/wp-content\/uploads\/2022\/06\/Logo_site-2.png","width":500,"height":487,"caption":"Modernteh"},"image":{"@id":"https:\/\/modernteh.md\/#\/schema\/logo\/image\/"},"sameAs":["https:\/\/www.facebook.com\/profile.php?id=100082695620019"]}]}},"_links":{"self":[{"href":"https:\/\/modernteh.md\/ru\/wp-json\/wp\/v2\/product\/3817","targetHints":{"allow":["GET"]}}],"collection":[{"href":"https:\/\/modernteh.md\/ru\/wp-json\/wp\/v2\/product"}],"about":[{"href":"https:\/\/modernteh.md\/ru\/wp-json\/wp\/v2\/types\/product"}],"wp:featuredmedia":[{"embeddable":true,"href":"https:\/\/modernteh.md\/ru\/wp-json\/wp\/v2\/media\/3818"}],"wp:attachment":[{"href":"https:\/\/modernteh.md\/ru\/wp-json\/wp\/v2\/media?parent=3817"}],"wp:term":[{"taxonomy":"product_cat","embeddable":true,"href":"https:\/\/modernteh.md\/ru\/wp-json\/wp\/v2\/product_cat?post=3817"},{"taxonomy":"product_tag","embeddable":true,"href":"https:\/\/modernteh.md\/ru\/wp-json\/wp\/v2\/product_tag?post=3817"}],"curies":[{"name":"wp","href":"https:\/\/api.w.org\/{rel}","templated":true}]}}