{"id":3830,"date":"2023-12-06T07:26:17","date_gmt":"2023-12-06T07:26:17","guid":{"rendered":"https:\/\/modernteh.md\/?post_type=product&#038;p=3830"},"modified":"2025-05-08T06:37:09","modified_gmt":"2025-05-08T06:37:09","slug":"aparat-de-muls-vaci-t240-alpc-barbaros-cu-motor-termic","status":"publish","type":"product","link":"https:\/\/modernteh.md\/ru\/catalog\/aparat-de-muls-vaci-t240-alpc-barbaros-cu-motor-termic\/","title":{"rendered":"Aparat de muls vaci T240 ALPC Barbaros cu motor termic"},"content":{"rendered":"<p>Aparat de muls vaci T240 ALPC Barbaros cu motor termic<br \/>\nGreutate-70 kg<br \/>\nDimensiuni-73 \u00d7 135 \u00d7 112 cm<br \/>\nBrand-Bartech | Barbaros<br \/>\nNumar de posturi-2<br \/>\nVolum bidon-40 litri<br \/>\nMaterial bidon-Aluminiu<br \/>\nMansoane-Cauciuc<br \/>\nMaterial-pahare Plastic<br \/>\nCapacitate-corp colector 240 cc<br \/>\nPutere pompa-250 l\/min<br \/>\nTensiune alimentare-220V<br \/>\nMotor-Motor electric 0.55kw\/1cp, Motor termic 6.5cp<br \/>\nAparatele de muls vaci Barbaros cu 2 posuri se folosesc pe scar\u0103 larga de c\u0103tre micile ferme sau  gospod\u0103rii. Mulsul cu aparatul este considerat a fi mai curat dac\u0103 se respect\u0103 toate m\u0103surile de igien\u0103.  Pe l\u00e2ng\u0103 aceasta este o economie de timp considerabil\u0103. Aparatele de muls sunt simple \u00een utilizare, u\u0219or de manipulat \u0219i nu necesit\u0103 efortul fizic precum \u00een cazul mulsului manual.<br \/>\nAparatele de muls au incluse \u00een set perii pentru cur\u0103\u021barea furtunelor \u0219i mansoanelor, un manson din cauciuc, un dop pentru manson.<\/p>\n<p>Capacitatea de mulgere: pana la 20 vaci\/or\u0103<br \/>\nTanc vacuum inclus: 20L<br \/>\n\u0420\u0430\u0437\u043c\u0435\u0440\u044b \u0433\u0440\u0430\u0444\u0438\u0442\u043e\u0432\u043e\u0433\u043e \u043f\u043e\u0434\u0434\u043e\u043d\u0430: 6x43x70\u043c\u043c<br \/>\nGreutate: 70kg<br \/>\nDimensiuni: 73x135x112<\/p>","protected":false},"excerpt":{"rendered":"<p><a href=\"https:\/\/modernteh.md\/wp-content\/uploads\/2023\/12\/manual-aparat-de-muls-barbaros-moldova.pdf\">manual aparat de muls barbaros moldova<\/a><\/p>","protected":false},"featured_media":3831,"template":"","meta":[],"product_cat":[99],"product_tag":[],"class_list":{"0":"post-3830","1":"product","2":"type-product","3":"status-publish","4":"has-post-thumbnail","6":"product_cat-aparate-de-muls-vaci","8":"first","9":"outofstock","10":"shipping-taxable","11":"purchasable","12":"product-type-simple"},"yoast_head":"<!-- This site is optimized with the Yoast SEO plugin v20.12 - https:\/\/yoast.com\/wordpress\/plugins\/seo\/ -->\n<title>Aparat de muls vaci T240 ALPC Barbaros cu motor termic - Modernteh<\/title>\n<meta name=\"description\" content=\"Aparatele de muls vaci Barbaros cu 2 posuri se folosesc pe scar\u0103 larga de c\u0103tre micile ferme sau gospod\u0103rii.\" \/>\n<meta name=\"robots\" content=\"index, follow, max-snippet:-1, max-image-preview:large, max-video-preview:-1\" \/>\n<link rel=\"canonical\" href=\"https:\/\/modernteh.md\/ru\/catalog\/aparat-de-muls-vaci-t240-alpc-barbaros-cu-motor-termic\/\" \/>\n<meta property=\"og:locale\" content=\"ru_RU\" \/>\n<meta property=\"og:type\" content=\"article\" \/>\n<meta property=\"og:title\" content=\"Aparat de muls vaci T240 ALPC Barbaros cu motor termic - Modernteh\" \/>\n<meta property=\"og:description\" content=\"Aparatele de muls vaci Barbaros cu 2 posuri se folosesc pe scar\u0103 larga de c\u0103tre micile ferme sau gospod\u0103rii.\" \/>\n<meta property=\"og:url\" content=\"https:\/\/modernteh.md\/ru\/catalog\/aparat-de-muls-vaci-t240-alpc-barbaros-cu-motor-termic\/\" \/>\n<meta property=\"og:site_name\" content=\"Modernteh\" \/>\n<meta property=\"article:publisher\" content=\"https:\/\/www.facebook.com\/profile.php?id=100082695620019\" \/>\n<meta property=\"article:modified_time\" content=\"2025-05-08T06:37:09+00:00\" \/>\n<meta property=\"og:image\" content=\"https:\/\/modernteh.md\/wp-content\/uploads\/2023\/12\/t240alpc-motor-termic.png\" \/>\n\t<meta property=\"og:image:width\" content=\"1080\" \/>\n\t<meta property=\"og:image:height\" content=\"1080\" \/>\n\t<meta property=\"og:image:type\" content=\"image\/png\" \/>\n<meta name=\"twitter:card\" content=\"summary_large_image\" \/>\n<meta name=\"twitter:label1\" content=\"\u041f\u0440\u0438\u043c\u0435\u0440\u043d\u043e\u0435 \u0432\u0440\u0435\u043c\u044f \u0434\u043b\u044f \u0447\u0442\u0435\u043d\u0438\u044f\" \/>\n\t<meta name=\"twitter:data1\" content=\"1 \u043c\u0438\u043d\u0443\u0442\u0430\" \/>\n<script type=\"application\/ld+json\" class=\"yoast-schema-graph\">{\"@context\":\"https:\/\/schema.org\",\"@graph\":[{\"@type\":\"WebPage\",\"@id\":\"https:\/\/modernteh.md\/catalog\/aparat-de-muls-vaci-t240-alpc-barbaros-cu-motor-termic\/\",\"url\":\"https:\/\/modernteh.md\/catalog\/aparat-de-muls-vaci-t240-alpc-barbaros-cu-motor-termic\/\",\"name\":\"Aparat de muls vaci T240 ALPC Barbaros cu motor termic - Modernteh\",\"isPartOf\":{\"@id\":\"https:\/\/modernteh.md\/#website\"},\"datePublished\":\"2023-12-06T07:26:17+00:00\",\"dateModified\":\"2025-05-08T06:37:09+00:00\",\"description\":\"Aparatele de muls vaci Barbaros cu 2 posuri se folosesc pe scar\u0103 larga de c\u0103tre micile ferme sau gospod\u0103rii.\",\"breadcrumb\":{\"@id\":\"https:\/\/modernteh.md\/catalog\/aparat-de-muls-vaci-t240-alpc-barbaros-cu-motor-termic\/#breadcrumb\"},\"inLanguage\":\"ru-RU\",\"potentialAction\":[{\"@type\":\"ReadAction\",\"target\":[\"https:\/\/modernteh.md\/catalog\/aparat-de-muls-vaci-t240-alpc-barbaros-cu-motor-termic\/\"]}]},{\"@type\":\"BreadcrumbList\",\"@id\":\"https:\/\/modernteh.md\/catalog\/aparat-de-muls-vaci-t240-alpc-barbaros-cu-motor-termic\/#breadcrumb\",\"itemListElement\":[{\"@type\":\"ListItem\",\"position\":1,\"name\":\"Prima pagin\u0103\",\"item\":\"https:\/\/modernteh.md\/\"},{\"@type\":\"ListItem\",\"position\":2,\"name\":\"Catalog\",\"item\":\"https:\/\/modernteh.md\/catalog\/\"},{\"@type\":\"ListItem\",\"position\":3,\"name\":\"Aparat de muls vaci T240 ALPC Barbaros cu motor termic\"}]},{\"@type\":\"WebSite\",\"@id\":\"https:\/\/modernteh.md\/#website\",\"url\":\"https:\/\/modernteh.md\/\",\"name\":\"Modernteh\",\"description\":\"Modernteh\",\"publisher\":{\"@id\":\"https:\/\/modernteh.md\/#organization\"},\"potentialAction\":[{\"@type\":\"SearchAction\",\"target\":{\"@type\":\"EntryPoint\",\"urlTemplate\":\"https:\/\/modernteh.md\/?s={search_term_string}\"},\"query-input\":\"required name=search_term_string\"}],\"inLanguage\":\"ru-RU\"},{\"@type\":\"Organization\",\"@id\":\"https:\/\/modernteh.md\/#organization\",\"name\":\"Modernteh\",\"url\":\"https:\/\/modernteh.md\/\",\"logo\":{\"@type\":\"ImageObject\",\"inLanguage\":\"ru-RU\",\"@id\":\"https:\/\/modernteh.md\/#\/schema\/logo\/image\/\",\"url\":\"https:\/\/modernteh.md\/wp-content\/uploads\/2022\/06\/Logo_site-2.png\",\"contentUrl\":\"https:\/\/modernteh.md\/wp-content\/uploads\/2022\/06\/Logo_site-2.png\",\"width\":500,\"height\":487,\"caption\":\"Modernteh\"},\"image\":{\"@id\":\"https:\/\/modernteh.md\/#\/schema\/logo\/image\/\"},\"sameAs\":[\"https:\/\/www.facebook.com\/profile.php?id=100082695620019\"]}]}<\/script>\n<!-- \/ Yoast SEO plugin. -->","yoast_head_json":{"title":"Aparat de muls vaci T240 ALPC Barbaros cu motor termic - Modernteh","description":"Aparatele de muls vaci Barbaros cu 2 posuri se folosesc pe scar\u0103 larga de c\u0103tre micile ferme sau gospod\u0103rii.","robots":{"index":"index","follow":"follow","max-snippet":"max-snippet:-1","max-image-preview":"max-image-preview:large","max-video-preview":"max-video-preview:-1"},"canonical":"https:\/\/modernteh.md\/ru\/catalog\/aparat-de-muls-vaci-t240-alpc-barbaros-cu-motor-termic\/","og_locale":"ru_RU","og_type":"article","og_title":"Aparat de muls vaci T240 ALPC Barbaros cu motor termic - Modernteh","og_description":"Aparatele de muls vaci Barbaros cu 2 posuri se folosesc pe scar\u0103 larga de c\u0103tre micile ferme sau gospod\u0103rii.","og_url":"https:\/\/modernteh.md\/ru\/catalog\/aparat-de-muls-vaci-t240-alpc-barbaros-cu-motor-termic\/","og_site_name":"Modernteh","article_publisher":"https:\/\/www.facebook.com\/profile.php?id=100082695620019","article_modified_time":"2025-05-08T06:37:09+00:00","og_image":[{"width":1080,"height":1080,"url":"https:\/\/modernteh.md\/wp-content\/uploads\/2023\/12\/t240alpc-motor-termic.png","type":"image\/png"}],"twitter_card":"summary_large_image","twitter_misc":{"\u041f\u0440\u0438\u043c\u0435\u0440\u043d\u043e\u0435 \u0432\u0440\u0435\u043c\u044f \u0434\u043b\u044f \u0447\u0442\u0435\u043d\u0438\u044f":"1 \u043c\u0438\u043d\u0443\u0442\u0430"},"schema":{"@context":"https:\/\/schema.org","@graph":[{"@type":"WebPage","@id":"https:\/\/modernteh.md\/catalog\/aparat-de-muls-vaci-t240-alpc-barbaros-cu-motor-termic\/","url":"https:\/\/modernteh.md\/catalog\/aparat-de-muls-vaci-t240-alpc-barbaros-cu-motor-termic\/","name":"Aparat de muls vaci T240 ALPC Barbaros cu motor termic - Modernteh","isPartOf":{"@id":"https:\/\/modernteh.md\/#website"},"datePublished":"2023-12-06T07:26:17+00:00","dateModified":"2025-05-08T06:37:09+00:00","description":"Aparatele de muls vaci Barbaros cu 2 posuri se folosesc pe scar\u0103 larga de c\u0103tre micile ferme sau gospod\u0103rii.","breadcrumb":{"@id":"https:\/\/modernteh.md\/catalog\/aparat-de-muls-vaci-t240-alpc-barbaros-cu-motor-termic\/#breadcrumb"},"inLanguage":"ru-RU","potentialAction":[{"@type":"ReadAction","target":["https:\/\/modernteh.md\/catalog\/aparat-de-muls-vaci-t240-alpc-barbaros-cu-motor-termic\/"]}]},{"@type":"BreadcrumbList","@id":"https:\/\/modernteh.md\/catalog\/aparat-de-muls-vaci-t240-alpc-barbaros-cu-motor-termic\/#breadcrumb","itemListElement":[{"@type":"ListItem","position":1,"name":"Prima pagin\u0103","item":"https:\/\/modernteh.md\/"},{"@type":"ListItem","position":2,"name":"Catalog","item":"https:\/\/modernteh.md\/catalog\/"},{"@type":"ListItem","position":3,"name":"Aparat de muls vaci T240 ALPC Barbaros cu motor termic"}]},{"@type":"WebSite","@id":"https:\/\/modernteh.md\/#website","url":"https:\/\/modernteh.md\/","name":"Modernteh","description":"Modernteh","publisher":{"@id":"https:\/\/modernteh.md\/#organization"},"potentialAction":[{"@type":"SearchAction","target":{"@type":"EntryPoint","urlTemplate":"https:\/\/modernteh.md\/?s={search_term_string}"},"query-input":"required name=search_term_string"}],"inLanguage":"ru-RU"},{"@type":"Organization","@id":"https:\/\/modernteh.md\/#organization","name":"Modernteh","url":"https:\/\/modernteh.md\/","logo":{"@type":"ImageObject","inLanguage":"ru-RU","@id":"https:\/\/modernteh.md\/#\/schema\/logo\/image\/","url":"https:\/\/modernteh.md\/wp-content\/uploads\/2022\/06\/Logo_site-2.png","contentUrl":"https:\/\/modernteh.md\/wp-content\/uploads\/2022\/06\/Logo_site-2.png","width":500,"height":487,"caption":"Modernteh"},"image":{"@id":"https:\/\/modernteh.md\/#\/schema\/logo\/image\/"},"sameAs":["https:\/\/www.facebook.com\/profile.php?id=100082695620019"]}]}},"_links":{"self":[{"href":"https:\/\/modernteh.md\/ru\/wp-json\/wp\/v2\/product\/3830","targetHints":{"allow":["GET"]}}],"collection":[{"href":"https:\/\/modernteh.md\/ru\/wp-json\/wp\/v2\/product"}],"about":[{"href":"https:\/\/modernteh.md\/ru\/wp-json\/wp\/v2\/types\/product"}],"wp:featuredmedia":[{"embeddable":true,"href":"https:\/\/modernteh.md\/ru\/wp-json\/wp\/v2\/media\/3831"}],"wp:attachment":[{"href":"https:\/\/modernteh.md\/ru\/wp-json\/wp\/v2\/media?parent=3830"}],"wp:term":[{"taxonomy":"product_cat","embeddable":true,"href":"https:\/\/modernteh.md\/ru\/wp-json\/wp\/v2\/product_cat?post=3830"},{"taxonomy":"product_tag","embeddable":true,"href":"https:\/\/modernteh.md\/ru\/wp-json\/wp\/v2\/product_tag?post=3830"}],"curies":[{"name":"wp","href":"https:\/\/api.w.org\/{rel}","templated":true}]}}