{"id":3834,"date":"2023-12-11T13:45:57","date_gmt":"2023-12-11T13:45:57","guid":{"rendered":"https:\/\/modernteh.md\/?post_type=product&#038;p=3834"},"modified":"2024-09-09T12:27:55","modified_gmt":"2024-09-09T12:27:55","slug":"spray-de-congelare-icecool-400-ml","status":"publish","type":"product","link":"https:\/\/modernteh.md\/ru\/catalog\/spray-de-congelare-icecool-400-ml\/","title":{"rendered":"Spray de congelare IceCool, 400 ml"},"content":{"rendered":"<p>Spray de congelare IceCool, 400 ml<br \/>\nSpray de r\u0103cire pentru tratamentul cu \u0219oc la rece, pentru preg\u0103tirea \u00eendep\u0103rt\u0103rii coarnelor.<br \/>\nAcest tip de spray de r\u0103cire este utilizat \u00een procesul decorn\u0103rii bovinelor, pentru ameliorarea durerii. Zonele r\u0103cite sunt mai pu\u021bin sensibile, astfel animalul va sim\u021bi mai pu\u021bin\u0103 durere \u00een procesul interven\u021biei.<\/p>\n<p>Mod de utilizare<br \/>\nAgita\u021bi bine recipientul \u0219i pulveriza\u021bi de la o distan\u021b\u0103 de aproximativ 20 cm. Nu aplica\u021bi pe mucoase, ochi sau r\u0103ni deschise!<\/p>","protected":false},"excerpt":{"rendered":"<p>Spray de congelare IceCool, 400 ml Spray de r\u0103cire pentru tratamentul cu \u0219oc la rece, pentru preg\u0103tirea \u00eendep\u0103rt\u0103rii coarnelor. Acest<\/p>","protected":false},"featured_media":3835,"template":"","meta":[],"product_cat":[183],"product_tag":[],"class_list":{"0":"post-3834","1":"product","2":"type-product","3":"status-publish","4":"has-post-thumbnail","6":"product_cat-produse-veterinare","8":"first","9":"instock","10":"shipping-taxable","11":"purchasable","12":"product-type-simple"},"yoast_head":"<!-- This site is optimized with the Yoast SEO plugin v20.12 - https:\/\/yoast.com\/wordpress\/plugins\/seo\/ -->\n<title>Spray de congelare IceCool, 400 ml - Modernteh<\/title>\n<meta name=\"description\" content=\"Spray de congelare IceCool, 400 ml\" \/>\n<meta name=\"robots\" content=\"index, follow, max-snippet:-1, max-image-preview:large, max-video-preview:-1\" \/>\n<link rel=\"canonical\" href=\"https:\/\/modernteh.md\/ru\/catalog\/spray-de-congelare-icecool-400-ml\/\" \/>\n<meta property=\"og:locale\" content=\"ru_RU\" \/>\n<meta property=\"og:type\" content=\"article\" \/>\n<meta property=\"og:title\" content=\"Spray de congelare IceCool, 400 ml - Modernteh\" \/>\n<meta property=\"og:description\" content=\"Spray de congelare IceCool, 400 ml\" \/>\n<meta property=\"og:url\" content=\"https:\/\/modernteh.md\/ru\/catalog\/spray-de-congelare-icecool-400-ml\/\" \/>\n<meta property=\"og:site_name\" content=\"Modernteh\" \/>\n<meta property=\"article:publisher\" content=\"https:\/\/www.facebook.com\/profile.php?id=100082695620019\" \/>\n<meta property=\"article:modified_time\" content=\"2024-09-09T12:27:55+00:00\" \/>\n<meta property=\"og:image\" content=\"https:\/\/modernteh.md\/wp-content\/uploads\/2023\/12\/2828-spray-de-congelare-icecool-400-ml.jpg\" \/>\n\t<meta property=\"og:image:width\" content=\"1200\" \/>\n\t<meta property=\"og:image:height\" content=\"1200\" \/>\n\t<meta property=\"og:image:type\" content=\"image\/jpeg\" \/>\n<meta name=\"twitter:card\" content=\"summary_large_image\" \/>\n<meta name=\"twitter:label1\" content=\"\u041f\u0440\u0438\u043c\u0435\u0440\u043d\u043e\u0435 \u0432\u0440\u0435\u043c\u044f \u0434\u043b\u044f \u0447\u0442\u0435\u043d\u0438\u044f\" \/>\n\t<meta name=\"twitter:data1\" content=\"1 \u043c\u0438\u043d\u0443\u0442\u0430\" \/>\n<script type=\"application\/ld+json\" class=\"yoast-schema-graph\">{\"@context\":\"https:\/\/schema.org\",\"@graph\":[{\"@type\":\"WebPage\",\"@id\":\"https:\/\/modernteh.md\/catalog\/spray-de-congelare-icecool-400-ml\/\",\"url\":\"https:\/\/modernteh.md\/catalog\/spray-de-congelare-icecool-400-ml\/\",\"name\":\"Spray de congelare IceCool, 400 ml - Modernteh\",\"isPartOf\":{\"@id\":\"https:\/\/modernteh.md\/#website\"},\"datePublished\":\"2023-12-11T13:45:57+00:00\",\"dateModified\":\"2024-09-09T12:27:55+00:00\",\"description\":\"Spray de congelare IceCool, 400 ml\",\"breadcrumb\":{\"@id\":\"https:\/\/modernteh.md\/catalog\/spray-de-congelare-icecool-400-ml\/#breadcrumb\"},\"inLanguage\":\"ru-RU\",\"potentialAction\":[{\"@type\":\"ReadAction\",\"target\":[\"https:\/\/modernteh.md\/catalog\/spray-de-congelare-icecool-400-ml\/\"]}]},{\"@type\":\"BreadcrumbList\",\"@id\":\"https:\/\/modernteh.md\/catalog\/spray-de-congelare-icecool-400-ml\/#breadcrumb\",\"itemListElement\":[{\"@type\":\"ListItem\",\"position\":1,\"name\":\"Prima pagin\u0103\",\"item\":\"https:\/\/modernteh.md\/\"},{\"@type\":\"ListItem\",\"position\":2,\"name\":\"Catalog\",\"item\":\"https:\/\/modernteh.md\/catalog\/\"},{\"@type\":\"ListItem\",\"position\":3,\"name\":\"Spray de congelare IceCool, 400 ml\"}]},{\"@type\":\"WebSite\",\"@id\":\"https:\/\/modernteh.md\/#website\",\"url\":\"https:\/\/modernteh.md\/\",\"name\":\"Modernteh\",\"description\":\"Modernteh\",\"publisher\":{\"@id\":\"https:\/\/modernteh.md\/#organization\"},\"potentialAction\":[{\"@type\":\"SearchAction\",\"target\":{\"@type\":\"EntryPoint\",\"urlTemplate\":\"https:\/\/modernteh.md\/?s={search_term_string}\"},\"query-input\":\"required name=search_term_string\"}],\"inLanguage\":\"ru-RU\"},{\"@type\":\"Organization\",\"@id\":\"https:\/\/modernteh.md\/#organization\",\"name\":\"Modernteh\",\"url\":\"https:\/\/modernteh.md\/\",\"logo\":{\"@type\":\"ImageObject\",\"inLanguage\":\"ru-RU\",\"@id\":\"https:\/\/modernteh.md\/#\/schema\/logo\/image\/\",\"url\":\"https:\/\/modernteh.md\/wp-content\/uploads\/2022\/06\/Logo_site-2.png\",\"contentUrl\":\"https:\/\/modernteh.md\/wp-content\/uploads\/2022\/06\/Logo_site-2.png\",\"width\":500,\"height\":487,\"caption\":\"Modernteh\"},\"image\":{\"@id\":\"https:\/\/modernteh.md\/#\/schema\/logo\/image\/\"},\"sameAs\":[\"https:\/\/www.facebook.com\/profile.php?id=100082695620019\"]}]}<\/script>\n<!-- \/ Yoast SEO plugin. -->","yoast_head_json":{"title":"Spray de congelare IceCool, 400 ml - Modernteh","description":"Spray de congelare IceCool, 400 ml","robots":{"index":"index","follow":"follow","max-snippet":"max-snippet:-1","max-image-preview":"max-image-preview:large","max-video-preview":"max-video-preview:-1"},"canonical":"https:\/\/modernteh.md\/ru\/catalog\/spray-de-congelare-icecool-400-ml\/","og_locale":"ru_RU","og_type":"article","og_title":"Spray de congelare IceCool, 400 ml - Modernteh","og_description":"Spray de congelare IceCool, 400 ml","og_url":"https:\/\/modernteh.md\/ru\/catalog\/spray-de-congelare-icecool-400-ml\/","og_site_name":"Modernteh","article_publisher":"https:\/\/www.facebook.com\/profile.php?id=100082695620019","article_modified_time":"2024-09-09T12:27:55+00:00","og_image":[{"width":1200,"height":1200,"url":"https:\/\/modernteh.md\/wp-content\/uploads\/2023\/12\/2828-spray-de-congelare-icecool-400-ml.jpg","type":"image\/jpeg"}],"twitter_card":"summary_large_image","twitter_misc":{"\u041f\u0440\u0438\u043c\u0435\u0440\u043d\u043e\u0435 \u0432\u0440\u0435\u043c\u044f \u0434\u043b\u044f \u0447\u0442\u0435\u043d\u0438\u044f":"1 \u043c\u0438\u043d\u0443\u0442\u0430"},"schema":{"@context":"https:\/\/schema.org","@graph":[{"@type":"WebPage","@id":"https:\/\/modernteh.md\/catalog\/spray-de-congelare-icecool-400-ml\/","url":"https:\/\/modernteh.md\/catalog\/spray-de-congelare-icecool-400-ml\/","name":"Spray de congelare IceCool, 400 ml - Modernteh","isPartOf":{"@id":"https:\/\/modernteh.md\/#website"},"datePublished":"2023-12-11T13:45:57+00:00","dateModified":"2024-09-09T12:27:55+00:00","description":"Spray de congelare IceCool, 400 ml","breadcrumb":{"@id":"https:\/\/modernteh.md\/catalog\/spray-de-congelare-icecool-400-ml\/#breadcrumb"},"inLanguage":"ru-RU","potentialAction":[{"@type":"ReadAction","target":["https:\/\/modernteh.md\/catalog\/spray-de-congelare-icecool-400-ml\/"]}]},{"@type":"BreadcrumbList","@id":"https:\/\/modernteh.md\/catalog\/spray-de-congelare-icecool-400-ml\/#breadcrumb","itemListElement":[{"@type":"ListItem","position":1,"name":"Prima pagin\u0103","item":"https:\/\/modernteh.md\/"},{"@type":"ListItem","position":2,"name":"Catalog","item":"https:\/\/modernteh.md\/catalog\/"},{"@type":"ListItem","position":3,"name":"Spray de congelare IceCool, 400 ml"}]},{"@type":"WebSite","@id":"https:\/\/modernteh.md\/#website","url":"https:\/\/modernteh.md\/","name":"Modernteh","description":"Modernteh","publisher":{"@id":"https:\/\/modernteh.md\/#organization"},"potentialAction":[{"@type":"SearchAction","target":{"@type":"EntryPoint","urlTemplate":"https:\/\/modernteh.md\/?s={search_term_string}"},"query-input":"required name=search_term_string"}],"inLanguage":"ru-RU"},{"@type":"Organization","@id":"https:\/\/modernteh.md\/#organization","name":"Modernteh","url":"https:\/\/modernteh.md\/","logo":{"@type":"ImageObject","inLanguage":"ru-RU","@id":"https:\/\/modernteh.md\/#\/schema\/logo\/image\/","url":"https:\/\/modernteh.md\/wp-content\/uploads\/2022\/06\/Logo_site-2.png","contentUrl":"https:\/\/modernteh.md\/wp-content\/uploads\/2022\/06\/Logo_site-2.png","width":500,"height":487,"caption":"Modernteh"},"image":{"@id":"https:\/\/modernteh.md\/#\/schema\/logo\/image\/"},"sameAs":["https:\/\/www.facebook.com\/profile.php?id=100082695620019"]}]}},"_links":{"self":[{"href":"https:\/\/modernteh.md\/ru\/wp-json\/wp\/v2\/product\/3834","targetHints":{"allow":["GET"]}}],"collection":[{"href":"https:\/\/modernteh.md\/ru\/wp-json\/wp\/v2\/product"}],"about":[{"href":"https:\/\/modernteh.md\/ru\/wp-json\/wp\/v2\/types\/product"}],"wp:featuredmedia":[{"embeddable":true,"href":"https:\/\/modernteh.md\/ru\/wp-json\/wp\/v2\/media\/3835"}],"wp:attachment":[{"href":"https:\/\/modernteh.md\/ru\/wp-json\/wp\/v2\/media?parent=3834"}],"wp:term":[{"taxonomy":"product_cat","embeddable":true,"href":"https:\/\/modernteh.md\/ru\/wp-json\/wp\/v2\/product_cat?post=3834"},{"taxonomy":"product_tag","embeddable":true,"href":"https:\/\/modernteh.md\/ru\/wp-json\/wp\/v2\/product_tag?post=3834"}],"curies":[{"name":"wp","href":"https:\/\/api.w.org\/{rel}","templated":true}]}}