{"id":3838,"date":"2023-12-11T14:05:58","date_gmt":"2023-12-11T14:05:58","guid":{"rendered":"https:\/\/modernteh.md\/?post_type=product&#038;p=3838"},"modified":"2025-07-22T07:22:31","modified_gmt":"2025-07-22T07:22:31","slug":"dezinfectant-pentru-uger-dupa-mulgere-5-kg","status":"publish","type":"product","link":"https:\/\/modernteh.md\/ru\/catalog\/dezinfectant-pentru-uger-dupa-mulgere-5-kg\/","title":{"rendered":"Dezinfectant pentru uger dupa mulgere, 5 kg"},"content":{"rendered":"<p>Dezinfectant pentru uger dupa mulgere, 5 kg<br \/>\nUdder Film \u2013 solu\u021bie dezinfectant\u0103 pentru uger, dup\u0103 muls, cu acid lactic<br \/>\nPreparat pe baz\u0103 de acid lactic pentru igiena mameloanelor dup\u0103 muls.<\/p>\n<p>Solu\u021bia creeaz\u0103 o pelicul\u0103 protectoare pe mamelon, care protejeaz\u0103 \u00eempotriva infec\u021biilor \u0219i accelereaz\u0103 regenerarea pielii mameloanelor.<\/p>\n<p>Mod de utilizare<br \/>\nAplica\u021bi solu\u021bia dup\u0103 muls. Turna\u021bi din solu\u021bia dezinfectant\u0103 \u00eentr-un pahar pentru dezinfectarea mameloanelor. Nu dilua\u021bi solu\u021bia! Introduce\u021bi mameloanele p\u00e2n\u0103 la baza acestuia, l\u0103s\u00e2nd solu\u021bia pe mameloane p\u00e2n\u0103 la urm\u0103torul muls. Produsul confer\u0103 o culoare verde mameloanelor, astfel pute\u021bi controla dac\u0103 s-a efectuat aplicarea sau nu. \u00cenainte de mulsul urm\u0103tor cur\u0103\u021ba\u021bi ugerul \u0219i mameloanele!<\/p>\n<p>Cantitatea de 5 kg ajunge aproximativ o lun\u0103 pentru 6-7 vaci, aplic\u00e2nd de 2 ori pe zi\/vac\u0103<\/p>","protected":false},"excerpt":{"rendered":"<p>Dezinfectant pentru uger dupa mulgere, 5 kg Udder Film \u2013 solu\u021bie dezinfectant\u0103 pentru uger, dup\u0103 muls, cu acid lactic Preparat<\/p>","protected":false},"featured_media":3839,"template":"","meta":[],"product_cat":[103],"product_tag":[],"class_list":{"0":"post-3838","1":"product","2":"type-product","3":"status-publish","4":"has-post-thumbnail","6":"product_cat-curatarea-si-igiena-in-ferma","8":"first","9":"outofstock","10":"sale","11":"shipping-taxable","12":"purchasable","13":"product-type-simple"},"yoast_head":"<!-- This site is optimized with the Yoast SEO plugin v20.12 - https:\/\/yoast.com\/wordpress\/plugins\/seo\/ -->\n<title>Dezinfectant pentru uger dupa mulgere, 5 kg - Modernteh<\/title>\n<meta name=\"description\" content=\"Dezinfectant pentru uger dupa mulgere 5kg\" \/>\n<meta name=\"robots\" content=\"index, follow, max-snippet:-1, max-image-preview:large, max-video-preview:-1\" \/>\n<link rel=\"canonical\" href=\"https:\/\/modernteh.md\/ru\/catalog\/dezinfectant-pentru-uger-dupa-mulgere-5-kg\/\" \/>\n<meta property=\"og:locale\" content=\"ru_RU\" \/>\n<meta property=\"og:type\" content=\"article\" \/>\n<meta property=\"og:title\" content=\"Dezinfectant pentru uger dupa mulgere, 5 kg - Modernteh\" \/>\n<meta property=\"og:description\" content=\"Dezinfectant pentru uger dupa mulgere 5kg\" \/>\n<meta property=\"og:url\" content=\"https:\/\/modernteh.md\/ru\/catalog\/dezinfectant-pentru-uger-dupa-mulgere-5-kg\/\" \/>\n<meta property=\"og:site_name\" content=\"Modernteh\" \/>\n<meta property=\"article:publisher\" content=\"https:\/\/www.facebook.com\/profile.php?id=100082695620019\" \/>\n<meta property=\"article:modified_time\" content=\"2025-07-22T07:22:31+00:00\" \/>\n<meta property=\"og:image\" content=\"https:\/\/modernteh.md\/wp-content\/uploads\/2023\/12\/2861-udderfilm-gel-pentru-igiena-ugerului-dupa-muls-5-kg.jpg\" \/>\n\t<meta property=\"og:image:width\" content=\"1200\" \/>\n\t<meta property=\"og:image:height\" content=\"1200\" \/>\n\t<meta property=\"og:image:type\" content=\"image\/jpeg\" \/>\n<meta name=\"twitter:card\" content=\"summary_large_image\" \/>\n<meta name=\"twitter:label1\" content=\"\u041f\u0440\u0438\u043c\u0435\u0440\u043d\u043e\u0435 \u0432\u0440\u0435\u043c\u044f \u0434\u043b\u044f \u0447\u0442\u0435\u043d\u0438\u044f\" \/>\n\t<meta name=\"twitter:data1\" content=\"1 \u043c\u0438\u043d\u0443\u0442\u0430\" \/>\n<script type=\"application\/ld+json\" class=\"yoast-schema-graph\">{\"@context\":\"https:\/\/schema.org\",\"@graph\":[{\"@type\":\"WebPage\",\"@id\":\"https:\/\/modernteh.md\/catalog\/dezinfectant-pentru-uger-dupa-mulgere-5-kg\/\",\"url\":\"https:\/\/modernteh.md\/catalog\/dezinfectant-pentru-uger-dupa-mulgere-5-kg\/\",\"name\":\"Dezinfectant pentru uger dupa mulgere, 5 kg - Modernteh\",\"isPartOf\":{\"@id\":\"https:\/\/modernteh.md\/#website\"},\"datePublished\":\"2023-12-11T14:05:58+00:00\",\"dateModified\":\"2025-07-22T07:22:31+00:00\",\"description\":\"Dezinfectant pentru uger dupa mulgere 5kg\",\"breadcrumb\":{\"@id\":\"https:\/\/modernteh.md\/catalog\/dezinfectant-pentru-uger-dupa-mulgere-5-kg\/#breadcrumb\"},\"inLanguage\":\"ru-RU\",\"potentialAction\":[{\"@type\":\"ReadAction\",\"target\":[\"https:\/\/modernteh.md\/catalog\/dezinfectant-pentru-uger-dupa-mulgere-5-kg\/\"]}]},{\"@type\":\"BreadcrumbList\",\"@id\":\"https:\/\/modernteh.md\/catalog\/dezinfectant-pentru-uger-dupa-mulgere-5-kg\/#breadcrumb\",\"itemListElement\":[{\"@type\":\"ListItem\",\"position\":1,\"name\":\"Prima pagin\u0103\",\"item\":\"https:\/\/modernteh.md\/\"},{\"@type\":\"ListItem\",\"position\":2,\"name\":\"Catalog\",\"item\":\"https:\/\/modernteh.md\/catalog\/\"},{\"@type\":\"ListItem\",\"position\":3,\"name\":\"Dezinfectant pentru uger dupa mulgere, 5 kg\"}]},{\"@type\":\"WebSite\",\"@id\":\"https:\/\/modernteh.md\/#website\",\"url\":\"https:\/\/modernteh.md\/\",\"name\":\"Modernteh\",\"description\":\"Modernteh\",\"publisher\":{\"@id\":\"https:\/\/modernteh.md\/#organization\"},\"potentialAction\":[{\"@type\":\"SearchAction\",\"target\":{\"@type\":\"EntryPoint\",\"urlTemplate\":\"https:\/\/modernteh.md\/?s={search_term_string}\"},\"query-input\":\"required name=search_term_string\"}],\"inLanguage\":\"ru-RU\"},{\"@type\":\"Organization\",\"@id\":\"https:\/\/modernteh.md\/#organization\",\"name\":\"Modernteh\",\"url\":\"https:\/\/modernteh.md\/\",\"logo\":{\"@type\":\"ImageObject\",\"inLanguage\":\"ru-RU\",\"@id\":\"https:\/\/modernteh.md\/#\/schema\/logo\/image\/\",\"url\":\"https:\/\/modernteh.md\/wp-content\/uploads\/2022\/06\/Logo_site-2.png\",\"contentUrl\":\"https:\/\/modernteh.md\/wp-content\/uploads\/2022\/06\/Logo_site-2.png\",\"width\":500,\"height\":487,\"caption\":\"Modernteh\"},\"image\":{\"@id\":\"https:\/\/modernteh.md\/#\/schema\/logo\/image\/\"},\"sameAs\":[\"https:\/\/www.facebook.com\/profile.php?id=100082695620019\"]}]}<\/script>\n<!-- \/ Yoast SEO plugin. -->","yoast_head_json":{"title":"Dezinfectant pentru uger dupa mulgere, 5 kg - Modernteh","description":"Dezinfectant pentru uger dupa mulgere 5kg","robots":{"index":"index","follow":"follow","max-snippet":"max-snippet:-1","max-image-preview":"max-image-preview:large","max-video-preview":"max-video-preview:-1"},"canonical":"https:\/\/modernteh.md\/ru\/catalog\/dezinfectant-pentru-uger-dupa-mulgere-5-kg\/","og_locale":"ru_RU","og_type":"article","og_title":"Dezinfectant pentru uger dupa mulgere, 5 kg - Modernteh","og_description":"Dezinfectant pentru uger dupa mulgere 5kg","og_url":"https:\/\/modernteh.md\/ru\/catalog\/dezinfectant-pentru-uger-dupa-mulgere-5-kg\/","og_site_name":"Modernteh","article_publisher":"https:\/\/www.facebook.com\/profile.php?id=100082695620019","article_modified_time":"2025-07-22T07:22:31+00:00","og_image":[{"width":1200,"height":1200,"url":"https:\/\/modernteh.md\/wp-content\/uploads\/2023\/12\/2861-udderfilm-gel-pentru-igiena-ugerului-dupa-muls-5-kg.jpg","type":"image\/jpeg"}],"twitter_card":"summary_large_image","twitter_misc":{"\u041f\u0440\u0438\u043c\u0435\u0440\u043d\u043e\u0435 \u0432\u0440\u0435\u043c\u044f \u0434\u043b\u044f \u0447\u0442\u0435\u043d\u0438\u044f":"1 \u043c\u0438\u043d\u0443\u0442\u0430"},"schema":{"@context":"https:\/\/schema.org","@graph":[{"@type":"WebPage","@id":"https:\/\/modernteh.md\/catalog\/dezinfectant-pentru-uger-dupa-mulgere-5-kg\/","url":"https:\/\/modernteh.md\/catalog\/dezinfectant-pentru-uger-dupa-mulgere-5-kg\/","name":"Dezinfectant pentru uger dupa mulgere, 5 kg - Modernteh","isPartOf":{"@id":"https:\/\/modernteh.md\/#website"},"datePublished":"2023-12-11T14:05:58+00:00","dateModified":"2025-07-22T07:22:31+00:00","description":"Dezinfectant pentru uger dupa mulgere 5kg","breadcrumb":{"@id":"https:\/\/modernteh.md\/catalog\/dezinfectant-pentru-uger-dupa-mulgere-5-kg\/#breadcrumb"},"inLanguage":"ru-RU","potentialAction":[{"@type":"ReadAction","target":["https:\/\/modernteh.md\/catalog\/dezinfectant-pentru-uger-dupa-mulgere-5-kg\/"]}]},{"@type":"BreadcrumbList","@id":"https:\/\/modernteh.md\/catalog\/dezinfectant-pentru-uger-dupa-mulgere-5-kg\/#breadcrumb","itemListElement":[{"@type":"ListItem","position":1,"name":"Prima pagin\u0103","item":"https:\/\/modernteh.md\/"},{"@type":"ListItem","position":2,"name":"Catalog","item":"https:\/\/modernteh.md\/catalog\/"},{"@type":"ListItem","position":3,"name":"Dezinfectant pentru uger dupa mulgere, 5 kg"}]},{"@type":"WebSite","@id":"https:\/\/modernteh.md\/#website","url":"https:\/\/modernteh.md\/","name":"Modernteh","description":"Modernteh","publisher":{"@id":"https:\/\/modernteh.md\/#organization"},"potentialAction":[{"@type":"SearchAction","target":{"@type":"EntryPoint","urlTemplate":"https:\/\/modernteh.md\/?s={search_term_string}"},"query-input":"required name=search_term_string"}],"inLanguage":"ru-RU"},{"@type":"Organization","@id":"https:\/\/modernteh.md\/#organization","name":"Modernteh","url":"https:\/\/modernteh.md\/","logo":{"@type":"ImageObject","inLanguage":"ru-RU","@id":"https:\/\/modernteh.md\/#\/schema\/logo\/image\/","url":"https:\/\/modernteh.md\/wp-content\/uploads\/2022\/06\/Logo_site-2.png","contentUrl":"https:\/\/modernteh.md\/wp-content\/uploads\/2022\/06\/Logo_site-2.png","width":500,"height":487,"caption":"Modernteh"},"image":{"@id":"https:\/\/modernteh.md\/#\/schema\/logo\/image\/"},"sameAs":["https:\/\/www.facebook.com\/profile.php?id=100082695620019"]}]}},"_links":{"self":[{"href":"https:\/\/modernteh.md\/ru\/wp-json\/wp\/v2\/product\/3838","targetHints":{"allow":["GET"]}}],"collection":[{"href":"https:\/\/modernteh.md\/ru\/wp-json\/wp\/v2\/product"}],"about":[{"href":"https:\/\/modernteh.md\/ru\/wp-json\/wp\/v2\/types\/product"}],"wp:featuredmedia":[{"embeddable":true,"href":"https:\/\/modernteh.md\/ru\/wp-json\/wp\/v2\/media\/3839"}],"wp:attachment":[{"href":"https:\/\/modernteh.md\/ru\/wp-json\/wp\/v2\/media?parent=3838"}],"wp:term":[{"taxonomy":"product_cat","embeddable":true,"href":"https:\/\/modernteh.md\/ru\/wp-json\/wp\/v2\/product_cat?post=3838"},{"taxonomy":"product_tag","embeddable":true,"href":"https:\/\/modernteh.md\/ru\/wp-json\/wp\/v2\/product_tag?post=3838"}],"curies":[{"name":"wp","href":"https:\/\/api.w.org\/{rel}","templated":true}]}}