{"id":3925,"date":"2024-03-01T10:09:37","date_gmt":"2024-03-01T10:09:37","guid":{"rendered":"https:\/\/modernteh.md\/?post_type=product&#038;p=3925"},"modified":"2024-03-01T10:09:37","modified_gmt":"2024-03-01T10:09:37","slug":"demotec-95-14-tratamente-copita-vaci","status":"publish","type":"product","link":"https:\/\/modernteh.md\/ru\/catalog\/demotec-95-14-tratamente-copita-vaci\/","title":{"rendered":"Demotec 95 \u2013 14 tratamente copita vaci"},"content":{"rendered":"<p>Demotec 95 \u2013 14 tratamente copita vaci<br \/>\nAmestecul DEMOTEC 95 permite ob\u021binerea rapid\u0103 a unei paste lipicioase gata de \u00eentins pe copita s\u0103n\u0103toas\u0103 \u0219i c\u0103lc\u00e2iul de lemn.<br \/>\nDup\u0103 6 p\u00e2n\u0103 la 7 minute de la amestecare, DEMOTEC 95 se \u00eent\u0103re\u0219te definitiv.<\/p>\n<p>Setul con\u021bine:<br \/>\n14 x 70 g pulbere<br \/>\n500 ml lichid<br \/>\n1 Pahar de amestecare<br \/>\n14 Spatule<br \/>\n14 blocuri de lemn<\/p>","protected":false},"excerpt":{"rendered":"<p>Demotec 95 \u2013 14 tratamente copita vaci Amestecul DEMOTEC 95 permite ob\u021binerea rapid\u0103 a unei paste lipicioase gata de \u00eentins<\/p>","protected":false},"featured_media":3926,"template":"","meta":[],"product_cat":[183],"product_tag":[],"class_list":{"0":"post-3925","1":"product","2":"type-product","3":"status-publish","4":"has-post-thumbnail","6":"product_cat-produse-veterinare","8":"first","9":"instock","10":"shipping-taxable","11":"purchasable","12":"product-type-simple"},"yoast_head":"<!-- This site is optimized with the Yoast SEO plugin v20.12 - https:\/\/yoast.com\/wordpress\/plugins\/seo\/ -->\n<title>Demotec 95 \u2013 14 tratamente copita vaci - Modernteh<\/title>\n<meta name=\"description\" content=\"Demotec 95 \u2013 14 tratamente copita vaci\" \/>\n<meta name=\"robots\" content=\"index, follow, max-snippet:-1, max-image-preview:large, max-video-preview:-1\" \/>\n<link rel=\"canonical\" href=\"https:\/\/modernteh.md\/ru\/catalog\/demotec-95-14-tratamente-copita-vaci\/\" \/>\n<meta property=\"og:locale\" content=\"ru_RU\" \/>\n<meta property=\"og:type\" content=\"article\" \/>\n<meta property=\"og:title\" content=\"Demotec 95 \u2013 14 tratamente copita vaci - Modernteh\" \/>\n<meta property=\"og:description\" content=\"Demotec 95 \u2013 14 tratamente copita vaci\" \/>\n<meta property=\"og:url\" content=\"https:\/\/modernteh.md\/ru\/catalog\/demotec-95-14-tratamente-copita-vaci\/\" \/>\n<meta property=\"og:site_name\" content=\"Modernteh\" \/>\n<meta property=\"article:publisher\" content=\"https:\/\/www.facebook.com\/profile.php?id=100082695620019\" \/>\n<meta property=\"og:image\" content=\"https:\/\/modernteh.md\/wp-content\/uploads\/2024\/03\/Demotec-95-\u2013-14-tratamente.webp\" \/>\n\t<meta property=\"og:image:width\" content=\"600\" \/>\n\t<meta property=\"og:image:height\" content=\"600\" \/>\n\t<meta property=\"og:image:type\" content=\"image\/webp\" \/>\n<meta name=\"twitter:card\" content=\"summary_large_image\" \/>\n<script type=\"application\/ld+json\" class=\"yoast-schema-graph\">{\"@context\":\"https:\/\/schema.org\",\"@graph\":[{\"@type\":\"WebPage\",\"@id\":\"https:\/\/modernteh.md\/catalog\/demotec-95-14-tratamente-copita-vaci\/\",\"url\":\"https:\/\/modernteh.md\/catalog\/demotec-95-14-tratamente-copita-vaci\/\",\"name\":\"Demotec 95 \u2013 14 tratamente copita vaci - Modernteh\",\"isPartOf\":{\"@id\":\"https:\/\/modernteh.md\/#website\"},\"datePublished\":\"2024-03-01T10:09:37+00:00\",\"dateModified\":\"2024-03-01T10:09:37+00:00\",\"description\":\"Demotec 95 \u2013 14 tratamente copita vaci\",\"breadcrumb\":{\"@id\":\"https:\/\/modernteh.md\/catalog\/demotec-95-14-tratamente-copita-vaci\/#breadcrumb\"},\"inLanguage\":\"ru-RU\",\"potentialAction\":[{\"@type\":\"ReadAction\",\"target\":[\"https:\/\/modernteh.md\/catalog\/demotec-95-14-tratamente-copita-vaci\/\"]}]},{\"@type\":\"BreadcrumbList\",\"@id\":\"https:\/\/modernteh.md\/catalog\/demotec-95-14-tratamente-copita-vaci\/#breadcrumb\",\"itemListElement\":[{\"@type\":\"ListItem\",\"position\":1,\"name\":\"Prima pagin\u0103\",\"item\":\"https:\/\/modernteh.md\/\"},{\"@type\":\"ListItem\",\"position\":2,\"name\":\"Catalog\",\"item\":\"https:\/\/modernteh.md\/catalog\/\"},{\"@type\":\"ListItem\",\"position\":3,\"name\":\"Demotec 95 \u2013 14 tratamente copita vaci\"}]},{\"@type\":\"WebSite\",\"@id\":\"https:\/\/modernteh.md\/#website\",\"url\":\"https:\/\/modernteh.md\/\",\"name\":\"Modernteh\",\"description\":\"Modernteh\",\"publisher\":{\"@id\":\"https:\/\/modernteh.md\/#organization\"},\"potentialAction\":[{\"@type\":\"SearchAction\",\"target\":{\"@type\":\"EntryPoint\",\"urlTemplate\":\"https:\/\/modernteh.md\/?s={search_term_string}\"},\"query-input\":\"required name=search_term_string\"}],\"inLanguage\":\"ru-RU\"},{\"@type\":\"Organization\",\"@id\":\"https:\/\/modernteh.md\/#organization\",\"name\":\"Modernteh\",\"url\":\"https:\/\/modernteh.md\/\",\"logo\":{\"@type\":\"ImageObject\",\"inLanguage\":\"ru-RU\",\"@id\":\"https:\/\/modernteh.md\/#\/schema\/logo\/image\/\",\"url\":\"https:\/\/modernteh.md\/wp-content\/uploads\/2022\/06\/Logo_site-2.png\",\"contentUrl\":\"https:\/\/modernteh.md\/wp-content\/uploads\/2022\/06\/Logo_site-2.png\",\"width\":500,\"height\":487,\"caption\":\"Modernteh\"},\"image\":{\"@id\":\"https:\/\/modernteh.md\/#\/schema\/logo\/image\/\"},\"sameAs\":[\"https:\/\/www.facebook.com\/profile.php?id=100082695620019\"]}]}<\/script>\n<!-- \/ Yoast SEO plugin. -->","yoast_head_json":{"title":"Demotec 95 \u2013 14 tratamente copita vaci - Modernteh","description":"Demotec 95 \u2013 14 tratamente copita vaci","robots":{"index":"index","follow":"follow","max-snippet":"max-snippet:-1","max-image-preview":"max-image-preview:large","max-video-preview":"max-video-preview:-1"},"canonical":"https:\/\/modernteh.md\/ru\/catalog\/demotec-95-14-tratamente-copita-vaci\/","og_locale":"ru_RU","og_type":"article","og_title":"Demotec 95 \u2013 14 tratamente copita vaci - Modernteh","og_description":"Demotec 95 \u2013 14 tratamente copita vaci","og_url":"https:\/\/modernteh.md\/ru\/catalog\/demotec-95-14-tratamente-copita-vaci\/","og_site_name":"Modernteh","article_publisher":"https:\/\/www.facebook.com\/profile.php?id=100082695620019","og_image":[{"width":600,"height":600,"url":"https:\/\/modernteh.md\/wp-content\/uploads\/2024\/03\/Demotec-95-\u2013-14-tratamente.webp","type":"image\/webp"}],"twitter_card":"summary_large_image","schema":{"@context":"https:\/\/schema.org","@graph":[{"@type":"WebPage","@id":"https:\/\/modernteh.md\/catalog\/demotec-95-14-tratamente-copita-vaci\/","url":"https:\/\/modernteh.md\/catalog\/demotec-95-14-tratamente-copita-vaci\/","name":"Demotec 95 \u2013 14 tratamente copita vaci - Modernteh","isPartOf":{"@id":"https:\/\/modernteh.md\/#website"},"datePublished":"2024-03-01T10:09:37+00:00","dateModified":"2024-03-01T10:09:37+00:00","description":"Demotec 95 \u2013 14 tratamente copita vaci","breadcrumb":{"@id":"https:\/\/modernteh.md\/catalog\/demotec-95-14-tratamente-copita-vaci\/#breadcrumb"},"inLanguage":"ru-RU","potentialAction":[{"@type":"ReadAction","target":["https:\/\/modernteh.md\/catalog\/demotec-95-14-tratamente-copita-vaci\/"]}]},{"@type":"BreadcrumbList","@id":"https:\/\/modernteh.md\/catalog\/demotec-95-14-tratamente-copita-vaci\/#breadcrumb","itemListElement":[{"@type":"ListItem","position":1,"name":"Prima pagin\u0103","item":"https:\/\/modernteh.md\/"},{"@type":"ListItem","position":2,"name":"Catalog","item":"https:\/\/modernteh.md\/catalog\/"},{"@type":"ListItem","position":3,"name":"Demotec 95 \u2013 14 tratamente copita vaci"}]},{"@type":"WebSite","@id":"https:\/\/modernteh.md\/#website","url":"https:\/\/modernteh.md\/","name":"Modernteh","description":"Modernteh","publisher":{"@id":"https:\/\/modernteh.md\/#organization"},"potentialAction":[{"@type":"SearchAction","target":{"@type":"EntryPoint","urlTemplate":"https:\/\/modernteh.md\/?s={search_term_string}"},"query-input":"required name=search_term_string"}],"inLanguage":"ru-RU"},{"@type":"Organization","@id":"https:\/\/modernteh.md\/#organization","name":"Modernteh","url":"https:\/\/modernteh.md\/","logo":{"@type":"ImageObject","inLanguage":"ru-RU","@id":"https:\/\/modernteh.md\/#\/schema\/logo\/image\/","url":"https:\/\/modernteh.md\/wp-content\/uploads\/2022\/06\/Logo_site-2.png","contentUrl":"https:\/\/modernteh.md\/wp-content\/uploads\/2022\/06\/Logo_site-2.png","width":500,"height":487,"caption":"Modernteh"},"image":{"@id":"https:\/\/modernteh.md\/#\/schema\/logo\/image\/"},"sameAs":["https:\/\/www.facebook.com\/profile.php?id=100082695620019"]}]}},"_links":{"self":[{"href":"https:\/\/modernteh.md\/ru\/wp-json\/wp\/v2\/product\/3925","targetHints":{"allow":["GET"]}}],"collection":[{"href":"https:\/\/modernteh.md\/ru\/wp-json\/wp\/v2\/product"}],"about":[{"href":"https:\/\/modernteh.md\/ru\/wp-json\/wp\/v2\/types\/product"}],"wp:featuredmedia":[{"embeddable":true,"href":"https:\/\/modernteh.md\/ru\/wp-json\/wp\/v2\/media\/3926"}],"wp:attachment":[{"href":"https:\/\/modernteh.md\/ru\/wp-json\/wp\/v2\/media?parent=3925"}],"wp:term":[{"taxonomy":"product_cat","embeddable":true,"href":"https:\/\/modernteh.md\/ru\/wp-json\/wp\/v2\/product_cat?post=3925"},{"taxonomy":"product_tag","embeddable":true,"href":"https:\/\/modernteh.md\/ru\/wp-json\/wp\/v2\/product_tag?post=3925"}],"curies":[{"name":"wp","href":"https:\/\/api.w.org\/{rel}","templated":true}]}}