{"id":3935,"date":"2024-03-01T11:40:52","date_gmt":"2024-03-01T11:40:52","guid":{"rendered":"https:\/\/modernteh.md\/?post_type=product&#038;p=3935"},"modified":"2025-05-08T08:12:46","modified_gmt":"2025-05-08T08:12:46","slug":"aparat-gard-electric-horizont-an-500","status":"publish","type":"product","link":"https:\/\/modernteh.md\/ru\/catalog\/aparat-gard-electric-horizont-an-500\/","title":{"rendered":"Aparat gard electric Horizont AN 500"},"content":{"rendered":"<p>Aparat gard electric Horizont AN 500<\/p>\n<p>Dispozitiv dublu \u2013 func\u021bionare \u00een paralel 230 V \/ 12 V . Atunci cand alimentarea 220 V se opreste trece automat pe baterie<br \/>\nTensiune maxim\u0103 de 14.000 vol\u021bi,<br \/>\nPutere: 6.9 jouli<br \/>\nIndicator de tensiune a bateriei \u00een 4 trepte<br \/>\nFunc\u021bie de func\u021bionare de urgen\u021b\u0103 \u2013 pentru a prelungi durata de func\u021bionare atunci c\u00e2nd bateria este desc\u0103rcat\u0103, dispozitivul reduce energia pulsului \u0219i astfel consumul de energie<br \/>\nEnergizatorul AN500 poate fi conectat la re\u021bea de 230 V \u0219i la o baterie de 12 V \u00een acela\u0219i timp. \u00cen cazul unei c\u0103deri de curent, este garantat\u0103 func\u021bionarea ne\u00eentrerupt\u0103 prin intermediul bateriei.<br \/>\nAfi\u0219ajul LED \u00een 4 trepte \u201eEnergy Control\u201d ofer\u0103 o verificare rapid\u0103 a capacit\u0103\u021bii bateriei \u0219i, \u00een plus, v\u0103 arat\u0103 activitatea unit\u0103\u021bii de gard electric, clipind \u00een timp cu ie\u0219irea impulsului. Datorit\u0103 circuitului special de economisire a energiei, consumul de energie al unit\u0103\u021bii de gard electric se adapteaz\u0103 la gard, ceea ce asigur\u0103 un consum mai mic de energie, un impact mai mic asupra mediului \u0219i costuri mai mici.<br \/>\nDatorit\u0103 func\u021biei integrate de func\u021bionare de urgen\u021b\u0103, durata de via\u021b\u0103 a bateriei este prelungit\u0103 atunci c\u00e2nd nivelul de \u00eenc\u0103rcare este sc\u0103zut, deoarece dispozitivul reduce automat energia pulsului \u0219i implicit consumul de energie.<br \/>\nEnergizantele noastre sunt fabricate din materiale plastice de \u00eenalt\u0103 calitate \u0219i sunt rezistente la UV, la stropire, la torsiune, la impact \u0219i la ulei. Acest lucru v\u0103 garanteaz\u0103 mul\u021bi ani de durabilitate a energizantelor.<br \/>\nPentruu a putea garanta o securitate optim\u0103 a gardului, v\u0103 recomand\u0103m s\u0103 monta\u021bi dispozitivul cu 3 impamantari la distanta de 1,5 m una de alta<br \/>\nEnergizatorul, sursa de alimentare, gardul \u0219i cablul de conectare la p\u0103m\u00e2nt sunt incluse \u00een livrare<\/p>","protected":false},"excerpt":{"rendered":"<p>Aparat gard electric Horizont AN 500 Dispozitiv dublu \u2013 func\u021bionare \u00een paralel 230 V \/ 12 V . Atunci cand<\/p>","protected":false},"featured_media":3936,"template":"","meta":[],"product_cat":[169],"product_tag":[],"class_list":{"0":"post-3935","1":"product","2":"type-product","3":"status-publish","4":"has-post-thumbnail","6":"product_cat-generatoare-de-impulsuri","8":"first","9":"outofstock","10":"shipping-taxable","11":"purchasable","12":"product-type-simple"},"yoast_head":"<!-- This site is optimized with the Yoast SEO plugin v20.12 - https:\/\/yoast.com\/wordpress\/plugins\/seo\/ -->\n<title>Aparat gard electric Horizont AN 500 - Modernteh<\/title>\n<meta name=\"description\" content=\"Aparat gard electric Horizont AN 500\" \/>\n<meta name=\"robots\" content=\"index, follow, max-snippet:-1, max-image-preview:large, max-video-preview:-1\" \/>\n<link rel=\"canonical\" href=\"https:\/\/modernteh.md\/ru\/catalog\/aparat-gard-electric-horizont-an-500\/\" \/>\n<meta property=\"og:locale\" content=\"ru_RU\" \/>\n<meta property=\"og:type\" content=\"article\" \/>\n<meta property=\"og:title\" content=\"Aparat gard electric Horizont AN 500 - Modernteh\" \/>\n<meta property=\"og:description\" content=\"Aparat gard electric Horizont AN 500\" \/>\n<meta property=\"og:url\" content=\"https:\/\/modernteh.md\/ru\/catalog\/aparat-gard-electric-horizont-an-500\/\" \/>\n<meta property=\"og:site_name\" content=\"Modernteh\" \/>\n<meta property=\"article:publisher\" content=\"https:\/\/www.facebook.com\/profile.php?id=100082695620019\" \/>\n<meta property=\"article:modified_time\" content=\"2025-05-08T08:12:46+00:00\" \/>\n<meta property=\"og:image\" content=\"https:\/\/modernteh.md\/wp-content\/uploads\/2024\/03\/10950__01-1-scaled-600x600-1.jpg\" \/>\n\t<meta property=\"og:image:width\" content=\"600\" \/>\n\t<meta property=\"og:image:height\" content=\"600\" \/>\n\t<meta property=\"og:image:type\" content=\"image\/jpeg\" \/>\n<meta name=\"twitter:card\" content=\"summary_large_image\" \/>\n<meta name=\"twitter:label1\" content=\"\u041f\u0440\u0438\u043c\u0435\u0440\u043d\u043e\u0435 \u0432\u0440\u0435\u043c\u044f \u0434\u043b\u044f \u0447\u0442\u0435\u043d\u0438\u044f\" \/>\n\t<meta name=\"twitter:data1\" content=\"2 \u043c\u0438\u043d\u0443\u0442\u044b\" \/>\n<script type=\"application\/ld+json\" class=\"yoast-schema-graph\">{\"@context\":\"https:\/\/schema.org\",\"@graph\":[{\"@type\":\"WebPage\",\"@id\":\"https:\/\/modernteh.md\/catalog\/aparat-gard-electric-horizont-an-500\/\",\"url\":\"https:\/\/modernteh.md\/catalog\/aparat-gard-electric-horizont-an-500\/\",\"name\":\"Aparat gard electric Horizont AN 500 - Modernteh\",\"isPartOf\":{\"@id\":\"https:\/\/modernteh.md\/#website\"},\"datePublished\":\"2024-03-01T11:40:52+00:00\",\"dateModified\":\"2025-05-08T08:12:46+00:00\",\"description\":\"Aparat gard electric Horizont AN 500\",\"breadcrumb\":{\"@id\":\"https:\/\/modernteh.md\/catalog\/aparat-gard-electric-horizont-an-500\/#breadcrumb\"},\"inLanguage\":\"ru-RU\",\"potentialAction\":[{\"@type\":\"ReadAction\",\"target\":[\"https:\/\/modernteh.md\/catalog\/aparat-gard-electric-horizont-an-500\/\"]}]},{\"@type\":\"BreadcrumbList\",\"@id\":\"https:\/\/modernteh.md\/catalog\/aparat-gard-electric-horizont-an-500\/#breadcrumb\",\"itemListElement\":[{\"@type\":\"ListItem\",\"position\":1,\"name\":\"Prima pagin\u0103\",\"item\":\"https:\/\/modernteh.md\/\"},{\"@type\":\"ListItem\",\"position\":2,\"name\":\"Catalog\",\"item\":\"https:\/\/modernteh.md\/catalog\/\"},{\"@type\":\"ListItem\",\"position\":3,\"name\":\"Aparat gard electric Horizont AN 500\"}]},{\"@type\":\"WebSite\",\"@id\":\"https:\/\/modernteh.md\/#website\",\"url\":\"https:\/\/modernteh.md\/\",\"name\":\"Modernteh\",\"description\":\"Modernteh\",\"publisher\":{\"@id\":\"https:\/\/modernteh.md\/#organization\"},\"potentialAction\":[{\"@type\":\"SearchAction\",\"target\":{\"@type\":\"EntryPoint\",\"urlTemplate\":\"https:\/\/modernteh.md\/?s={search_term_string}\"},\"query-input\":\"required name=search_term_string\"}],\"inLanguage\":\"ru-RU\"},{\"@type\":\"Organization\",\"@id\":\"https:\/\/modernteh.md\/#organization\",\"name\":\"Modernteh\",\"url\":\"https:\/\/modernteh.md\/\",\"logo\":{\"@type\":\"ImageObject\",\"inLanguage\":\"ru-RU\",\"@id\":\"https:\/\/modernteh.md\/#\/schema\/logo\/image\/\",\"url\":\"https:\/\/modernteh.md\/wp-content\/uploads\/2022\/06\/Logo_site-2.png\",\"contentUrl\":\"https:\/\/modernteh.md\/wp-content\/uploads\/2022\/06\/Logo_site-2.png\",\"width\":500,\"height\":487,\"caption\":\"Modernteh\"},\"image\":{\"@id\":\"https:\/\/modernteh.md\/#\/schema\/logo\/image\/\"},\"sameAs\":[\"https:\/\/www.facebook.com\/profile.php?id=100082695620019\"]}]}<\/script>\n<!-- \/ Yoast SEO plugin. -->","yoast_head_json":{"title":"Aparat gard electric Horizont AN 500 - Modernteh","description":"Aparat gard electric Horizont AN 500","robots":{"index":"index","follow":"follow","max-snippet":"max-snippet:-1","max-image-preview":"max-image-preview:large","max-video-preview":"max-video-preview:-1"},"canonical":"https:\/\/modernteh.md\/ru\/catalog\/aparat-gard-electric-horizont-an-500\/","og_locale":"ru_RU","og_type":"article","og_title":"Aparat gard electric Horizont AN 500 - Modernteh","og_description":"Aparat gard electric Horizont AN 500","og_url":"https:\/\/modernteh.md\/ru\/catalog\/aparat-gard-electric-horizont-an-500\/","og_site_name":"Modernteh","article_publisher":"https:\/\/www.facebook.com\/profile.php?id=100082695620019","article_modified_time":"2025-05-08T08:12:46+00:00","og_image":[{"width":600,"height":600,"url":"https:\/\/modernteh.md\/wp-content\/uploads\/2024\/03\/10950__01-1-scaled-600x600-1.jpg","type":"image\/jpeg"}],"twitter_card":"summary_large_image","twitter_misc":{"\u041f\u0440\u0438\u043c\u0435\u0440\u043d\u043e\u0435 \u0432\u0440\u0435\u043c\u044f \u0434\u043b\u044f \u0447\u0442\u0435\u043d\u0438\u044f":"2 \u043c\u0438\u043d\u0443\u0442\u044b"},"schema":{"@context":"https:\/\/schema.org","@graph":[{"@type":"WebPage","@id":"https:\/\/modernteh.md\/catalog\/aparat-gard-electric-horizont-an-500\/","url":"https:\/\/modernteh.md\/catalog\/aparat-gard-electric-horizont-an-500\/","name":"Aparat gard electric Horizont AN 500 - Modernteh","isPartOf":{"@id":"https:\/\/modernteh.md\/#website"},"datePublished":"2024-03-01T11:40:52+00:00","dateModified":"2025-05-08T08:12:46+00:00","description":"Aparat gard electric Horizont AN 500","breadcrumb":{"@id":"https:\/\/modernteh.md\/catalog\/aparat-gard-electric-horizont-an-500\/#breadcrumb"},"inLanguage":"ru-RU","potentialAction":[{"@type":"ReadAction","target":["https:\/\/modernteh.md\/catalog\/aparat-gard-electric-horizont-an-500\/"]}]},{"@type":"BreadcrumbList","@id":"https:\/\/modernteh.md\/catalog\/aparat-gard-electric-horizont-an-500\/#breadcrumb","itemListElement":[{"@type":"ListItem","position":1,"name":"Prima pagin\u0103","item":"https:\/\/modernteh.md\/"},{"@type":"ListItem","position":2,"name":"Catalog","item":"https:\/\/modernteh.md\/catalog\/"},{"@type":"ListItem","position":3,"name":"Aparat gard electric Horizont AN 500"}]},{"@type":"WebSite","@id":"https:\/\/modernteh.md\/#website","url":"https:\/\/modernteh.md\/","name":"Modernteh","description":"Modernteh","publisher":{"@id":"https:\/\/modernteh.md\/#organization"},"potentialAction":[{"@type":"SearchAction","target":{"@type":"EntryPoint","urlTemplate":"https:\/\/modernteh.md\/?s={search_term_string}"},"query-input":"required name=search_term_string"}],"inLanguage":"ru-RU"},{"@type":"Organization","@id":"https:\/\/modernteh.md\/#organization","name":"Modernteh","url":"https:\/\/modernteh.md\/","logo":{"@type":"ImageObject","inLanguage":"ru-RU","@id":"https:\/\/modernteh.md\/#\/schema\/logo\/image\/","url":"https:\/\/modernteh.md\/wp-content\/uploads\/2022\/06\/Logo_site-2.png","contentUrl":"https:\/\/modernteh.md\/wp-content\/uploads\/2022\/06\/Logo_site-2.png","width":500,"height":487,"caption":"Modernteh"},"image":{"@id":"https:\/\/modernteh.md\/#\/schema\/logo\/image\/"},"sameAs":["https:\/\/www.facebook.com\/profile.php?id=100082695620019"]}]}},"_links":{"self":[{"href":"https:\/\/modernteh.md\/ru\/wp-json\/wp\/v2\/product\/3935","targetHints":{"allow":["GET"]}}],"collection":[{"href":"https:\/\/modernteh.md\/ru\/wp-json\/wp\/v2\/product"}],"about":[{"href":"https:\/\/modernteh.md\/ru\/wp-json\/wp\/v2\/types\/product"}],"wp:featuredmedia":[{"embeddable":true,"href":"https:\/\/modernteh.md\/ru\/wp-json\/wp\/v2\/media\/3936"}],"wp:attachment":[{"href":"https:\/\/modernteh.md\/ru\/wp-json\/wp\/v2\/media?parent=3935"}],"wp:term":[{"taxonomy":"product_cat","embeddable":true,"href":"https:\/\/modernteh.md\/ru\/wp-json\/wp\/v2\/product_cat?post=3935"},{"taxonomy":"product_tag","embeddable":true,"href":"https:\/\/modernteh.md\/ru\/wp-json\/wp\/v2\/product_tag?post=3935"}],"curies":[{"name":"wp","href":"https:\/\/api.w.org\/{rel}","templated":true}]}}