{"id":3995,"date":"2024-04-16T13:20:39","date_gmt":"2024-04-16T13:20:39","guid":{"rendered":"https:\/\/modernteh.md\/?post_type=product&#038;p=3995"},"modified":"2024-04-16T13:20:40","modified_gmt":"2024-04-16T13:20:40","slug":"tetina-din-cauciuc-pentru-miei-si-iezi-50-mm","status":"publish","type":"product","link":"https:\/\/modernteh.md\/ru\/catalog\/tetina-din-cauciuc-pentru-miei-si-iezi-50-mm\/","title":{"rendered":"Tetin\u0103 din cauciuc pentru miei \u0219i iezi, 50 mm"},"content":{"rendered":"<p>Tetina din cauciuc poate fi utilizat\u0103 pe g\u0103leat\u0103 de al\u0103ptare sau bidon de al\u0103ptare pentru miei \u0219i iezi. Tetina are o deschidere cu perfora\u021bie \u00eencruci\u0219at\u0103 care previne curgerea laptelui, dar se deschide imediat c\u00e2nd mielul \u00eencepe s\u0103 sug\u0103 sau s\u0103 mestece. Permite un debit de lapte redus, ceea ce asigur\u0103 o cantitate mic\u0103 de aer care poate s\u0103 ajung\u0103 \u00een sistemul digestiv al mieilor.<\/p>\n<table class=\"product-details\">\n<tbody>\n<tr>\n<td>Material<\/td>\n<td>Cauciuc<\/td>\n<\/tr>\n<tr>\n<td>Lungime<\/td>\n<td>5\u00a0cm<\/td>\n<\/tr>\n<tr>\n<td>Diametru \u00een partea de sus<\/td>\n<td>1,5\u00a0cm<\/td>\n<\/tr>\n<tr>\n<td>Diametru \u00een partea de jos<\/td>\n<td>2,7\u00a0cm<\/td>\n<\/tr>\n<\/tbody>\n<\/table>","protected":false},"excerpt":{"rendered":"<p>Tetina din cauciuc poate fi utilizat\u0103 pe g\u0103leat\u0103 de al\u0103ptare sau bidon de al\u0103ptare pentru miei \u0219i iezi. Tetina are<\/p>","protected":false},"featured_media":3996,"template":"","meta":[],"product_cat":[124],"product_tag":[],"class_list":{"0":"post-3995","1":"product","2":"type-product","3":"status-publish","4":"has-post-thumbnail","6":"product_cat-adapatori-hranitori-si-accesorii-ferma","8":"first","9":"instock","10":"shipping-taxable","11":"purchasable","12":"product-type-simple"},"yoast_head":"<!-- This site is optimized with the Yoast SEO plugin v20.12 - https:\/\/yoast.com\/wordpress\/plugins\/seo\/ -->\n<title>Tetin\u0103 din cauciuc pentru miei \u0219i iezi, 50 mm - Modernteh<\/title>\n<meta name=\"robots\" content=\"index, follow, max-snippet:-1, max-image-preview:large, max-video-preview:-1\" \/>\n<link rel=\"canonical\" href=\"https:\/\/modernteh.md\/ru\/catalog\/tetina-din-cauciuc-pentru-miei-si-iezi-50-mm\/\" \/>\n<meta property=\"og:locale\" content=\"ru_RU\" \/>\n<meta property=\"og:type\" content=\"article\" \/>\n<meta property=\"og:title\" content=\"Tetin\u0103 din cauciuc pentru miei \u0219i iezi, 50 mm - Modernteh\" \/>\n<meta property=\"og:description\" content=\"Tetina din cauciuc poate fi utilizat\u0103 pe g\u0103leat\u0103 de al\u0103ptare sau bidon de al\u0103ptare pentru miei \u0219i iezi. Tetina are\" \/>\n<meta property=\"og:url\" content=\"https:\/\/modernteh.md\/ru\/catalog\/tetina-din-cauciuc-pentru-miei-si-iezi-50-mm\/\" \/>\n<meta property=\"og:site_name\" content=\"Modernteh\" \/>\n<meta property=\"article:publisher\" content=\"https:\/\/www.facebook.com\/profile.php?id=100082695620019\" \/>\n<meta property=\"article:modified_time\" content=\"2024-04-16T13:20:40+00:00\" \/>\n<meta property=\"og:image\" content=\"https:\/\/modernteh.md\/wp-content\/uploads\/2024\/04\/1376-tetina-din-cauciuc-pentru-miei-si-iezi-50-mm-1-jpg.webp\" \/>\n\t<meta property=\"og:image:width\" content=\"1200\" \/>\n\t<meta property=\"og:image:height\" content=\"1200\" \/>\n\t<meta property=\"og:image:type\" content=\"image\/webp\" \/>\n<meta name=\"twitter:card\" content=\"summary_large_image\" \/>\n<meta name=\"twitter:label1\" content=\"\u041f\u0440\u0438\u043c\u0435\u0440\u043d\u043e\u0435 \u0432\u0440\u0435\u043c\u044f \u0434\u043b\u044f \u0447\u0442\u0435\u043d\u0438\u044f\" \/>\n\t<meta name=\"twitter:data1\" content=\"1 \u043c\u0438\u043d\u0443\u0442\u0430\" \/>\n<script type=\"application\/ld+json\" class=\"yoast-schema-graph\">{\"@context\":\"https:\/\/schema.org\",\"@graph\":[{\"@type\":\"WebPage\",\"@id\":\"https:\/\/modernteh.md\/catalog\/tetina-din-cauciuc-pentru-miei-si-iezi-50-mm\/\",\"url\":\"https:\/\/modernteh.md\/catalog\/tetina-din-cauciuc-pentru-miei-si-iezi-50-mm\/\",\"name\":\"Tetin\u0103 din cauciuc pentru miei \u0219i iezi, 50 mm - Modernteh\",\"isPartOf\":{\"@id\":\"https:\/\/modernteh.md\/#website\"},\"datePublished\":\"2024-04-16T13:20:39+00:00\",\"dateModified\":\"2024-04-16T13:20:40+00:00\",\"breadcrumb\":{\"@id\":\"https:\/\/modernteh.md\/catalog\/tetina-din-cauciuc-pentru-miei-si-iezi-50-mm\/#breadcrumb\"},\"inLanguage\":\"ru-RU\",\"potentialAction\":[{\"@type\":\"ReadAction\",\"target\":[\"https:\/\/modernteh.md\/catalog\/tetina-din-cauciuc-pentru-miei-si-iezi-50-mm\/\"]}]},{\"@type\":\"BreadcrumbList\",\"@id\":\"https:\/\/modernteh.md\/catalog\/tetina-din-cauciuc-pentru-miei-si-iezi-50-mm\/#breadcrumb\",\"itemListElement\":[{\"@type\":\"ListItem\",\"position\":1,\"name\":\"Prima pagin\u0103\",\"item\":\"https:\/\/modernteh.md\/\"},{\"@type\":\"ListItem\",\"position\":2,\"name\":\"Catalog\",\"item\":\"https:\/\/modernteh.md\/catalog\/\"},{\"@type\":\"ListItem\",\"position\":3,\"name\":\"Tetin\u0103 din cauciuc pentru miei \u0219i iezi, 50 mm\"}]},{\"@type\":\"WebSite\",\"@id\":\"https:\/\/modernteh.md\/#website\",\"url\":\"https:\/\/modernteh.md\/\",\"name\":\"Modernteh\",\"description\":\"Modernteh\",\"publisher\":{\"@id\":\"https:\/\/modernteh.md\/#organization\"},\"potentialAction\":[{\"@type\":\"SearchAction\",\"target\":{\"@type\":\"EntryPoint\",\"urlTemplate\":\"https:\/\/modernteh.md\/?s={search_term_string}\"},\"query-input\":\"required name=search_term_string\"}],\"inLanguage\":\"ru-RU\"},{\"@type\":\"Organization\",\"@id\":\"https:\/\/modernteh.md\/#organization\",\"name\":\"Modernteh\",\"url\":\"https:\/\/modernteh.md\/\",\"logo\":{\"@type\":\"ImageObject\",\"inLanguage\":\"ru-RU\",\"@id\":\"https:\/\/modernteh.md\/#\/schema\/logo\/image\/\",\"url\":\"https:\/\/modernteh.md\/wp-content\/uploads\/2022\/06\/Logo_site-2.png\",\"contentUrl\":\"https:\/\/modernteh.md\/wp-content\/uploads\/2022\/06\/Logo_site-2.png\",\"width\":500,\"height\":487,\"caption\":\"Modernteh\"},\"image\":{\"@id\":\"https:\/\/modernteh.md\/#\/schema\/logo\/image\/\"},\"sameAs\":[\"https:\/\/www.facebook.com\/profile.php?id=100082695620019\"]}]}<\/script>\n<!-- \/ Yoast SEO plugin. -->","yoast_head_json":{"title":"Tetin\u0103 din cauciuc pentru miei \u0219i iezi, 50 mm - Modernteh","robots":{"index":"index","follow":"follow","max-snippet":"max-snippet:-1","max-image-preview":"max-image-preview:large","max-video-preview":"max-video-preview:-1"},"canonical":"https:\/\/modernteh.md\/ru\/catalog\/tetina-din-cauciuc-pentru-miei-si-iezi-50-mm\/","og_locale":"ru_RU","og_type":"article","og_title":"Tetin\u0103 din cauciuc pentru miei \u0219i iezi, 50 mm - Modernteh","og_description":"Tetina din cauciuc poate fi utilizat\u0103 pe g\u0103leat\u0103 de al\u0103ptare sau bidon de al\u0103ptare pentru miei \u0219i iezi. Tetina are","og_url":"https:\/\/modernteh.md\/ru\/catalog\/tetina-din-cauciuc-pentru-miei-si-iezi-50-mm\/","og_site_name":"Modernteh","article_publisher":"https:\/\/www.facebook.com\/profile.php?id=100082695620019","article_modified_time":"2024-04-16T13:20:40+00:00","og_image":[{"width":1200,"height":1200,"url":"https:\/\/modernteh.md\/wp-content\/uploads\/2024\/04\/1376-tetina-din-cauciuc-pentru-miei-si-iezi-50-mm-1-jpg.webp","type":"image\/webp"}],"twitter_card":"summary_large_image","twitter_misc":{"\u041f\u0440\u0438\u043c\u0435\u0440\u043d\u043e\u0435 \u0432\u0440\u0435\u043c\u044f \u0434\u043b\u044f \u0447\u0442\u0435\u043d\u0438\u044f":"1 \u043c\u0438\u043d\u0443\u0442\u0430"},"schema":{"@context":"https:\/\/schema.org","@graph":[{"@type":"WebPage","@id":"https:\/\/modernteh.md\/catalog\/tetina-din-cauciuc-pentru-miei-si-iezi-50-mm\/","url":"https:\/\/modernteh.md\/catalog\/tetina-din-cauciuc-pentru-miei-si-iezi-50-mm\/","name":"Tetin\u0103 din cauciuc pentru miei \u0219i iezi, 50 mm - Modernteh","isPartOf":{"@id":"https:\/\/modernteh.md\/#website"},"datePublished":"2024-04-16T13:20:39+00:00","dateModified":"2024-04-16T13:20:40+00:00","breadcrumb":{"@id":"https:\/\/modernteh.md\/catalog\/tetina-din-cauciuc-pentru-miei-si-iezi-50-mm\/#breadcrumb"},"inLanguage":"ru-RU","potentialAction":[{"@type":"ReadAction","target":["https:\/\/modernteh.md\/catalog\/tetina-din-cauciuc-pentru-miei-si-iezi-50-mm\/"]}]},{"@type":"BreadcrumbList","@id":"https:\/\/modernteh.md\/catalog\/tetina-din-cauciuc-pentru-miei-si-iezi-50-mm\/#breadcrumb","itemListElement":[{"@type":"ListItem","position":1,"name":"Prima pagin\u0103","item":"https:\/\/modernteh.md\/"},{"@type":"ListItem","position":2,"name":"Catalog","item":"https:\/\/modernteh.md\/catalog\/"},{"@type":"ListItem","position":3,"name":"Tetin\u0103 din cauciuc pentru miei \u0219i iezi, 50 mm"}]},{"@type":"WebSite","@id":"https:\/\/modernteh.md\/#website","url":"https:\/\/modernteh.md\/","name":"Modernteh","description":"Modernteh","publisher":{"@id":"https:\/\/modernteh.md\/#organization"},"potentialAction":[{"@type":"SearchAction","target":{"@type":"EntryPoint","urlTemplate":"https:\/\/modernteh.md\/?s={search_term_string}"},"query-input":"required name=search_term_string"}],"inLanguage":"ru-RU"},{"@type":"Organization","@id":"https:\/\/modernteh.md\/#organization","name":"Modernteh","url":"https:\/\/modernteh.md\/","logo":{"@type":"ImageObject","inLanguage":"ru-RU","@id":"https:\/\/modernteh.md\/#\/schema\/logo\/image\/","url":"https:\/\/modernteh.md\/wp-content\/uploads\/2022\/06\/Logo_site-2.png","contentUrl":"https:\/\/modernteh.md\/wp-content\/uploads\/2022\/06\/Logo_site-2.png","width":500,"height":487,"caption":"Modernteh"},"image":{"@id":"https:\/\/modernteh.md\/#\/schema\/logo\/image\/"},"sameAs":["https:\/\/www.facebook.com\/profile.php?id=100082695620019"]}]}},"_links":{"self":[{"href":"https:\/\/modernteh.md\/ru\/wp-json\/wp\/v2\/product\/3995","targetHints":{"allow":["GET"]}}],"collection":[{"href":"https:\/\/modernteh.md\/ru\/wp-json\/wp\/v2\/product"}],"about":[{"href":"https:\/\/modernteh.md\/ru\/wp-json\/wp\/v2\/types\/product"}],"wp:featuredmedia":[{"embeddable":true,"href":"https:\/\/modernteh.md\/ru\/wp-json\/wp\/v2\/media\/3996"}],"wp:attachment":[{"href":"https:\/\/modernteh.md\/ru\/wp-json\/wp\/v2\/media?parent=3995"}],"wp:term":[{"taxonomy":"product_cat","embeddable":true,"href":"https:\/\/modernteh.md\/ru\/wp-json\/wp\/v2\/product_cat?post=3995"},{"taxonomy":"product_tag","embeddable":true,"href":"https:\/\/modernteh.md\/ru\/wp-json\/wp\/v2\/product_tag?post=3995"}],"curies":[{"name":"wp","href":"https:\/\/api.w.org\/{rel}","templated":true}]}}