{"id":4115,"date":"2024-08-06T11:30:38","date_gmt":"2024-08-06T11:30:38","guid":{"rendered":"https:\/\/modernteh.md\/?post_type=product&#038;p=4115"},"modified":"2025-08-09T07:03:06","modified_gmt":"2025-08-09T07:03:06","slug":"prelata-acoperit-baloti-fan-si-paie-10-4-x-12-5-m","status":"publish","type":"product","link":"https:\/\/modernteh.md\/ru\/catalog\/prelata-acoperit-baloti-fan-si-paie-10-4-x-12-5-m\/","title":{"rendered":"Prelata acoperit baloti fan si paie, 10.4 x 12.5 M"},"content":{"rendered":"<p><em>Prelata acoperit baloti fan si paie, 10.4 x 12.5 M<\/em><\/p>\n<p><em><strong>Caracteristici :<\/strong><\/em><\/p>\n<ul>\n<li><em>Prelata pentru acoperirea balo\u021bilor, \u0219irelor de fan \u0219i paie, dimensiune 10.4 x 12.5 metri<br \/>\n<\/em><\/li>\n<li><em>Conceputa special pentru protectia sirelor de fan si paie<\/em><\/li>\n<li><em>Lasa aerul sa treaca asigurand astfel o ventila\u021bie permanenta evit\u00e2nd astfel formarea condensului si a mucegaiului<\/em><\/li>\n<li><em>Mai putin sensibila la vant decat foliile<\/em><\/li>\n<li><em>Rezistenta indelungata<\/em><\/li>\n<li><em>Mentine calitatea fanului si paielor pe parcursul iernii<\/em><\/li>\n<li><em>Ofera protectie impotriva factorilor de poluare<\/em><\/li>\n<\/ul>\n<div class=\"product-nav\">\n<div class=\"product-prev\">\n<p>Ofer\u0103 o barier\u0103 eficient\u0103 \u00eempotriva ploii, z\u0103pezii, v\u00e2ntului \u0219i razelor UV<a href=\"https:\/\/agrozootehnie.md\/produs\/prelata-acoperit-baloti-fan-si-paie-10-4-x-25-m\/\">,<\/a>\u00a0prevenind astfel degradarea materialului agricol.\u00a0Prin men\u021binerea calit\u0103\u021bii balo\u021bilor, fermierii pot reduce pierderile \u0219i costurile asociate cu \u00eenlocuirea materialelor deteriorate. Prelatele sunt proiectate pentru a permite o anumit\u0103 circula\u021bie a aerului, aceste prelate ajut\u0103 la prevenirea acumul\u0103rii de umiditate sub prelat\u0103, reduc\u00e2nd riscul de mucegai \u0219i putrezire.<\/p>\n<\/div>\n<\/div>\n<p>Prelata acoperit baloti sunt o investi\u021bie valoroas\u0103 pentru orice fermier, asigur\u00e2nd protec\u021bia \u0219i men\u021binerea calit\u0103\u021bii materialelor agricole. Alegerea prelatei potrivite, \u00een func\u021bie de nevoile specifice \u0219i condi\u021biile de mediu, poate contribui semnificativ la eficien\u021ba \u0219i rentabilitatea activit\u0103\u021bilor agricole<a href=\"https:\/\/gardelina.md\/ro\/product-category\/garduri-electrice-animale\/pachete-complete-pentru-animale-domestice\/pachete-complete-pentru-animale-domestice-cu-alimentare-230v-sau-12v\/\">.<\/a><\/p>","protected":false},"excerpt":{"rendered":"<p>Prelata acoperit baloti fan si paie, 10.4 x 12.5 M Caracteristici : Prelata pentru acoperirea balo\u021bilor, \u0219irelor de fan \u0219i<\/p>","protected":false},"featured_media":4120,"template":"","meta":[],"product_cat":[181],"product_tag":[],"class_list":{"0":"post-4115","1":"product","2":"type-product","3":"status-publish","4":"has-post-thumbnail","6":"product_cat-utilaje-si-accesorii-ferma","8":"first","9":"outofstock","10":"shipping-taxable","11":"purchasable","12":"product-type-simple"},"yoast_head":"<!-- This site is optimized with the Yoast SEO plugin v20.12 - https:\/\/yoast.com\/wordpress\/plugins\/seo\/ -->\n<title>Prelata acoperit baloti fan si paie, 10.4 x 12.5 M - Modernteh<\/title>\n<meta name=\"description\" content=\"Prelata acoperit baloti fan si paie 10.4 x 12.5 M\" \/>\n<meta name=\"robots\" content=\"index, follow, max-snippet:-1, max-image-preview:large, max-video-preview:-1\" \/>\n<link rel=\"canonical\" href=\"https:\/\/modernteh.md\/ru\/catalog\/prelata-acoperit-baloti-fan-si-paie-10-4-x-12-5-m\/\" \/>\n<meta property=\"og:locale\" content=\"ru_RU\" \/>\n<meta property=\"og:type\" content=\"article\" \/>\n<meta property=\"og:title\" content=\"Prelata acoperit baloti fan si paie, 10.4 x 12.5 M - Modernteh\" \/>\n<meta property=\"og:description\" content=\"Prelata acoperit baloti fan si paie 10.4 x 12.5 M\" \/>\n<meta property=\"og:url\" content=\"https:\/\/modernteh.md\/ru\/catalog\/prelata-acoperit-baloti-fan-si-paie-10-4-x-12-5-m\/\" \/>\n<meta property=\"og:site_name\" content=\"Modernteh\" \/>\n<meta property=\"article:publisher\" content=\"https:\/\/www.facebook.com\/profile.php?id=100082695620019\" \/>\n<meta property=\"article:modified_time\" content=\"2025-08-09T07:03:06+00:00\" \/>\n<meta property=\"og:image\" content=\"https:\/\/modernteh.md\/wp-content\/uploads\/2024\/08\/prelata.webp\" \/>\n\t<meta property=\"og:image:width\" content=\"1200\" \/>\n\t<meta property=\"og:image:height\" content=\"1200\" \/>\n\t<meta property=\"og:image:type\" content=\"image\/webp\" \/>\n<meta name=\"twitter:card\" content=\"summary_large_image\" \/>\n<meta name=\"twitter:label1\" content=\"\u041f\u0440\u0438\u043c\u0435\u0440\u043d\u043e\u0435 \u0432\u0440\u0435\u043c\u044f \u0434\u043b\u044f \u0447\u0442\u0435\u043d\u0438\u044f\" \/>\n\t<meta name=\"twitter:data1\" content=\"1 \u043c\u0438\u043d\u0443\u0442\u0430\" \/>\n<script type=\"application\/ld+json\" class=\"yoast-schema-graph\">{\"@context\":\"https:\/\/schema.org\",\"@graph\":[{\"@type\":\"WebPage\",\"@id\":\"https:\/\/modernteh.md\/catalog\/prelata-acoperit-baloti-fan-si-paie-10-4-x-12-5-m\/\",\"url\":\"https:\/\/modernteh.md\/catalog\/prelata-acoperit-baloti-fan-si-paie-10-4-x-12-5-m\/\",\"name\":\"Prelata acoperit baloti fan si paie, 10.4 x 12.5 M - Modernteh\",\"isPartOf\":{\"@id\":\"https:\/\/modernteh.md\/#website\"},\"datePublished\":\"2024-08-06T11:30:38+00:00\",\"dateModified\":\"2025-08-09T07:03:06+00:00\",\"description\":\"Prelata acoperit baloti fan si paie 10.4 x 12.5 M\",\"breadcrumb\":{\"@id\":\"https:\/\/modernteh.md\/catalog\/prelata-acoperit-baloti-fan-si-paie-10-4-x-12-5-m\/#breadcrumb\"},\"inLanguage\":\"ru-RU\",\"potentialAction\":[{\"@type\":\"ReadAction\",\"target\":[\"https:\/\/modernteh.md\/catalog\/prelata-acoperit-baloti-fan-si-paie-10-4-x-12-5-m\/\"]}]},{\"@type\":\"BreadcrumbList\",\"@id\":\"https:\/\/modernteh.md\/catalog\/prelata-acoperit-baloti-fan-si-paie-10-4-x-12-5-m\/#breadcrumb\",\"itemListElement\":[{\"@type\":\"ListItem\",\"position\":1,\"name\":\"Prima pagin\u0103\",\"item\":\"https:\/\/modernteh.md\/\"},{\"@type\":\"ListItem\",\"position\":2,\"name\":\"Catalog\",\"item\":\"https:\/\/modernteh.md\/catalog\/\"},{\"@type\":\"ListItem\",\"position\":3,\"name\":\"Prelata acoperit baloti fan si paie, 10.4 x 12.5 M\"}]},{\"@type\":\"WebSite\",\"@id\":\"https:\/\/modernteh.md\/#website\",\"url\":\"https:\/\/modernteh.md\/\",\"name\":\"Modernteh\",\"description\":\"Modernteh\",\"publisher\":{\"@id\":\"https:\/\/modernteh.md\/#organization\"},\"potentialAction\":[{\"@type\":\"SearchAction\",\"target\":{\"@type\":\"EntryPoint\",\"urlTemplate\":\"https:\/\/modernteh.md\/?s={search_term_string}\"},\"query-input\":\"required name=search_term_string\"}],\"inLanguage\":\"ru-RU\"},{\"@type\":\"Organization\",\"@id\":\"https:\/\/modernteh.md\/#organization\",\"name\":\"Modernteh\",\"url\":\"https:\/\/modernteh.md\/\",\"logo\":{\"@type\":\"ImageObject\",\"inLanguage\":\"ru-RU\",\"@id\":\"https:\/\/modernteh.md\/#\/schema\/logo\/image\/\",\"url\":\"https:\/\/modernteh.md\/wp-content\/uploads\/2022\/06\/Logo_site-2.png\",\"contentUrl\":\"https:\/\/modernteh.md\/wp-content\/uploads\/2022\/06\/Logo_site-2.png\",\"width\":500,\"height\":487,\"caption\":\"Modernteh\"},\"image\":{\"@id\":\"https:\/\/modernteh.md\/#\/schema\/logo\/image\/\"},\"sameAs\":[\"https:\/\/www.facebook.com\/profile.php?id=100082695620019\"]}]}<\/script>\n<!-- \/ Yoast SEO plugin. -->","yoast_head_json":{"title":"Prelata acoperit baloti fan si paie, 10.4 x 12.5 M - Modernteh","description":"Prelata acoperit baloti fan si paie 10.4 x 12.5 M","robots":{"index":"index","follow":"follow","max-snippet":"max-snippet:-1","max-image-preview":"max-image-preview:large","max-video-preview":"max-video-preview:-1"},"canonical":"https:\/\/modernteh.md\/ru\/catalog\/prelata-acoperit-baloti-fan-si-paie-10-4-x-12-5-m\/","og_locale":"ru_RU","og_type":"article","og_title":"Prelata acoperit baloti fan si paie, 10.4 x 12.5 M - Modernteh","og_description":"Prelata acoperit baloti fan si paie 10.4 x 12.5 M","og_url":"https:\/\/modernteh.md\/ru\/catalog\/prelata-acoperit-baloti-fan-si-paie-10-4-x-12-5-m\/","og_site_name":"Modernteh","article_publisher":"https:\/\/www.facebook.com\/profile.php?id=100082695620019","article_modified_time":"2025-08-09T07:03:06+00:00","og_image":[{"width":1200,"height":1200,"url":"https:\/\/modernteh.md\/wp-content\/uploads\/2024\/08\/prelata.webp","type":"image\/webp"}],"twitter_card":"summary_large_image","twitter_misc":{"\u041f\u0440\u0438\u043c\u0435\u0440\u043d\u043e\u0435 \u0432\u0440\u0435\u043c\u044f \u0434\u043b\u044f \u0447\u0442\u0435\u043d\u0438\u044f":"1 \u043c\u0438\u043d\u0443\u0442\u0430"},"schema":{"@context":"https:\/\/schema.org","@graph":[{"@type":"WebPage","@id":"https:\/\/modernteh.md\/catalog\/prelata-acoperit-baloti-fan-si-paie-10-4-x-12-5-m\/","url":"https:\/\/modernteh.md\/catalog\/prelata-acoperit-baloti-fan-si-paie-10-4-x-12-5-m\/","name":"Prelata acoperit baloti fan si paie, 10.4 x 12.5 M - Modernteh","isPartOf":{"@id":"https:\/\/modernteh.md\/#website"},"datePublished":"2024-08-06T11:30:38+00:00","dateModified":"2025-08-09T07:03:06+00:00","description":"Prelata acoperit baloti fan si paie 10.4 x 12.5 M","breadcrumb":{"@id":"https:\/\/modernteh.md\/catalog\/prelata-acoperit-baloti-fan-si-paie-10-4-x-12-5-m\/#breadcrumb"},"inLanguage":"ru-RU","potentialAction":[{"@type":"ReadAction","target":["https:\/\/modernteh.md\/catalog\/prelata-acoperit-baloti-fan-si-paie-10-4-x-12-5-m\/"]}]},{"@type":"BreadcrumbList","@id":"https:\/\/modernteh.md\/catalog\/prelata-acoperit-baloti-fan-si-paie-10-4-x-12-5-m\/#breadcrumb","itemListElement":[{"@type":"ListItem","position":1,"name":"Prima pagin\u0103","item":"https:\/\/modernteh.md\/"},{"@type":"ListItem","position":2,"name":"Catalog","item":"https:\/\/modernteh.md\/catalog\/"},{"@type":"ListItem","position":3,"name":"Prelata acoperit baloti fan si paie, 10.4 x 12.5 M"}]},{"@type":"WebSite","@id":"https:\/\/modernteh.md\/#website","url":"https:\/\/modernteh.md\/","name":"Modernteh","description":"Modernteh","publisher":{"@id":"https:\/\/modernteh.md\/#organization"},"potentialAction":[{"@type":"SearchAction","target":{"@type":"EntryPoint","urlTemplate":"https:\/\/modernteh.md\/?s={search_term_string}"},"query-input":"required name=search_term_string"}],"inLanguage":"ru-RU"},{"@type":"Organization","@id":"https:\/\/modernteh.md\/#organization","name":"Modernteh","url":"https:\/\/modernteh.md\/","logo":{"@type":"ImageObject","inLanguage":"ru-RU","@id":"https:\/\/modernteh.md\/#\/schema\/logo\/image\/","url":"https:\/\/modernteh.md\/wp-content\/uploads\/2022\/06\/Logo_site-2.png","contentUrl":"https:\/\/modernteh.md\/wp-content\/uploads\/2022\/06\/Logo_site-2.png","width":500,"height":487,"caption":"Modernteh"},"image":{"@id":"https:\/\/modernteh.md\/#\/schema\/logo\/image\/"},"sameAs":["https:\/\/www.facebook.com\/profile.php?id=100082695620019"]}]}},"_links":{"self":[{"href":"https:\/\/modernteh.md\/ru\/wp-json\/wp\/v2\/product\/4115","targetHints":{"allow":["GET"]}}],"collection":[{"href":"https:\/\/modernteh.md\/ru\/wp-json\/wp\/v2\/product"}],"about":[{"href":"https:\/\/modernteh.md\/ru\/wp-json\/wp\/v2\/types\/product"}],"wp:featuredmedia":[{"embeddable":true,"href":"https:\/\/modernteh.md\/ru\/wp-json\/wp\/v2\/media\/4120"}],"wp:attachment":[{"href":"https:\/\/modernteh.md\/ru\/wp-json\/wp\/v2\/media?parent=4115"}],"wp:term":[{"taxonomy":"product_cat","embeddable":true,"href":"https:\/\/modernteh.md\/ru\/wp-json\/wp\/v2\/product_cat?post=4115"},{"taxonomy":"product_tag","embeddable":true,"href":"https:\/\/modernteh.md\/ru\/wp-json\/wp\/v2\/product_tag?post=4115"}],"curies":[{"name":"wp","href":"https:\/\/api.w.org\/{rel}","templated":true}]}}