{"id":4125,"date":"2024-08-06T11:51:46","date_gmt":"2024-08-06T11:51:46","guid":{"rendered":"https:\/\/modernteh.md\/?post_type=product&#038;p=4125"},"modified":"2025-09-05T08:34:30","modified_gmt":"2025-09-05T08:34:30","slug":"prelata-pentru-baloti-fan-si-paie-9-8-x-25-m","status":"publish","type":"product","link":"https:\/\/modernteh.md\/ru\/catalog\/prelata-pentru-baloti-fan-si-paie-9-8-x-25-m\/","title":{"rendered":"Prelata pentru baloti fan si paie, 9.8 x 25 M"},"content":{"rendered":"<p class=\"product_title entry-title show-product-nav\"><em>Prelata pentru\u00a0<a href=\"https:\/\/agrozootehnie.md\/produs\/tocator-de-baloti-bbs-3kw-220v\/\">baloti<\/a>\u00a0fan si paie, 9.8 x 25 M<\/em><\/p>\n<p><em><strong>Caracteristic<\/strong><\/em><strong><a href=\"https:\/\/gardelina.md\/ro\/product\/tocator-de-furaje-si-cereale-bbs-3-kw-220v\/\"><em>i<\/em><\/a><\/strong><em><strong>\u00a0:<\/strong><\/em><\/p>\n<ul>\n<li><em>Prelata pentru protec\u021bia balotilor de fan si paie, dimensiune 9.8 x 25 metri<br \/>\n<\/em><\/li>\n<li><em>Conceputa special pentru protec\u021bia \u0219irelor de fan \u0219i paie<\/em><\/li>\n<li><em>Lasa aerul sa treaca asigurand astfel o ventilatie permanenta evitand astfel formarea condensului si a mucegaiului<\/em><\/li>\n<li><em>Mai putin sensibila la vant decat foliile<\/em><\/li>\n<li><em>Rezistenta indelungata<\/em><\/li>\n<li><em>Mentine calitatea fanului si paielor pe parcursul iernii<\/em><\/li>\n<li><em>Prelata pentru baloti fan si paie ofera protectie impotriva factorilor de poluare\u00a0<\/em><\/li>\n<\/ul>\n<p>&nbsp;<\/p>\n<div class=\"product-nav\">\n<div class=\"product-prev\">\n<fieldset>\n<legend>Balo\u021bi rotunzi de\u00a0<b>1,2\u00a0\u00d7\u00a01,2\u00a0m<\/b>\u00a0\u2013\u00a0<b>200<\/b>\u00a0buc\u0103\u021bi.<\/legend>\n<div>\n<figure class=\"image-box\"><img loading=\"lazy\" decoding=\"async\" class=\"alignnone\" title=\"Prelata pentru baloti fan si paie\" src=\"https:\/\/www.agroelectro.ro\/data\/files\/00\/000\/071\/00000071.jpg?1665089247\" alt=\"Prelata pentru baloti fan si paie\" width=\"663\" height=\"515\" \/><\/figure>\n<\/div>\n<\/fieldset>\n<fieldset>\n<legend>Balo\u021bi rotunzi de\u00a0<b>1,5\u00a0\u00d7\u00a01,2\u00a0m<\/b>\u00a0\u2013\u00a0<b>120<\/b>\u00a0buc\u0103\u021bi.<\/legend>\n<div>\n<figure class=\"image-box\"><img loading=\"lazy\" decoding=\"async\" class=\"alignnone\" title=\"Prelata pentru baloti fan si paie\" src=\"https:\/\/www.agroelectro.ro\/data\/files\/00\/000\/072\/00000072.jpg?1665089247\" alt=\"Prelata pentru baloti fan si paie\" width=\"671\" height=\"490\" \/><\/p>\n<div class=\"clearfix\"><\/div>\n<\/figure>\n<\/div>\n<\/fieldset>\n<fieldset>\n<legend>Balo\u021bi p\u0103tra\u021bi de\u00a0<b>1,2\u00a0\u00d7\u00a02,4\u00a0\u00d7\u00a00,9\u00a0m<\/b>\u00a0\u2013\u00a0<b>100<\/b>\u00a0buc\u0103\u021bi.<\/legend>\n<legend><img loading=\"lazy\" decoding=\"async\" class=\"alignnone\" title=\"Prelata pentru baloti fan si paie\" src=\"https:\/\/www.agroelectro.ro\/data\/files\/00\/000\/073\/00000073.jpg?1665089247\" alt=\"Prelata pentru baloti fan si paie\" width=\"742\" height=\"504\" \/><\/legend>\n<\/fieldset>\n<\/div>\n<\/div>\n<p>&nbsp;<\/p>\n<p>Dup\u0103 posibilit\u0103\u021bi, a\u0219eza\u021bi baloturile pe un suport (de exemplu palete) pentru a preveni contactul direct cu solul. \u00cen cazul baloturilor cubice, a\u0219eza\u021bi acestea la distan\u021be de 10-20\u00a0cm pentru a permite circula\u021bia aerului \u00eentre acestea.<\/p>\n<p>&nbsp;<\/p>\n<div>\n<div>\n<figure class=\"image-box\"><img loading=\"lazy\" decoding=\"async\" class=\"alignnone\" title=\"Prelata pentru baloti fan si paie\" src=\"https:\/\/www.agroelectro.ro\/data\/files\/00\/000\/054\/00000054.jpg?1665090040\" alt=\"Pere\u021bii laterali ai prelatei trebuie s\u0103 aib\u0103 un unghi de c\u0103dere de 45-60\u00b0\" width=\"1200\" height=\"717\" \/><\/figure>\n<\/div>\n<\/div>","protected":false},"excerpt":{"rendered":"<p>Prelata pentru\u00a0baloti\u00a0fan si paie, 9.8 x 25 M Caracteristici\u00a0: Prelata pentru protec\u021bia balotilor de fan si paie, dimensiune 9.8 x<\/p>","protected":false},"featured_media":4120,"template":"","meta":[],"product_cat":[181],"product_tag":[],"class_list":{"0":"post-4125","1":"product","2":"type-product","3":"status-publish","4":"has-post-thumbnail","6":"product_cat-utilaje-si-accesorii-ferma","8":"first","9":"instock","10":"sale","11":"shipping-taxable","12":"purchasable","13":"product-type-simple"},"yoast_head":"<!-- This site is optimized with the Yoast SEO plugin v20.12 - https:\/\/yoast.com\/wordpress\/plugins\/seo\/ -->\n<title>Prelata pentru baloti fan si paie, 9.8 x 25 M - Modernteh<\/title>\n<meta name=\"description\" content=\"Prelata pentru baloti fan si paie, 9.8 x 25 M\" \/>\n<meta name=\"robots\" content=\"index, follow, max-snippet:-1, max-image-preview:large, max-video-preview:-1\" \/>\n<link rel=\"canonical\" href=\"https:\/\/modernteh.md\/ru\/catalog\/prelata-pentru-baloti-fan-si-paie-9-8-x-25-m\/\" \/>\n<meta property=\"og:locale\" content=\"ru_RU\" \/>\n<meta property=\"og:type\" content=\"article\" \/>\n<meta property=\"og:title\" content=\"Prelata pentru baloti fan si paie, 9.8 x 25 M - Modernteh\" \/>\n<meta property=\"og:description\" content=\"Prelata pentru baloti fan si paie, 9.8 x 25 M\" \/>\n<meta property=\"og:url\" content=\"https:\/\/modernteh.md\/ru\/catalog\/prelata-pentru-baloti-fan-si-paie-9-8-x-25-m\/\" \/>\n<meta property=\"og:site_name\" content=\"Modernteh\" \/>\n<meta property=\"article:publisher\" content=\"https:\/\/www.facebook.com\/profile.php?id=100082695620019\" \/>\n<meta property=\"article:modified_time\" content=\"2025-09-05T08:34:30+00:00\" \/>\n<meta property=\"og:image\" content=\"https:\/\/modernteh.md\/wp-content\/uploads\/2024\/08\/prelata.webp\" \/>\n\t<meta property=\"og:image:width\" content=\"1200\" \/>\n\t<meta property=\"og:image:height\" content=\"1200\" \/>\n\t<meta property=\"og:image:type\" content=\"image\/webp\" \/>\n<meta name=\"twitter:card\" content=\"summary_large_image\" \/>\n<meta name=\"twitter:label1\" content=\"\u041f\u0440\u0438\u043c\u0435\u0440\u043d\u043e\u0435 \u0432\u0440\u0435\u043c\u044f \u0434\u043b\u044f \u0447\u0442\u0435\u043d\u0438\u044f\" \/>\n\t<meta name=\"twitter:data1\" content=\"2 \u043c\u0438\u043d\u0443\u0442\u044b\" \/>\n<script type=\"application\/ld+json\" class=\"yoast-schema-graph\">{\"@context\":\"https:\/\/schema.org\",\"@graph\":[{\"@type\":\"WebPage\",\"@id\":\"https:\/\/modernteh.md\/catalog\/prelata-pentru-baloti-fan-si-paie-9-8-x-25-m\/\",\"url\":\"https:\/\/modernteh.md\/catalog\/prelata-pentru-baloti-fan-si-paie-9-8-x-25-m\/\",\"name\":\"Prelata pentru baloti fan si paie, 9.8 x 25 M - Modernteh\",\"isPartOf\":{\"@id\":\"https:\/\/modernteh.md\/#website\"},\"datePublished\":\"2024-08-06T11:51:46+00:00\",\"dateModified\":\"2025-09-05T08:34:30+00:00\",\"description\":\"Prelata pentru baloti fan si paie, 9.8 x 25 M\",\"breadcrumb\":{\"@id\":\"https:\/\/modernteh.md\/catalog\/prelata-pentru-baloti-fan-si-paie-9-8-x-25-m\/#breadcrumb\"},\"inLanguage\":\"ru-RU\",\"potentialAction\":[{\"@type\":\"ReadAction\",\"target\":[\"https:\/\/modernteh.md\/catalog\/prelata-pentru-baloti-fan-si-paie-9-8-x-25-m\/\"]}]},{\"@type\":\"BreadcrumbList\",\"@id\":\"https:\/\/modernteh.md\/catalog\/prelata-pentru-baloti-fan-si-paie-9-8-x-25-m\/#breadcrumb\",\"itemListElement\":[{\"@type\":\"ListItem\",\"position\":1,\"name\":\"Prima pagin\u0103\",\"item\":\"https:\/\/modernteh.md\/\"},{\"@type\":\"ListItem\",\"position\":2,\"name\":\"Catalog\",\"item\":\"https:\/\/modernteh.md\/catalog\/\"},{\"@type\":\"ListItem\",\"position\":3,\"name\":\"Prelata pentru baloti fan si paie, 9.8 x 25 M\"}]},{\"@type\":\"WebSite\",\"@id\":\"https:\/\/modernteh.md\/#website\",\"url\":\"https:\/\/modernteh.md\/\",\"name\":\"Modernteh\",\"description\":\"Modernteh\",\"publisher\":{\"@id\":\"https:\/\/modernteh.md\/#organization\"},\"potentialAction\":[{\"@type\":\"SearchAction\",\"target\":{\"@type\":\"EntryPoint\",\"urlTemplate\":\"https:\/\/modernteh.md\/?s={search_term_string}\"},\"query-input\":\"required name=search_term_string\"}],\"inLanguage\":\"ru-RU\"},{\"@type\":\"Organization\",\"@id\":\"https:\/\/modernteh.md\/#organization\",\"name\":\"Modernteh\",\"url\":\"https:\/\/modernteh.md\/\",\"logo\":{\"@type\":\"ImageObject\",\"inLanguage\":\"ru-RU\",\"@id\":\"https:\/\/modernteh.md\/#\/schema\/logo\/image\/\",\"url\":\"https:\/\/modernteh.md\/wp-content\/uploads\/2022\/06\/Logo_site-2.png\",\"contentUrl\":\"https:\/\/modernteh.md\/wp-content\/uploads\/2022\/06\/Logo_site-2.png\",\"width\":500,\"height\":487,\"caption\":\"Modernteh\"},\"image\":{\"@id\":\"https:\/\/modernteh.md\/#\/schema\/logo\/image\/\"},\"sameAs\":[\"https:\/\/www.facebook.com\/profile.php?id=100082695620019\"]}]}<\/script>\n<!-- \/ Yoast SEO plugin. -->","yoast_head_json":{"title":"Prelata pentru baloti fan si paie, 9.8 x 25 M - Modernteh","description":"Prelata pentru baloti fan si paie, 9.8 x 25 M","robots":{"index":"index","follow":"follow","max-snippet":"max-snippet:-1","max-image-preview":"max-image-preview:large","max-video-preview":"max-video-preview:-1"},"canonical":"https:\/\/modernteh.md\/ru\/catalog\/prelata-pentru-baloti-fan-si-paie-9-8-x-25-m\/","og_locale":"ru_RU","og_type":"article","og_title":"Prelata pentru baloti fan si paie, 9.8 x 25 M - Modernteh","og_description":"Prelata pentru baloti fan si paie, 9.8 x 25 M","og_url":"https:\/\/modernteh.md\/ru\/catalog\/prelata-pentru-baloti-fan-si-paie-9-8-x-25-m\/","og_site_name":"Modernteh","article_publisher":"https:\/\/www.facebook.com\/profile.php?id=100082695620019","article_modified_time":"2025-09-05T08:34:30+00:00","og_image":[{"width":1200,"height":1200,"url":"https:\/\/modernteh.md\/wp-content\/uploads\/2024\/08\/prelata.webp","type":"image\/webp"}],"twitter_card":"summary_large_image","twitter_misc":{"\u041f\u0440\u0438\u043c\u0435\u0440\u043d\u043e\u0435 \u0432\u0440\u0435\u043c\u044f \u0434\u043b\u044f \u0447\u0442\u0435\u043d\u0438\u044f":"2 \u043c\u0438\u043d\u0443\u0442\u044b"},"schema":{"@context":"https:\/\/schema.org","@graph":[{"@type":"WebPage","@id":"https:\/\/modernteh.md\/catalog\/prelata-pentru-baloti-fan-si-paie-9-8-x-25-m\/","url":"https:\/\/modernteh.md\/catalog\/prelata-pentru-baloti-fan-si-paie-9-8-x-25-m\/","name":"Prelata pentru baloti fan si paie, 9.8 x 25 M - Modernteh","isPartOf":{"@id":"https:\/\/modernteh.md\/#website"},"datePublished":"2024-08-06T11:51:46+00:00","dateModified":"2025-09-05T08:34:30+00:00","description":"Prelata pentru baloti fan si paie, 9.8 x 25 M","breadcrumb":{"@id":"https:\/\/modernteh.md\/catalog\/prelata-pentru-baloti-fan-si-paie-9-8-x-25-m\/#breadcrumb"},"inLanguage":"ru-RU","potentialAction":[{"@type":"ReadAction","target":["https:\/\/modernteh.md\/catalog\/prelata-pentru-baloti-fan-si-paie-9-8-x-25-m\/"]}]},{"@type":"BreadcrumbList","@id":"https:\/\/modernteh.md\/catalog\/prelata-pentru-baloti-fan-si-paie-9-8-x-25-m\/#breadcrumb","itemListElement":[{"@type":"ListItem","position":1,"name":"Prima pagin\u0103","item":"https:\/\/modernteh.md\/"},{"@type":"ListItem","position":2,"name":"Catalog","item":"https:\/\/modernteh.md\/catalog\/"},{"@type":"ListItem","position":3,"name":"Prelata pentru baloti fan si paie, 9.8 x 25 M"}]},{"@type":"WebSite","@id":"https:\/\/modernteh.md\/#website","url":"https:\/\/modernteh.md\/","name":"Modernteh","description":"Modernteh","publisher":{"@id":"https:\/\/modernteh.md\/#organization"},"potentialAction":[{"@type":"SearchAction","target":{"@type":"EntryPoint","urlTemplate":"https:\/\/modernteh.md\/?s={search_term_string}"},"query-input":"required name=search_term_string"}],"inLanguage":"ru-RU"},{"@type":"Organization","@id":"https:\/\/modernteh.md\/#organization","name":"Modernteh","url":"https:\/\/modernteh.md\/","logo":{"@type":"ImageObject","inLanguage":"ru-RU","@id":"https:\/\/modernteh.md\/#\/schema\/logo\/image\/","url":"https:\/\/modernteh.md\/wp-content\/uploads\/2022\/06\/Logo_site-2.png","contentUrl":"https:\/\/modernteh.md\/wp-content\/uploads\/2022\/06\/Logo_site-2.png","width":500,"height":487,"caption":"Modernteh"},"image":{"@id":"https:\/\/modernteh.md\/#\/schema\/logo\/image\/"},"sameAs":["https:\/\/www.facebook.com\/profile.php?id=100082695620019"]}]}},"_links":{"self":[{"href":"https:\/\/modernteh.md\/ru\/wp-json\/wp\/v2\/product\/4125","targetHints":{"allow":["GET"]}}],"collection":[{"href":"https:\/\/modernteh.md\/ru\/wp-json\/wp\/v2\/product"}],"about":[{"href":"https:\/\/modernteh.md\/ru\/wp-json\/wp\/v2\/types\/product"}],"wp:featuredmedia":[{"embeddable":true,"href":"https:\/\/modernteh.md\/ru\/wp-json\/wp\/v2\/media\/4120"}],"wp:attachment":[{"href":"https:\/\/modernteh.md\/ru\/wp-json\/wp\/v2\/media?parent=4125"}],"wp:term":[{"taxonomy":"product_cat","embeddable":true,"href":"https:\/\/modernteh.md\/ru\/wp-json\/wp\/v2\/product_cat?post=4125"},{"taxonomy":"product_tag","embeddable":true,"href":"https:\/\/modernteh.md\/ru\/wp-json\/wp\/v2\/product_tag?post=4125"}],"curies":[{"name":"wp","href":"https:\/\/api.w.org\/{rel}","templated":true}]}}