{"id":4181,"date":"2024-09-09T11:32:27","date_gmt":"2024-09-09T11:32:27","guid":{"rendered":"https:\/\/modernteh.md\/?post_type=product&#038;p=4181"},"modified":"2025-06-23T13:23:33","modified_gmt":"2025-06-23T13:23:33","slug":"adapatoare-cu-tija-barbaros-5l","status":"publish","type":"product","link":"https:\/\/modernteh.md\/ru\/catalog\/adapatoare-cu-tija-barbaros-5l\/","title":{"rendered":"Adapatoare cu tija Barbaros 5l"},"content":{"rendered":"<h1 class=\"product_title entry-title wd-entities-title\">Adapatoare cu tija Barbaros 5l<\/h1>\n<p>Ad\u0103p\u0103toare bovine metal 5L<br \/>\nconfec\u021bionat\u0103 din metal;<br \/>\ncapacitate 5 litri;<br \/>\nsistem de prindere pe perete sau pe \u021beava<br \/>\nAd\u0103p\u0103toare bovine metal 5L i\u021bi va permite s\u0103 economise\u0219ti aproximativ 30% ap\u0103 \u00een compara\u021bie cu rezervorul de ap\u0103 tradi\u021bional. Aceasta permite s\u0103 p\u0103trund\u0103 cantitatea potrivit\u0103 de ap\u0103, asigur\u00e2nd o utilizare u\u0219oar\u0103, sigur\u0103 \u0219i convenabil\u0103 pentru vaci, oi, capre \u0219i cai, este perfect\u0103 pentru hidratarea zilnic\u0103 a animalelor. \u00cen cazul \u00een care medicul veterinar recomand\u0103 anumite medicamente solubile \u00een ap\u0103 pentru animalele tale, po\u021bi la fel de bine s\u0103 dizolvi medicamentul \u00een recipientul cu ap\u0103 (ad\u0103p\u0103toare).<\/p>\n<p>Beneficii ad\u0103p\u0103toare bovine metal:<\/p>\n<p>\u2013 ad\u0103p\u0103toare din metal pentru vaci, oi, capre \u0219i cai se bucur\u0103 de instalare u\u0219oar\u0103;<br \/>\n\u2013 nu necesit\u0103 verificarea continu\u0103 a apei;<br \/>\n\u2013 se bucur\u0103 de un design unic \u0219i v\u0103 va ajuta s\u0103 salvezi for\u021ba de munc\u0103 (timpul de lucru);<br \/>\n\u2013 tot ceea ce trebuie s\u0103 face\u021bi este s\u0103 v\u0103 asigura\u021bi c\u0103 \u021bevile se conecteaz\u0103 la ap\u0103 sau dac\u0103 rezervorul are ap\u0103.<\/p>\n<p>Avantaje ad\u0103p\u0103toare bovine metal:<\/p>\n<p>\u2013 se economise\u0219te aproximativ 30% ap\u0103 \u00een compara\u021bie cu rezervorul de ap\u0103 tradi\u021bional;<br \/>\n\u2013 se poate dizolva medicamentul animalelor \u00een recipientul cu ap\u0103 (ad\u0103patoare);<br \/>\n\u2013 utilizare u\u0219oar\u0103, sigur\u0103 \u0219i convenabil\u0103 ce nu necesit\u0103 verificarea continu\u0103 a apei<\/p>","protected":false},"excerpt":{"rendered":"<p>Adapatoare cu tija Barbaros 5l Ad\u0103p\u0103toare bovine metal 5L confec\u021bionat\u0103 din metal; capacitate 5 litri; sistem de prindere pe perete<\/p>","protected":false},"featured_media":4182,"template":"","meta":[],"product_cat":[125],"product_tag":[],"class_list":{"0":"post-4181","1":"product","2":"type-product","3":"status-publish","4":"has-post-thumbnail","6":"product_cat-adapatori-vaci-oi-porci","8":"first","9":"instock","10":"sale","11":"shipping-taxable","12":"purchasable","13":"product-type-simple"},"yoast_head":"<!-- This site is optimized with the Yoast SEO plugin v20.12 - https:\/\/yoast.com\/wordpress\/plugins\/seo\/ -->\n<title>Adapatoare cu tija Barbaros 5l - Modernteh<\/title>\n<meta name=\"description\" content=\"Adapatoare cu tija Barbaros 5l\" \/>\n<meta name=\"robots\" content=\"index, follow, max-snippet:-1, max-image-preview:large, max-video-preview:-1\" \/>\n<link rel=\"canonical\" href=\"https:\/\/modernteh.md\/ru\/catalog\/adapatoare-cu-tija-barbaros-5l\/\" \/>\n<meta property=\"og:locale\" content=\"ru_RU\" \/>\n<meta property=\"og:type\" content=\"article\" \/>\n<meta property=\"og:title\" content=\"Adapatoare cu tija Barbaros 5l - Modernteh\" \/>\n<meta property=\"og:description\" content=\"Adapatoare cu tija Barbaros 5l\" \/>\n<meta property=\"og:url\" content=\"https:\/\/modernteh.md\/ru\/catalog\/adapatoare-cu-tija-barbaros-5l\/\" \/>\n<meta property=\"og:site_name\" content=\"Modernteh\" \/>\n<meta property=\"article:publisher\" content=\"https:\/\/www.facebook.com\/profile.php?id=100082695620019\" \/>\n<meta property=\"article:modified_time\" content=\"2025-06-23T13:23:33+00:00\" \/>\n<meta property=\"og:image\" content=\"https:\/\/modernteh.md\/wp-content\/uploads\/2024\/09\/\u0438\u0437\u043e\u0431\u0440\u0430\u0436\u0435\u043d\u0438\u0435_viber_2024-06-13_12-51-26-715.png\" \/>\n\t<meta property=\"og:image:width\" content=\"810\" \/>\n\t<meta property=\"og:image:height\" content=\"1080\" \/>\n\t<meta property=\"og:image:type\" content=\"image\/png\" \/>\n<meta name=\"twitter:card\" content=\"summary_large_image\" \/>\n<meta name=\"twitter:label1\" content=\"\u041f\u0440\u0438\u043c\u0435\u0440\u043d\u043e\u0435 \u0432\u0440\u0435\u043c\u044f \u0434\u043b\u044f \u0447\u0442\u0435\u043d\u0438\u044f\" \/>\n\t<meta name=\"twitter:data1\" content=\"2 \u043c\u0438\u043d\u0443\u0442\u044b\" \/>\n<script type=\"application\/ld+json\" class=\"yoast-schema-graph\">{\"@context\":\"https:\/\/schema.org\",\"@graph\":[{\"@type\":\"WebPage\",\"@id\":\"https:\/\/modernteh.md\/catalog\/adapatoare-cu-tija-barbaros-5l\/\",\"url\":\"https:\/\/modernteh.md\/catalog\/adapatoare-cu-tija-barbaros-5l\/\",\"name\":\"Adapatoare cu tija Barbaros 5l - Modernteh\",\"isPartOf\":{\"@id\":\"https:\/\/modernteh.md\/#website\"},\"datePublished\":\"2024-09-09T11:32:27+00:00\",\"dateModified\":\"2025-06-23T13:23:33+00:00\",\"description\":\"Adapatoare cu tija Barbaros 5l\",\"breadcrumb\":{\"@id\":\"https:\/\/modernteh.md\/catalog\/adapatoare-cu-tija-barbaros-5l\/#breadcrumb\"},\"inLanguage\":\"ru-RU\",\"potentialAction\":[{\"@type\":\"ReadAction\",\"target\":[\"https:\/\/modernteh.md\/catalog\/adapatoare-cu-tija-barbaros-5l\/\"]}]},{\"@type\":\"BreadcrumbList\",\"@id\":\"https:\/\/modernteh.md\/catalog\/adapatoare-cu-tija-barbaros-5l\/#breadcrumb\",\"itemListElement\":[{\"@type\":\"ListItem\",\"position\":1,\"name\":\"Prima pagin\u0103\",\"item\":\"https:\/\/modernteh.md\/\"},{\"@type\":\"ListItem\",\"position\":2,\"name\":\"Catalog\",\"item\":\"https:\/\/modernteh.md\/catalog\/\"},{\"@type\":\"ListItem\",\"position\":3,\"name\":\"Adapatoare cu tija Barbaros 5l\"}]},{\"@type\":\"WebSite\",\"@id\":\"https:\/\/modernteh.md\/#website\",\"url\":\"https:\/\/modernteh.md\/\",\"name\":\"Modernteh\",\"description\":\"Modernteh\",\"publisher\":{\"@id\":\"https:\/\/modernteh.md\/#organization\"},\"potentialAction\":[{\"@type\":\"SearchAction\",\"target\":{\"@type\":\"EntryPoint\",\"urlTemplate\":\"https:\/\/modernteh.md\/?s={search_term_string}\"},\"query-input\":\"required name=search_term_string\"}],\"inLanguage\":\"ru-RU\"},{\"@type\":\"Organization\",\"@id\":\"https:\/\/modernteh.md\/#organization\",\"name\":\"Modernteh\",\"url\":\"https:\/\/modernteh.md\/\",\"logo\":{\"@type\":\"ImageObject\",\"inLanguage\":\"ru-RU\",\"@id\":\"https:\/\/modernteh.md\/#\/schema\/logo\/image\/\",\"url\":\"https:\/\/modernteh.md\/wp-content\/uploads\/2022\/06\/Logo_site-2.png\",\"contentUrl\":\"https:\/\/modernteh.md\/wp-content\/uploads\/2022\/06\/Logo_site-2.png\",\"width\":500,\"height\":487,\"caption\":\"Modernteh\"},\"image\":{\"@id\":\"https:\/\/modernteh.md\/#\/schema\/logo\/image\/\"},\"sameAs\":[\"https:\/\/www.facebook.com\/profile.php?id=100082695620019\"]}]}<\/script>\n<!-- \/ Yoast SEO plugin. -->","yoast_head_json":{"title":"Adapatoare cu tija Barbaros 5l - Modernteh","description":"Adapatoare cu tija Barbaros 5l","robots":{"index":"index","follow":"follow","max-snippet":"max-snippet:-1","max-image-preview":"max-image-preview:large","max-video-preview":"max-video-preview:-1"},"canonical":"https:\/\/modernteh.md\/ru\/catalog\/adapatoare-cu-tija-barbaros-5l\/","og_locale":"ru_RU","og_type":"article","og_title":"Adapatoare cu tija Barbaros 5l - Modernteh","og_description":"Adapatoare cu tija Barbaros 5l","og_url":"https:\/\/modernteh.md\/ru\/catalog\/adapatoare-cu-tija-barbaros-5l\/","og_site_name":"Modernteh","article_publisher":"https:\/\/www.facebook.com\/profile.php?id=100082695620019","article_modified_time":"2025-06-23T13:23:33+00:00","og_image":[{"width":810,"height":1080,"url":"https:\/\/modernteh.md\/wp-content\/uploads\/2024\/09\/\u0438\u0437\u043e\u0431\u0440\u0430\u0436\u0435\u043d\u0438\u0435_viber_2024-06-13_12-51-26-715.png","type":"image\/png"}],"twitter_card":"summary_large_image","twitter_misc":{"\u041f\u0440\u0438\u043c\u0435\u0440\u043d\u043e\u0435 \u0432\u0440\u0435\u043c\u044f \u0434\u043b\u044f \u0447\u0442\u0435\u043d\u0438\u044f":"2 \u043c\u0438\u043d\u0443\u0442\u044b"},"schema":{"@context":"https:\/\/schema.org","@graph":[{"@type":"WebPage","@id":"https:\/\/modernteh.md\/catalog\/adapatoare-cu-tija-barbaros-5l\/","url":"https:\/\/modernteh.md\/catalog\/adapatoare-cu-tija-barbaros-5l\/","name":"Adapatoare cu tija Barbaros 5l - Modernteh","isPartOf":{"@id":"https:\/\/modernteh.md\/#website"},"datePublished":"2024-09-09T11:32:27+00:00","dateModified":"2025-06-23T13:23:33+00:00","description":"Adapatoare cu tija Barbaros 5l","breadcrumb":{"@id":"https:\/\/modernteh.md\/catalog\/adapatoare-cu-tija-barbaros-5l\/#breadcrumb"},"inLanguage":"ru-RU","potentialAction":[{"@type":"ReadAction","target":["https:\/\/modernteh.md\/catalog\/adapatoare-cu-tija-barbaros-5l\/"]}]},{"@type":"BreadcrumbList","@id":"https:\/\/modernteh.md\/catalog\/adapatoare-cu-tija-barbaros-5l\/#breadcrumb","itemListElement":[{"@type":"ListItem","position":1,"name":"Prima pagin\u0103","item":"https:\/\/modernteh.md\/"},{"@type":"ListItem","position":2,"name":"Catalog","item":"https:\/\/modernteh.md\/catalog\/"},{"@type":"ListItem","position":3,"name":"Adapatoare cu tija Barbaros 5l"}]},{"@type":"WebSite","@id":"https:\/\/modernteh.md\/#website","url":"https:\/\/modernteh.md\/","name":"Modernteh","description":"Modernteh","publisher":{"@id":"https:\/\/modernteh.md\/#organization"},"potentialAction":[{"@type":"SearchAction","target":{"@type":"EntryPoint","urlTemplate":"https:\/\/modernteh.md\/?s={search_term_string}"},"query-input":"required name=search_term_string"}],"inLanguage":"ru-RU"},{"@type":"Organization","@id":"https:\/\/modernteh.md\/#organization","name":"Modernteh","url":"https:\/\/modernteh.md\/","logo":{"@type":"ImageObject","inLanguage":"ru-RU","@id":"https:\/\/modernteh.md\/#\/schema\/logo\/image\/","url":"https:\/\/modernteh.md\/wp-content\/uploads\/2022\/06\/Logo_site-2.png","contentUrl":"https:\/\/modernteh.md\/wp-content\/uploads\/2022\/06\/Logo_site-2.png","width":500,"height":487,"caption":"Modernteh"},"image":{"@id":"https:\/\/modernteh.md\/#\/schema\/logo\/image\/"},"sameAs":["https:\/\/www.facebook.com\/profile.php?id=100082695620019"]}]}},"_links":{"self":[{"href":"https:\/\/modernteh.md\/ru\/wp-json\/wp\/v2\/product\/4181","targetHints":{"allow":["GET"]}}],"collection":[{"href":"https:\/\/modernteh.md\/ru\/wp-json\/wp\/v2\/product"}],"about":[{"href":"https:\/\/modernteh.md\/ru\/wp-json\/wp\/v2\/types\/product"}],"wp:featuredmedia":[{"embeddable":true,"href":"https:\/\/modernteh.md\/ru\/wp-json\/wp\/v2\/media\/4182"}],"wp:attachment":[{"href":"https:\/\/modernteh.md\/ru\/wp-json\/wp\/v2\/media?parent=4181"}],"wp:term":[{"taxonomy":"product_cat","embeddable":true,"href":"https:\/\/modernteh.md\/ru\/wp-json\/wp\/v2\/product_cat?post=4181"},{"taxonomy":"product_tag","embeddable":true,"href":"https:\/\/modernteh.md\/ru\/wp-json\/wp\/v2\/product_tag?post=4181"}],"curies":[{"name":"wp","href":"https:\/\/api.w.org\/{rel}","templated":true}]}}