{"id":4239,"date":"2024-10-31T10:19:09","date_gmt":"2024-10-31T10:19:09","guid":{"rendered":"https:\/\/modernteh.md\/?post_type=product&#038;p=4239"},"modified":"2024-10-31T10:19:10","modified_gmt":"2024-10-31T10:19:10","slug":"spalatoare-grupuri-de-muls-capre-oi","status":"publish","type":"product","link":"https:\/\/modernteh.md\/ru\/catalog\/spalatoare-grupuri-de-muls-capre-oi\/","title":{"rendered":"Spalatoare grupuri de muls capre\/oi"},"content":{"rendered":"<h1 class=\"product_title entry-title wd-entities-title\">Spalatoare grupuri de muls capre\/oi<\/h1>\n<p><a href=\"https:\/\/agrozootehnie.md\/produs\/spalatoare-grupuri-de-muls-capre-oi\/\">Spalatoare<\/a>\u00a0grupuri de muls capre\/oi cur\u0103\u021b\u0103 eficient echipamentele de muls. Astfel previne contaminarea laptelui \u0219i pentru a men\u021bine un mediu de lucru curat<a href=\"https:\/\/gardelina.md\/ro\/\">.\u00a0<\/a><\/p>\n<p>Asigur\u0103 eliminarea bacteriilor \u0219i a reziduurilor de lapte, prevenind contaminarea. Simplific\u0103 procesul de cur\u0103\u021bare \u0219i reduc efortul manual.<\/p>\n<p><strong>Etapele de spalare a sistemelor de muls:<\/strong><\/p>\n<ul>\n<li><strong>Preg\u0103tire<\/strong>: Echipamentele de muls sunt deconectate \u0219i conectate la sistemul de sp\u0103lare.<\/li>\n<li><strong>Rinsoare<\/strong>: O cl\u0103tire ini\u021bial\u0103 cu ap\u0103 rece sau cald\u0103 pentru a \u00eendep\u0103rta reziduurile de lapte.<\/li>\n<li><strong>Sp\u0103lare cu detergent<\/strong>: Introducerea unei solu\u021bii de\u00a0<a href=\"https:\/\/agrozootehnie.md\/produs\/detergent-universal-pentru-spalarea-sistemului-de-muls-1l\/\">detergent<\/a>\u00a0pentru a dizolva \u0219i elimina gr\u0103simile \u0219i proteinele r\u0103mase.<\/li>\n<li><strong>Cl\u0103tire final\u0103<\/strong>: O cl\u0103tire cu ap\u0103 cald\u0103 sau rece pentru a \u00eendep\u0103rta orice reziduuri de detergent.<\/li>\n<li><strong>Dezinfectare<\/strong>: Un ciclu final de dezinfectare pentru a elimina bacteriile \u0219i microorganismele.<\/li>\n<\/ul>","protected":false},"excerpt":{"rendered":"<p>Spalatoare grupuri de muls capre\/oi Spalatoare\u00a0grupuri de muls capre\/oi cur\u0103\u021b\u0103 eficient echipamentele de muls. Astfel previne contaminarea laptelui \u0219i pentru<\/p>","protected":false},"featured_media":4240,"template":"","meta":[],"product_cat":[101],"product_tag":[],"class_list":{"0":"post-4239","1":"product","2":"type-product","3":"status-publish","4":"has-post-thumbnail","6":"product_cat-piese-de-schimb-aparate-de-muls","8":"first","9":"instock","10":"shipping-taxable","11":"purchasable","12":"product-type-simple"},"yoast_head":"<!-- This site is optimized with the Yoast SEO plugin v20.12 - https:\/\/yoast.com\/wordpress\/plugins\/seo\/ -->\n<title>Spalatoare grupuri de muls capre\/oi - Modernteh<\/title>\n<meta name=\"description\" content=\"Spalatoare grupuri de muls capre\/oi\" \/>\n<meta name=\"robots\" content=\"index, follow, max-snippet:-1, max-image-preview:large, max-video-preview:-1\" \/>\n<link rel=\"canonical\" href=\"https:\/\/modernteh.md\/ru\/catalog\/spalatoare-grupuri-de-muls-capre-oi\/\" \/>\n<meta property=\"og:locale\" content=\"ru_RU\" \/>\n<meta property=\"og:type\" content=\"article\" \/>\n<meta property=\"og:title\" content=\"Spalatoare grupuri de muls capre\/oi - Modernteh\" \/>\n<meta property=\"og:description\" content=\"Spalatoare grupuri de muls capre\/oi\" \/>\n<meta property=\"og:url\" content=\"https:\/\/modernteh.md\/ru\/catalog\/spalatoare-grupuri-de-muls-capre-oi\/\" \/>\n<meta property=\"og:site_name\" content=\"Modernteh\" \/>\n<meta property=\"article:publisher\" content=\"https:\/\/www.facebook.com\/profile.php?id=100082695620019\" \/>\n<meta property=\"article:modified_time\" content=\"2024-10-31T10:19:10+00:00\" \/>\n<meta property=\"og:image\" content=\"https:\/\/modernteh.md\/wp-content\/uploads\/2024\/10\/Design-fara-titlu-23-700x700-1.webp\" \/>\n\t<meta property=\"og:image:width\" content=\"700\" \/>\n\t<meta property=\"og:image:height\" content=\"700\" \/>\n\t<meta property=\"og:image:type\" content=\"image\/webp\" \/>\n<meta name=\"twitter:card\" content=\"summary_large_image\" \/>\n<meta name=\"twitter:label1\" content=\"\u041f\u0440\u0438\u043c\u0435\u0440\u043d\u043e\u0435 \u0432\u0440\u0435\u043c\u044f \u0434\u043b\u044f \u0447\u0442\u0435\u043d\u0438\u044f\" \/>\n\t<meta name=\"twitter:data1\" content=\"1 \u043c\u0438\u043d\u0443\u0442\u0430\" \/>\n<script type=\"application\/ld+json\" class=\"yoast-schema-graph\">{\"@context\":\"https:\/\/schema.org\",\"@graph\":[{\"@type\":\"WebPage\",\"@id\":\"https:\/\/modernteh.md\/catalog\/spalatoare-grupuri-de-muls-capre-oi\/\",\"url\":\"https:\/\/modernteh.md\/catalog\/spalatoare-grupuri-de-muls-capre-oi\/\",\"name\":\"Spalatoare grupuri de muls capre\/oi - Modernteh\",\"isPartOf\":{\"@id\":\"https:\/\/modernteh.md\/#website\"},\"datePublished\":\"2024-10-31T10:19:09+00:00\",\"dateModified\":\"2024-10-31T10:19:10+00:00\",\"description\":\"Spalatoare grupuri de muls capre\/oi\",\"breadcrumb\":{\"@id\":\"https:\/\/modernteh.md\/catalog\/spalatoare-grupuri-de-muls-capre-oi\/#breadcrumb\"},\"inLanguage\":\"ru-RU\",\"potentialAction\":[{\"@type\":\"ReadAction\",\"target\":[\"https:\/\/modernteh.md\/catalog\/spalatoare-grupuri-de-muls-capre-oi\/\"]}]},{\"@type\":\"BreadcrumbList\",\"@id\":\"https:\/\/modernteh.md\/catalog\/spalatoare-grupuri-de-muls-capre-oi\/#breadcrumb\",\"itemListElement\":[{\"@type\":\"ListItem\",\"position\":1,\"name\":\"Prima pagin\u0103\",\"item\":\"https:\/\/modernteh.md\/\"},{\"@type\":\"ListItem\",\"position\":2,\"name\":\"Catalog\",\"item\":\"https:\/\/modernteh.md\/catalog\/\"},{\"@type\":\"ListItem\",\"position\":3,\"name\":\"Spalatoare grupuri de muls capre\/oi\"}]},{\"@type\":\"WebSite\",\"@id\":\"https:\/\/modernteh.md\/#website\",\"url\":\"https:\/\/modernteh.md\/\",\"name\":\"Modernteh\",\"description\":\"Modernteh\",\"publisher\":{\"@id\":\"https:\/\/modernteh.md\/#organization\"},\"potentialAction\":[{\"@type\":\"SearchAction\",\"target\":{\"@type\":\"EntryPoint\",\"urlTemplate\":\"https:\/\/modernteh.md\/?s={search_term_string}\"},\"query-input\":\"required name=search_term_string\"}],\"inLanguage\":\"ru-RU\"},{\"@type\":\"Organization\",\"@id\":\"https:\/\/modernteh.md\/#organization\",\"name\":\"Modernteh\",\"url\":\"https:\/\/modernteh.md\/\",\"logo\":{\"@type\":\"ImageObject\",\"inLanguage\":\"ru-RU\",\"@id\":\"https:\/\/modernteh.md\/#\/schema\/logo\/image\/\",\"url\":\"https:\/\/modernteh.md\/wp-content\/uploads\/2022\/06\/Logo_site-2.png\",\"contentUrl\":\"https:\/\/modernteh.md\/wp-content\/uploads\/2022\/06\/Logo_site-2.png\",\"width\":500,\"height\":487,\"caption\":\"Modernteh\"},\"image\":{\"@id\":\"https:\/\/modernteh.md\/#\/schema\/logo\/image\/\"},\"sameAs\":[\"https:\/\/www.facebook.com\/profile.php?id=100082695620019\"]}]}<\/script>\n<!-- \/ Yoast SEO plugin. -->","yoast_head_json":{"title":"Spalatoare grupuri de muls capre\/oi - Modernteh","description":"Spalatoare grupuri de muls capre\/oi","robots":{"index":"index","follow":"follow","max-snippet":"max-snippet:-1","max-image-preview":"max-image-preview:large","max-video-preview":"max-video-preview:-1"},"canonical":"https:\/\/modernteh.md\/ru\/catalog\/spalatoare-grupuri-de-muls-capre-oi\/","og_locale":"ru_RU","og_type":"article","og_title":"Spalatoare grupuri de muls capre\/oi - Modernteh","og_description":"Spalatoare grupuri de muls capre\/oi","og_url":"https:\/\/modernteh.md\/ru\/catalog\/spalatoare-grupuri-de-muls-capre-oi\/","og_site_name":"Modernteh","article_publisher":"https:\/\/www.facebook.com\/profile.php?id=100082695620019","article_modified_time":"2024-10-31T10:19:10+00:00","og_image":[{"width":700,"height":700,"url":"https:\/\/modernteh.md\/wp-content\/uploads\/2024\/10\/Design-fara-titlu-23-700x700-1.webp","type":"image\/webp"}],"twitter_card":"summary_large_image","twitter_misc":{"\u041f\u0440\u0438\u043c\u0435\u0440\u043d\u043e\u0435 \u0432\u0440\u0435\u043c\u044f \u0434\u043b\u044f \u0447\u0442\u0435\u043d\u0438\u044f":"1 \u043c\u0438\u043d\u0443\u0442\u0430"},"schema":{"@context":"https:\/\/schema.org","@graph":[{"@type":"WebPage","@id":"https:\/\/modernteh.md\/catalog\/spalatoare-grupuri-de-muls-capre-oi\/","url":"https:\/\/modernteh.md\/catalog\/spalatoare-grupuri-de-muls-capre-oi\/","name":"Spalatoare grupuri de muls capre\/oi - Modernteh","isPartOf":{"@id":"https:\/\/modernteh.md\/#website"},"datePublished":"2024-10-31T10:19:09+00:00","dateModified":"2024-10-31T10:19:10+00:00","description":"Spalatoare grupuri de muls capre\/oi","breadcrumb":{"@id":"https:\/\/modernteh.md\/catalog\/spalatoare-grupuri-de-muls-capre-oi\/#breadcrumb"},"inLanguage":"ru-RU","potentialAction":[{"@type":"ReadAction","target":["https:\/\/modernteh.md\/catalog\/spalatoare-grupuri-de-muls-capre-oi\/"]}]},{"@type":"BreadcrumbList","@id":"https:\/\/modernteh.md\/catalog\/spalatoare-grupuri-de-muls-capre-oi\/#breadcrumb","itemListElement":[{"@type":"ListItem","position":1,"name":"Prima pagin\u0103","item":"https:\/\/modernteh.md\/"},{"@type":"ListItem","position":2,"name":"Catalog","item":"https:\/\/modernteh.md\/catalog\/"},{"@type":"ListItem","position":3,"name":"Spalatoare grupuri de muls capre\/oi"}]},{"@type":"WebSite","@id":"https:\/\/modernteh.md\/#website","url":"https:\/\/modernteh.md\/","name":"Modernteh","description":"Modernteh","publisher":{"@id":"https:\/\/modernteh.md\/#organization"},"potentialAction":[{"@type":"SearchAction","target":{"@type":"EntryPoint","urlTemplate":"https:\/\/modernteh.md\/?s={search_term_string}"},"query-input":"required name=search_term_string"}],"inLanguage":"ru-RU"},{"@type":"Organization","@id":"https:\/\/modernteh.md\/#organization","name":"Modernteh","url":"https:\/\/modernteh.md\/","logo":{"@type":"ImageObject","inLanguage":"ru-RU","@id":"https:\/\/modernteh.md\/#\/schema\/logo\/image\/","url":"https:\/\/modernteh.md\/wp-content\/uploads\/2022\/06\/Logo_site-2.png","contentUrl":"https:\/\/modernteh.md\/wp-content\/uploads\/2022\/06\/Logo_site-2.png","width":500,"height":487,"caption":"Modernteh"},"image":{"@id":"https:\/\/modernteh.md\/#\/schema\/logo\/image\/"},"sameAs":["https:\/\/www.facebook.com\/profile.php?id=100082695620019"]}]}},"_links":{"self":[{"href":"https:\/\/modernteh.md\/ru\/wp-json\/wp\/v2\/product\/4239","targetHints":{"allow":["GET"]}}],"collection":[{"href":"https:\/\/modernteh.md\/ru\/wp-json\/wp\/v2\/product"}],"about":[{"href":"https:\/\/modernteh.md\/ru\/wp-json\/wp\/v2\/types\/product"}],"wp:featuredmedia":[{"embeddable":true,"href":"https:\/\/modernteh.md\/ru\/wp-json\/wp\/v2\/media\/4240"}],"wp:attachment":[{"href":"https:\/\/modernteh.md\/ru\/wp-json\/wp\/v2\/media?parent=4239"}],"wp:term":[{"taxonomy":"product_cat","embeddable":true,"href":"https:\/\/modernteh.md\/ru\/wp-json\/wp\/v2\/product_cat?post=4239"},{"taxonomy":"product_tag","embeddable":true,"href":"https:\/\/modernteh.md\/ru\/wp-json\/wp\/v2\/product_tag?post=4239"}],"curies":[{"name":"wp","href":"https:\/\/api.w.org\/{rel}","templated":true}]}}