{"id":4301,"date":"2024-12-05T13:42:40","date_gmt":"2024-12-05T13:42:40","guid":{"rendered":"https:\/\/modernteh.md\/?post_type=product&#038;p=4301"},"modified":"2024-12-05T13:46:16","modified_gmt":"2024-12-05T13:46:16","slug":"eleveioza-pentru-bec-infrarosu","status":"publish","type":"product","link":"https:\/\/modernteh.md\/ru\/catalog\/eleveioza-pentru-bec-infrarosu\/","title":{"rendered":"Eleveioza pentru bec infrarosu"},"content":{"rendered":"<p class=\"product_title entry-title show-product-nav\">Eleveioza pentru bec infrarosu , cablu 2.5 m.<\/p>\n<p><em>Carcasa de protectie pentru bec infrarosu.<\/em><\/p>\n<p><em>Suport pentru bec infrarosu din otel inoxidabil.\u00a0<\/em><\/p>\n<p><em>Permite functionarea lampii la putere maxim\u0103 sau la o putere de 50%.<\/em><\/p>\n<p><em><strong>Lungime cablu<\/strong>: 2,5m<\/em><br \/>\n<em><strong>Lungimea lantului de fixare<\/strong>: 2m.<\/em><\/p>\n<p>Folosit pentru \u00eenc\u0103lzirea puilor, purceilor, vi\u021beilor, oilor sau altor animale tinere, \u0219i asigur\u0103 un mediu cald \u0219i confortabil.<\/p>\n<div class=\"flex max-w-full flex-col flex-grow\">\n<div class=\"min-h-8 text-message flex w-full flex-col items-end gap-2 whitespace-normal break-words [.text-message+&amp;]:mt-5\" dir=\"auto\" data-message-author-role=\"assistant\" data-message-id=\"aa631a07-5e05-4cc3-a5a3-f2cf80cb52a2\" data-message-model-slug=\"gpt-4o\">\n<div class=\"flex w-full flex-col gap-1 empty:hidden first:pt-[3px]\">\n<div class=\"markdown prose w-full break-words dark:prose-invert light\">\n<p>Prin radia\u021bia infraro\u0219ie, c\u0103ldura este transmis\u0103 direct, eficient \u0219i rapid.<\/p>\n<\/div>\n<\/div>\n<\/div>\n<\/div>\n<p><em>Lampa pentru becul infrarosu indeplineste standardele CE.\u00a0<\/em><\/p>\n<p><em>Carcasa NU se livreaza cu bec infrarosu! Becuri infraro\u0219u potrivite pentru aceast\u0103 lamp\u0103 le g\u0103si\u021bi\u00a0<a href=\"https:\/\/agrozootehnie.md\/produs\/bec-infrarosu-175w\/?preview_id=23309&amp;preview_nonce=58ad3df466&amp;_thumbnail_id=23312&amp;preview=true\">aici<\/a>.\u00a0<\/em><\/p>\n<p><span style=\"color: #ffffff;\">Eleveioza pentru bec infrarosu<em><a style=\"color: #ffffff;\" href=\"https:\/\/modernteh.md\/catalog\/elevator-bovine-900kg\/\">.\u00a0<\/a>a s s l\u00a0 l<\/em><\/span><\/p>","protected":false},"excerpt":{"rendered":"<p>Eleveioza pentru bec infrarosu , cablu 2.5 m. Carcasa de protectie pentru bec infrarosu. Suport pentru bec infrarosu din otel<\/p>","protected":false},"featured_media":4302,"template":"","meta":[],"product_cat":[179],"product_tag":[],"class_list":{"0":"post-4301","1":"product","2":"type-product","3":"status-publish","4":"has-post-thumbnail","6":"product_cat-termosuflante-si-incalzitoare-electrice","8":"first","9":"instock","10":"shipping-taxable","11":"purchasable","12":"product-type-simple"},"yoast_head":"<!-- This site is optimized with the Yoast SEO plugin v20.12 - https:\/\/yoast.com\/wordpress\/plugins\/seo\/ -->\n<title>Eleveioza pentru bec infrarosu - Modernteh<\/title>\n<meta name=\"description\" content=\"Eleveioza pentru bec infrarosu. Folosit pentru \u00eenc\u0103lzirea puilor, purceilor, vi\u021beilor, oilor sau altor animale tinere, \u0219i asigur\u0103 un mediu cald si ...\" \/>\n<meta name=\"robots\" content=\"index, follow, max-snippet:-1, max-image-preview:large, max-video-preview:-1\" \/>\n<link rel=\"canonical\" href=\"https:\/\/modernteh.md\/ru\/catalog\/eleveioza-pentru-bec-infrarosu\/\" \/>\n<meta property=\"og:locale\" content=\"ru_RU\" \/>\n<meta property=\"og:type\" content=\"article\" \/>\n<meta property=\"og:title\" content=\"Eleveioza pentru bec infrarosu - Modernteh\" \/>\n<meta property=\"og:description\" content=\"Eleveioza pentru bec infrarosu. Folosit pentru \u00eenc\u0103lzirea puilor, purceilor, vi\u021beilor, oilor sau altor animale tinere, \u0219i asigur\u0103 un mediu cald si ...\" \/>\n<meta property=\"og:url\" content=\"https:\/\/modernteh.md\/ru\/catalog\/eleveioza-pentru-bec-infrarosu\/\" \/>\n<meta property=\"og:site_name\" content=\"Modernteh\" \/>\n<meta property=\"article:publisher\" content=\"https:\/\/www.facebook.com\/profile.php?id=100082695620019\" \/>\n<meta property=\"article:modified_time\" content=\"2024-12-05T13:46:16+00:00\" \/>\n<meta property=\"og:image\" content=\"https:\/\/modernteh.md\/wp-content\/uploads\/2024\/12\/116605001_support_lampe_ipx4_avec_economisuer-600x600-1.jpg\" \/>\n\t<meta property=\"og:image:width\" content=\"600\" \/>\n\t<meta property=\"og:image:height\" content=\"600\" \/>\n\t<meta property=\"og:image:type\" content=\"image\/jpeg\" \/>\n<meta name=\"twitter:card\" content=\"summary_large_image\" \/>\n<meta name=\"twitter:label1\" content=\"\u041f\u0440\u0438\u043c\u0435\u0440\u043d\u043e\u0435 \u0432\u0440\u0435\u043c\u044f \u0434\u043b\u044f \u0447\u0442\u0435\u043d\u0438\u044f\" \/>\n\t<meta name=\"twitter:data1\" content=\"1 \u043c\u0438\u043d\u0443\u0442\u0430\" \/>\n<script type=\"application\/ld+json\" class=\"yoast-schema-graph\">{\"@context\":\"https:\/\/schema.org\",\"@graph\":[{\"@type\":\"WebPage\",\"@id\":\"https:\/\/modernteh.md\/catalog\/eleveioza-pentru-bec-infrarosu\/\",\"url\":\"https:\/\/modernteh.md\/catalog\/eleveioza-pentru-bec-infrarosu\/\",\"name\":\"Eleveioza pentru bec infrarosu - Modernteh\",\"isPartOf\":{\"@id\":\"https:\/\/modernteh.md\/#website\"},\"datePublished\":\"2024-12-05T13:42:40+00:00\",\"dateModified\":\"2024-12-05T13:46:16+00:00\",\"description\":\"Eleveioza pentru bec infrarosu. Folosit pentru \u00eenc\u0103lzirea puilor, purceilor, vi\u021beilor, oilor sau altor animale tinere, \u0219i asigur\u0103 un mediu cald si ...\",\"breadcrumb\":{\"@id\":\"https:\/\/modernteh.md\/catalog\/eleveioza-pentru-bec-infrarosu\/#breadcrumb\"},\"inLanguage\":\"ru-RU\",\"potentialAction\":[{\"@type\":\"ReadAction\",\"target\":[\"https:\/\/modernteh.md\/catalog\/eleveioza-pentru-bec-infrarosu\/\"]}]},{\"@type\":\"BreadcrumbList\",\"@id\":\"https:\/\/modernteh.md\/catalog\/eleveioza-pentru-bec-infrarosu\/#breadcrumb\",\"itemListElement\":[{\"@type\":\"ListItem\",\"position\":1,\"name\":\"Prima pagin\u0103\",\"item\":\"https:\/\/modernteh.md\/\"},{\"@type\":\"ListItem\",\"position\":2,\"name\":\"Catalog\",\"item\":\"https:\/\/modernteh.md\/catalog\/\"},{\"@type\":\"ListItem\",\"position\":3,\"name\":\"Eleveioza pentru bec infrarosu\"}]},{\"@type\":\"WebSite\",\"@id\":\"https:\/\/modernteh.md\/#website\",\"url\":\"https:\/\/modernteh.md\/\",\"name\":\"Modernteh\",\"description\":\"Modernteh\",\"publisher\":{\"@id\":\"https:\/\/modernteh.md\/#organization\"},\"potentialAction\":[{\"@type\":\"SearchAction\",\"target\":{\"@type\":\"EntryPoint\",\"urlTemplate\":\"https:\/\/modernteh.md\/?s={search_term_string}\"},\"query-input\":\"required name=search_term_string\"}],\"inLanguage\":\"ru-RU\"},{\"@type\":\"Organization\",\"@id\":\"https:\/\/modernteh.md\/#organization\",\"name\":\"Modernteh\",\"url\":\"https:\/\/modernteh.md\/\",\"logo\":{\"@type\":\"ImageObject\",\"inLanguage\":\"ru-RU\",\"@id\":\"https:\/\/modernteh.md\/#\/schema\/logo\/image\/\",\"url\":\"https:\/\/modernteh.md\/wp-content\/uploads\/2022\/06\/Logo_site-2.png\",\"contentUrl\":\"https:\/\/modernteh.md\/wp-content\/uploads\/2022\/06\/Logo_site-2.png\",\"width\":500,\"height\":487,\"caption\":\"Modernteh\"},\"image\":{\"@id\":\"https:\/\/modernteh.md\/#\/schema\/logo\/image\/\"},\"sameAs\":[\"https:\/\/www.facebook.com\/profile.php?id=100082695620019\"]}]}<\/script>\n<!-- \/ Yoast SEO plugin. -->","yoast_head_json":{"title":"Eleveioza pentru bec infrarosu - Modernteh","description":"Eleveioza pentru bec infrarosu. Folosit pentru \u00eenc\u0103lzirea puilor, purceilor, vi\u021beilor, oilor sau altor animale tinere, \u0219i asigur\u0103 un mediu cald si ...","robots":{"index":"index","follow":"follow","max-snippet":"max-snippet:-1","max-image-preview":"max-image-preview:large","max-video-preview":"max-video-preview:-1"},"canonical":"https:\/\/modernteh.md\/ru\/catalog\/eleveioza-pentru-bec-infrarosu\/","og_locale":"ru_RU","og_type":"article","og_title":"Eleveioza pentru bec infrarosu - Modernteh","og_description":"Eleveioza pentru bec infrarosu. Folosit pentru \u00eenc\u0103lzirea puilor, purceilor, vi\u021beilor, oilor sau altor animale tinere, \u0219i asigur\u0103 un mediu cald si ...","og_url":"https:\/\/modernteh.md\/ru\/catalog\/eleveioza-pentru-bec-infrarosu\/","og_site_name":"Modernteh","article_publisher":"https:\/\/www.facebook.com\/profile.php?id=100082695620019","article_modified_time":"2024-12-05T13:46:16+00:00","og_image":[{"width":600,"height":600,"url":"https:\/\/modernteh.md\/wp-content\/uploads\/2024\/12\/116605001_support_lampe_ipx4_avec_economisuer-600x600-1.jpg","type":"image\/jpeg"}],"twitter_card":"summary_large_image","twitter_misc":{"\u041f\u0440\u0438\u043c\u0435\u0440\u043d\u043e\u0435 \u0432\u0440\u0435\u043c\u044f \u0434\u043b\u044f \u0447\u0442\u0435\u043d\u0438\u044f":"1 \u043c\u0438\u043d\u0443\u0442\u0430"},"schema":{"@context":"https:\/\/schema.org","@graph":[{"@type":"WebPage","@id":"https:\/\/modernteh.md\/catalog\/eleveioza-pentru-bec-infrarosu\/","url":"https:\/\/modernteh.md\/catalog\/eleveioza-pentru-bec-infrarosu\/","name":"Eleveioza pentru bec infrarosu - Modernteh","isPartOf":{"@id":"https:\/\/modernteh.md\/#website"},"datePublished":"2024-12-05T13:42:40+00:00","dateModified":"2024-12-05T13:46:16+00:00","description":"Eleveioza pentru bec infrarosu. Folosit pentru \u00eenc\u0103lzirea puilor, purceilor, vi\u021beilor, oilor sau altor animale tinere, \u0219i asigur\u0103 un mediu cald si ...","breadcrumb":{"@id":"https:\/\/modernteh.md\/catalog\/eleveioza-pentru-bec-infrarosu\/#breadcrumb"},"inLanguage":"ru-RU","potentialAction":[{"@type":"ReadAction","target":["https:\/\/modernteh.md\/catalog\/eleveioza-pentru-bec-infrarosu\/"]}]},{"@type":"BreadcrumbList","@id":"https:\/\/modernteh.md\/catalog\/eleveioza-pentru-bec-infrarosu\/#breadcrumb","itemListElement":[{"@type":"ListItem","position":1,"name":"Prima pagin\u0103","item":"https:\/\/modernteh.md\/"},{"@type":"ListItem","position":2,"name":"Catalog","item":"https:\/\/modernteh.md\/catalog\/"},{"@type":"ListItem","position":3,"name":"Eleveioza pentru bec infrarosu"}]},{"@type":"WebSite","@id":"https:\/\/modernteh.md\/#website","url":"https:\/\/modernteh.md\/","name":"Modernteh","description":"Modernteh","publisher":{"@id":"https:\/\/modernteh.md\/#organization"},"potentialAction":[{"@type":"SearchAction","target":{"@type":"EntryPoint","urlTemplate":"https:\/\/modernteh.md\/?s={search_term_string}"},"query-input":"required name=search_term_string"}],"inLanguage":"ru-RU"},{"@type":"Organization","@id":"https:\/\/modernteh.md\/#organization","name":"Modernteh","url":"https:\/\/modernteh.md\/","logo":{"@type":"ImageObject","inLanguage":"ru-RU","@id":"https:\/\/modernteh.md\/#\/schema\/logo\/image\/","url":"https:\/\/modernteh.md\/wp-content\/uploads\/2022\/06\/Logo_site-2.png","contentUrl":"https:\/\/modernteh.md\/wp-content\/uploads\/2022\/06\/Logo_site-2.png","width":500,"height":487,"caption":"Modernteh"},"image":{"@id":"https:\/\/modernteh.md\/#\/schema\/logo\/image\/"},"sameAs":["https:\/\/www.facebook.com\/profile.php?id=100082695620019"]}]}},"_links":{"self":[{"href":"https:\/\/modernteh.md\/ru\/wp-json\/wp\/v2\/product\/4301","targetHints":{"allow":["GET"]}}],"collection":[{"href":"https:\/\/modernteh.md\/ru\/wp-json\/wp\/v2\/product"}],"about":[{"href":"https:\/\/modernteh.md\/ru\/wp-json\/wp\/v2\/types\/product"}],"wp:featuredmedia":[{"embeddable":true,"href":"https:\/\/modernteh.md\/ru\/wp-json\/wp\/v2\/media\/4302"}],"wp:attachment":[{"href":"https:\/\/modernteh.md\/ru\/wp-json\/wp\/v2\/media?parent=4301"}],"wp:term":[{"taxonomy":"product_cat","embeddable":true,"href":"https:\/\/modernteh.md\/ru\/wp-json\/wp\/v2\/product_cat?post=4301"},{"taxonomy":"product_tag","embeddable":true,"href":"https:\/\/modernteh.md\/ru\/wp-json\/wp\/v2\/product_tag?post=4301"}],"curies":[{"name":"wp","href":"https:\/\/api.w.org\/{rel}","templated":true}]}}