{"id":4304,"date":"2024-12-05T13:48:10","date_gmt":"2024-12-05T13:48:10","guid":{"rendered":"https:\/\/modernteh.md\/?post_type=product&#038;p=4304"},"modified":"2026-01-29T08:47:31","modified_gmt":"2026-01-29T08:47:31","slug":"bec-infrarosu-175w-philips-ir-par","status":"publish","type":"product","link":"https:\/\/modernteh.md\/ru\/catalog\/bec-infrarosu-175w-philips-ir-par\/","title":{"rendered":"Bec infraro\u0219u 175W PHILIPS IR\/PAR"},"content":{"rendered":"<p>Bec infraro\u0219u 175W PHILIPS.<\/p>\n<ul>\n<li><em>Bec infrarosu pentru incalzirea animalelor tinere \u2013 pui, purcei, iezi, miei.<\/em><\/li>\n<li><em>L\u0103mpile PHILIPS incandescente cu reflector, cu infraro\u0219ii sunt create pentru cele mai solicitante medii: ferme, b\u0103i, buc\u0103t\u0103rii. Acestea ofer\u0103 o structur\u0103 consolidat\u0103, datorit\u0103 utiliz\u0103rii de sticl\u0103 c\u0103lit\u0103.<\/em><\/li>\n<li><em>Forma lor compact\u0103 \u0219i baza universal\u0103 a cutiei le permite utilizarea cu toate echipamentele adaptate.<\/em><\/li>\n<li><em>L\u0103mpile termice reprezint\u0103 un mijloc excelent de a produce c\u0103ldur\u0103. Acestea furnizeaz\u0103 c\u0103ldur\u0103 direct\u0103, f\u0103r\u0103 curent de aer, animalelor, persoanelor \u0219i alimentelor.<\/em><\/li>\n<li><em>L\u0103mpi cu filament de wolfram, cu reac\u021bie imediat\u0103, cu o valabilitate medie de 5 000 de ore.\u00a0<\/em><\/li>\n<\/ul>\n<p><span style=\"color: #ffffff;\">Bec\u00a0<a style=\"color: #ffffff;\" href=\"https:\/\/www.facebook.com\/agrozootehnie.md\/#_=_\">i<\/a>nfraro<a style=\"color: #ffffff;\" href=\"https:\/\/agrozootehnie.md\/categorie-produs\/aparat-de-muls\/sisteme-de-muls-vaci\/aparate-de-muls\/?filter_numar-de-posturi=2\">\u0219<\/a>u 17<a style=\"color: #ffffff;\" href=\"https:\/\/modernteh.md\/catalog\/elevator-bovine-900kg\/\">5<\/a>W PHILIPS. s<\/span><\/p>","protected":false},"excerpt":{"rendered":"<p>Bec infraro\u0219u 175W PHILIPS. Bec infrarosu pentru incalzirea animalelor tinere \u2013 pui, purcei, iezi, miei. L\u0103mpile PHILIPS incandescente cu reflector,<\/p>","protected":false},"featured_media":4305,"template":"","meta":[],"product_cat":[179],"product_tag":[],"class_list":{"0":"post-4304","1":"product","2":"type-product","3":"status-publish","4":"has-post-thumbnail","6":"product_cat-termosuflante-si-incalzitoare-electrice","8":"first","9":"instock","10":"shipping-taxable","11":"purchasable","12":"product-type-simple"},"yoast_head":"<!-- This site is optimized with the Yoast SEO plugin v20.12 - https:\/\/yoast.com\/wordpress\/plugins\/seo\/ -->\n<title>Bec infraro\u0219u 175W PHILIPS IR\/PAR - Modernteh<\/title>\n<meta name=\"description\" content=\"Bec infraro\u0219u 175W PHILIPS Bec infrarosu pentru incalzirea animalelor tinere \u2013 pui, purcei, iezi, miei. L\u0103mpile termice reprezint\u0103 un mijloc excelent de ...\" \/>\n<meta name=\"robots\" content=\"index, follow, max-snippet:-1, max-image-preview:large, max-video-preview:-1\" \/>\n<link rel=\"canonical\" href=\"https:\/\/modernteh.md\/ru\/catalog\/bec-infrarosu-175w-philips-ir-par\/\" \/>\n<meta property=\"og:locale\" content=\"ru_RU\" \/>\n<meta property=\"og:type\" content=\"article\" \/>\n<meta property=\"og:title\" content=\"Bec infraro\u0219u 175W PHILIPS IR\/PAR - Modernteh\" \/>\n<meta property=\"og:description\" content=\"Bec infraro\u0219u 175W PHILIPS Bec infrarosu pentru incalzirea animalelor tinere \u2013 pui, purcei, iezi, miei. L\u0103mpile termice reprezint\u0103 un mijloc excelent de ...\" \/>\n<meta property=\"og:url\" content=\"https:\/\/modernteh.md\/ru\/catalog\/bec-infrarosu-175w-philips-ir-par\/\" \/>\n<meta property=\"og:site_name\" content=\"Modernteh\" \/>\n<meta property=\"article:publisher\" content=\"https:\/\/www.facebook.com\/profile.php?id=100082695620019\" \/>\n<meta property=\"article:modified_time\" content=\"2026-01-29T08:47:31+00:00\" \/>\n<meta property=\"og:image\" content=\"https:\/\/modernteh.md\/wp-content\/uploads\/2024\/12\/116401175r-600x600-1.jpg\" \/>\n\t<meta property=\"og:image:width\" content=\"600\" \/>\n\t<meta property=\"og:image:height\" content=\"600\" \/>\n\t<meta property=\"og:image:type\" content=\"image\/jpeg\" \/>\n<meta name=\"twitter:card\" content=\"summary_large_image\" \/>\n<meta name=\"twitter:label1\" content=\"\u041f\u0440\u0438\u043c\u0435\u0440\u043d\u043e\u0435 \u0432\u0440\u0435\u043c\u044f \u0434\u043b\u044f \u0447\u0442\u0435\u043d\u0438\u044f\" \/>\n\t<meta name=\"twitter:data1\" content=\"1 \u043c\u0438\u043d\u0443\u0442\u0430\" \/>\n<script type=\"application\/ld+json\" class=\"yoast-schema-graph\">{\"@context\":\"https:\/\/schema.org\",\"@graph\":[{\"@type\":\"WebPage\",\"@id\":\"https:\/\/modernteh.md\/catalog\/bec-infrarosu-175w-philips-ir-par\/\",\"url\":\"https:\/\/modernteh.md\/catalog\/bec-infrarosu-175w-philips-ir-par\/\",\"name\":\"Bec infraro\u0219u 175W PHILIPS IR\/PAR - Modernteh\",\"isPartOf\":{\"@id\":\"https:\/\/modernteh.md\/#website\"},\"datePublished\":\"2024-12-05T13:48:10+00:00\",\"dateModified\":\"2026-01-29T08:47:31+00:00\",\"description\":\"Bec infraro\u0219u 175W PHILIPS Bec infrarosu pentru incalzirea animalelor tinere \u2013 pui, purcei, iezi, miei. L\u0103mpile termice reprezint\u0103 un mijloc excelent de ...\",\"breadcrumb\":{\"@id\":\"https:\/\/modernteh.md\/catalog\/bec-infrarosu-175w-philips-ir-par\/#breadcrumb\"},\"inLanguage\":\"ru-RU\",\"potentialAction\":[{\"@type\":\"ReadAction\",\"target\":[\"https:\/\/modernteh.md\/catalog\/bec-infrarosu-175w-philips-ir-par\/\"]}]},{\"@type\":\"BreadcrumbList\",\"@id\":\"https:\/\/modernteh.md\/catalog\/bec-infrarosu-175w-philips-ir-par\/#breadcrumb\",\"itemListElement\":[{\"@type\":\"ListItem\",\"position\":1,\"name\":\"Prima pagin\u0103\",\"item\":\"https:\/\/modernteh.md\/\"},{\"@type\":\"ListItem\",\"position\":2,\"name\":\"Catalog\",\"item\":\"https:\/\/modernteh.md\/catalog\/\"},{\"@type\":\"ListItem\",\"position\":3,\"name\":\"Bec infraro\u0219u 175W PHILIPS IR\/PAR\"}]},{\"@type\":\"WebSite\",\"@id\":\"https:\/\/modernteh.md\/#website\",\"url\":\"https:\/\/modernteh.md\/\",\"name\":\"Modernteh\",\"description\":\"Modernteh\",\"publisher\":{\"@id\":\"https:\/\/modernteh.md\/#organization\"},\"potentialAction\":[{\"@type\":\"SearchAction\",\"target\":{\"@type\":\"EntryPoint\",\"urlTemplate\":\"https:\/\/modernteh.md\/?s={search_term_string}\"},\"query-input\":\"required name=search_term_string\"}],\"inLanguage\":\"ru-RU\"},{\"@type\":\"Organization\",\"@id\":\"https:\/\/modernteh.md\/#organization\",\"name\":\"Modernteh\",\"url\":\"https:\/\/modernteh.md\/\",\"logo\":{\"@type\":\"ImageObject\",\"inLanguage\":\"ru-RU\",\"@id\":\"https:\/\/modernteh.md\/#\/schema\/logo\/image\/\",\"url\":\"https:\/\/modernteh.md\/wp-content\/uploads\/2022\/06\/Logo_site-2.png\",\"contentUrl\":\"https:\/\/modernteh.md\/wp-content\/uploads\/2022\/06\/Logo_site-2.png\",\"width\":500,\"height\":487,\"caption\":\"Modernteh\"},\"image\":{\"@id\":\"https:\/\/modernteh.md\/#\/schema\/logo\/image\/\"},\"sameAs\":[\"https:\/\/www.facebook.com\/profile.php?id=100082695620019\"]}]}<\/script>\n<!-- \/ Yoast SEO plugin. -->","yoast_head_json":{"title":"Bec infraro\u0219u 175W PHILIPS IR\/PAR - Modernteh","description":"Bec infraro\u0219u 175W PHILIPS Bec infrarosu pentru incalzirea animalelor tinere \u2013 pui, purcei, iezi, miei. L\u0103mpile termice reprezint\u0103 un mijloc excelent de ...","robots":{"index":"index","follow":"follow","max-snippet":"max-snippet:-1","max-image-preview":"max-image-preview:large","max-video-preview":"max-video-preview:-1"},"canonical":"https:\/\/modernteh.md\/ru\/catalog\/bec-infrarosu-175w-philips-ir-par\/","og_locale":"ru_RU","og_type":"article","og_title":"Bec infraro\u0219u 175W PHILIPS IR\/PAR - Modernteh","og_description":"Bec infraro\u0219u 175W PHILIPS Bec infrarosu pentru incalzirea animalelor tinere \u2013 pui, purcei, iezi, miei. L\u0103mpile termice reprezint\u0103 un mijloc excelent de ...","og_url":"https:\/\/modernteh.md\/ru\/catalog\/bec-infrarosu-175w-philips-ir-par\/","og_site_name":"Modernteh","article_publisher":"https:\/\/www.facebook.com\/profile.php?id=100082695620019","article_modified_time":"2026-01-29T08:47:31+00:00","og_image":[{"width":600,"height":600,"url":"https:\/\/modernteh.md\/wp-content\/uploads\/2024\/12\/116401175r-600x600-1.jpg","type":"image\/jpeg"}],"twitter_card":"summary_large_image","twitter_misc":{"\u041f\u0440\u0438\u043c\u0435\u0440\u043d\u043e\u0435 \u0432\u0440\u0435\u043c\u044f \u0434\u043b\u044f \u0447\u0442\u0435\u043d\u0438\u044f":"1 \u043c\u0438\u043d\u0443\u0442\u0430"},"schema":{"@context":"https:\/\/schema.org","@graph":[{"@type":"WebPage","@id":"https:\/\/modernteh.md\/catalog\/bec-infrarosu-175w-philips-ir-par\/","url":"https:\/\/modernteh.md\/catalog\/bec-infrarosu-175w-philips-ir-par\/","name":"Bec infraro\u0219u 175W PHILIPS IR\/PAR - Modernteh","isPartOf":{"@id":"https:\/\/modernteh.md\/#website"},"datePublished":"2024-12-05T13:48:10+00:00","dateModified":"2026-01-29T08:47:31+00:00","description":"Bec infraro\u0219u 175W PHILIPS Bec infrarosu pentru incalzirea animalelor tinere \u2013 pui, purcei, iezi, miei. L\u0103mpile termice reprezint\u0103 un mijloc excelent de ...","breadcrumb":{"@id":"https:\/\/modernteh.md\/catalog\/bec-infrarosu-175w-philips-ir-par\/#breadcrumb"},"inLanguage":"ru-RU","potentialAction":[{"@type":"ReadAction","target":["https:\/\/modernteh.md\/catalog\/bec-infrarosu-175w-philips-ir-par\/"]}]},{"@type":"BreadcrumbList","@id":"https:\/\/modernteh.md\/catalog\/bec-infrarosu-175w-philips-ir-par\/#breadcrumb","itemListElement":[{"@type":"ListItem","position":1,"name":"Prima pagin\u0103","item":"https:\/\/modernteh.md\/"},{"@type":"ListItem","position":2,"name":"Catalog","item":"https:\/\/modernteh.md\/catalog\/"},{"@type":"ListItem","position":3,"name":"Bec infraro\u0219u 175W PHILIPS IR\/PAR"}]},{"@type":"WebSite","@id":"https:\/\/modernteh.md\/#website","url":"https:\/\/modernteh.md\/","name":"Modernteh","description":"Modernteh","publisher":{"@id":"https:\/\/modernteh.md\/#organization"},"potentialAction":[{"@type":"SearchAction","target":{"@type":"EntryPoint","urlTemplate":"https:\/\/modernteh.md\/?s={search_term_string}"},"query-input":"required name=search_term_string"}],"inLanguage":"ru-RU"},{"@type":"Organization","@id":"https:\/\/modernteh.md\/#organization","name":"Modernteh","url":"https:\/\/modernteh.md\/","logo":{"@type":"ImageObject","inLanguage":"ru-RU","@id":"https:\/\/modernteh.md\/#\/schema\/logo\/image\/","url":"https:\/\/modernteh.md\/wp-content\/uploads\/2022\/06\/Logo_site-2.png","contentUrl":"https:\/\/modernteh.md\/wp-content\/uploads\/2022\/06\/Logo_site-2.png","width":500,"height":487,"caption":"Modernteh"},"image":{"@id":"https:\/\/modernteh.md\/#\/schema\/logo\/image\/"},"sameAs":["https:\/\/www.facebook.com\/profile.php?id=100082695620019"]}]}},"_links":{"self":[{"href":"https:\/\/modernteh.md\/ru\/wp-json\/wp\/v2\/product\/4304","targetHints":{"allow":["GET"]}}],"collection":[{"href":"https:\/\/modernteh.md\/ru\/wp-json\/wp\/v2\/product"}],"about":[{"href":"https:\/\/modernteh.md\/ru\/wp-json\/wp\/v2\/types\/product"}],"wp:featuredmedia":[{"embeddable":true,"href":"https:\/\/modernteh.md\/ru\/wp-json\/wp\/v2\/media\/4305"}],"wp:attachment":[{"href":"https:\/\/modernteh.md\/ru\/wp-json\/wp\/v2\/media?parent=4304"}],"wp:term":[{"taxonomy":"product_cat","embeddable":true,"href":"https:\/\/modernteh.md\/ru\/wp-json\/wp\/v2\/product_cat?post=4304"},{"taxonomy":"product_tag","embeddable":true,"href":"https:\/\/modernteh.md\/ru\/wp-json\/wp\/v2\/product_tag?post=4304"}],"curies":[{"name":"wp","href":"https:\/\/api.w.org\/{rel}","templated":true}]}}