{"id":4306,"date":"2024-12-05T13:51:38","date_gmt":"2024-12-05T13:51:38","guid":{"rendered":"https:\/\/modernteh.md\/?post_type=product&#038;p=4306"},"modified":"2024-12-05T14:12:25","modified_gmt":"2024-12-05T14:12:25","slug":"capastru-pentru-cai-negru","status":"publish","type":"product","link":"https:\/\/modernteh.md\/ru\/catalog\/capastru-pentru-cai-negru\/","title":{"rendered":"Capastru pentru cai, negru"},"content":{"rendered":"<p>Capastru pentru cai, negru.<\/p>\n<ul>\n<li><em><span class=\"VIiyi\" lang=\"ro\"><span class=\"JLqJ4b ChMk0b\" data-language-for-alternatives=\"ro\" data-language-to-translate-into=\"fr\" data-phrase-index=\"1\" data-number-of-phrases=\"15\">Proiectat din polipropilen\u0103 cu grosime dubl\u0103, este rezistent.<\/span><\/span><\/em><\/li>\n<li><em><span class=\"VIiyi\" lang=\"ro\"><span class=\"JLqJ4b ChMk0b\" data-language-for-alternatives=\"ro\" data-language-to-translate-into=\"fr\" data-phrase-index=\"2\" data-number-of-phrases=\"15\">Datorit\u0103 c\u0103ptu\u0219elii sale moale din piele de oaie sintetic\u0103, Halter din piele de oaie sintetic\u0103 moale Norton ofer\u0103 o protec\u021bie optim\u0103 \u00eempotriva frec\u0103rii<\/span><\/span><span class=\"VIiyi\" lang=\"ro\"><span class=\"JLqJ4b ChMk0b\" data-language-for-alternatives=\"ro\" data-language-to-translate-into=\"fr\" data-phrase-index=\"2\" data-number-of-phrases=\"15\">.<\/span><\/span><\/em><\/li>\n<li><em><span class=\"VIiyi\" lang=\"ro\"><span class=\"JLqJ4b ChMk0b\" data-language-for-alternatives=\"ro\" data-language-to-translate-into=\"fr\" data-phrase-index=\"3\" data-number-of-phrases=\"15\">Pentru u\u0219urin\u021b\u0103 \u00een utilizare \u0219i o potrivire mai bun\u0103<span style=\"color: #000000;\"><a style=\"color: #000000;\" href=\"https:\/\/agrozootehnie.md\/produs\/capastru-cai-negru\/\">,<\/a> <\/span>c\u0103ciula \u0219i banda nasului sunt reglabile prin catarame.<\/span>\u00a0<span class=\"JLqJ4b ChMk0b\" data-language-for-alternatives=\"ro\" data-language-to-translate-into=\"fr\" data-phrase-index=\"4\" data-number-of-phrases=\"15\">Inchiderea gatului se face rapid cu carabiniera.<\/span><\/span><\/em><\/li>\n<li><em><span class=\"VIiyi\" lang=\"ro\"><span class=\"JLqJ4b ChMk0b\" data-language-for-alternatives=\"ro\" data-language-to-translate-into=\"fr\" data-phrase-index=\"8\" data-number-of-phrases=\"15\"><strong>Culoare<\/strong>\u00a0neagr\u0103<\/span><\/span><\/em><\/li>\n<li><em><span class=\"VIiyi\" lang=\"ro\"><span class=\"JLqJ4b ChMk0b\" data-language-for-alternatives=\"ro\" data-language-to-translate-into=\"fr\" data-phrase-index=\"10\" data-number-of-phrases=\"15\"><strong>Compozitie<\/strong>: polipropilena, piele sintetica de oaie, accesorii metalice.<\/span><\/span><\/em><\/li>\n<li><em><span class=\"VIiyi\" lang=\"ro\"><span class=\"JLqJ4b ChMk0b\" data-language-for-alternatives=\"ro\" data-language-to-translate-into=\"fr\" data-phrase-index=\"12\" data-number-of-phrases=\"15\"><strong>I<span style=\"color: #000000;\"><a style=\"color: #000000;\" href=\"https:\/\/modernteh.md\/catalog\/capastru-vaci-rosu-nylon\/\">n<\/a><\/span>structiuni de intretinere<\/strong>: se spala la masina la 30\u00b0C.<\/span>\u00a0<span class=\"JLqJ4b ChMk0b\" data-language-for-alternatives=\"ro\" data-language-to-translate-into=\"fr\" data-phrase-index=\"13\" data-number-of-phrases=\"15\">Pentru a proteja tamburul ma\u0219inii de spalat , pune\u021bi capul \u00eentr-o fa\u021b\u0103 de pern\u0103.<\/span>\u00a0Nu este indicat uscarea in \u00a0<span class=\"JLqJ4b ChMk0b\" data-language-for-alternatives=\"ro\" data-language-to-translate-into=\"fr\" data-phrase-index=\"14\" data-number-of-phrases=\"15\">\u00a0usc\u0103tor de rufe.<\/span><\/span><\/em><\/li>\n<\/ul>","protected":false},"excerpt":{"rendered":"<p>Capastru pentru cai, negru. Proiectat din polipropilen\u0103 cu grosime dubl\u0103, este rezistent. Datorit\u0103 c\u0103ptu\u0219elii sale moale din piele de oaie<\/p>","protected":false},"featured_media":4307,"template":"","meta":[],"product_cat":[181],"product_tag":[],"class_list":{"0":"post-4306","1":"product","2":"type-product","3":"status-publish","4":"has-post-thumbnail","6":"product_cat-utilaje-si-accesorii-ferma","8":"first","9":"instock","10":"shipping-taxable","11":"purchasable","12":"product-type-simple"},"yoast_head":"<!-- This site is optimized with the Yoast SEO plugin v20.12 - https:\/\/yoast.com\/wordpress\/plugins\/seo\/ -->\n<title>Capastru pentru cai, negru - Modernteh<\/title>\n<meta name=\"description\" content=\"Capastru pentru cai. Compozitie: polipropilena, piele sintetica de oaie, accesorii metalice. C\u0103ciula \u0219i banda nasului sunt reglabile prin catarame.\u00a0\" \/>\n<meta name=\"robots\" content=\"index, follow, max-snippet:-1, max-image-preview:large, max-video-preview:-1\" \/>\n<link rel=\"canonical\" href=\"https:\/\/modernteh.md\/ru\/catalog\/capastru-pentru-cai-negru\/\" \/>\n<meta property=\"og:locale\" content=\"ru_RU\" \/>\n<meta property=\"og:type\" content=\"article\" \/>\n<meta property=\"og:title\" content=\"Capastru pentru cai, negru - Modernteh\" \/>\n<meta property=\"og:description\" content=\"Capastru pentru cai. Compozitie: polipropilena, piele sintetica de oaie, accesorii metalice. C\u0103ciula \u0219i banda nasului sunt reglabile prin catarame.\u00a0\" \/>\n<meta property=\"og:url\" content=\"https:\/\/modernteh.md\/ru\/catalog\/capastru-pentru-cai-negru\/\" \/>\n<meta property=\"og:site_name\" content=\"Modernteh\" \/>\n<meta property=\"article:publisher\" content=\"https:\/\/www.facebook.com\/profile.php?id=100082695620019\" \/>\n<meta property=\"article:modified_time\" content=\"2024-12-05T14:12:25+00:00\" \/>\n<meta property=\"og:image\" content=\"https:\/\/modernteh.md\/wp-content\/uploads\/2024\/12\/negru-600x600-1.jpg\" \/>\n\t<meta property=\"og:image:width\" content=\"600\" \/>\n\t<meta property=\"og:image:height\" content=\"600\" \/>\n\t<meta property=\"og:image:type\" content=\"image\/jpeg\" \/>\n<meta name=\"twitter:card\" content=\"summary_large_image\" \/>\n<meta name=\"twitter:label1\" content=\"\u041f\u0440\u0438\u043c\u0435\u0440\u043d\u043e\u0435 \u0432\u0440\u0435\u043c\u044f \u0434\u043b\u044f \u0447\u0442\u0435\u043d\u0438\u044f\" \/>\n\t<meta name=\"twitter:data1\" content=\"1 \u043c\u0438\u043d\u0443\u0442\u0430\" \/>\n<script type=\"application\/ld+json\" class=\"yoast-schema-graph\">{\"@context\":\"https:\/\/schema.org\",\"@graph\":[{\"@type\":\"WebPage\",\"@id\":\"https:\/\/modernteh.md\/catalog\/capastru-pentru-cai-negru\/\",\"url\":\"https:\/\/modernteh.md\/catalog\/capastru-pentru-cai-negru\/\",\"name\":\"Capastru pentru cai, negru - Modernteh\",\"isPartOf\":{\"@id\":\"https:\/\/modernteh.md\/#website\"},\"datePublished\":\"2024-12-05T13:51:38+00:00\",\"dateModified\":\"2024-12-05T14:12:25+00:00\",\"description\":\"Capastru pentru cai. Compozitie: polipropilena, piele sintetica de oaie, accesorii metalice. C\u0103ciula \u0219i banda nasului sunt reglabile prin catarame.\u00a0\",\"breadcrumb\":{\"@id\":\"https:\/\/modernteh.md\/catalog\/capastru-pentru-cai-negru\/#breadcrumb\"},\"inLanguage\":\"ru-RU\",\"potentialAction\":[{\"@type\":\"ReadAction\",\"target\":[\"https:\/\/modernteh.md\/catalog\/capastru-pentru-cai-negru\/\"]}]},{\"@type\":\"BreadcrumbList\",\"@id\":\"https:\/\/modernteh.md\/catalog\/capastru-pentru-cai-negru\/#breadcrumb\",\"itemListElement\":[{\"@type\":\"ListItem\",\"position\":1,\"name\":\"Prima pagin\u0103\",\"item\":\"https:\/\/modernteh.md\/\"},{\"@type\":\"ListItem\",\"position\":2,\"name\":\"Catalog\",\"item\":\"https:\/\/modernteh.md\/catalog\/\"},{\"@type\":\"ListItem\",\"position\":3,\"name\":\"Capastru pentru cai, negru\"}]},{\"@type\":\"WebSite\",\"@id\":\"https:\/\/modernteh.md\/#website\",\"url\":\"https:\/\/modernteh.md\/\",\"name\":\"Modernteh\",\"description\":\"Modernteh\",\"publisher\":{\"@id\":\"https:\/\/modernteh.md\/#organization\"},\"potentialAction\":[{\"@type\":\"SearchAction\",\"target\":{\"@type\":\"EntryPoint\",\"urlTemplate\":\"https:\/\/modernteh.md\/?s={search_term_string}\"},\"query-input\":\"required name=search_term_string\"}],\"inLanguage\":\"ru-RU\"},{\"@type\":\"Organization\",\"@id\":\"https:\/\/modernteh.md\/#organization\",\"name\":\"Modernteh\",\"url\":\"https:\/\/modernteh.md\/\",\"logo\":{\"@type\":\"ImageObject\",\"inLanguage\":\"ru-RU\",\"@id\":\"https:\/\/modernteh.md\/#\/schema\/logo\/image\/\",\"url\":\"https:\/\/modernteh.md\/wp-content\/uploads\/2022\/06\/Logo_site-2.png\",\"contentUrl\":\"https:\/\/modernteh.md\/wp-content\/uploads\/2022\/06\/Logo_site-2.png\",\"width\":500,\"height\":487,\"caption\":\"Modernteh\"},\"image\":{\"@id\":\"https:\/\/modernteh.md\/#\/schema\/logo\/image\/\"},\"sameAs\":[\"https:\/\/www.facebook.com\/profile.php?id=100082695620019\"]}]}<\/script>\n<!-- \/ Yoast SEO plugin. -->","yoast_head_json":{"title":"Capastru pentru cai, negru - Modernteh","description":"Capastru pentru cai. Compozitie: polipropilena, piele sintetica de oaie, accesorii metalice. C\u0103ciula \u0219i banda nasului sunt reglabile prin catarame.\u00a0","robots":{"index":"index","follow":"follow","max-snippet":"max-snippet:-1","max-image-preview":"max-image-preview:large","max-video-preview":"max-video-preview:-1"},"canonical":"https:\/\/modernteh.md\/ru\/catalog\/capastru-pentru-cai-negru\/","og_locale":"ru_RU","og_type":"article","og_title":"Capastru pentru cai, negru - Modernteh","og_description":"Capastru pentru cai. Compozitie: polipropilena, piele sintetica de oaie, accesorii metalice. C\u0103ciula \u0219i banda nasului sunt reglabile prin catarame.\u00a0","og_url":"https:\/\/modernteh.md\/ru\/catalog\/capastru-pentru-cai-negru\/","og_site_name":"Modernteh","article_publisher":"https:\/\/www.facebook.com\/profile.php?id=100082695620019","article_modified_time":"2024-12-05T14:12:25+00:00","og_image":[{"width":600,"height":600,"url":"https:\/\/modernteh.md\/wp-content\/uploads\/2024\/12\/negru-600x600-1.jpg","type":"image\/jpeg"}],"twitter_card":"summary_large_image","twitter_misc":{"\u041f\u0440\u0438\u043c\u0435\u0440\u043d\u043e\u0435 \u0432\u0440\u0435\u043c\u044f \u0434\u043b\u044f \u0447\u0442\u0435\u043d\u0438\u044f":"1 \u043c\u0438\u043d\u0443\u0442\u0430"},"schema":{"@context":"https:\/\/schema.org","@graph":[{"@type":"WebPage","@id":"https:\/\/modernteh.md\/catalog\/capastru-pentru-cai-negru\/","url":"https:\/\/modernteh.md\/catalog\/capastru-pentru-cai-negru\/","name":"Capastru pentru cai, negru - Modernteh","isPartOf":{"@id":"https:\/\/modernteh.md\/#website"},"datePublished":"2024-12-05T13:51:38+00:00","dateModified":"2024-12-05T14:12:25+00:00","description":"Capastru pentru cai. Compozitie: polipropilena, piele sintetica de oaie, accesorii metalice. C\u0103ciula \u0219i banda nasului sunt reglabile prin catarame.\u00a0","breadcrumb":{"@id":"https:\/\/modernteh.md\/catalog\/capastru-pentru-cai-negru\/#breadcrumb"},"inLanguage":"ru-RU","potentialAction":[{"@type":"ReadAction","target":["https:\/\/modernteh.md\/catalog\/capastru-pentru-cai-negru\/"]}]},{"@type":"BreadcrumbList","@id":"https:\/\/modernteh.md\/catalog\/capastru-pentru-cai-negru\/#breadcrumb","itemListElement":[{"@type":"ListItem","position":1,"name":"Prima pagin\u0103","item":"https:\/\/modernteh.md\/"},{"@type":"ListItem","position":2,"name":"Catalog","item":"https:\/\/modernteh.md\/catalog\/"},{"@type":"ListItem","position":3,"name":"Capastru pentru cai, negru"}]},{"@type":"WebSite","@id":"https:\/\/modernteh.md\/#website","url":"https:\/\/modernteh.md\/","name":"Modernteh","description":"Modernteh","publisher":{"@id":"https:\/\/modernteh.md\/#organization"},"potentialAction":[{"@type":"SearchAction","target":{"@type":"EntryPoint","urlTemplate":"https:\/\/modernteh.md\/?s={search_term_string}"},"query-input":"required name=search_term_string"}],"inLanguage":"ru-RU"},{"@type":"Organization","@id":"https:\/\/modernteh.md\/#organization","name":"Modernteh","url":"https:\/\/modernteh.md\/","logo":{"@type":"ImageObject","inLanguage":"ru-RU","@id":"https:\/\/modernteh.md\/#\/schema\/logo\/image\/","url":"https:\/\/modernteh.md\/wp-content\/uploads\/2022\/06\/Logo_site-2.png","contentUrl":"https:\/\/modernteh.md\/wp-content\/uploads\/2022\/06\/Logo_site-2.png","width":500,"height":487,"caption":"Modernteh"},"image":{"@id":"https:\/\/modernteh.md\/#\/schema\/logo\/image\/"},"sameAs":["https:\/\/www.facebook.com\/profile.php?id=100082695620019"]}]}},"_links":{"self":[{"href":"https:\/\/modernteh.md\/ru\/wp-json\/wp\/v2\/product\/4306","targetHints":{"allow":["GET"]}}],"collection":[{"href":"https:\/\/modernteh.md\/ru\/wp-json\/wp\/v2\/product"}],"about":[{"href":"https:\/\/modernteh.md\/ru\/wp-json\/wp\/v2\/types\/product"}],"wp:featuredmedia":[{"embeddable":true,"href":"https:\/\/modernteh.md\/ru\/wp-json\/wp\/v2\/media\/4307"}],"wp:attachment":[{"href":"https:\/\/modernteh.md\/ru\/wp-json\/wp\/v2\/media?parent=4306"}],"wp:term":[{"taxonomy":"product_cat","embeddable":true,"href":"https:\/\/modernteh.md\/ru\/wp-json\/wp\/v2\/product_cat?post=4306"},{"taxonomy":"product_tag","embeddable":true,"href":"https:\/\/modernteh.md\/ru\/wp-json\/wp\/v2\/product_tag?post=4306"}],"curies":[{"name":"wp","href":"https:\/\/api.w.org\/{rel}","templated":true}]}}