{"id":4334,"date":"2024-12-12T14:07:15","date_gmt":"2024-12-12T14:07:15","guid":{"rendered":"https:\/\/modernteh.md\/?post_type=product&#038;p=4334"},"modified":"2026-02-11T07:24:15","modified_gmt":"2026-02-11T07:24:15","slug":"tocator-de-crengi-stark-p4206","status":"publish","type":"product","link":"https:\/\/modernteh.md\/ru\/catalog\/tocator-de-crengi-stark-p4206\/","title":{"rendered":"Tocator de crengi STARK P4206"},"content":{"rendered":"<p>Specifica\u021bii tehnice Tocator de crengi STARK P4206:<\/p>\n<ul>\n<li>Brand: STARK<\/li>\n<li>Putere motor: 15 CP (420cc)<\/li>\n<li>Brand motor: DUCAR<\/li>\n<li>Pornire: Recoil<\/li>\n<li>Tip tocare: tambur<\/li>\n<li>Diametru tambur: 360mm<\/li>\n<li>Diametru maxim tocare: 150mm<\/li>\n<li>Transmisie: curele<\/li>\n<li>Tip ambreiaj: centrifugal<\/li>\n<li>Oprire de urgenta: Bara+buton<\/li>\n<li>Numar cutite: 2x cutite reversibile; 1x contra-cutit<\/li>\n<li>Cuva descarcare: 360\u00b0<\/li>\n<li>Dimensiuni tocator: 2763x1217x1452mm<span class=\"jCAhz JxVs2d ChMk0b\"><span class=\"dia_suggestion_done w0\" contextmenu=\"true\">Tocator<\/span>\u00a0de crengi STARK P4206 este un\u00a0<span class=\"dia_suggestion w7\" contextmenu=\"true\">toc\u0103tor<\/span>\u00a0puternic\u00a0<span class=\"dia_suggestion w9\" contextmenu=\"true\">\u0219i<\/span>\u00a0durabil,\u00a0<span class=\"dia_suggestion w11\" contextmenu=\"true\"><span class=\"dia_suggestion w96\" contextmenu=\"true\">care<\/span><\/span>\u00a0poate\u00a0<span class=\"dia_suggestion w13\" contextmenu=\"true\">fi<\/span>\u00a0un produs excelent pentru\u00a0<span class=\"dia_suggestion w18\" contextmenu=\"true\">gr\u0103dinarii<\/span>\u00a0<span class=\"dia_suggestion w19\" contextmenu=\"true\">pasiona\u021bi<\/span>.<br \/>\n<\/span><span class=\"jCAhz JxVs2d ChMk0b\"><span class=\"dia_suggestion w20\" contextmenu=\"true\">Aceast\u0103<\/span>\u00a0<span class=\"dia_suggestion_done w21\" contextmenu=\"true\">ma\u0219in\u0103<\/span>\u00a0de tocat crengi pe benzin\u0103 poate\u00a0<span class=\"dia_suggestion w28\" contextmenu=\"true\">t\u0103ia<\/span>\u00a0cu\u00a0<span class=\"dia_suggestion w30\" contextmenu=\"true\">u\u0219urin\u021b\u0103<\/span>\u00a0<span class=\"dia_suggestion w31\" contextmenu=\"true\">de\u0219eurile<\/span>\u00a0de\u00a0<span class=\"dia_suggestion_done w33\" contextmenu=\"true\">gr\u0103din\u0103<\/span>\u00a0<span class=\"dia_suggestion w49\" contextmenu=\"true\">\u00een<\/span>\u00a0<span class=\"dia_suggestion w35\" contextmenu=\"true\">a\u0219chii<\/span>\u00a0mici cu\u00a0<span class=\"dia_suggestion w38\" contextmenu=\"true\">dimensiuni<\/span>\u00a0cuprinse\u00a0<span class=\"dia_suggestion w40\" contextmenu=\"true\">\u00eentre<\/span>\u00a015-50 mm.<br \/>\n<\/span><span class=\"jCAhz JxVs2d ChMk0b\">Dimensiunea a\u0219chiilor nu este\u00a0<span class=\"dia_suggestion w46\" contextmenu=\"true\">reglabil\u0103<\/span>\u00a0<span class=\"dia_suggestion w9\" contextmenu=\"true\">\u0219i<\/span>\u00a0<span class=\"dia_suggestion w48\" contextmenu=\"true\">depinde<\/span>\u00a0<span class=\"dia_suggestion w34\" contextmenu=\"true\">\u00een<\/span>\u00a0principal de tipul de materia\u00a0<span class=\"dia_suggestion w55\" contextmenu=\"true\">prim\u0103<\/span>\u00a0tocat\u0103.<br \/>\n<\/span><\/p>\n<p><span class=\"jCAhz JxVs2d ChMk0b\">A\u0219chiile rezultate pot fi utilizate pentru \u00eenc\u0103lzirea \u00een cazane de combustibil solid \u0219i piroliz\u0103, \u0219eminee, sobe \u0219i alte aparate de \u00eenc\u0103lzire. De asemenea, a\u0219chiile pot fi folosite ca material de mulcire pentru plante sau produc\u021bia de \u00eengr\u0103\u0219\u0103minte.<br \/>\nCu prelucrare ulterioar\u0103 a a\u0219chiilor, este posibil s\u0103 se ob\u021bin\u0103 pelete de combustibil sau granule.<\/span><\/p>\n<p><span class=\"jCAhz JxVs2d ChMk0b\">Acest\u00a0<span class=\"dia_suggestion w7\" contextmenu=\"true\">toc\u0103tor<\/span>\u00a0de crengi este fabricat cu un\u00a0<span class=\"dia_suggestion w65\" contextmenu=\"true\">\u0219asiu<\/span>\u00a0cu\u00a0<span class=\"dia_suggestion w70\" contextmenu=\"true\">ro\u021bi<\/span>\u00a0<span class=\"dia_suggestion w71\" contextmenu=\"true\">mari<\/span>, astfel\u00a0<span class=\"dia_suggestion w73\" contextmenu=\"true\">\u00eenc\u00e2t<\/span>\u00a0utilizatorul poate\u00a0<span class=\"dia_suggestion w76\" contextmenu=\"true\">manevra<\/span>\u00a0<span class=\"dia_suggestion w77\" contextmenu=\"true\">mai<\/span>\u00a0<span class=\"dia_suggestion w78\" contextmenu=\"true\">u\u0219or<\/span>\u00a0toc\u0103torul pe teren accidentat.<br \/>\n<\/span><\/p>\n<p><span class=\"jCAhz JxVs2d ChMk0b\"><span class=\"dia_suggestion w0\" contextmenu=\"true\">Tocator\u00a0<\/span>\u00a0are tamburul extrem de puternic cu diametru de 360mm\u00a0<span class=\"dia_suggestion w11\" contextmenu=\"true\"><span class=\"dia_suggestion w96\" contextmenu=\"true\">care<\/span><\/span>\u00a0poate\u00a0<span class=\"dia_suggestion w98\" contextmenu=\"true\">toca<\/span>\u00a0crengi\u00a0<span class=\"dia_suggestion w100\" contextmenu=\"true\">p\u00e2n\u0103<\/span>\u00a0<span class=\"dia_suggestion w67\" contextmenu=\"true\"><span class=\"dia_suggestion w101\" contextmenu=\"true\">la<\/span><\/span>\u00a0150mm grosime. Tamburul este echipat cu\u00a0<span class=\"dia_suggestion w108\" contextmenu=\"true\">dou\u0103<\/span>\u00a0lame reversibile.<br \/>\n<span class=\"dia_suggestion w111\" contextmenu=\"true\">Contra<\/span>\u2013<span class=\"dia_suggestion w112\" contextmenu=\"true\">cu\u021bitul<\/span>\u00a0este montat pe cadrul toc\u0103torului, astfel\u00a0<span class=\"dia_suggestion w119\" contextmenu=\"true\">se<\/span>\u00a0poate\u00a0<span class=\"dia_suggestion w121\" contextmenu=\"true\">regla<\/span>\u00a0cu\u00a0<span class=\"dia_suggestion w30\" contextmenu=\"true\">u\u0219urin\u021b\u0103<\/span>\u00a0<span class=\"dia_suggestion w124\" contextmenu=\"true\">distan\u021b\u0103<\/span>\u00a0<span class=\"dia_suggestion w125\" contextmenu=\"true\">dintre<\/span>\u00a0<span class=\"dia_suggestion w126\" contextmenu=\"true\">cu\u021bite<\/span>\u00a0<span class=\"dia_suggestion w9\" contextmenu=\"true\">\u0219i<\/span>\u00a0<span class=\"dia_suggestion w128\" contextmenu=\"true\">contra<\/span>\u2013<span class=\"dia_suggestion w129\" contextmenu=\"true\">cu\u021bit<\/span>.<\/span><\/li>\n<\/ul>","protected":false},"excerpt":{"rendered":"<p>Specifica\u021bii tehnice Tocator de crengi STARK P4206: Brand: STARK Putere motor: 15 CP (420cc) Brand motor: DUCAR Pornire: Recoil Tip<\/p>","protected":false},"featured_media":4335,"template":"","meta":[],"product_cat":[135],"product_tag":[],"class_list":{"0":"post-4334","1":"product","2":"type-product","3":"status-publish","4":"has-post-thumbnail","6":"product_cat-tocatoare-de-crengi","8":"first","9":"onbackorder","10":"shipping-taxable","11":"purchasable","12":"product-type-simple"},"yoast_head":"<!-- This site is optimized with the Yoast SEO plugin v20.12 - https:\/\/yoast.com\/wordpress\/plugins\/seo\/ -->\n<title>Tocator de crengi STARK P4206 - Modernteh<\/title>\n<meta name=\"description\" content=\"Tocator de crengi STARK P4206. A\u0219chiile rezultate pot fi utilizate pentru \u00eenc\u0103lzirea \u00een cazane de combustibil solid, ca material de mulcire pentru plante etc\" \/>\n<meta name=\"robots\" content=\"index, follow, max-snippet:-1, max-image-preview:large, max-video-preview:-1\" \/>\n<link rel=\"canonical\" href=\"https:\/\/modernteh.md\/ru\/catalog\/tocator-de-crengi-stark-p4206\/\" \/>\n<meta property=\"og:locale\" content=\"ru_RU\" \/>\n<meta property=\"og:type\" content=\"article\" \/>\n<meta property=\"og:title\" content=\"Tocator de crengi STARK P4206 - Modernteh\" \/>\n<meta property=\"og:description\" content=\"Tocator de crengi STARK P4206. A\u0219chiile rezultate pot fi utilizate pentru \u00eenc\u0103lzirea \u00een cazane de combustibil solid, ca material de mulcire pentru plante etc\" \/>\n<meta property=\"og:url\" content=\"https:\/\/modernteh.md\/ru\/catalog\/tocator-de-crengi-stark-p4206\/\" \/>\n<meta property=\"og:site_name\" content=\"Modernteh\" \/>\n<meta property=\"article:publisher\" content=\"https:\/\/www.facebook.com\/profile.php?id=100082695620019\" \/>\n<meta property=\"article:modified_time\" content=\"2026-02-11T07:24:15+00:00\" \/>\n<meta property=\"og:image\" content=\"https:\/\/modernteh.md\/wp-content\/uploads\/2024\/12\/P4206-1-1.webp\" \/>\n\t<meta property=\"og:image:width\" content=\"1000\" \/>\n\t<meta property=\"og:image:height\" content=\"1000\" \/>\n\t<meta property=\"og:image:type\" content=\"image\/webp\" \/>\n<meta name=\"twitter:card\" content=\"summary_large_image\" \/>\n<meta name=\"twitter:label1\" content=\"\u041f\u0440\u0438\u043c\u0435\u0440\u043d\u043e\u0435 \u0432\u0440\u0435\u043c\u044f \u0434\u043b\u044f \u0447\u0442\u0435\u043d\u0438\u044f\" \/>\n\t<meta name=\"twitter:data1\" content=\"2 \u043c\u0438\u043d\u0443\u0442\u044b\" \/>\n<script type=\"application\/ld+json\" class=\"yoast-schema-graph\">{\"@context\":\"https:\/\/schema.org\",\"@graph\":[{\"@type\":\"WebPage\",\"@id\":\"https:\/\/modernteh.md\/catalog\/tocator-de-crengi-stark-p4206\/\",\"url\":\"https:\/\/modernteh.md\/catalog\/tocator-de-crengi-stark-p4206\/\",\"name\":\"Tocator de crengi STARK P4206 - Modernteh\",\"isPartOf\":{\"@id\":\"https:\/\/modernteh.md\/#website\"},\"datePublished\":\"2024-12-12T14:07:15+00:00\",\"dateModified\":\"2026-02-11T07:24:15+00:00\",\"description\":\"Tocator de crengi STARK P4206. A\u0219chiile rezultate pot fi utilizate pentru \u00eenc\u0103lzirea \u00een cazane de combustibil solid, ca material de mulcire pentru plante etc\",\"breadcrumb\":{\"@id\":\"https:\/\/modernteh.md\/catalog\/tocator-de-crengi-stark-p4206\/#breadcrumb\"},\"inLanguage\":\"ru-RU\",\"potentialAction\":[{\"@type\":\"ReadAction\",\"target\":[\"https:\/\/modernteh.md\/catalog\/tocator-de-crengi-stark-p4206\/\"]}]},{\"@type\":\"BreadcrumbList\",\"@id\":\"https:\/\/modernteh.md\/catalog\/tocator-de-crengi-stark-p4206\/#breadcrumb\",\"itemListElement\":[{\"@type\":\"ListItem\",\"position\":1,\"name\":\"Prima pagin\u0103\",\"item\":\"https:\/\/modernteh.md\/\"},{\"@type\":\"ListItem\",\"position\":2,\"name\":\"Catalog\",\"item\":\"https:\/\/modernteh.md\/catalog\/\"},{\"@type\":\"ListItem\",\"position\":3,\"name\":\"Tocator de crengi STARK P4206\"}]},{\"@type\":\"WebSite\",\"@id\":\"https:\/\/modernteh.md\/#website\",\"url\":\"https:\/\/modernteh.md\/\",\"name\":\"Modernteh\",\"description\":\"Modernteh\",\"publisher\":{\"@id\":\"https:\/\/modernteh.md\/#organization\"},\"potentialAction\":[{\"@type\":\"SearchAction\",\"target\":{\"@type\":\"EntryPoint\",\"urlTemplate\":\"https:\/\/modernteh.md\/?s={search_term_string}\"},\"query-input\":\"required name=search_term_string\"}],\"inLanguage\":\"ru-RU\"},{\"@type\":\"Organization\",\"@id\":\"https:\/\/modernteh.md\/#organization\",\"name\":\"Modernteh\",\"url\":\"https:\/\/modernteh.md\/\",\"logo\":{\"@type\":\"ImageObject\",\"inLanguage\":\"ru-RU\",\"@id\":\"https:\/\/modernteh.md\/#\/schema\/logo\/image\/\",\"url\":\"https:\/\/modernteh.md\/wp-content\/uploads\/2022\/06\/Logo_site-2.png\",\"contentUrl\":\"https:\/\/modernteh.md\/wp-content\/uploads\/2022\/06\/Logo_site-2.png\",\"width\":500,\"height\":487,\"caption\":\"Modernteh\"},\"image\":{\"@id\":\"https:\/\/modernteh.md\/#\/schema\/logo\/image\/\"},\"sameAs\":[\"https:\/\/www.facebook.com\/profile.php?id=100082695620019\"]}]}<\/script>\n<!-- \/ Yoast SEO plugin. -->","yoast_head_json":{"title":"Tocator de crengi STARK P4206 - Modernteh","description":"Tocator de crengi STARK P4206. A\u0219chiile rezultate pot fi utilizate pentru \u00eenc\u0103lzirea \u00een cazane de combustibil solid, ca material de mulcire pentru plante etc","robots":{"index":"index","follow":"follow","max-snippet":"max-snippet:-1","max-image-preview":"max-image-preview:large","max-video-preview":"max-video-preview:-1"},"canonical":"https:\/\/modernteh.md\/ru\/catalog\/tocator-de-crengi-stark-p4206\/","og_locale":"ru_RU","og_type":"article","og_title":"Tocator de crengi STARK P4206 - Modernteh","og_description":"Tocator de crengi STARK P4206. A\u0219chiile rezultate pot fi utilizate pentru \u00eenc\u0103lzirea \u00een cazane de combustibil solid, ca material de mulcire pentru plante etc","og_url":"https:\/\/modernteh.md\/ru\/catalog\/tocator-de-crengi-stark-p4206\/","og_site_name":"Modernteh","article_publisher":"https:\/\/www.facebook.com\/profile.php?id=100082695620019","article_modified_time":"2026-02-11T07:24:15+00:00","og_image":[{"width":1000,"height":1000,"url":"https:\/\/modernteh.md\/wp-content\/uploads\/2024\/12\/P4206-1-1.webp","type":"image\/webp"}],"twitter_card":"summary_large_image","twitter_misc":{"\u041f\u0440\u0438\u043c\u0435\u0440\u043d\u043e\u0435 \u0432\u0440\u0435\u043c\u044f \u0434\u043b\u044f \u0447\u0442\u0435\u043d\u0438\u044f":"2 \u043c\u0438\u043d\u0443\u0442\u044b"},"schema":{"@context":"https:\/\/schema.org","@graph":[{"@type":"WebPage","@id":"https:\/\/modernteh.md\/catalog\/tocator-de-crengi-stark-p4206\/","url":"https:\/\/modernteh.md\/catalog\/tocator-de-crengi-stark-p4206\/","name":"Tocator de crengi STARK P4206 - Modernteh","isPartOf":{"@id":"https:\/\/modernteh.md\/#website"},"datePublished":"2024-12-12T14:07:15+00:00","dateModified":"2026-02-11T07:24:15+00:00","description":"Tocator de crengi STARK P4206. A\u0219chiile rezultate pot fi utilizate pentru \u00eenc\u0103lzirea \u00een cazane de combustibil solid, ca material de mulcire pentru plante etc","breadcrumb":{"@id":"https:\/\/modernteh.md\/catalog\/tocator-de-crengi-stark-p4206\/#breadcrumb"},"inLanguage":"ru-RU","potentialAction":[{"@type":"ReadAction","target":["https:\/\/modernteh.md\/catalog\/tocator-de-crengi-stark-p4206\/"]}]},{"@type":"BreadcrumbList","@id":"https:\/\/modernteh.md\/catalog\/tocator-de-crengi-stark-p4206\/#breadcrumb","itemListElement":[{"@type":"ListItem","position":1,"name":"Prima pagin\u0103","item":"https:\/\/modernteh.md\/"},{"@type":"ListItem","position":2,"name":"Catalog","item":"https:\/\/modernteh.md\/catalog\/"},{"@type":"ListItem","position":3,"name":"Tocator de crengi STARK P4206"}]},{"@type":"WebSite","@id":"https:\/\/modernteh.md\/#website","url":"https:\/\/modernteh.md\/","name":"Modernteh","description":"Modernteh","publisher":{"@id":"https:\/\/modernteh.md\/#organization"},"potentialAction":[{"@type":"SearchAction","target":{"@type":"EntryPoint","urlTemplate":"https:\/\/modernteh.md\/?s={search_term_string}"},"query-input":"required name=search_term_string"}],"inLanguage":"ru-RU"},{"@type":"Organization","@id":"https:\/\/modernteh.md\/#organization","name":"Modernteh","url":"https:\/\/modernteh.md\/","logo":{"@type":"ImageObject","inLanguage":"ru-RU","@id":"https:\/\/modernteh.md\/#\/schema\/logo\/image\/","url":"https:\/\/modernteh.md\/wp-content\/uploads\/2022\/06\/Logo_site-2.png","contentUrl":"https:\/\/modernteh.md\/wp-content\/uploads\/2022\/06\/Logo_site-2.png","width":500,"height":487,"caption":"Modernteh"},"image":{"@id":"https:\/\/modernteh.md\/#\/schema\/logo\/image\/"},"sameAs":["https:\/\/www.facebook.com\/profile.php?id=100082695620019"]}]}},"_links":{"self":[{"href":"https:\/\/modernteh.md\/ru\/wp-json\/wp\/v2\/product\/4334","targetHints":{"allow":["GET"]}}],"collection":[{"href":"https:\/\/modernteh.md\/ru\/wp-json\/wp\/v2\/product"}],"about":[{"href":"https:\/\/modernteh.md\/ru\/wp-json\/wp\/v2\/types\/product"}],"wp:featuredmedia":[{"embeddable":true,"href":"https:\/\/modernteh.md\/ru\/wp-json\/wp\/v2\/media\/4335"}],"wp:attachment":[{"href":"https:\/\/modernteh.md\/ru\/wp-json\/wp\/v2\/media?parent=4334"}],"wp:term":[{"taxonomy":"product_cat","embeddable":true,"href":"https:\/\/modernteh.md\/ru\/wp-json\/wp\/v2\/product_cat?post=4334"},{"taxonomy":"product_tag","embeddable":true,"href":"https:\/\/modernteh.md\/ru\/wp-json\/wp\/v2\/product_tag?post=4334"}],"curies":[{"name":"wp","href":"https:\/\/api.w.org\/{rel}","templated":true}]}}