{"id":4339,"date":"2024-12-13T12:19:10","date_gmt":"2024-12-13T12:19:10","guid":{"rendered":"https:\/\/modernteh.md\/?post_type=product&#038;p=4339"},"modified":"2025-12-17T12:26:43","modified_gmt":"2025-12-17T12:26:43","slug":"dispozitiv-prindere-porci-cu-autoblocare-si-tija-60-cm","status":"publish","type":"product","link":"https:\/\/modernteh.md\/ru\/catalog\/dispozitiv-prindere-porci-cu-autoblocare-si-tija-60-cm\/","title":{"rendered":"Dispozitiv prindere porci cu autoblocare si tija 60 cm"},"content":{"rendered":"<p class=\"product_title entry-title show-product-nav\">Dispozitiv prindere porci cu autoblocare si tija 60 cm.<\/p>\n<ul>\n<li><em>Fabricat din materiale de \u00eenalt\u0103 calitate \u0219i rezistente la coroziune<span style=\"color: #000000;\"><a style=\"color: #000000;\" href=\"https:\/\/agrozootehnie.md\/produs\/freza-de-aschii\/\">,<\/a><\/span> acest dispozitiv de prindere porci este durabil. Asigur\u0103 o utilizare pe termen lung f\u0103r\u0103 a necesita \u00eentre\u021binere constant\u0103.<\/em><\/li>\n<li><em>Acest dispozitiv reprezint\u0103 o alegere excelent\u0103 pentru fermieri \u0219i cresc\u0103tori de animale care caut\u0103 un echipament de calitate. Pentru manipularea porcilor \u00eentr-un mod eficient \u0219i sigur. Are designul ergonomic \u0219i func\u021bionalitate de \u00eencredere.<\/em><\/li>\n<li><em>Dispozitivul de prindere porci este o solu\u021bie eficient\u0103 \u0219i durabil\u0103 pentru a manipula \u0219i a prinde porcii, sau alte animale \u00eentr-un mod sigur \u0219i comod.<\/em><\/li>\n<li><em>Acest dispozitiv de prindere de \u00eenalt\u0103 calitate are o lungime de \u021beav\u0103 de 60 cm<span style=\"color: #000000;\"><a style=\"color: #000000;\" href=\"https:\/\/www.facebook.com\/agrozootehnie.md\/\">,<\/a><\/span> ceea ce \u00eel face potrivit pentru diverse aplica\u021bii \u00een gestionarea animalelor.<\/em><\/li>\n<\/ul>","protected":false},"excerpt":{"rendered":"<p>Dispozitiv prindere porci cu autoblocare si tija 60 cm. Fabricat din materiale de \u00eenalt\u0103 calitate \u0219i rezistente la coroziune, acest<\/p>","protected":false},"featured_media":4340,"template":"","meta":[],"product_cat":[181],"product_tag":[],"class_list":{"0":"post-4339","1":"product","2":"type-product","3":"status-publish","4":"has-post-thumbnail","6":"product_cat-utilaje-si-accesorii-ferma","8":"first","9":"instock","10":"shipping-taxable","11":"purchasable","12":"product-type-simple"},"yoast_head":"<!-- This site is optimized with the Yoast SEO plugin v20.12 - https:\/\/yoast.com\/wordpress\/plugins\/seo\/ -->\n<title>Dispozitiv prindere porci cu autoblocare si tija 60 cm - Modernteh<\/title>\n<meta name=\"robots\" content=\"index, follow, max-snippet:-1, max-image-preview:large, max-video-preview:-1\" \/>\n<link rel=\"canonical\" href=\"https:\/\/modernteh.md\/ru\/catalog\/dispozitiv-prindere-porci-cu-autoblocare-si-tija-60-cm\/\" \/>\n<meta property=\"og:locale\" content=\"ru_RU\" \/>\n<meta property=\"og:type\" content=\"article\" \/>\n<meta property=\"og:title\" content=\"Dispozitiv prindere porci cu autoblocare si tija 60 cm - Modernteh\" \/>\n<meta property=\"og:description\" content=\"Dispozitiv prindere porci cu autoblocare si tija 60 cm. Fabricat din materiale de \u00eenalt\u0103 calitate \u0219i rezistente la coroziune, acest\" \/>\n<meta property=\"og:url\" content=\"https:\/\/modernteh.md\/ru\/catalog\/dispozitiv-prindere-porci-cu-autoblocare-si-tija-60-cm\/\" \/>\n<meta property=\"og:site_name\" content=\"Modernteh\" \/>\n<meta property=\"article:publisher\" content=\"https:\/\/www.facebook.com\/profile.php?id=100082695620019\" \/>\n<meta property=\"article:modified_time\" content=\"2025-12-17T12:26:43+00:00\" \/>\n<meta property=\"og:image\" content=\"https:\/\/modernteh.md\/wp-content\/uploads\/2024\/12\/dispozitiv-prindere-porci-premium-1-16-12.webp\" \/>\n\t<meta property=\"og:image:width\" content=\"800\" \/>\n\t<meta property=\"og:image:height\" content=\"800\" \/>\n\t<meta property=\"og:image:type\" content=\"image\/webp\" \/>\n<meta name=\"twitter:card\" content=\"summary_large_image\" \/>\n<meta name=\"twitter:label1\" content=\"\u041f\u0440\u0438\u043c\u0435\u0440\u043d\u043e\u0435 \u0432\u0440\u0435\u043c\u044f \u0434\u043b\u044f \u0447\u0442\u0435\u043d\u0438\u044f\" \/>\n\t<meta name=\"twitter:data1\" content=\"1 \u043c\u0438\u043d\u0443\u0442\u0430\" \/>\n<script type=\"application\/ld+json\" class=\"yoast-schema-graph\">{\"@context\":\"https:\/\/schema.org\",\"@graph\":[{\"@type\":\"WebPage\",\"@id\":\"https:\/\/modernteh.md\/catalog\/dispozitiv-prindere-porci-cu-autoblocare-si-tija-60-cm\/\",\"url\":\"https:\/\/modernteh.md\/catalog\/dispozitiv-prindere-porci-cu-autoblocare-si-tija-60-cm\/\",\"name\":\"Dispozitiv prindere porci cu autoblocare si tija 60 cm - Modernteh\",\"isPartOf\":{\"@id\":\"https:\/\/modernteh.md\/#website\"},\"datePublished\":\"2024-12-13T12:19:10+00:00\",\"dateModified\":\"2025-12-17T12:26:43+00:00\",\"breadcrumb\":{\"@id\":\"https:\/\/modernteh.md\/catalog\/dispozitiv-prindere-porci-cu-autoblocare-si-tija-60-cm\/#breadcrumb\"},\"inLanguage\":\"ru-RU\",\"potentialAction\":[{\"@type\":\"ReadAction\",\"target\":[\"https:\/\/modernteh.md\/catalog\/dispozitiv-prindere-porci-cu-autoblocare-si-tija-60-cm\/\"]}]},{\"@type\":\"BreadcrumbList\",\"@id\":\"https:\/\/modernteh.md\/catalog\/dispozitiv-prindere-porci-cu-autoblocare-si-tija-60-cm\/#breadcrumb\",\"itemListElement\":[{\"@type\":\"ListItem\",\"position\":1,\"name\":\"Prima pagin\u0103\",\"item\":\"https:\/\/modernteh.md\/\"},{\"@type\":\"ListItem\",\"position\":2,\"name\":\"Catalog\",\"item\":\"https:\/\/modernteh.md\/catalog\/\"},{\"@type\":\"ListItem\",\"position\":3,\"name\":\"Dispozitiv prindere porci cu autoblocare si tija 60 cm\"}]},{\"@type\":\"WebSite\",\"@id\":\"https:\/\/modernteh.md\/#website\",\"url\":\"https:\/\/modernteh.md\/\",\"name\":\"Modernteh\",\"description\":\"Modernteh\",\"publisher\":{\"@id\":\"https:\/\/modernteh.md\/#organization\"},\"potentialAction\":[{\"@type\":\"SearchAction\",\"target\":{\"@type\":\"EntryPoint\",\"urlTemplate\":\"https:\/\/modernteh.md\/?s={search_term_string}\"},\"query-input\":\"required name=search_term_string\"}],\"inLanguage\":\"ru-RU\"},{\"@type\":\"Organization\",\"@id\":\"https:\/\/modernteh.md\/#organization\",\"name\":\"Modernteh\",\"url\":\"https:\/\/modernteh.md\/\",\"logo\":{\"@type\":\"ImageObject\",\"inLanguage\":\"ru-RU\",\"@id\":\"https:\/\/modernteh.md\/#\/schema\/logo\/image\/\",\"url\":\"https:\/\/modernteh.md\/wp-content\/uploads\/2022\/06\/Logo_site-2.png\",\"contentUrl\":\"https:\/\/modernteh.md\/wp-content\/uploads\/2022\/06\/Logo_site-2.png\",\"width\":500,\"height\":487,\"caption\":\"Modernteh\"},\"image\":{\"@id\":\"https:\/\/modernteh.md\/#\/schema\/logo\/image\/\"},\"sameAs\":[\"https:\/\/www.facebook.com\/profile.php?id=100082695620019\"]}]}<\/script>\n<!-- \/ Yoast SEO plugin. -->","yoast_head_json":{"title":"Dispozitiv prindere porci cu autoblocare si tija 60 cm - Modernteh","robots":{"index":"index","follow":"follow","max-snippet":"max-snippet:-1","max-image-preview":"max-image-preview:large","max-video-preview":"max-video-preview:-1"},"canonical":"https:\/\/modernteh.md\/ru\/catalog\/dispozitiv-prindere-porci-cu-autoblocare-si-tija-60-cm\/","og_locale":"ru_RU","og_type":"article","og_title":"Dispozitiv prindere porci cu autoblocare si tija 60 cm - Modernteh","og_description":"Dispozitiv prindere porci cu autoblocare si tija 60 cm. Fabricat din materiale de \u00eenalt\u0103 calitate \u0219i rezistente la coroziune, acest","og_url":"https:\/\/modernteh.md\/ru\/catalog\/dispozitiv-prindere-porci-cu-autoblocare-si-tija-60-cm\/","og_site_name":"Modernteh","article_publisher":"https:\/\/www.facebook.com\/profile.php?id=100082695620019","article_modified_time":"2025-12-17T12:26:43+00:00","og_image":[{"width":800,"height":800,"url":"https:\/\/modernteh.md\/wp-content\/uploads\/2024\/12\/dispozitiv-prindere-porci-premium-1-16-12.webp","type":"image\/webp"}],"twitter_card":"summary_large_image","twitter_misc":{"\u041f\u0440\u0438\u043c\u0435\u0440\u043d\u043e\u0435 \u0432\u0440\u0435\u043c\u044f \u0434\u043b\u044f \u0447\u0442\u0435\u043d\u0438\u044f":"1 \u043c\u0438\u043d\u0443\u0442\u0430"},"schema":{"@context":"https:\/\/schema.org","@graph":[{"@type":"WebPage","@id":"https:\/\/modernteh.md\/catalog\/dispozitiv-prindere-porci-cu-autoblocare-si-tija-60-cm\/","url":"https:\/\/modernteh.md\/catalog\/dispozitiv-prindere-porci-cu-autoblocare-si-tija-60-cm\/","name":"Dispozitiv prindere porci cu autoblocare si tija 60 cm - Modernteh","isPartOf":{"@id":"https:\/\/modernteh.md\/#website"},"datePublished":"2024-12-13T12:19:10+00:00","dateModified":"2025-12-17T12:26:43+00:00","breadcrumb":{"@id":"https:\/\/modernteh.md\/catalog\/dispozitiv-prindere-porci-cu-autoblocare-si-tija-60-cm\/#breadcrumb"},"inLanguage":"ru-RU","potentialAction":[{"@type":"ReadAction","target":["https:\/\/modernteh.md\/catalog\/dispozitiv-prindere-porci-cu-autoblocare-si-tija-60-cm\/"]}]},{"@type":"BreadcrumbList","@id":"https:\/\/modernteh.md\/catalog\/dispozitiv-prindere-porci-cu-autoblocare-si-tija-60-cm\/#breadcrumb","itemListElement":[{"@type":"ListItem","position":1,"name":"Prima pagin\u0103","item":"https:\/\/modernteh.md\/"},{"@type":"ListItem","position":2,"name":"Catalog","item":"https:\/\/modernteh.md\/catalog\/"},{"@type":"ListItem","position":3,"name":"Dispozitiv prindere porci cu autoblocare si tija 60 cm"}]},{"@type":"WebSite","@id":"https:\/\/modernteh.md\/#website","url":"https:\/\/modernteh.md\/","name":"Modernteh","description":"Modernteh","publisher":{"@id":"https:\/\/modernteh.md\/#organization"},"potentialAction":[{"@type":"SearchAction","target":{"@type":"EntryPoint","urlTemplate":"https:\/\/modernteh.md\/?s={search_term_string}"},"query-input":"required name=search_term_string"}],"inLanguage":"ru-RU"},{"@type":"Organization","@id":"https:\/\/modernteh.md\/#organization","name":"Modernteh","url":"https:\/\/modernteh.md\/","logo":{"@type":"ImageObject","inLanguage":"ru-RU","@id":"https:\/\/modernteh.md\/#\/schema\/logo\/image\/","url":"https:\/\/modernteh.md\/wp-content\/uploads\/2022\/06\/Logo_site-2.png","contentUrl":"https:\/\/modernteh.md\/wp-content\/uploads\/2022\/06\/Logo_site-2.png","width":500,"height":487,"caption":"Modernteh"},"image":{"@id":"https:\/\/modernteh.md\/#\/schema\/logo\/image\/"},"sameAs":["https:\/\/www.facebook.com\/profile.php?id=100082695620019"]}]}},"_links":{"self":[{"href":"https:\/\/modernteh.md\/ru\/wp-json\/wp\/v2\/product\/4339","targetHints":{"allow":["GET"]}}],"collection":[{"href":"https:\/\/modernteh.md\/ru\/wp-json\/wp\/v2\/product"}],"about":[{"href":"https:\/\/modernteh.md\/ru\/wp-json\/wp\/v2\/types\/product"}],"wp:featuredmedia":[{"embeddable":true,"href":"https:\/\/modernteh.md\/ru\/wp-json\/wp\/v2\/media\/4340"}],"wp:attachment":[{"href":"https:\/\/modernteh.md\/ru\/wp-json\/wp\/v2\/media?parent=4339"}],"wp:term":[{"taxonomy":"product_cat","embeddable":true,"href":"https:\/\/modernteh.md\/ru\/wp-json\/wp\/v2\/product_cat?post=4339"},{"taxonomy":"product_tag","embeddable":true,"href":"https:\/\/modernteh.md\/ru\/wp-json\/wp\/v2\/product_tag?post=4339"}],"curies":[{"name":"wp","href":"https:\/\/api.w.org\/{rel}","templated":true}]}}