{"id":4342,"date":"2024-12-19T12:40:47","date_gmt":"2024-12-19T12:40:47","guid":{"rendered":"https:\/\/modernteh.md\/?post_type=product&#038;p=4342"},"modified":"2025-10-06T10:55:20","modified_gmt":"2025-10-06T10:55:20","slug":"cizme-dunlop-blizzard","status":"publish","type":"product","link":"https:\/\/modernteh.md\/ru\/catalog\/cizme-dunlop-blizzard\/","title":{"rendered":"Cizme Dunlop Blizzard"},"content":{"rendered":"<p class=\"product_title entry-title wd-entities-title\">Cizme Dunlop Blizzard m\u0103rimile 36-46.<\/p>\n<p><strong>Cizme Dunlop Blizzard<\/strong><\/p>\n<p>Aceste cizme de iarn\u0103 sunt perfecte pentru sezonul rece, ofer\u0103 confort \u0219i protec\u021bie \u00een condi\u021bii extreme. C\u0103ptu\u0219ite cu blan\u0103 moale, asigur\u0103 un plus de c\u0103ldur\u0103 \u0219i confort. Rezist\u0103 la temperaturi de p\u00e2n\u0103 la -15\u00b0C sunt ideale pentru activit\u0103\u021bi \u00een aer liber, \u00een grajd sau gr\u0103din\u0103 \u00een zilele friguroase. Siretul este rezistent la ap\u0103, previne p\u0103trunderea umezelii \u0219i men\u021bine picioarele uscate. Profilul special al t\u0103lpii garanteaz\u0103 o aderen\u021b\u0103 excelent\u0103 pe suprafe\u021be alunecoase, iar talpa este proiectat\u0103 s\u0103 absoarb\u0103 eficient \u0219ocurile, oferind confort chiar \u0219i pe terenuri dificile. Cizme Dunlop Blizzard combin\u0103 durabilitatea cu func\u021bionalitatea, fiind o alegere de \u00eencredere pentru iarn\u0103.<\/p>","protected":false},"excerpt":{"rendered":"<p>Cizme Dunlop Blizzard m\u0103rimile 36-46. Cizme Dunlop Blizzard Aceste cizme de iarn\u0103 sunt perfecte pentru sezonul rece, ofer\u0103 confort \u0219i<\/p>","protected":false},"featured_media":4343,"template":"","meta":[],"product_cat":[148],"product_tag":[],"class_list":{"0":"post-4342","1":"product","2":"type-product","3":"status-publish","4":"has-post-thumbnail","6":"product_cat-haine-si-incaltaminte-de-protectie","8":"first","9":"instock","10":"shipping-taxable","11":"purchasable","12":"product-type-variable"},"yoast_head":"<!-- This site is optimized with the Yoast SEO plugin v20.12 - https:\/\/yoast.com\/wordpress\/plugins\/seo\/ -->\n<title>Cizme Dunlop Blizzard - Modernteh<\/title>\n<meta name=\"description\" content=\"Cizme Dunlop Blizzard marimile 36-46, cu blana in interior.\" \/>\n<meta name=\"robots\" content=\"index, follow, max-snippet:-1, max-image-preview:large, max-video-preview:-1\" \/>\n<link rel=\"canonical\" href=\"https:\/\/modernteh.md\/ru\/catalog\/cizme-dunlop-blizzard\/\" \/>\n<meta property=\"og:locale\" content=\"ru_RU\" \/>\n<meta property=\"og:type\" content=\"article\" \/>\n<meta property=\"og:title\" content=\"Cizme Dunlop Blizzard - Modernteh\" \/>\n<meta property=\"og:description\" content=\"Cizme Dunlop Blizzard marimile 36-46, cu blana in interior.\" \/>\n<meta property=\"og:url\" content=\"https:\/\/modernteh.md\/ru\/catalog\/cizme-dunlop-blizzard\/\" \/>\n<meta property=\"og:site_name\" content=\"Modernteh\" \/>\n<meta property=\"article:publisher\" content=\"https:\/\/www.facebook.com\/profile.php?id=100082695620019\" \/>\n<meta property=\"article:modified_time\" content=\"2025-10-06T10:55:20+00:00\" \/>\n<meta property=\"og:image\" content=\"https:\/\/modernteh.md\/wp-content\/uploads\/2024\/12\/k486061.45_10593-600x600-1.webp\" \/>\n\t<meta property=\"og:image:width\" content=\"600\" \/>\n\t<meta property=\"og:image:height\" content=\"600\" \/>\n\t<meta property=\"og:image:type\" content=\"image\/webp\" \/>\n<meta name=\"twitter:card\" content=\"summary_large_image\" \/>\n<meta name=\"twitter:label1\" content=\"\u041f\u0440\u0438\u043c\u0435\u0440\u043d\u043e\u0435 \u0432\u0440\u0435\u043c\u044f \u0434\u043b\u044f \u0447\u0442\u0435\u043d\u0438\u044f\" \/>\n\t<meta name=\"twitter:data1\" content=\"1 \u043c\u0438\u043d\u0443\u0442\u0430\" \/>\n<script type=\"application\/ld+json\" class=\"yoast-schema-graph\">{\"@context\":\"https:\/\/schema.org\",\"@graph\":[{\"@type\":\"WebPage\",\"@id\":\"https:\/\/modernteh.md\/catalog\/cizme-dunlop-blizzard\/\",\"url\":\"https:\/\/modernteh.md\/catalog\/cizme-dunlop-blizzard\/\",\"name\":\"Cizme Dunlop Blizzard - Modernteh\",\"isPartOf\":{\"@id\":\"https:\/\/modernteh.md\/#website\"},\"datePublished\":\"2024-12-19T12:40:47+00:00\",\"dateModified\":\"2025-10-06T10:55:20+00:00\",\"description\":\"Cizme Dunlop Blizzard marimile 36-46, cu blana in interior.\",\"breadcrumb\":{\"@id\":\"https:\/\/modernteh.md\/catalog\/cizme-dunlop-blizzard\/#breadcrumb\"},\"inLanguage\":\"ru-RU\",\"potentialAction\":[{\"@type\":\"ReadAction\",\"target\":[\"https:\/\/modernteh.md\/catalog\/cizme-dunlop-blizzard\/\"]}]},{\"@type\":\"BreadcrumbList\",\"@id\":\"https:\/\/modernteh.md\/catalog\/cizme-dunlop-blizzard\/#breadcrumb\",\"itemListElement\":[{\"@type\":\"ListItem\",\"position\":1,\"name\":\"Prima pagin\u0103\",\"item\":\"https:\/\/modernteh.md\/\"},{\"@type\":\"ListItem\",\"position\":2,\"name\":\"Catalog\",\"item\":\"https:\/\/modernteh.md\/catalog\/\"},{\"@type\":\"ListItem\",\"position\":3,\"name\":\"Cizme Dunlop Blizzard\"}]},{\"@type\":\"WebSite\",\"@id\":\"https:\/\/modernteh.md\/#website\",\"url\":\"https:\/\/modernteh.md\/\",\"name\":\"Modernteh\",\"description\":\"Modernteh\",\"publisher\":{\"@id\":\"https:\/\/modernteh.md\/#organization\"},\"potentialAction\":[{\"@type\":\"SearchAction\",\"target\":{\"@type\":\"EntryPoint\",\"urlTemplate\":\"https:\/\/modernteh.md\/?s={search_term_string}\"},\"query-input\":\"required name=search_term_string\"}],\"inLanguage\":\"ru-RU\"},{\"@type\":\"Organization\",\"@id\":\"https:\/\/modernteh.md\/#organization\",\"name\":\"Modernteh\",\"url\":\"https:\/\/modernteh.md\/\",\"logo\":{\"@type\":\"ImageObject\",\"inLanguage\":\"ru-RU\",\"@id\":\"https:\/\/modernteh.md\/#\/schema\/logo\/image\/\",\"url\":\"https:\/\/modernteh.md\/wp-content\/uploads\/2022\/06\/Logo_site-2.png\",\"contentUrl\":\"https:\/\/modernteh.md\/wp-content\/uploads\/2022\/06\/Logo_site-2.png\",\"width\":500,\"height\":487,\"caption\":\"Modernteh\"},\"image\":{\"@id\":\"https:\/\/modernteh.md\/#\/schema\/logo\/image\/\"},\"sameAs\":[\"https:\/\/www.facebook.com\/profile.php?id=100082695620019\"]}]}<\/script>\n<!-- \/ Yoast SEO plugin. -->","yoast_head_json":{"title":"Cizme Dunlop Blizzard - Modernteh","description":"Cizme Dunlop Blizzard marimile 36-46, cu blana in interior.","robots":{"index":"index","follow":"follow","max-snippet":"max-snippet:-1","max-image-preview":"max-image-preview:large","max-video-preview":"max-video-preview:-1"},"canonical":"https:\/\/modernteh.md\/ru\/catalog\/cizme-dunlop-blizzard\/","og_locale":"ru_RU","og_type":"article","og_title":"Cizme Dunlop Blizzard - Modernteh","og_description":"Cizme Dunlop Blizzard marimile 36-46, cu blana in interior.","og_url":"https:\/\/modernteh.md\/ru\/catalog\/cizme-dunlop-blizzard\/","og_site_name":"Modernteh","article_publisher":"https:\/\/www.facebook.com\/profile.php?id=100082695620019","article_modified_time":"2025-10-06T10:55:20+00:00","og_image":[{"width":600,"height":600,"url":"https:\/\/modernteh.md\/wp-content\/uploads\/2024\/12\/k486061.45_10593-600x600-1.webp","type":"image\/webp"}],"twitter_card":"summary_large_image","twitter_misc":{"\u041f\u0440\u0438\u043c\u0435\u0440\u043d\u043e\u0435 \u0432\u0440\u0435\u043c\u044f \u0434\u043b\u044f \u0447\u0442\u0435\u043d\u0438\u044f":"1 \u043c\u0438\u043d\u0443\u0442\u0430"},"schema":{"@context":"https:\/\/schema.org","@graph":[{"@type":"WebPage","@id":"https:\/\/modernteh.md\/catalog\/cizme-dunlop-blizzard\/","url":"https:\/\/modernteh.md\/catalog\/cizme-dunlop-blizzard\/","name":"Cizme Dunlop Blizzard - Modernteh","isPartOf":{"@id":"https:\/\/modernteh.md\/#website"},"datePublished":"2024-12-19T12:40:47+00:00","dateModified":"2025-10-06T10:55:20+00:00","description":"Cizme Dunlop Blizzard marimile 36-46, cu blana in interior.","breadcrumb":{"@id":"https:\/\/modernteh.md\/catalog\/cizme-dunlop-blizzard\/#breadcrumb"},"inLanguage":"ru-RU","potentialAction":[{"@type":"ReadAction","target":["https:\/\/modernteh.md\/catalog\/cizme-dunlop-blizzard\/"]}]},{"@type":"BreadcrumbList","@id":"https:\/\/modernteh.md\/catalog\/cizme-dunlop-blizzard\/#breadcrumb","itemListElement":[{"@type":"ListItem","position":1,"name":"Prima pagin\u0103","item":"https:\/\/modernteh.md\/"},{"@type":"ListItem","position":2,"name":"Catalog","item":"https:\/\/modernteh.md\/catalog\/"},{"@type":"ListItem","position":3,"name":"Cizme Dunlop Blizzard"}]},{"@type":"WebSite","@id":"https:\/\/modernteh.md\/#website","url":"https:\/\/modernteh.md\/","name":"Modernteh","description":"Modernteh","publisher":{"@id":"https:\/\/modernteh.md\/#organization"},"potentialAction":[{"@type":"SearchAction","target":{"@type":"EntryPoint","urlTemplate":"https:\/\/modernteh.md\/?s={search_term_string}"},"query-input":"required name=search_term_string"}],"inLanguage":"ru-RU"},{"@type":"Organization","@id":"https:\/\/modernteh.md\/#organization","name":"Modernteh","url":"https:\/\/modernteh.md\/","logo":{"@type":"ImageObject","inLanguage":"ru-RU","@id":"https:\/\/modernteh.md\/#\/schema\/logo\/image\/","url":"https:\/\/modernteh.md\/wp-content\/uploads\/2022\/06\/Logo_site-2.png","contentUrl":"https:\/\/modernteh.md\/wp-content\/uploads\/2022\/06\/Logo_site-2.png","width":500,"height":487,"caption":"Modernteh"},"image":{"@id":"https:\/\/modernteh.md\/#\/schema\/logo\/image\/"},"sameAs":["https:\/\/www.facebook.com\/profile.php?id=100082695620019"]}]}},"_links":{"self":[{"href":"https:\/\/modernteh.md\/ru\/wp-json\/wp\/v2\/product\/4342","targetHints":{"allow":["GET"]}}],"collection":[{"href":"https:\/\/modernteh.md\/ru\/wp-json\/wp\/v2\/product"}],"about":[{"href":"https:\/\/modernteh.md\/ru\/wp-json\/wp\/v2\/types\/product"}],"wp:featuredmedia":[{"embeddable":true,"href":"https:\/\/modernteh.md\/ru\/wp-json\/wp\/v2\/media\/4343"}],"wp:attachment":[{"href":"https:\/\/modernteh.md\/ru\/wp-json\/wp\/v2\/media?parent=4342"}],"wp:term":[{"taxonomy":"product_cat","embeddable":true,"href":"https:\/\/modernteh.md\/ru\/wp-json\/wp\/v2\/product_cat?post=4342"},{"taxonomy":"product_tag","embeddable":true,"href":"https:\/\/modernteh.md\/ru\/wp-json\/wp\/v2\/product_tag?post=4342"}],"curies":[{"name":"wp","href":"https:\/\/api.w.org\/{rel}","templated":true}]}}