{"id":4359,"date":"2025-01-10T09:05:06","date_gmt":"2025-01-10T09:05:06","guid":{"rendered":"https:\/\/modernteh.md\/?post_type=product&#038;p=4359"},"modified":"2025-01-10T09:05:06","modified_gmt":"2025-01-10T09:05:06","slug":"spray-racire-cutit-500-ml","status":"publish","type":"product","link":"https:\/\/modernteh.md\/ru\/catalog\/spray-racire-cutit-500-ml\/","title":{"rendered":"Spray racire cutit 500 ml"},"content":{"rendered":"<p><em><span class=\"VIiyi\" lang=\"ro\"><span class=\"JLqJ4b ChMk0b\" data-language-for-alternatives=\"ro\" data-language-to-translate-into=\"fr\" data-phrase-index=\"0\">R\u0103ce\u0219te, lubrifiaz\u0103 \u0219i cur\u0103\u021b\u0103.<\/span>\u00a0<span class=\"JLqJ4b ChMk0b\" data-language-for-alternatives=\"ro\" data-language-to-translate-into=\"fr\" data-phrase-index=\"1\">\u00cembun\u0103t\u0103\u021be\u0219te taierea \u0219i p\u0103streaz\u0103 piaptanul ascu\u021bit.<\/span>\u00a0<span class=\"JLqJ4b ChMk0b\" data-language-for-alternatives=\"ro\" data-language-to-translate-into=\"fr\" data-phrase-index=\"2\">Ajut\u0103 la prevenirea acumul\u0103rii de murd\u0103rie, optimizeaz\u0103 performan\u021ba.<\/span>\u00a0\u00a0\u00a0\u00a0\u00a0\u00a0<\/span><\/em><\/p>\n<p><em>\u00a0 \u00a0 \u00a0 Volum : 500 ml<\/em><\/p>\n<p><em>\u00a0 \u00a0<\/em><em>\u00a0\u00a0 Fabricat in Franta<\/em><\/p>\n<p><em><strong>Instructiuni de folosire :\u00a0<\/strong>curatati piaptanul cu o perie\u00a0<a href=\"https:\/\/agrozootehnie.md\/\">,<\/a>\u00a0apoi aplicati spray-ul racoritor<a href=\"https:\/\/gardelina.md\/ro\/\">.<\/a><\/em><\/p>\n<p>Spray-ul con\u021bine agen\u021bi refrigeran\u021bi care se evapor\u0103 rapid dup\u0103 aplicare, absorbind c\u0103ldura din suprafa\u021ba metalic\u0103 \u0219i sc\u0103z\u00e2nd astfel temperatura acesteia instantaneu.<\/p>\n<p>Este echipat cu un pulverizator care permite aplicarea precis\u0103 pe zona dorit\u0103 f\u0103r\u0103 risip\u0103 de produs.<\/p>\n<ul>\n<li>Utilizarea acestui spray ajut\u0103 la prevenirea supra\u00eenc\u0103lzirii lamelor prelungind astfel durata de via\u021b\u0103 a acestora \u0219i men\u021bin\u00e2nd performan\u021ba de t\u0103iere.<\/li>\n<li><strong>Siguran\u021ba utilizatorului<\/strong>: R\u0103cirea rapid\u0103 a uneltei dup\u0103 utilizare reduce riscul de arsuri sau accidente \u00een timpul manipul\u0103rii, oferind un mediu de lucru mai sigur.<\/li>\n<li><strong>Men\u021binerea calit\u0103\u021bii t\u0103ieturilor<\/strong>: \u00cen prelucrarea metalelor, controlul temperaturii este esen\u021bial pentru a preveni deform\u0103rile sau modific\u0103rile nedorite ale materialului. Acest spray ajut\u0103 la men\u021binerea unei t\u0103ieri precise \u0219i de calitate.<\/li>\n<li><strong>Confort \u0219i eficien\u021b\u0103<\/strong>: \u00cen cazul procedurilor lungi sau intense, utilizarea spray-ului asigur\u0103 continuitatea lucrului f\u0103r\u0103 a trebui s\u0103 a\u0219tepta\u021bi r\u0103cirea natural\u0103 a uneltelor, sporind astfel eficien\u021ba \u0219i productivitatea.<\/li>\n<\/ul>","protected":false},"excerpt":{"rendered":"<p>R\u0103ce\u0219te, lubrifiaz\u0103 \u0219i cur\u0103\u021b\u0103.\u00a0\u00cembun\u0103t\u0103\u021be\u0219te taierea \u0219i p\u0103streaz\u0103 piaptanul ascu\u021bit.\u00a0Ajut\u0103 la prevenirea acumul\u0103rii de murd\u0103rie, optimizeaz\u0103 performan\u021ba.\u00a0\u00a0\u00a0\u00a0\u00a0\u00a0 \u00a0 \u00a0 \u00a0 Volum<\/p>","protected":false},"featured_media":4360,"template":"","meta":[],"product_cat":[181],"product_tag":[],"class_list":{"0":"post-4359","1":"product","2":"type-product","3":"status-publish","4":"has-post-thumbnail","6":"product_cat-utilaje-si-accesorii-ferma","8":"first","9":"instock","10":"shipping-taxable","11":"purchasable","12":"product-type-simple"},"yoast_head":"<!-- This site is optimized with the Yoast SEO plugin v20.12 - https:\/\/yoast.com\/wordpress\/plugins\/seo\/ -->\n<title>Spray racire cutit 500 ml - Modernteh<\/title>\n<meta name=\"robots\" content=\"index, follow, max-snippet:-1, max-image-preview:large, max-video-preview:-1\" \/>\n<link rel=\"canonical\" href=\"https:\/\/modernteh.md\/ru\/catalog\/spray-racire-cutit-500-ml\/\" \/>\n<meta property=\"og:locale\" content=\"ru_RU\" \/>\n<meta property=\"og:type\" content=\"article\" \/>\n<meta property=\"og:title\" content=\"Spray racire cutit 500 ml - Modernteh\" \/>\n<meta property=\"og:description\" content=\"R\u0103ce\u0219te, lubrifiaz\u0103 \u0219i cur\u0103\u021b\u0103.\u00a0\u00cembun\u0103t\u0103\u021be\u0219te taierea \u0219i p\u0103streaz\u0103 piaptanul ascu\u021bit.\u00a0Ajut\u0103 la prevenirea acumul\u0103rii de murd\u0103rie, optimizeaz\u0103 performan\u021ba.\u00a0\u00a0\u00a0\u00a0\u00a0\u00a0 \u00a0 \u00a0 \u00a0 Volum\" \/>\n<meta property=\"og:url\" content=\"https:\/\/modernteh.md\/ru\/catalog\/spray-racire-cutit-500-ml\/\" \/>\n<meta property=\"og:site_name\" content=\"Modernteh\" \/>\n<meta property=\"article:publisher\" content=\"https:\/\/www.facebook.com\/profile.php?id=100082695620019\" \/>\n<meta property=\"og:image\" content=\"https:\/\/modernteh.md\/wp-content\/uploads\/2025\/01\/100143_-_spray_rafraichissant_tondeuse_ukal_500ml_5397_-600x600-1-jpg.webp\" \/>\n\t<meta property=\"og:image:width\" content=\"600\" \/>\n\t<meta property=\"og:image:height\" content=\"600\" \/>\n\t<meta property=\"og:image:type\" content=\"image\/webp\" \/>\n<meta name=\"twitter:card\" content=\"summary_large_image\" \/>\n<meta name=\"twitter:label1\" content=\"\u041f\u0440\u0438\u043c\u0435\u0440\u043d\u043e\u0435 \u0432\u0440\u0435\u043c\u044f \u0434\u043b\u044f \u0447\u0442\u0435\u043d\u0438\u044f\" \/>\n\t<meta name=\"twitter:data1\" content=\"1 \u043c\u0438\u043d\u0443\u0442\u0430\" \/>\n<script type=\"application\/ld+json\" class=\"yoast-schema-graph\">{\"@context\":\"https:\/\/schema.org\",\"@graph\":[{\"@type\":\"WebPage\",\"@id\":\"https:\/\/modernteh.md\/catalog\/spray-racire-cutit-500-ml\/\",\"url\":\"https:\/\/modernteh.md\/catalog\/spray-racire-cutit-500-ml\/\",\"name\":\"Spray racire cutit 500 ml - Modernteh\",\"isPartOf\":{\"@id\":\"https:\/\/modernteh.md\/#website\"},\"datePublished\":\"2025-01-10T09:05:06+00:00\",\"dateModified\":\"2025-01-10T09:05:06+00:00\",\"breadcrumb\":{\"@id\":\"https:\/\/modernteh.md\/catalog\/spray-racire-cutit-500-ml\/#breadcrumb\"},\"inLanguage\":\"ru-RU\",\"potentialAction\":[{\"@type\":\"ReadAction\",\"target\":[\"https:\/\/modernteh.md\/catalog\/spray-racire-cutit-500-ml\/\"]}]},{\"@type\":\"BreadcrumbList\",\"@id\":\"https:\/\/modernteh.md\/catalog\/spray-racire-cutit-500-ml\/#breadcrumb\",\"itemListElement\":[{\"@type\":\"ListItem\",\"position\":1,\"name\":\"Prima pagin\u0103\",\"item\":\"https:\/\/modernteh.md\/\"},{\"@type\":\"ListItem\",\"position\":2,\"name\":\"Catalog\",\"item\":\"https:\/\/modernteh.md\/catalog\/\"},{\"@type\":\"ListItem\",\"position\":3,\"name\":\"Spray racire cutit 500 ml\"}]},{\"@type\":\"WebSite\",\"@id\":\"https:\/\/modernteh.md\/#website\",\"url\":\"https:\/\/modernteh.md\/\",\"name\":\"Modernteh\",\"description\":\"Modernteh\",\"publisher\":{\"@id\":\"https:\/\/modernteh.md\/#organization\"},\"potentialAction\":[{\"@type\":\"SearchAction\",\"target\":{\"@type\":\"EntryPoint\",\"urlTemplate\":\"https:\/\/modernteh.md\/?s={search_term_string}\"},\"query-input\":\"required name=search_term_string\"}],\"inLanguage\":\"ru-RU\"},{\"@type\":\"Organization\",\"@id\":\"https:\/\/modernteh.md\/#organization\",\"name\":\"Modernteh\",\"url\":\"https:\/\/modernteh.md\/\",\"logo\":{\"@type\":\"ImageObject\",\"inLanguage\":\"ru-RU\",\"@id\":\"https:\/\/modernteh.md\/#\/schema\/logo\/image\/\",\"url\":\"https:\/\/modernteh.md\/wp-content\/uploads\/2022\/06\/Logo_site-2.png\",\"contentUrl\":\"https:\/\/modernteh.md\/wp-content\/uploads\/2022\/06\/Logo_site-2.png\",\"width\":500,\"height\":487,\"caption\":\"Modernteh\"},\"image\":{\"@id\":\"https:\/\/modernteh.md\/#\/schema\/logo\/image\/\"},\"sameAs\":[\"https:\/\/www.facebook.com\/profile.php?id=100082695620019\"]}]}<\/script>\n<!-- \/ Yoast SEO plugin. -->","yoast_head_json":{"title":"Spray racire cutit 500 ml - Modernteh","robots":{"index":"index","follow":"follow","max-snippet":"max-snippet:-1","max-image-preview":"max-image-preview:large","max-video-preview":"max-video-preview:-1"},"canonical":"https:\/\/modernteh.md\/ru\/catalog\/spray-racire-cutit-500-ml\/","og_locale":"ru_RU","og_type":"article","og_title":"Spray racire cutit 500 ml - Modernteh","og_description":"R\u0103ce\u0219te, lubrifiaz\u0103 \u0219i cur\u0103\u021b\u0103.\u00a0\u00cembun\u0103t\u0103\u021be\u0219te taierea \u0219i p\u0103streaz\u0103 piaptanul ascu\u021bit.\u00a0Ajut\u0103 la prevenirea acumul\u0103rii de murd\u0103rie, optimizeaz\u0103 performan\u021ba.\u00a0\u00a0\u00a0\u00a0\u00a0\u00a0 \u00a0 \u00a0 \u00a0 Volum","og_url":"https:\/\/modernteh.md\/ru\/catalog\/spray-racire-cutit-500-ml\/","og_site_name":"Modernteh","article_publisher":"https:\/\/www.facebook.com\/profile.php?id=100082695620019","og_image":[{"width":600,"height":600,"url":"https:\/\/modernteh.md\/wp-content\/uploads\/2025\/01\/100143_-_spray_rafraichissant_tondeuse_ukal_500ml_5397_-600x600-1-jpg.webp","type":"image\/webp"}],"twitter_card":"summary_large_image","twitter_misc":{"\u041f\u0440\u0438\u043c\u0435\u0440\u043d\u043e\u0435 \u0432\u0440\u0435\u043c\u044f \u0434\u043b\u044f \u0447\u0442\u0435\u043d\u0438\u044f":"1 \u043c\u0438\u043d\u0443\u0442\u0430"},"schema":{"@context":"https:\/\/schema.org","@graph":[{"@type":"WebPage","@id":"https:\/\/modernteh.md\/catalog\/spray-racire-cutit-500-ml\/","url":"https:\/\/modernteh.md\/catalog\/spray-racire-cutit-500-ml\/","name":"Spray racire cutit 500 ml - Modernteh","isPartOf":{"@id":"https:\/\/modernteh.md\/#website"},"datePublished":"2025-01-10T09:05:06+00:00","dateModified":"2025-01-10T09:05:06+00:00","breadcrumb":{"@id":"https:\/\/modernteh.md\/catalog\/spray-racire-cutit-500-ml\/#breadcrumb"},"inLanguage":"ru-RU","potentialAction":[{"@type":"ReadAction","target":["https:\/\/modernteh.md\/catalog\/spray-racire-cutit-500-ml\/"]}]},{"@type":"BreadcrumbList","@id":"https:\/\/modernteh.md\/catalog\/spray-racire-cutit-500-ml\/#breadcrumb","itemListElement":[{"@type":"ListItem","position":1,"name":"Prima pagin\u0103","item":"https:\/\/modernteh.md\/"},{"@type":"ListItem","position":2,"name":"Catalog","item":"https:\/\/modernteh.md\/catalog\/"},{"@type":"ListItem","position":3,"name":"Spray racire cutit 500 ml"}]},{"@type":"WebSite","@id":"https:\/\/modernteh.md\/#website","url":"https:\/\/modernteh.md\/","name":"Modernteh","description":"Modernteh","publisher":{"@id":"https:\/\/modernteh.md\/#organization"},"potentialAction":[{"@type":"SearchAction","target":{"@type":"EntryPoint","urlTemplate":"https:\/\/modernteh.md\/?s={search_term_string}"},"query-input":"required name=search_term_string"}],"inLanguage":"ru-RU"},{"@type":"Organization","@id":"https:\/\/modernteh.md\/#organization","name":"Modernteh","url":"https:\/\/modernteh.md\/","logo":{"@type":"ImageObject","inLanguage":"ru-RU","@id":"https:\/\/modernteh.md\/#\/schema\/logo\/image\/","url":"https:\/\/modernteh.md\/wp-content\/uploads\/2022\/06\/Logo_site-2.png","contentUrl":"https:\/\/modernteh.md\/wp-content\/uploads\/2022\/06\/Logo_site-2.png","width":500,"height":487,"caption":"Modernteh"},"image":{"@id":"https:\/\/modernteh.md\/#\/schema\/logo\/image\/"},"sameAs":["https:\/\/www.facebook.com\/profile.php?id=100082695620019"]}]}},"_links":{"self":[{"href":"https:\/\/modernteh.md\/ru\/wp-json\/wp\/v2\/product\/4359","targetHints":{"allow":["GET"]}}],"collection":[{"href":"https:\/\/modernteh.md\/ru\/wp-json\/wp\/v2\/product"}],"about":[{"href":"https:\/\/modernteh.md\/ru\/wp-json\/wp\/v2\/types\/product"}],"wp:featuredmedia":[{"embeddable":true,"href":"https:\/\/modernteh.md\/ru\/wp-json\/wp\/v2\/media\/4360"}],"wp:attachment":[{"href":"https:\/\/modernteh.md\/ru\/wp-json\/wp\/v2\/media?parent=4359"}],"wp:term":[{"taxonomy":"product_cat","embeddable":true,"href":"https:\/\/modernteh.md\/ru\/wp-json\/wp\/v2\/product_cat?post=4359"},{"taxonomy":"product_tag","embeddable":true,"href":"https:\/\/modernteh.md\/ru\/wp-json\/wp\/v2\/product_tag?post=4359"}],"curies":[{"name":"wp","href":"https:\/\/api.w.org\/{rel}","templated":true}]}}