{"id":4379,"date":"2025-03-27T09:11:33","date_gmt":"2025-03-27T09:11:33","guid":{"rendered":"https:\/\/modernteh.md\/?post_type=product&#038;p=4379"},"modified":"2025-11-05T09:02:52","modified_gmt":"2025-11-05T09:02:52","slug":"amestecator-furaje-2000-kg","status":"publish","type":"product","link":"https:\/\/modernteh.md\/ru\/catalog\/amestecator-furaje-2000-kg\/","title":{"rendered":"Amestecator furaje cu descarcare automata 2000 kg volum 3945 L Ucraina"},"content":{"rendered":"<p>Amestecator furaje cu descarcare automata 2000 kg volum 3945 L Ucraina<\/p>\n<p><strong>Brand: TMC Ucraina<\/strong><\/p>\n<ul>\n<li><strong>Tip ac\u021bionare: motor electric<\/strong><\/li>\n<li><strong>Putere motor: 3kW\u00a0<\/strong><\/li>\n<li><strong><strong>Tensiune: 380V<\/strong><\/strong><\/li>\n<li>Sistem de descarcare controlat cu convertizor de frecventa<\/li>\n<li><span class=\"jCAhz ChMk0b\"><span class=\"ryNqvb\">Amestecator furaje 2000kg echipament potrivit pentru amestecarea eficient\u0103 a produselor furajere.<br \/>\nAmestecarea are loc cu ajutorul unui melc vertical, care creeaz\u0103 un flux continuu de transfer al materiei prime de jos \u00een sus.<br \/>\n<\/span><\/span><span class=\"jCAhz ChMk0b\"><span class=\"ryNqvb\">Componentele sunt introduse prin cuva de alimentare, situat\u0103 la o \u00een\u0103l\u021bime convenabil\u0103 pentru a u\u0219ura la maxim munca utilizatorului.<br \/>\n<\/span><\/span><span class=\"jCAhz ChMk0b\"><span class=\"ryNqvb\">Este posibil s\u0103 ad\u0103uga\u021bi produsele simultan cu func\u021bionarea amestec\u0103torului, ceea ce v\u0103 permite s\u0103 economisi\u021bi timp pentru amestecare.<br \/>\n<\/span><\/span><span class=\"jCAhz ChMk0b\"><span class=\"ryNqvb\">Amestec\u0103torul\u00a0 este dotat cu dispozitive de siguran\u021b\u0103 \u0219i dispozitive de blocare pentru func\u021bionare \u00een siguran\u021b\u0103.<br \/>\n<\/span><\/span><span class=\"jCAhz ChMk0b\"><span class=\"ryNqvb\">Op\u021bional se poate comanda c\u00e2ntar pentru amestecator furaje\u00a0 pentru a controla propor\u021biile<br \/>\n<\/span><\/span>Amestecatorul de furaje\u00a0 poate fi utilizat pentru amestecare furaje si cereale in preg\u0103tirea retetelor. Poate functiona ca unitate independent\u0103 \u0219i utilizat\u0103 \u00een gospod\u0103rii, ferme mici sau medii. De asemenea, poate fi comandat si in set cu o moara cu aspiratie pentru alimentare cu materie prim\u0103 direct din moar\u0103 prin exhaustare.<\/li>\n<\/ul>","protected":false},"excerpt":{"rendered":"<p>Amestecator furaje cu descarcare automata 2000 kg volum 3945 L Ucraina Brand: TMC Ucraina Tip ac\u021bionare: motor electric Putere motor:<\/p>","protected":false},"featured_media":5041,"template":"","meta":[],"product_cat":[138],"product_tag":[],"class_list":{"0":"post-4379","1":"product","2":"type-product","3":"status-publish","4":"has-post-thumbnail","6":"product_cat-amestecator-si-moara-cereale","8":"first","9":"instock","10":"shipping-taxable","11":"purchasable","12":"product-type-simple"},"yoast_head":"<!-- This site is optimized with the Yoast SEO plugin v20.12 - https:\/\/yoast.com\/wordpress\/plugins\/seo\/ -->\n<title>Amestecator furaje cu descarcare automata 2000 kg volum 3945 L Ucraina - Modernteh<\/title>\n<meta name=\"description\" content=\"Amestecator furaje 2000 kg\" \/>\n<meta name=\"robots\" content=\"index, follow, max-snippet:-1, max-image-preview:large, max-video-preview:-1\" \/>\n<link rel=\"canonical\" href=\"https:\/\/modernteh.md\/ru\/catalog\/amestecator-furaje-2000-kg\/\" \/>\n<meta property=\"og:locale\" content=\"ru_RU\" \/>\n<meta property=\"og:type\" content=\"article\" \/>\n<meta property=\"og:title\" content=\"Amestecator furaje cu descarcare automata 2000 kg volum 3945 L Ucraina - Modernteh\" \/>\n<meta property=\"og:description\" content=\"Amestecator furaje 2000 kg\" \/>\n<meta property=\"og:url\" content=\"https:\/\/modernteh.md\/ru\/catalog\/amestecator-furaje-2000-kg\/\" \/>\n<meta property=\"og:site_name\" content=\"Modernteh\" \/>\n<meta property=\"article:publisher\" content=\"https:\/\/www.facebook.com\/profile.php?id=100082695620019\" \/>\n<meta property=\"article:modified_time\" content=\"2025-11-05T09:02:52+00:00\" \/>\n<meta property=\"og:image\" content=\"https:\/\/modernteh.md\/wp-content\/uploads\/2025\/03\/Amestecator-furaje-ks-2000-briko-cu-descarcare-automata-5-2048x1820-1.webp\" \/>\n\t<meta property=\"og:image:width\" content=\"2048\" \/>\n\t<meta property=\"og:image:height\" content=\"1820\" \/>\n\t<meta property=\"og:image:type\" content=\"image\/webp\" \/>\n<meta name=\"twitter:card\" content=\"summary_large_image\" \/>\n<meta name=\"twitter:label1\" content=\"\u041f\u0440\u0438\u043c\u0435\u0440\u043d\u043e\u0435 \u0432\u0440\u0435\u043c\u044f \u0434\u043b\u044f \u0447\u0442\u0435\u043d\u0438\u044f\" \/>\n\t<meta name=\"twitter:data1\" content=\"1 \u043c\u0438\u043d\u0443\u0442\u0430\" \/>\n<script type=\"application\/ld+json\" class=\"yoast-schema-graph\">{\"@context\":\"https:\/\/schema.org\",\"@graph\":[{\"@type\":\"WebPage\",\"@id\":\"https:\/\/modernteh.md\/catalog\/amestecator-furaje-2000-kg\/\",\"url\":\"https:\/\/modernteh.md\/catalog\/amestecator-furaje-2000-kg\/\",\"name\":\"Amestecator furaje cu descarcare automata 2000 kg volum 3945 L Ucraina - Modernteh\",\"isPartOf\":{\"@id\":\"https:\/\/modernteh.md\/#website\"},\"datePublished\":\"2025-03-27T09:11:33+00:00\",\"dateModified\":\"2025-11-05T09:02:52+00:00\",\"description\":\"Amestecator furaje 2000 kg\",\"breadcrumb\":{\"@id\":\"https:\/\/modernteh.md\/catalog\/amestecator-furaje-2000-kg\/#breadcrumb\"},\"inLanguage\":\"ru-RU\",\"potentialAction\":[{\"@type\":\"ReadAction\",\"target\":[\"https:\/\/modernteh.md\/catalog\/amestecator-furaje-2000-kg\/\"]}]},{\"@type\":\"BreadcrumbList\",\"@id\":\"https:\/\/modernteh.md\/catalog\/amestecator-furaje-2000-kg\/#breadcrumb\",\"itemListElement\":[{\"@type\":\"ListItem\",\"position\":1,\"name\":\"Prima pagin\u0103\",\"item\":\"https:\/\/modernteh.md\/\"},{\"@type\":\"ListItem\",\"position\":2,\"name\":\"Catalog\",\"item\":\"https:\/\/modernteh.md\/catalog\/\"},{\"@type\":\"ListItem\",\"position\":3,\"name\":\"Amestecator furaje cu descarcare automata 2000 kg volum 3945 L Ucraina\"}]},{\"@type\":\"WebSite\",\"@id\":\"https:\/\/modernteh.md\/#website\",\"url\":\"https:\/\/modernteh.md\/\",\"name\":\"Modernteh\",\"description\":\"Modernteh\",\"publisher\":{\"@id\":\"https:\/\/modernteh.md\/#organization\"},\"potentialAction\":[{\"@type\":\"SearchAction\",\"target\":{\"@type\":\"EntryPoint\",\"urlTemplate\":\"https:\/\/modernteh.md\/?s={search_term_string}\"},\"query-input\":\"required name=search_term_string\"}],\"inLanguage\":\"ru-RU\"},{\"@type\":\"Organization\",\"@id\":\"https:\/\/modernteh.md\/#organization\",\"name\":\"Modernteh\",\"url\":\"https:\/\/modernteh.md\/\",\"logo\":{\"@type\":\"ImageObject\",\"inLanguage\":\"ru-RU\",\"@id\":\"https:\/\/modernteh.md\/#\/schema\/logo\/image\/\",\"url\":\"https:\/\/modernteh.md\/wp-content\/uploads\/2022\/06\/Logo_site-2.png\",\"contentUrl\":\"https:\/\/modernteh.md\/wp-content\/uploads\/2022\/06\/Logo_site-2.png\",\"width\":500,\"height\":487,\"caption\":\"Modernteh\"},\"image\":{\"@id\":\"https:\/\/modernteh.md\/#\/schema\/logo\/image\/\"},\"sameAs\":[\"https:\/\/www.facebook.com\/profile.php?id=100082695620019\"]}]}<\/script>\n<!-- \/ Yoast SEO plugin. -->","yoast_head_json":{"title":"Amestecator furaje cu descarcare automata 2000 kg volum 3945 L Ucraina - Modernteh","description":"Amestecator furaje 2000 kg","robots":{"index":"index","follow":"follow","max-snippet":"max-snippet:-1","max-image-preview":"max-image-preview:large","max-video-preview":"max-video-preview:-1"},"canonical":"https:\/\/modernteh.md\/ru\/catalog\/amestecator-furaje-2000-kg\/","og_locale":"ru_RU","og_type":"article","og_title":"Amestecator furaje cu descarcare automata 2000 kg volum 3945 L Ucraina - Modernteh","og_description":"Amestecator furaje 2000 kg","og_url":"https:\/\/modernteh.md\/ru\/catalog\/amestecator-furaje-2000-kg\/","og_site_name":"Modernteh","article_publisher":"https:\/\/www.facebook.com\/profile.php?id=100082695620019","article_modified_time":"2025-11-05T09:02:52+00:00","og_image":[{"width":2048,"height":1820,"url":"https:\/\/modernteh.md\/wp-content\/uploads\/2025\/03\/Amestecator-furaje-ks-2000-briko-cu-descarcare-automata-5-2048x1820-1.webp","type":"image\/webp"}],"twitter_card":"summary_large_image","twitter_misc":{"\u041f\u0440\u0438\u043c\u0435\u0440\u043d\u043e\u0435 \u0432\u0440\u0435\u043c\u044f \u0434\u043b\u044f \u0447\u0442\u0435\u043d\u0438\u044f":"1 \u043c\u0438\u043d\u0443\u0442\u0430"},"schema":{"@context":"https:\/\/schema.org","@graph":[{"@type":"WebPage","@id":"https:\/\/modernteh.md\/catalog\/amestecator-furaje-2000-kg\/","url":"https:\/\/modernteh.md\/catalog\/amestecator-furaje-2000-kg\/","name":"Amestecator furaje cu descarcare automata 2000 kg volum 3945 L Ucraina - Modernteh","isPartOf":{"@id":"https:\/\/modernteh.md\/#website"},"datePublished":"2025-03-27T09:11:33+00:00","dateModified":"2025-11-05T09:02:52+00:00","description":"Amestecator furaje 2000 kg","breadcrumb":{"@id":"https:\/\/modernteh.md\/catalog\/amestecator-furaje-2000-kg\/#breadcrumb"},"inLanguage":"ru-RU","potentialAction":[{"@type":"ReadAction","target":["https:\/\/modernteh.md\/catalog\/amestecator-furaje-2000-kg\/"]}]},{"@type":"BreadcrumbList","@id":"https:\/\/modernteh.md\/catalog\/amestecator-furaje-2000-kg\/#breadcrumb","itemListElement":[{"@type":"ListItem","position":1,"name":"Prima pagin\u0103","item":"https:\/\/modernteh.md\/"},{"@type":"ListItem","position":2,"name":"Catalog","item":"https:\/\/modernteh.md\/catalog\/"},{"@type":"ListItem","position":3,"name":"Amestecator furaje cu descarcare automata 2000 kg volum 3945 L Ucraina"}]},{"@type":"WebSite","@id":"https:\/\/modernteh.md\/#website","url":"https:\/\/modernteh.md\/","name":"Modernteh","description":"Modernteh","publisher":{"@id":"https:\/\/modernteh.md\/#organization"},"potentialAction":[{"@type":"SearchAction","target":{"@type":"EntryPoint","urlTemplate":"https:\/\/modernteh.md\/?s={search_term_string}"},"query-input":"required name=search_term_string"}],"inLanguage":"ru-RU"},{"@type":"Organization","@id":"https:\/\/modernteh.md\/#organization","name":"Modernteh","url":"https:\/\/modernteh.md\/","logo":{"@type":"ImageObject","inLanguage":"ru-RU","@id":"https:\/\/modernteh.md\/#\/schema\/logo\/image\/","url":"https:\/\/modernteh.md\/wp-content\/uploads\/2022\/06\/Logo_site-2.png","contentUrl":"https:\/\/modernteh.md\/wp-content\/uploads\/2022\/06\/Logo_site-2.png","width":500,"height":487,"caption":"Modernteh"},"image":{"@id":"https:\/\/modernteh.md\/#\/schema\/logo\/image\/"},"sameAs":["https:\/\/www.facebook.com\/profile.php?id=100082695620019"]}]}},"_links":{"self":[{"href":"https:\/\/modernteh.md\/ru\/wp-json\/wp\/v2\/product\/4379","targetHints":{"allow":["GET"]}}],"collection":[{"href":"https:\/\/modernteh.md\/ru\/wp-json\/wp\/v2\/product"}],"about":[{"href":"https:\/\/modernteh.md\/ru\/wp-json\/wp\/v2\/types\/product"}],"wp:featuredmedia":[{"embeddable":true,"href":"https:\/\/modernteh.md\/ru\/wp-json\/wp\/v2\/media\/5041"}],"wp:attachment":[{"href":"https:\/\/modernteh.md\/ru\/wp-json\/wp\/v2\/media?parent=4379"}],"wp:term":[{"taxonomy":"product_cat","embeddable":true,"href":"https:\/\/modernteh.md\/ru\/wp-json\/wp\/v2\/product_cat?post=4379"},{"taxonomy":"product_tag","embeddable":true,"href":"https:\/\/modernteh.md\/ru\/wp-json\/wp\/v2\/product_tag?post=4379"}],"curies":[{"name":"wp","href":"https:\/\/api.w.org\/{rel}","templated":true}]}}