{"id":4406,"date":"2025-05-08T08:07:42","date_gmt":"2025-05-08T08:07:42","guid":{"rendered":"https:\/\/modernteh.md\/?post_type=product&#038;p=4406"},"modified":"2025-09-13T07:20:25","modified_gmt":"2025-09-13T07:20:25","slug":"granulator-dm-200pro-motor-inclus","status":"publish","type":"product","link":"https:\/\/modernteh.md\/ru\/catalog\/granulator-dm-200pro-motor-inclus\/","title":{"rendered":"Granulator DM-200PRO (motor inclus)"},"content":{"rendered":"<p>Granulator DM-200PRO (motor inclus)<\/p>\n<p><strong>Demetra DM-200PRO<\/strong>\u00a0este un granulator profesional, proiectat pentru procesarea materialelor plastice, furajelor \u0219i altor materiale granulare. Echipat cu un motor puternic de\u00a0<strong>7.5 kW<\/strong>\u00a0cu bobinaj de cupru (inclus) \u0219i\u00a0<strong>transmisie cu reductor<\/strong>, acest model ofer\u0103 performan\u021be remarcabile \u0219i o func\u021bionare eficient\u0103.<\/p>\n<p>Alimentat la\u00a0<strong>380 V \/ 50 Hz<\/strong>, granulatorul atinge o\u00a0<strong>productivitate de p\u00e2n\u0103 la 300 kg\/or\u0103<\/strong>, fiind ideal pentru utilizare industrial\u0103. Matricea de\u00a0<strong>200 mm<\/strong>\u00a0cu g\u0103uri conice de\u00a0<strong>4 mm<\/strong>\u00a0pe ambele fe\u021be asigur\u0103 granule uniforme, de \u00eenalt\u0103 calitate. Cu un afi\u0219aj digital pentru tensiune \u0219i o tura\u021bie de\u00a0<strong>1440 rpm<\/strong>, DM-200PRO \u00eembin\u0103 eficien\u021ba cu fiabilitatea.<\/p>\n<p><strong>Specifica\u021bii tehnice<\/strong>:<\/p>\n<p>\u2022 Putere motor:\u00a0<strong>7.5 kW<\/strong>\u00a0(bobinaj de cupru, inclus)<br \/>\n\u2022 Alimentare:\u00a0<strong>380 V \/ 50 Hz<\/strong><br \/>\n\u2022 Tura\u021bie motor:\u00a0<strong>1440 rpm<\/strong><br \/>\n\u2022 Transmisie:\u00a0<strong>cu reductor<\/strong><br \/>\n\u2022 Productivitate:\u00a0<strong>p\u00e2n\u0103 la 300 kg\/or\u0103<\/strong><br \/>\n\u2022 Diametru matrice:\u00a0<strong>200 mm<\/strong><br \/>\n\u2022 G\u0103uri matrice:\u00a0<strong>4 mm<\/strong>, conice (ambele fe\u021be)<br \/>\n\u2022 Afi\u0219aj tensiune:\u00a0<strong>digital<\/strong><\/p>","protected":false},"excerpt":{"rendered":"<p>Granulator DM-200PRO (motor inclus) Demetra DM-200PRO\u00a0este un granulator profesional, proiectat pentru procesarea materialelor plastice, furajelor \u0219i altor materiale granulare. Echipat<\/p>","protected":false},"featured_media":4402,"template":"","meta":[],"product_cat":[133],"product_tag":[],"class_list":{"0":"post-4406","1":"product","2":"type-product","3":"status-publish","4":"has-post-thumbnail","6":"product_cat-granulatoare-furaje","8":"first","9":"instock","10":"sale","11":"shipping-taxable","12":"purchasable","13":"product-type-simple"},"yoast_head":"<!-- This site is optimized with the Yoast SEO plugin v20.12 - https:\/\/yoast.com\/wordpress\/plugins\/seo\/ -->\n<title>Granulator DM-200PRO (motor inclus) - Modernteh<\/title>\n<meta name=\"description\" content=\"Granulator DM-200PRO (motor inclus)\" \/>\n<meta name=\"robots\" content=\"index, follow, max-snippet:-1, max-image-preview:large, max-video-preview:-1\" \/>\n<link rel=\"canonical\" href=\"https:\/\/modernteh.md\/ru\/catalog\/granulator-dm-200pro-motor-inclus\/\" \/>\n<meta property=\"og:locale\" content=\"ru_RU\" \/>\n<meta property=\"og:type\" content=\"article\" \/>\n<meta property=\"og:title\" content=\"Granulator DM-200PRO (motor inclus) - Modernteh\" \/>\n<meta property=\"og:description\" content=\"Granulator DM-200PRO (motor inclus)\" \/>\n<meta property=\"og:url\" content=\"https:\/\/modernteh.md\/ru\/catalog\/granulator-dm-200pro-motor-inclus\/\" \/>\n<meta property=\"og:site_name\" content=\"Modernteh\" \/>\n<meta property=\"article:publisher\" content=\"https:\/\/www.facebook.com\/profile.php?id=100082695620019\" \/>\n<meta property=\"article:modified_time\" content=\"2025-09-13T07:20:25+00:00\" \/>\n<meta property=\"og:image\" content=\"https:\/\/modernteh.md\/wp-content\/uploads\/2025\/05\/Granulator-Demetra-DM-120PRO-motor-inclus_real_new.png\" \/>\n\t<meta property=\"og:image:width\" content=\"1100\" \/>\n\t<meta property=\"og:image:height\" content=\"1100\" \/>\n\t<meta property=\"og:image:type\" content=\"image\/png\" \/>\n<meta name=\"twitter:card\" content=\"summary_large_image\" \/>\n<meta name=\"twitter:label1\" content=\"\u041f\u0440\u0438\u043c\u0435\u0440\u043d\u043e\u0435 \u0432\u0440\u0435\u043c\u044f \u0434\u043b\u044f \u0447\u0442\u0435\u043d\u0438\u044f\" \/>\n\t<meta name=\"twitter:data1\" content=\"1 \u043c\u0438\u043d\u0443\u0442\u0430\" \/>\n<script type=\"application\/ld+json\" class=\"yoast-schema-graph\">{\"@context\":\"https:\/\/schema.org\",\"@graph\":[{\"@type\":\"WebPage\",\"@id\":\"https:\/\/modernteh.md\/catalog\/granulator-dm-200pro-motor-inclus\/\",\"url\":\"https:\/\/modernteh.md\/catalog\/granulator-dm-200pro-motor-inclus\/\",\"name\":\"Granulator DM-200PRO (motor inclus) - Modernteh\",\"isPartOf\":{\"@id\":\"https:\/\/modernteh.md\/#website\"},\"datePublished\":\"2025-05-08T08:07:42+00:00\",\"dateModified\":\"2025-09-13T07:20:25+00:00\",\"description\":\"Granulator DM-200PRO (motor inclus)\",\"breadcrumb\":{\"@id\":\"https:\/\/modernteh.md\/catalog\/granulator-dm-200pro-motor-inclus\/#breadcrumb\"},\"inLanguage\":\"ru-RU\",\"potentialAction\":[{\"@type\":\"ReadAction\",\"target\":[\"https:\/\/modernteh.md\/catalog\/granulator-dm-200pro-motor-inclus\/\"]}]},{\"@type\":\"BreadcrumbList\",\"@id\":\"https:\/\/modernteh.md\/catalog\/granulator-dm-200pro-motor-inclus\/#breadcrumb\",\"itemListElement\":[{\"@type\":\"ListItem\",\"position\":1,\"name\":\"Prima pagin\u0103\",\"item\":\"https:\/\/modernteh.md\/\"},{\"@type\":\"ListItem\",\"position\":2,\"name\":\"Catalog\",\"item\":\"https:\/\/modernteh.md\/catalog\/\"},{\"@type\":\"ListItem\",\"position\":3,\"name\":\"Granulator DM-200PRO (motor inclus)\"}]},{\"@type\":\"WebSite\",\"@id\":\"https:\/\/modernteh.md\/#website\",\"url\":\"https:\/\/modernteh.md\/\",\"name\":\"Modernteh\",\"description\":\"Modernteh\",\"publisher\":{\"@id\":\"https:\/\/modernteh.md\/#organization\"},\"potentialAction\":[{\"@type\":\"SearchAction\",\"target\":{\"@type\":\"EntryPoint\",\"urlTemplate\":\"https:\/\/modernteh.md\/?s={search_term_string}\"},\"query-input\":\"required name=search_term_string\"}],\"inLanguage\":\"ru-RU\"},{\"@type\":\"Organization\",\"@id\":\"https:\/\/modernteh.md\/#organization\",\"name\":\"Modernteh\",\"url\":\"https:\/\/modernteh.md\/\",\"logo\":{\"@type\":\"ImageObject\",\"inLanguage\":\"ru-RU\",\"@id\":\"https:\/\/modernteh.md\/#\/schema\/logo\/image\/\",\"url\":\"https:\/\/modernteh.md\/wp-content\/uploads\/2022\/06\/Logo_site-2.png\",\"contentUrl\":\"https:\/\/modernteh.md\/wp-content\/uploads\/2022\/06\/Logo_site-2.png\",\"width\":500,\"height\":487,\"caption\":\"Modernteh\"},\"image\":{\"@id\":\"https:\/\/modernteh.md\/#\/schema\/logo\/image\/\"},\"sameAs\":[\"https:\/\/www.facebook.com\/profile.php?id=100082695620019\"]}]}<\/script>\n<!-- \/ Yoast SEO plugin. -->","yoast_head_json":{"title":"Granulator DM-200PRO (motor inclus) - Modernteh","description":"Granulator DM-200PRO (motor inclus)","robots":{"index":"index","follow":"follow","max-snippet":"max-snippet:-1","max-image-preview":"max-image-preview:large","max-video-preview":"max-video-preview:-1"},"canonical":"https:\/\/modernteh.md\/ru\/catalog\/granulator-dm-200pro-motor-inclus\/","og_locale":"ru_RU","og_type":"article","og_title":"Granulator DM-200PRO (motor inclus) - Modernteh","og_description":"Granulator DM-200PRO (motor inclus)","og_url":"https:\/\/modernteh.md\/ru\/catalog\/granulator-dm-200pro-motor-inclus\/","og_site_name":"Modernteh","article_publisher":"https:\/\/www.facebook.com\/profile.php?id=100082695620019","article_modified_time":"2025-09-13T07:20:25+00:00","og_image":[{"width":1100,"height":1100,"url":"https:\/\/modernteh.md\/wp-content\/uploads\/2025\/05\/Granulator-Demetra-DM-120PRO-motor-inclus_real_new.png","type":"image\/png"}],"twitter_card":"summary_large_image","twitter_misc":{"\u041f\u0440\u0438\u043c\u0435\u0440\u043d\u043e\u0435 \u0432\u0440\u0435\u043c\u044f \u0434\u043b\u044f \u0447\u0442\u0435\u043d\u0438\u044f":"1 \u043c\u0438\u043d\u0443\u0442\u0430"},"schema":{"@context":"https:\/\/schema.org","@graph":[{"@type":"WebPage","@id":"https:\/\/modernteh.md\/catalog\/granulator-dm-200pro-motor-inclus\/","url":"https:\/\/modernteh.md\/catalog\/granulator-dm-200pro-motor-inclus\/","name":"Granulator DM-200PRO (motor inclus) - Modernteh","isPartOf":{"@id":"https:\/\/modernteh.md\/#website"},"datePublished":"2025-05-08T08:07:42+00:00","dateModified":"2025-09-13T07:20:25+00:00","description":"Granulator DM-200PRO (motor inclus)","breadcrumb":{"@id":"https:\/\/modernteh.md\/catalog\/granulator-dm-200pro-motor-inclus\/#breadcrumb"},"inLanguage":"ru-RU","potentialAction":[{"@type":"ReadAction","target":["https:\/\/modernteh.md\/catalog\/granulator-dm-200pro-motor-inclus\/"]}]},{"@type":"BreadcrumbList","@id":"https:\/\/modernteh.md\/catalog\/granulator-dm-200pro-motor-inclus\/#breadcrumb","itemListElement":[{"@type":"ListItem","position":1,"name":"Prima pagin\u0103","item":"https:\/\/modernteh.md\/"},{"@type":"ListItem","position":2,"name":"Catalog","item":"https:\/\/modernteh.md\/catalog\/"},{"@type":"ListItem","position":3,"name":"Granulator DM-200PRO (motor inclus)"}]},{"@type":"WebSite","@id":"https:\/\/modernteh.md\/#website","url":"https:\/\/modernteh.md\/","name":"Modernteh","description":"Modernteh","publisher":{"@id":"https:\/\/modernteh.md\/#organization"},"potentialAction":[{"@type":"SearchAction","target":{"@type":"EntryPoint","urlTemplate":"https:\/\/modernteh.md\/?s={search_term_string}"},"query-input":"required name=search_term_string"}],"inLanguage":"ru-RU"},{"@type":"Organization","@id":"https:\/\/modernteh.md\/#organization","name":"Modernteh","url":"https:\/\/modernteh.md\/","logo":{"@type":"ImageObject","inLanguage":"ru-RU","@id":"https:\/\/modernteh.md\/#\/schema\/logo\/image\/","url":"https:\/\/modernteh.md\/wp-content\/uploads\/2022\/06\/Logo_site-2.png","contentUrl":"https:\/\/modernteh.md\/wp-content\/uploads\/2022\/06\/Logo_site-2.png","width":500,"height":487,"caption":"Modernteh"},"image":{"@id":"https:\/\/modernteh.md\/#\/schema\/logo\/image\/"},"sameAs":["https:\/\/www.facebook.com\/profile.php?id=100082695620019"]}]}},"_links":{"self":[{"href":"https:\/\/modernteh.md\/ru\/wp-json\/wp\/v2\/product\/4406","targetHints":{"allow":["GET"]}}],"collection":[{"href":"https:\/\/modernteh.md\/ru\/wp-json\/wp\/v2\/product"}],"about":[{"href":"https:\/\/modernteh.md\/ru\/wp-json\/wp\/v2\/types\/product"}],"wp:featuredmedia":[{"embeddable":true,"href":"https:\/\/modernteh.md\/ru\/wp-json\/wp\/v2\/media\/4402"}],"wp:attachment":[{"href":"https:\/\/modernteh.md\/ru\/wp-json\/wp\/v2\/media?parent=4406"}],"wp:term":[{"taxonomy":"product_cat","embeddable":true,"href":"https:\/\/modernteh.md\/ru\/wp-json\/wp\/v2\/product_cat?post=4406"},{"taxonomy":"product_tag","embeddable":true,"href":"https:\/\/modernteh.md\/ru\/wp-json\/wp\/v2\/product_tag?post=4406"}],"curies":[{"name":"wp","href":"https:\/\/api.w.org\/{rel}","templated":true}]}}