{"id":4431,"date":"2025-06-11T18:54:14","date_gmt":"2025-06-11T18:54:14","guid":{"rendered":"https:\/\/modernteh.md\/?post_type=product&#038;p=4431"},"modified":"2026-03-25T11:34:12","modified_gmt":"2026-03-25T11:34:12","slug":"despicator-industrial-de-lemn-dkpr-220-artmash","status":"publish","type":"product","link":"https:\/\/modernteh.md\/ru\/catalog\/despicator-industrial-de-lemn-dkpr-220-artmash\/","title":{"rendered":"Despicator industrial de lemn DKPR-220, Artmash"},"content":{"rendered":"<h1 class=\"product_title entry-title wd-entities-title\">Despicator industrial de lemn DKPR-220, Artmash<\/h1>\n<div class=\"woocommerce-product-details__short-description\">\n<ul>\n<li><strong>Produc\u0103tor: LLC ARTMASH,<\/strong><\/li>\n<li><strong>Model: DKPR-220,<\/strong><\/li>\n<li><strong>Diametru bu\u0219teni: max. 500 mm,<\/strong><\/li>\n<li><strong>Lungime bu\u0219teni: max. 600 mm (la comand\u0103 800 mm),<\/strong><\/li>\n<li><strong>Efort creat: 12t,<\/strong><\/li>\n<\/ul>\n<div class=\"woocommerce-product-details__short-description\">\n<div class=\"woocommerce-product-details__short-description\">\n<div class=\"woocommerce-product-details__short-description\"><\/div>\n<\/div>\n<\/div>\n<\/div>\n<table class=\"woocommerce-product-attributes shop_attributes\">\n<tbody>\n<tr class=\"woocommerce-product-attributes-item woocommerce-product-attributes-item--weight\">\n<th class=\"woocommerce-product-attributes-item__label\"><span class=\"wd-attr-name\">\u0412\u0435\u0441 \u2013 45 \u043a\u0433<\/span><\/th>\n<td class=\"woocommerce-product-attributes-item__value\">225 kg<\/td>\n<\/tr>\n<tr class=\"woocommerce-product-attributes-item woocommerce-product-attributes-item--dimensions\">\n<th class=\"woocommerce-product-attributes-item__label\"><span class=\"wd-attr-name\">\u0420\u0430\u0437\u043c\u0435\u0440<\/span><\/th>\n<td class=\"woocommerce-product-attributes-item__value\">220 \u00d7 120 \u00d7 120 cm<\/td>\n<\/tr>\n<tr class=\"woocommerce-product-attributes-item woocommerce-product-attributes-item--attribute_pa_motor\">\n<th class=\"woocommerce-product-attributes-item__label\"><span class=\"wd-attr-name\">Motor<\/span><\/th>\n<td class=\"woocommerce-product-attributes-item__value\">\u042d\u043b\u0435\u043a\u0442\u0440\u043e\u0434\u0432\u0438\u0433\u0430\u0442\u0435\u043b\u044c<\/td>\n<\/tr>\n<tr class=\"woocommerce-product-attributes-item woocommerce-product-attributes-item--attribute_pa_putere-motor-electric\">\n<th class=\"woocommerce-product-attributes-item__label\"><span class=\"wd-attr-name\">Putere motor electric<\/span><\/th>\n<td class=\"woocommerce-product-attributes-item__value\">2.2kW (monofazic)<\/td>\n<\/tr>\n<tr class=\"woocommerce-product-attributes-item woocommerce-product-attributes-item--attribute_pa_brand\">\n<th class=\"woocommerce-product-attributes-item__label\"><span class=\"wd-attr-name\">Brand<\/span><\/th>\n<td class=\"woocommerce-product-attributes-item__value\">ArtMash<\/td>\n<\/tr>\n<\/tbody>\n<\/table>\n<p>Despicator industrial Artmash DKPR-220 cu motor electric 220V. Motorul 220V, produce o for\u021b\u0103 de 12 tone pentru a despica orice lemn.<\/p>\n<p>Productivitate \u00een medie de p\u00e2n\u0103 la 25 m\u00b3\/schimb.<\/p>\n<h4><strong>Avantajul unui despicator industrial de lemn Artmash cu motor electric:<\/strong><\/h4>\n<p>Astfel de echipamente pot fi utilizate \u00een silvicultur\u0103, gospod\u0103rii, \u00eentreprinderi pentru prelucrarea lemnului \u00een cantit\u0103\u021bi mari, etc.<\/p>\n<p><em>Dintre caracteristicile unui despic\u0103tor puternic pentru lemn, distingem urm\u0103toarele:<\/em><\/p>\n<ol>\n<li><strong>Viteza de despicare:<br \/>\n<\/strong>Nu exist\u0103 analog cu o productivitate mai mare. O persoan\u0103 cu un schimb de 8 ore poate despica \u00een mediu 25 de metri cubi de lemn. Ca urmare a unui efort de 12 tone, lemnul se despic\u0103 \u00een mediu de 1,5 secunde.<\/li>\n<li><strong>Consum de combustibil:<br \/>\n<\/strong>La despicarea lemnului de foc de dificultate medie, despicatorul de lemne consum\u0103 aproximativ 1-1,5 kW de energie electric\u0103 pe or\u0103 la o sarcin\u0103 de 220 V.<\/li>\n<li><strong>Durabilitate:<br \/>\n<\/strong>De-a lungul anilor de func\u021bionare a despic\u0103torului de lemn, \u00eentreprinderea LLC Artmash a dezvoltat toate componentele, \u00een special cremaliera \u0219i pinionul, care sunt supuse sarcinilor maxime. Sunt fabricate din o\u021bel aliat special, dup\u0103 care sunt supuse unui tratament termic.<strong><br \/>\n<\/strong><\/li>\n<li><strong>Protec\u021bie:<br \/>\n<\/strong>Pe motor, exist\u0103 \u00eentotdeauna un ambreiaj care se declan\u0219eaz\u0103 (mecanismul se opre\u0219te) c\u00e2nd un nod love\u0219te sau dac\u0103 despic\u0103torul nu str\u0103punge lemnul prima dat\u0103. Datorit\u0103 acestui lucru, pute\u021bi returna u\u0219or m\u00e2nerul \u00een pozi\u021bia ini\u021bial\u0103 \u0219i pute\u021bi \u00eencerca din nou s\u0103 despica\u021bi lemnul.<\/li>\n<\/ol>\n<h4>Pa\u0219ii de lucru cu despicator industrial de lemn\u00a0<strong>Artmash\u00a0<\/strong>DKPR-220 cu motor electric:<\/h4>\n<p>Cel mai puternic sunet pe care \u00eel face acest despicator de lemne este trosnetul despicat de lemn. Nu vei deranja lini\u0219tea celorlal\u021bi dac\u0103 lucrezi dup\u0103 ora 22.00.<\/p>\n<p><strong><em>Pentru a incepe:<\/em><\/strong><\/p>\n<ul>\n<li><em><strong>Conecta\u021bi despicatorul de lemne la o priz\u0103. Verifica\u021bi dac\u0103 prelungitorul este \u00een stare bun\u0103 de func\u021bionare \u0219i dac\u0103 tensiunea de la re\u021bea nu este redus\u0103.<\/strong><\/em><\/li>\n<li><em><strong>Ap\u0103sa\u021bi butonul \u201eStart\u201d \u0219i verifica\u021bi dac\u0103 motorul func\u021bioneaz\u0103 corect \u0219i uniform.<\/strong><\/em><\/li>\n<li><em><strong>Pune\u021bi bu\u0219teanul pe bancul de lucru orizontal de \u00eenc\u0103rcare. Bu\u0219teanul trebuie s\u0103 fie orientat astfel \u00eenc\u00e2t cu\u021bitul s\u0103 treac\u0103 de-a lungul lui.<\/strong><\/em><\/li>\n<li><em><strong>Folosind maneta, activa\u021bi \u200b\u200btija de \u00eempingere. Vede\u021bi videoclipul pentru pozi\u021bia recomandat\u0103 a operatorului.<\/strong><\/em><\/li>\n<li><em><strong>Lemnul despicat poate fi mutat numai atunci c\u00e2nd \u00eemping\u0103torul revine (dup\u0103 1,5 secunde).<\/strong><\/em><\/li>\n<li><em><strong>Repeta\u021bi loviturile p\u00e2n\u0103 c\u00e2nd dimensiunea lemnului este satisf\u0103c\u0103toare.<\/strong><\/em><\/li>\n<\/ul>","protected":false},"excerpt":{"rendered":"<p>Despicator industrial de lemn DKPR-220, Artmash Produc\u0103tor: LLC ARTMASH, Model: DKPR-220, Diametru bu\u0219teni: max. 500 mm, Lungime bu\u0219teni: max. 600<\/p>","protected":false},"featured_media":4434,"template":"","meta":[],"product_cat":[147],"product_tag":[],"class_list":{"0":"post-4431","1":"product","2":"type-product","3":"status-publish","4":"has-post-thumbnail","6":"product_cat-despicatoare-lemne","8":"first","9":"onbackorder","10":"shipping-taxable","11":"purchasable","12":"product-type-simple"},"yoast_head":"<!-- This site is optimized with the Yoast SEO plugin v20.12 - https:\/\/yoast.com\/wordpress\/plugins\/seo\/ -->\n<title>Despicator industrial de lemn DKPR-220, Artmash - Modernteh<\/title>\n<meta name=\"description\" content=\"Despicator industrial de lemn DKPR-220, Artmash\" \/>\n<meta name=\"robots\" content=\"index, follow, max-snippet:-1, max-image-preview:large, max-video-preview:-1\" \/>\n<link rel=\"canonical\" href=\"https:\/\/modernteh.md\/ru\/catalog\/despicator-industrial-de-lemn-dkpr-220-artmash\/\" \/>\n<meta property=\"og:locale\" content=\"ru_RU\" \/>\n<meta property=\"og:type\" content=\"article\" \/>\n<meta property=\"og:title\" content=\"Despicator industrial de lemn DKPR-220, Artmash - Modernteh\" \/>\n<meta property=\"og:description\" content=\"Despicator industrial de lemn DKPR-220, Artmash\" \/>\n<meta property=\"og:url\" content=\"https:\/\/modernteh.md\/ru\/catalog\/despicator-industrial-de-lemn-dkpr-220-artmash\/\" \/>\n<meta property=\"og:site_name\" content=\"Modernteh\" \/>\n<meta property=\"article:publisher\" content=\"https:\/\/www.facebook.com\/profile.php?id=100082695620019\" \/>\n<meta property=\"article:modified_time\" content=\"2026-03-25T11:34:12+00:00\" \/>\n<meta property=\"og:image\" content=\"https:\/\/modernteh.md\/wp-content\/uploads\/2025\/06\/Imagine-WhatsApp-2023-03-21-la-14.57.523-PhotoRoom.png-PhotoRoom.webp\" \/>\n\t<meta property=\"og:image:width\" content=\"1200\" \/>\n\t<meta property=\"og:image:height\" content=\"630\" \/>\n\t<meta property=\"og:image:type\" content=\"image\/webp\" \/>\n<meta name=\"twitter:card\" content=\"summary_large_image\" \/>\n<meta name=\"twitter:label1\" content=\"\u041f\u0440\u0438\u043c\u0435\u0440\u043d\u043e\u0435 \u0432\u0440\u0435\u043c\u044f \u0434\u043b\u044f \u0447\u0442\u0435\u043d\u0438\u044f\" \/>\n\t<meta name=\"twitter:data1\" content=\"3 \u043c\u0438\u043d\u0443\u0442\u044b\" \/>\n<script type=\"application\/ld+json\" class=\"yoast-schema-graph\">{\"@context\":\"https:\/\/schema.org\",\"@graph\":[{\"@type\":\"WebPage\",\"@id\":\"https:\/\/modernteh.md\/catalog\/despicator-industrial-de-lemn-dkpr-220-artmash\/\",\"url\":\"https:\/\/modernteh.md\/catalog\/despicator-industrial-de-lemn-dkpr-220-artmash\/\",\"name\":\"Despicator industrial de lemn DKPR-220, Artmash - Modernteh\",\"isPartOf\":{\"@id\":\"https:\/\/modernteh.md\/#website\"},\"datePublished\":\"2025-06-11T18:54:14+00:00\",\"dateModified\":\"2026-03-25T11:34:12+00:00\",\"description\":\"Despicator industrial de lemn DKPR-220, Artmash\",\"breadcrumb\":{\"@id\":\"https:\/\/modernteh.md\/catalog\/despicator-industrial-de-lemn-dkpr-220-artmash\/#breadcrumb\"},\"inLanguage\":\"ru-RU\",\"potentialAction\":[{\"@type\":\"ReadAction\",\"target\":[\"https:\/\/modernteh.md\/catalog\/despicator-industrial-de-lemn-dkpr-220-artmash\/\"]}]},{\"@type\":\"BreadcrumbList\",\"@id\":\"https:\/\/modernteh.md\/catalog\/despicator-industrial-de-lemn-dkpr-220-artmash\/#breadcrumb\",\"itemListElement\":[{\"@type\":\"ListItem\",\"position\":1,\"name\":\"Prima pagin\u0103\",\"item\":\"https:\/\/modernteh.md\/\"},{\"@type\":\"ListItem\",\"position\":2,\"name\":\"Catalog\",\"item\":\"https:\/\/modernteh.md\/catalog\/\"},{\"@type\":\"ListItem\",\"position\":3,\"name\":\"Despicator industrial de lemn DKPR-220, Artmash\"}]},{\"@type\":\"WebSite\",\"@id\":\"https:\/\/modernteh.md\/#website\",\"url\":\"https:\/\/modernteh.md\/\",\"name\":\"Modernteh\",\"description\":\"Modernteh\",\"publisher\":{\"@id\":\"https:\/\/modernteh.md\/#organization\"},\"potentialAction\":[{\"@type\":\"SearchAction\",\"target\":{\"@type\":\"EntryPoint\",\"urlTemplate\":\"https:\/\/modernteh.md\/?s={search_term_string}\"},\"query-input\":\"required name=search_term_string\"}],\"inLanguage\":\"ru-RU\"},{\"@type\":\"Organization\",\"@id\":\"https:\/\/modernteh.md\/#organization\",\"name\":\"Modernteh\",\"url\":\"https:\/\/modernteh.md\/\",\"logo\":{\"@type\":\"ImageObject\",\"inLanguage\":\"ru-RU\",\"@id\":\"https:\/\/modernteh.md\/#\/schema\/logo\/image\/\",\"url\":\"https:\/\/modernteh.md\/wp-content\/uploads\/2022\/06\/Logo_site-2.png\",\"contentUrl\":\"https:\/\/modernteh.md\/wp-content\/uploads\/2022\/06\/Logo_site-2.png\",\"width\":500,\"height\":487,\"caption\":\"Modernteh\"},\"image\":{\"@id\":\"https:\/\/modernteh.md\/#\/schema\/logo\/image\/\"},\"sameAs\":[\"https:\/\/www.facebook.com\/profile.php?id=100082695620019\"]}]}<\/script>\n<!-- \/ Yoast SEO plugin. -->","yoast_head_json":{"title":"Despicator industrial de lemn DKPR-220, Artmash - Modernteh","description":"Despicator industrial de lemn DKPR-220, Artmash","robots":{"index":"index","follow":"follow","max-snippet":"max-snippet:-1","max-image-preview":"max-image-preview:large","max-video-preview":"max-video-preview:-1"},"canonical":"https:\/\/modernteh.md\/ru\/catalog\/despicator-industrial-de-lemn-dkpr-220-artmash\/","og_locale":"ru_RU","og_type":"article","og_title":"Despicator industrial de lemn DKPR-220, Artmash - Modernteh","og_description":"Despicator industrial de lemn DKPR-220, Artmash","og_url":"https:\/\/modernteh.md\/ru\/catalog\/despicator-industrial-de-lemn-dkpr-220-artmash\/","og_site_name":"Modernteh","article_publisher":"https:\/\/www.facebook.com\/profile.php?id=100082695620019","article_modified_time":"2026-03-25T11:34:12+00:00","og_image":[{"width":1200,"height":630,"url":"https:\/\/modernteh.md\/wp-content\/uploads\/2025\/06\/Imagine-WhatsApp-2023-03-21-la-14.57.523-PhotoRoom.png-PhotoRoom.webp","type":"image\/webp"}],"twitter_card":"summary_large_image","twitter_misc":{"\u041f\u0440\u0438\u043c\u0435\u0440\u043d\u043e\u0435 \u0432\u0440\u0435\u043c\u044f \u0434\u043b\u044f \u0447\u0442\u0435\u043d\u0438\u044f":"3 \u043c\u0438\u043d\u0443\u0442\u044b"},"schema":{"@context":"https:\/\/schema.org","@graph":[{"@type":"WebPage","@id":"https:\/\/modernteh.md\/catalog\/despicator-industrial-de-lemn-dkpr-220-artmash\/","url":"https:\/\/modernteh.md\/catalog\/despicator-industrial-de-lemn-dkpr-220-artmash\/","name":"Despicator industrial de lemn DKPR-220, Artmash - Modernteh","isPartOf":{"@id":"https:\/\/modernteh.md\/#website"},"datePublished":"2025-06-11T18:54:14+00:00","dateModified":"2026-03-25T11:34:12+00:00","description":"Despicator industrial de lemn DKPR-220, Artmash","breadcrumb":{"@id":"https:\/\/modernteh.md\/catalog\/despicator-industrial-de-lemn-dkpr-220-artmash\/#breadcrumb"},"inLanguage":"ru-RU","potentialAction":[{"@type":"ReadAction","target":["https:\/\/modernteh.md\/catalog\/despicator-industrial-de-lemn-dkpr-220-artmash\/"]}]},{"@type":"BreadcrumbList","@id":"https:\/\/modernteh.md\/catalog\/despicator-industrial-de-lemn-dkpr-220-artmash\/#breadcrumb","itemListElement":[{"@type":"ListItem","position":1,"name":"Prima pagin\u0103","item":"https:\/\/modernteh.md\/"},{"@type":"ListItem","position":2,"name":"Catalog","item":"https:\/\/modernteh.md\/catalog\/"},{"@type":"ListItem","position":3,"name":"Despicator industrial de lemn DKPR-220, Artmash"}]},{"@type":"WebSite","@id":"https:\/\/modernteh.md\/#website","url":"https:\/\/modernteh.md\/","name":"Modernteh","description":"Modernteh","publisher":{"@id":"https:\/\/modernteh.md\/#organization"},"potentialAction":[{"@type":"SearchAction","target":{"@type":"EntryPoint","urlTemplate":"https:\/\/modernteh.md\/?s={search_term_string}"},"query-input":"required name=search_term_string"}],"inLanguage":"ru-RU"},{"@type":"Organization","@id":"https:\/\/modernteh.md\/#organization","name":"Modernteh","url":"https:\/\/modernteh.md\/","logo":{"@type":"ImageObject","inLanguage":"ru-RU","@id":"https:\/\/modernteh.md\/#\/schema\/logo\/image\/","url":"https:\/\/modernteh.md\/wp-content\/uploads\/2022\/06\/Logo_site-2.png","contentUrl":"https:\/\/modernteh.md\/wp-content\/uploads\/2022\/06\/Logo_site-2.png","width":500,"height":487,"caption":"Modernteh"},"image":{"@id":"https:\/\/modernteh.md\/#\/schema\/logo\/image\/"},"sameAs":["https:\/\/www.facebook.com\/profile.php?id=100082695620019"]}]}},"_links":{"self":[{"href":"https:\/\/modernteh.md\/ru\/wp-json\/wp\/v2\/product\/4431","targetHints":{"allow":["GET"]}}],"collection":[{"href":"https:\/\/modernteh.md\/ru\/wp-json\/wp\/v2\/product"}],"about":[{"href":"https:\/\/modernteh.md\/ru\/wp-json\/wp\/v2\/types\/product"}],"wp:featuredmedia":[{"embeddable":true,"href":"https:\/\/modernteh.md\/ru\/wp-json\/wp\/v2\/media\/4434"}],"wp:attachment":[{"href":"https:\/\/modernteh.md\/ru\/wp-json\/wp\/v2\/media?parent=4431"}],"wp:term":[{"taxonomy":"product_cat","embeddable":true,"href":"https:\/\/modernteh.md\/ru\/wp-json\/wp\/v2\/product_cat?post=4431"},{"taxonomy":"product_tag","embeddable":true,"href":"https:\/\/modernteh.md\/ru\/wp-json\/wp\/v2\/product_tag?post=4431"}],"curies":[{"name":"wp","href":"https:\/\/api.w.org\/{rel}","templated":true}]}}