{"id":4436,"date":"2025-06-11T18:58:56","date_gmt":"2025-06-11T18:58:56","guid":{"rendered":"https:\/\/modernteh.md\/?post_type=product&#038;p=4436"},"modified":"2026-03-25T11:33:54","modified_gmt":"2026-03-25T11:33:54","slug":"despicator-industrial-dkpr-7b-artmash","status":"publish","type":"product","link":"https:\/\/modernteh.md\/ru\/catalog\/despicator-industrial-dkpr-7b-artmash\/","title":{"rendered":"Despicator industrial DKPR-7B, Artmash"},"content":{"rendered":"<h1 class=\"product_title entry-title wd-entities-title\">Despicator industrial DKPR-7B, Artmash<\/h1>\n<table class=\"woocommerce-product-attributes shop_attributes\">\n<tbody>\n<tr class=\"woocommerce-product-attributes-item woocommerce-product-attributes-item--weight\">\n<th class=\"woocommerce-product-attributes-item__label\"><span class=\"wd-attr-name\">\u0412\u0435\u0441 \u2013 45 \u043a\u0433<\/span><\/th>\n<td class=\"woocommerce-product-attributes-item__value\">250 kg<\/td>\n<\/tr>\n<tr class=\"woocommerce-product-attributes-item woocommerce-product-attributes-item--dimensions\">\n<th class=\"woocommerce-product-attributes-item__label\"><span class=\"wd-attr-name\">\u0420\u0430\u0437\u043c\u0435\u0440<\/span><\/th>\n<td class=\"woocommerce-product-attributes-item__value\">220 \u00d7 120 \u00d7 120 cm<\/td>\n<\/tr>\n<tr class=\"woocommerce-product-attributes-item woocommerce-product-attributes-item--attribute_pa_brand\">\n<th class=\"woocommerce-product-attributes-item__label\"><span class=\"wd-attr-name\">Brand<\/span><\/th>\n<td class=\"woocommerce-product-attributes-item__value\">ArtMash<\/td>\n<\/tr>\n<tr class=\"woocommerce-product-attributes-item woocommerce-product-attributes-item--attribute_pa_motor\">\n<th class=\"woocommerce-product-attributes-item__label\"><span class=\"wd-attr-name\">Motor<\/span><\/th>\n<td class=\"woocommerce-product-attributes-item__value\">Motor termic<\/td>\n<\/tr>\n<\/tbody>\n<\/table>\n<p>Despicator industrial DKPR-7B cu motor benzin\u0103. Motorul WEIMA (7 CP), produce o for\u021b\u0103 de 12 tone pentru a despica orice lemn.<\/p>\n<p>Productivitate \u00een medie de p\u00e2n\u0103 la 25 m\u00b3\/schimb.<\/p>\n<p>&nbsp;<\/p>\n<h4><strong>Avantajul unui despic\u0103tor de lemn pe benzin\u0103:<\/strong><\/h4>\n<p>Astfel de echipamente pot fi utilizate \u00een silvicultur\u0103, gospod\u0103rii, \u00eentreprinderi pentru prelucrarea lemnului \u00een cantit\u0103\u021bi mari, etc.<\/p>\n<p><em>Dintre caracteristicile unui despic\u0103tor puternic pentru lemn, distingem urm\u0103toarele:<\/em><\/p>\n<ol>\n<li><strong>Viteza de despicare:<br \/>\n<\/strong>Nu exist\u0103 analog cu o productivitate mai mare. O persoan\u0103 cu un schimb de 8 ore poate despica \u00een mediu 25 de metri cubi de lemn. Ca urmare a unui efort de 12 tone, lemnul se despic\u0103 \u00een mediu de 1,5 secunde.<\/li>\n<li><strong>Consum de combustibil:<br \/>\n<\/strong>Despicator industrial DKPR-7B func\u021bioneaz\u0103 pe benzin\u0103 pur\u0103 marca A-92, consum\u00e2nd 250 g\/h vara \u0219i aproximativ 300 g\/h iarna.<\/li>\n<li><strong>Durabilitate:<br \/>\n<\/strong>De-a lungul anilor de func\u021bionare a despic\u0103torului de lemn, \u00eentreprinderea LLC Artmash a dezvoltat toate componentele, \u00een special cremaliera \u0219i pinionul, care sunt supuse sarcinilor maxime. Sunt fabricate din o\u021bel aliat special, dup\u0103 care sunt supuse unui tratament termic.<strong><br \/>\n<\/strong><\/li>\n<li><strong>Protec\u021bie:<br \/>\n<\/strong>Pe motor, exist\u0103 \u00eentotdeauna un ambreiaj care se declan\u0219eaz\u0103 (mecanismul se opre\u0219te) c\u00e2nd un nod love\u0219te sau dac\u0103 despic\u0103torul nu str\u0103punge lemnul prima dat\u0103. Datorit\u0103 acestui lucru, pute\u021bi returna u\u0219or m\u00e2nerul \u00een pozi\u021bia ini\u021bial\u0103 \u0219i pute\u021bi \u00eencerca din nou s\u0103 despica\u021bi lemnul.<\/li>\n<\/ol>\n<h4>Pa\u0219ii de lucru cu despicator industrial DKPR-7B cu motor benzin\u0103:<\/h4>\n<ul>\n<li>A\u0219eza\u021bi despicatorul de lemne pe un loc plat \u0219i instala\u021bi opritoare sub ro\u021bi (pute\u021bi folosi lemn de foc deja despicat). Asigura\u021bi-v\u0103 c\u0103 nici o buc\u0103\u021bic\u0103 de lemn nu intr\u0103 \u00een mecanismul de mi\u0219care. Ave\u021bi grij\u0103 de echipamentul de protec\u021bie al operatorului (m\u0103nu\u0219i, ochelari).<\/li>\n<li>Porni\u021bi motorul pe benzin\u0103 conform manualului de utilizare. Informa\u021biile de referin\u021b\u0103 sunt furnizate cump\u0103r\u0103torilor \u00eempreun\u0103 cu manualul de utilizare a despicatorului de lemn.<strong>V\u0103 rug\u0103m s\u0103 re\u021bine\u021bi: maneta de control al vitezei (accelerarea) este interzis\u0103 s\u0103 se deplaseze mai mult de jum\u0103tate din scar\u0103. Lucrul la tura\u021bii mari ale motorului este periculos pentru operator \u0219i echipament.<\/strong><\/li>\n<li>Ap\u0103sa\u021bi m\u00e2nerul despicatorului de lemne \u0219i asigura\u021bi-v\u0103 c\u0103 \u0219ina se mi\u0219c\u0103 liber \u0219i f\u0103r\u0103 obstacole.<\/li>\n<li>A\u0219eza\u021bi bu\u0219teanul pe mas\u0103 \u00een pozi\u021bie orizontal\u0103, astfel \u00eenc\u00e2t cu\u021bitul s\u0103 fie \u00eendreptat perpendicular \u0219i s\u0103 nu cad\u0103 \u00een centrul nodului. G\u0103si\u021bi o pozi\u021bie stabil\u0103 pentru bu\u0219tean, astfel \u00eenc\u00e2t s\u0103 nu se mi\u0219te \u00een lateral dup\u0103 impact. (De exemplu, jum\u0103tate din bu\u0219tean ar trebui s\u0103 fie plasat\u0103 cu partea plat\u0103 \u00een jos).<\/li>\n<li>Trage\u021bi m\u00e2nerul spre dvs. \u0219i elibera\u021bi-l. Dup\u0103 impact, se va \u00eentoarce singur la locul s\u0103u.<\/li>\n<li>Repeta\u021bi p\u00e2n\u0103 c\u00e2nd sunte\u021bi mul\u021bumit de dimensiunea lemnului de foc ob\u021binut.<\/li>\n<\/ul>\n<p>Echipamentele pot fi operate \u00een permanen\u021b\u0103 la temperaturi (de la -30 la +50 \u00b0 C).<\/p>","protected":false},"excerpt":{"rendered":"<p>Despicator industrial DKPR-7B, Artmash Greutate 250 kg Dimensiuni 220 \u00d7 120 \u00d7 120 cm Brand ArtMash Motor Motor termic Despicator<\/p>","protected":false},"featured_media":4434,"template":"","meta":[],"product_cat":[147],"product_tag":[],"class_list":{"0":"post-4436","1":"product","2":"type-product","3":"status-publish","4":"has-post-thumbnail","6":"product_cat-despicatoare-lemne","8":"first","9":"onbackorder","10":"shipping-taxable","11":"purchasable","12":"product-type-simple"},"yoast_head":"<!-- This site is optimized with the Yoast SEO plugin v20.12 - https:\/\/yoast.com\/wordpress\/plugins\/seo\/ -->\n<title>Despicator industrial DKPR-7B, Artmash - Modernteh<\/title>\n<meta name=\"description\" content=\"Despicator industrial DKPR-7B, Artmash\" \/>\n<meta name=\"robots\" content=\"index, follow, max-snippet:-1, max-image-preview:large, max-video-preview:-1\" \/>\n<link rel=\"canonical\" href=\"https:\/\/modernteh.md\/ru\/catalog\/despicator-industrial-dkpr-7b-artmash\/\" \/>\n<meta property=\"og:locale\" content=\"ru_RU\" \/>\n<meta property=\"og:type\" content=\"article\" \/>\n<meta property=\"og:title\" content=\"Despicator industrial DKPR-7B, Artmash - Modernteh\" \/>\n<meta property=\"og:description\" content=\"Despicator industrial DKPR-7B, Artmash\" \/>\n<meta property=\"og:url\" content=\"https:\/\/modernteh.md\/ru\/catalog\/despicator-industrial-dkpr-7b-artmash\/\" \/>\n<meta property=\"og:site_name\" content=\"Modernteh\" \/>\n<meta property=\"article:publisher\" content=\"https:\/\/www.facebook.com\/profile.php?id=100082695620019\" \/>\n<meta property=\"article:modified_time\" content=\"2026-03-25T11:33:54+00:00\" \/>\n<meta property=\"og:image\" content=\"https:\/\/modernteh.md\/wp-content\/uploads\/2025\/06\/Imagine-WhatsApp-2023-03-21-la-14.57.523-PhotoRoom.png-PhotoRoom.webp\" \/>\n\t<meta property=\"og:image:width\" content=\"1200\" \/>\n\t<meta property=\"og:image:height\" content=\"630\" \/>\n\t<meta property=\"og:image:type\" content=\"image\/webp\" \/>\n<meta name=\"twitter:card\" content=\"summary_large_image\" \/>\n<meta name=\"twitter:label1\" content=\"\u041f\u0440\u0438\u043c\u0435\u0440\u043d\u043e\u0435 \u0432\u0440\u0435\u043c\u044f \u0434\u043b\u044f \u0447\u0442\u0435\u043d\u0438\u044f\" \/>\n\t<meta name=\"twitter:data1\" content=\"3 \u043c\u0438\u043d\u0443\u0442\u044b\" \/>\n<script type=\"application\/ld+json\" class=\"yoast-schema-graph\">{\"@context\":\"https:\/\/schema.org\",\"@graph\":[{\"@type\":\"WebPage\",\"@id\":\"https:\/\/modernteh.md\/catalog\/despicator-industrial-dkpr-7b-artmash\/\",\"url\":\"https:\/\/modernteh.md\/catalog\/despicator-industrial-dkpr-7b-artmash\/\",\"name\":\"Despicator industrial DKPR-7B, Artmash - Modernteh\",\"isPartOf\":{\"@id\":\"https:\/\/modernteh.md\/#website\"},\"datePublished\":\"2025-06-11T18:58:56+00:00\",\"dateModified\":\"2026-03-25T11:33:54+00:00\",\"description\":\"Despicator industrial DKPR-7B, Artmash\",\"breadcrumb\":{\"@id\":\"https:\/\/modernteh.md\/catalog\/despicator-industrial-dkpr-7b-artmash\/#breadcrumb\"},\"inLanguage\":\"ru-RU\",\"potentialAction\":[{\"@type\":\"ReadAction\",\"target\":[\"https:\/\/modernteh.md\/catalog\/despicator-industrial-dkpr-7b-artmash\/\"]}]},{\"@type\":\"BreadcrumbList\",\"@id\":\"https:\/\/modernteh.md\/catalog\/despicator-industrial-dkpr-7b-artmash\/#breadcrumb\",\"itemListElement\":[{\"@type\":\"ListItem\",\"position\":1,\"name\":\"Prima pagin\u0103\",\"item\":\"https:\/\/modernteh.md\/\"},{\"@type\":\"ListItem\",\"position\":2,\"name\":\"Catalog\",\"item\":\"https:\/\/modernteh.md\/catalog\/\"},{\"@type\":\"ListItem\",\"position\":3,\"name\":\"Despicator industrial DKPR-7B, Artmash\"}]},{\"@type\":\"WebSite\",\"@id\":\"https:\/\/modernteh.md\/#website\",\"url\":\"https:\/\/modernteh.md\/\",\"name\":\"Modernteh\",\"description\":\"Modernteh\",\"publisher\":{\"@id\":\"https:\/\/modernteh.md\/#organization\"},\"potentialAction\":[{\"@type\":\"SearchAction\",\"target\":{\"@type\":\"EntryPoint\",\"urlTemplate\":\"https:\/\/modernteh.md\/?s={search_term_string}\"},\"query-input\":\"required name=search_term_string\"}],\"inLanguage\":\"ru-RU\"},{\"@type\":\"Organization\",\"@id\":\"https:\/\/modernteh.md\/#organization\",\"name\":\"Modernteh\",\"url\":\"https:\/\/modernteh.md\/\",\"logo\":{\"@type\":\"ImageObject\",\"inLanguage\":\"ru-RU\",\"@id\":\"https:\/\/modernteh.md\/#\/schema\/logo\/image\/\",\"url\":\"https:\/\/modernteh.md\/wp-content\/uploads\/2022\/06\/Logo_site-2.png\",\"contentUrl\":\"https:\/\/modernteh.md\/wp-content\/uploads\/2022\/06\/Logo_site-2.png\",\"width\":500,\"height\":487,\"caption\":\"Modernteh\"},\"image\":{\"@id\":\"https:\/\/modernteh.md\/#\/schema\/logo\/image\/\"},\"sameAs\":[\"https:\/\/www.facebook.com\/profile.php?id=100082695620019\"]}]}<\/script>\n<!-- \/ Yoast SEO plugin. -->","yoast_head_json":{"title":"Despicator industrial DKPR-7B, Artmash - Modernteh","description":"Despicator industrial DKPR-7B, Artmash","robots":{"index":"index","follow":"follow","max-snippet":"max-snippet:-1","max-image-preview":"max-image-preview:large","max-video-preview":"max-video-preview:-1"},"canonical":"https:\/\/modernteh.md\/ru\/catalog\/despicator-industrial-dkpr-7b-artmash\/","og_locale":"ru_RU","og_type":"article","og_title":"Despicator industrial DKPR-7B, Artmash - Modernteh","og_description":"Despicator industrial DKPR-7B, Artmash","og_url":"https:\/\/modernteh.md\/ru\/catalog\/despicator-industrial-dkpr-7b-artmash\/","og_site_name":"Modernteh","article_publisher":"https:\/\/www.facebook.com\/profile.php?id=100082695620019","article_modified_time":"2026-03-25T11:33:54+00:00","og_image":[{"width":1200,"height":630,"url":"https:\/\/modernteh.md\/wp-content\/uploads\/2025\/06\/Imagine-WhatsApp-2023-03-21-la-14.57.523-PhotoRoom.png-PhotoRoom.webp","type":"image\/webp"}],"twitter_card":"summary_large_image","twitter_misc":{"\u041f\u0440\u0438\u043c\u0435\u0440\u043d\u043e\u0435 \u0432\u0440\u0435\u043c\u044f \u0434\u043b\u044f \u0447\u0442\u0435\u043d\u0438\u044f":"3 \u043c\u0438\u043d\u0443\u0442\u044b"},"schema":{"@context":"https:\/\/schema.org","@graph":[{"@type":"WebPage","@id":"https:\/\/modernteh.md\/catalog\/despicator-industrial-dkpr-7b-artmash\/","url":"https:\/\/modernteh.md\/catalog\/despicator-industrial-dkpr-7b-artmash\/","name":"Despicator industrial DKPR-7B, Artmash - Modernteh","isPartOf":{"@id":"https:\/\/modernteh.md\/#website"},"datePublished":"2025-06-11T18:58:56+00:00","dateModified":"2026-03-25T11:33:54+00:00","description":"Despicator industrial DKPR-7B, Artmash","breadcrumb":{"@id":"https:\/\/modernteh.md\/catalog\/despicator-industrial-dkpr-7b-artmash\/#breadcrumb"},"inLanguage":"ru-RU","potentialAction":[{"@type":"ReadAction","target":["https:\/\/modernteh.md\/catalog\/despicator-industrial-dkpr-7b-artmash\/"]}]},{"@type":"BreadcrumbList","@id":"https:\/\/modernteh.md\/catalog\/despicator-industrial-dkpr-7b-artmash\/#breadcrumb","itemListElement":[{"@type":"ListItem","position":1,"name":"Prima pagin\u0103","item":"https:\/\/modernteh.md\/"},{"@type":"ListItem","position":2,"name":"Catalog","item":"https:\/\/modernteh.md\/catalog\/"},{"@type":"ListItem","position":3,"name":"Despicator industrial DKPR-7B, Artmash"}]},{"@type":"WebSite","@id":"https:\/\/modernteh.md\/#website","url":"https:\/\/modernteh.md\/","name":"Modernteh","description":"Modernteh","publisher":{"@id":"https:\/\/modernteh.md\/#organization"},"potentialAction":[{"@type":"SearchAction","target":{"@type":"EntryPoint","urlTemplate":"https:\/\/modernteh.md\/?s={search_term_string}"},"query-input":"required name=search_term_string"}],"inLanguage":"ru-RU"},{"@type":"Organization","@id":"https:\/\/modernteh.md\/#organization","name":"Modernteh","url":"https:\/\/modernteh.md\/","logo":{"@type":"ImageObject","inLanguage":"ru-RU","@id":"https:\/\/modernteh.md\/#\/schema\/logo\/image\/","url":"https:\/\/modernteh.md\/wp-content\/uploads\/2022\/06\/Logo_site-2.png","contentUrl":"https:\/\/modernteh.md\/wp-content\/uploads\/2022\/06\/Logo_site-2.png","width":500,"height":487,"caption":"Modernteh"},"image":{"@id":"https:\/\/modernteh.md\/#\/schema\/logo\/image\/"},"sameAs":["https:\/\/www.facebook.com\/profile.php?id=100082695620019"]}]}},"_links":{"self":[{"href":"https:\/\/modernteh.md\/ru\/wp-json\/wp\/v2\/product\/4436","targetHints":{"allow":["GET"]}}],"collection":[{"href":"https:\/\/modernteh.md\/ru\/wp-json\/wp\/v2\/product"}],"about":[{"href":"https:\/\/modernteh.md\/ru\/wp-json\/wp\/v2\/types\/product"}],"wp:featuredmedia":[{"embeddable":true,"href":"https:\/\/modernteh.md\/ru\/wp-json\/wp\/v2\/media\/4434"}],"wp:attachment":[{"href":"https:\/\/modernteh.md\/ru\/wp-json\/wp\/v2\/media?parent=4436"}],"wp:term":[{"taxonomy":"product_cat","embeddable":true,"href":"https:\/\/modernteh.md\/ru\/wp-json\/wp\/v2\/product_cat?post=4436"},{"taxonomy":"product_tag","embeddable":true,"href":"https:\/\/modernteh.md\/ru\/wp-json\/wp\/v2\/product_tag?post=4436"}],"curies":[{"name":"wp","href":"https:\/\/api.w.org\/{rel}","templated":true}]}}