{"id":4445,"date":"2025-06-18T07:32:47","date_gmt":"2025-06-18T07:32:47","guid":{"rendered":"https:\/\/modernteh.md\/?post_type=product&#038;p=4445"},"modified":"2025-06-18T07:32:47","modified_gmt":"2025-06-18T07:32:47","slug":"bestway-piscina-gonflabila-fast-set-183%d1%8551-cm","status":"publish","type":"product","link":"https:\/\/modernteh.md\/ru\/catalog\/bestway-piscina-gonflabila-fast-set-183%d1%8551-cm\/","title":{"rendered":"Bestway Piscin\u0103 gonflabil\u0103 Fast Set 183\u044551 cm"},"content":{"rendered":"<p>Bestway Piscin\u0103 gonflabil\u0103 Fast Set 183\u044551 cm<\/p>\n<p><strong>Piscina gonflabil\u0103 rotund\u0103 Bestway 57392 183\u00d751 cm<\/strong>\u00a0\u2013 partenerul de \u00eencredere al distrac\u021biei \u0219i st\u0103rii de bine. Principalul avantaj al acestui model este montarea rapid\u0103 a piscinei, care v\u0103 economise\u0219te timp pre\u021bios. Vasul din trei straturi rezistente \u2013 poliester \u0219i PVC \u2013 este durabil, rezistent la \u00eentindere \u0219i protejat \u00eempotriva razelor solare. Acesta suport\u0103 cu u\u0219urin\u021b\u0103 diverse \u00eenc\u0103rc\u0103turi \u0219i asigur\u0103 o baie sigur\u0103.<\/p>\n<p>\u00cen plus, acest model se demonteaz\u0103 rapid \u0219i u\u0219or, ocup\u00e2nd pu\u021bin spa\u021biu \u00een timpul depozit\u0103rii pe timp de iarn\u0103. Piscina Bestway va servi mult timp dumneavoastr\u0103 \u0219i familiei dumneavoastr\u0103.<\/p>\n<h4><strong>Preg\u0103tirea terenului pentru piscin\u0103:<\/strong><\/h4>\n<ol>\n<li><strong>Cur\u0103\u021bare \u0219i nivelare:<\/strong><br \/>\n\u00cendep\u0103rta\u021bi toate resturile, pietrele, r\u0103d\u0103cinile copacilor \u0219i arbu\u0219tii. Nivela\u021bi suprafa\u021ba, elimin\u00e2nd denivel\u0103rile \u0219i gropile.<\/li>\n<li><strong>Strat de nisip (op\u021bional):<\/strong><br \/>\nPres\u0103ra\u021bi uniform un strat de nisip pentru a crea o baz\u0103 plan\u0103 \u0219i stabil\u0103.<\/li>\n<li><strong>Strat de protec\u021bie:<\/strong><br \/>\nA\u0219eza\u021bi o protec\u021bie din material polimeric, cum ar fi folie, polistiren sau geotextil.<\/li>\n<li><strong>Protec\u021bie suplimentar\u0103 (op\u021bional):<\/strong><br \/>\nPentru o durabilitate \u0219i protec\u021bie sporit\u0103, se pot folosi polistiren extrudat, polistiren expandat sau o plac\u0103 de beton.<\/li>\n<\/ol>","protected":false},"excerpt":{"rendered":"<p>Bestway Piscin\u0103 gonflabil\u0103 Fast Set 183\u044551 cm Piscina gonflabil\u0103 rotund\u0103 Bestway 57392 183\u00d751 cm\u00a0\u2013 partenerul de \u00eencredere al distrac\u021biei \u0219i<\/p>","protected":false},"featured_media":4446,"template":"","meta":[],"product_cat":[203],"product_tag":[],"class_list":{"0":"post-4445","1":"product","2":"type-product","3":"status-publish","4":"has-post-thumbnail","6":"product_cat-bazine-si-camping","8":"first","9":"instock","10":"shipping-taxable","11":"purchasable","12":"product-type-simple"},"yoast_head":"<!-- This site is optimized with the Yoast SEO plugin v20.12 - https:\/\/yoast.com\/wordpress\/plugins\/seo\/ -->\n<title>Bestway Piscin\u0103 gonflabil\u0103 Fast Set 183\u044551 cm - Modernteh<\/title>\n<meta name=\"description\" content=\"Bestway Piscin\u0103 gonflabil\u0103 Fast Set 183\u044551 cm\" \/>\n<meta name=\"robots\" content=\"index, follow, max-snippet:-1, max-image-preview:large, max-video-preview:-1\" \/>\n<link rel=\"canonical\" href=\"https:\/\/modernteh.md\/ru\/catalog\/bestway-piscina-gonflabila-fast-set-183\u044551-cm\/\" \/>\n<meta property=\"og:locale\" content=\"ru_RU\" \/>\n<meta property=\"og:type\" content=\"article\" \/>\n<meta property=\"og:title\" content=\"Bestway Piscin\u0103 gonflabil\u0103 Fast Set 183\u044551 cm - Modernteh\" \/>\n<meta property=\"og:description\" content=\"Bestway Piscin\u0103 gonflabil\u0103 Fast Set 183\u044551 cm\" \/>\n<meta property=\"og:url\" content=\"https:\/\/modernteh.md\/ru\/catalog\/bestway-piscina-gonflabila-fast-set-183\u044551-cm\/\" \/>\n<meta property=\"og:site_name\" content=\"Modernteh\" \/>\n<meta property=\"article:publisher\" content=\"https:\/\/www.facebook.com\/profile.php?id=100082695620019\" \/>\n<meta property=\"og:image\" content=\"https:\/\/modernteh.md\/wp-content\/uploads\/2025\/06\/piscina-gomflabila1.png\" \/>\n\t<meta property=\"og:image:width\" content=\"600\" \/>\n\t<meta property=\"og:image:height\" content=\"600\" \/>\n\t<meta property=\"og:image:type\" content=\"image\/png\" \/>\n<meta name=\"twitter:card\" content=\"summary_large_image\" \/>\n<meta name=\"twitter:label1\" content=\"\u041f\u0440\u0438\u043c\u0435\u0440\u043d\u043e\u0435 \u0432\u0440\u0435\u043c\u044f \u0434\u043b\u044f \u0447\u0442\u0435\u043d\u0438\u044f\" \/>\n\t<meta name=\"twitter:data1\" content=\"1 \u043c\u0438\u043d\u0443\u0442\u0430\" \/>\n<script type=\"application\/ld+json\" class=\"yoast-schema-graph\">{\"@context\":\"https:\/\/schema.org\",\"@graph\":[{\"@type\":\"WebPage\",\"@id\":\"https:\/\/modernteh.md\/catalog\/bestway-piscina-gonflabila-fast-set-183%d1%8551-cm\/\",\"url\":\"https:\/\/modernteh.md\/catalog\/bestway-piscina-gonflabila-fast-set-183%d1%8551-cm\/\",\"name\":\"Bestway Piscin\u0103 gonflabil\u0103 Fast Set 183\u044551 cm - Modernteh\",\"isPartOf\":{\"@id\":\"https:\/\/modernteh.md\/#website\"},\"datePublished\":\"2025-06-18T07:32:47+00:00\",\"dateModified\":\"2025-06-18T07:32:47+00:00\",\"description\":\"Bestway Piscin\u0103 gonflabil\u0103 Fast Set 183\u044551 cm\",\"breadcrumb\":{\"@id\":\"https:\/\/modernteh.md\/catalog\/bestway-piscina-gonflabila-fast-set-183%d1%8551-cm\/#breadcrumb\"},\"inLanguage\":\"ru-RU\",\"potentialAction\":[{\"@type\":\"ReadAction\",\"target\":[\"https:\/\/modernteh.md\/catalog\/bestway-piscina-gonflabila-fast-set-183%d1%8551-cm\/\"]}]},{\"@type\":\"BreadcrumbList\",\"@id\":\"https:\/\/modernteh.md\/catalog\/bestway-piscina-gonflabila-fast-set-183%d1%8551-cm\/#breadcrumb\",\"itemListElement\":[{\"@type\":\"ListItem\",\"position\":1,\"name\":\"Prima pagin\u0103\",\"item\":\"https:\/\/modernteh.md\/\"},{\"@type\":\"ListItem\",\"position\":2,\"name\":\"Catalog\",\"item\":\"https:\/\/modernteh.md\/catalog\/\"},{\"@type\":\"ListItem\",\"position\":3,\"name\":\"Bestway Piscin\u0103 gonflabil\u0103 Fast Set 183\u044551 cm\"}]},{\"@type\":\"WebSite\",\"@id\":\"https:\/\/modernteh.md\/#website\",\"url\":\"https:\/\/modernteh.md\/\",\"name\":\"Modernteh\",\"description\":\"Modernteh\",\"publisher\":{\"@id\":\"https:\/\/modernteh.md\/#organization\"},\"potentialAction\":[{\"@type\":\"SearchAction\",\"target\":{\"@type\":\"EntryPoint\",\"urlTemplate\":\"https:\/\/modernteh.md\/?s={search_term_string}\"},\"query-input\":\"required name=search_term_string\"}],\"inLanguage\":\"ru-RU\"},{\"@type\":\"Organization\",\"@id\":\"https:\/\/modernteh.md\/#organization\",\"name\":\"Modernteh\",\"url\":\"https:\/\/modernteh.md\/\",\"logo\":{\"@type\":\"ImageObject\",\"inLanguage\":\"ru-RU\",\"@id\":\"https:\/\/modernteh.md\/#\/schema\/logo\/image\/\",\"url\":\"https:\/\/modernteh.md\/wp-content\/uploads\/2022\/06\/Logo_site-2.png\",\"contentUrl\":\"https:\/\/modernteh.md\/wp-content\/uploads\/2022\/06\/Logo_site-2.png\",\"width\":500,\"height\":487,\"caption\":\"Modernteh\"},\"image\":{\"@id\":\"https:\/\/modernteh.md\/#\/schema\/logo\/image\/\"},\"sameAs\":[\"https:\/\/www.facebook.com\/profile.php?id=100082695620019\"]}]}<\/script>\n<!-- \/ Yoast SEO plugin. -->","yoast_head_json":{"title":"Bestway Piscin\u0103 gonflabil\u0103 Fast Set 183\u044551 cm - Modernteh","description":"Bestway Piscin\u0103 gonflabil\u0103 Fast Set 183\u044551 cm","robots":{"index":"index","follow":"follow","max-snippet":"max-snippet:-1","max-image-preview":"max-image-preview:large","max-video-preview":"max-video-preview:-1"},"canonical":"https:\/\/modernteh.md\/ru\/catalog\/bestway-piscina-gonflabila-fast-set-183\u044551-cm\/","og_locale":"ru_RU","og_type":"article","og_title":"Bestway Piscin\u0103 gonflabil\u0103 Fast Set 183\u044551 cm - Modernteh","og_description":"Bestway Piscin\u0103 gonflabil\u0103 Fast Set 183\u044551 cm","og_url":"https:\/\/modernteh.md\/ru\/catalog\/bestway-piscina-gonflabila-fast-set-183\u044551-cm\/","og_site_name":"Modernteh","article_publisher":"https:\/\/www.facebook.com\/profile.php?id=100082695620019","og_image":[{"width":600,"height":600,"url":"https:\/\/modernteh.md\/wp-content\/uploads\/2025\/06\/piscina-gomflabila1.png","type":"image\/png"}],"twitter_card":"summary_large_image","twitter_misc":{"\u041f\u0440\u0438\u043c\u0435\u0440\u043d\u043e\u0435 \u0432\u0440\u0435\u043c\u044f \u0434\u043b\u044f \u0447\u0442\u0435\u043d\u0438\u044f":"1 \u043c\u0438\u043d\u0443\u0442\u0430"},"schema":{"@context":"https:\/\/schema.org","@graph":[{"@type":"WebPage","@id":"https:\/\/modernteh.md\/catalog\/bestway-piscina-gonflabila-fast-set-183%d1%8551-cm\/","url":"https:\/\/modernteh.md\/catalog\/bestway-piscina-gonflabila-fast-set-183%d1%8551-cm\/","name":"Bestway Piscin\u0103 gonflabil\u0103 Fast Set 183\u044551 cm - Modernteh","isPartOf":{"@id":"https:\/\/modernteh.md\/#website"},"datePublished":"2025-06-18T07:32:47+00:00","dateModified":"2025-06-18T07:32:47+00:00","description":"Bestway Piscin\u0103 gonflabil\u0103 Fast Set 183\u044551 cm","breadcrumb":{"@id":"https:\/\/modernteh.md\/catalog\/bestway-piscina-gonflabila-fast-set-183%d1%8551-cm\/#breadcrumb"},"inLanguage":"ru-RU","potentialAction":[{"@type":"ReadAction","target":["https:\/\/modernteh.md\/catalog\/bestway-piscina-gonflabila-fast-set-183%d1%8551-cm\/"]}]},{"@type":"BreadcrumbList","@id":"https:\/\/modernteh.md\/catalog\/bestway-piscina-gonflabila-fast-set-183%d1%8551-cm\/#breadcrumb","itemListElement":[{"@type":"ListItem","position":1,"name":"Prima pagin\u0103","item":"https:\/\/modernteh.md\/"},{"@type":"ListItem","position":2,"name":"Catalog","item":"https:\/\/modernteh.md\/catalog\/"},{"@type":"ListItem","position":3,"name":"Bestway Piscin\u0103 gonflabil\u0103 Fast Set 183\u044551 cm"}]},{"@type":"WebSite","@id":"https:\/\/modernteh.md\/#website","url":"https:\/\/modernteh.md\/","name":"Modernteh","description":"Modernteh","publisher":{"@id":"https:\/\/modernteh.md\/#organization"},"potentialAction":[{"@type":"SearchAction","target":{"@type":"EntryPoint","urlTemplate":"https:\/\/modernteh.md\/?s={search_term_string}"},"query-input":"required name=search_term_string"}],"inLanguage":"ru-RU"},{"@type":"Organization","@id":"https:\/\/modernteh.md\/#organization","name":"Modernteh","url":"https:\/\/modernteh.md\/","logo":{"@type":"ImageObject","inLanguage":"ru-RU","@id":"https:\/\/modernteh.md\/#\/schema\/logo\/image\/","url":"https:\/\/modernteh.md\/wp-content\/uploads\/2022\/06\/Logo_site-2.png","contentUrl":"https:\/\/modernteh.md\/wp-content\/uploads\/2022\/06\/Logo_site-2.png","width":500,"height":487,"caption":"Modernteh"},"image":{"@id":"https:\/\/modernteh.md\/#\/schema\/logo\/image\/"},"sameAs":["https:\/\/www.facebook.com\/profile.php?id=100082695620019"]}]}},"_links":{"self":[{"href":"https:\/\/modernteh.md\/ru\/wp-json\/wp\/v2\/product\/4445","targetHints":{"allow":["GET"]}}],"collection":[{"href":"https:\/\/modernteh.md\/ru\/wp-json\/wp\/v2\/product"}],"about":[{"href":"https:\/\/modernteh.md\/ru\/wp-json\/wp\/v2\/types\/product"}],"wp:featuredmedia":[{"embeddable":true,"href":"https:\/\/modernteh.md\/ru\/wp-json\/wp\/v2\/media\/4446"}],"wp:attachment":[{"href":"https:\/\/modernteh.md\/ru\/wp-json\/wp\/v2\/media?parent=4445"}],"wp:term":[{"taxonomy":"product_cat","embeddable":true,"href":"https:\/\/modernteh.md\/ru\/wp-json\/wp\/v2\/product_cat?post=4445"},{"taxonomy":"product_tag","embeddable":true,"href":"https:\/\/modernteh.md\/ru\/wp-json\/wp\/v2\/product_tag?post=4445"}],"curies":[{"name":"wp","href":"https:\/\/api.w.org\/{rel}","templated":true}]}}