{"id":4449,"date":"2025-06-18T07:46:11","date_gmt":"2025-06-18T07:46:11","guid":{"rendered":"https:\/\/modernteh.md\/?post_type=product&#038;p=4449"},"modified":"2025-06-18T07:46:11","modified_gmt":"2025-06-18T07:46:11","slug":"intex-piscina-gonflabila-pentru-copii-crabul-vesel-183%d1%8551-cm-880l-3","status":"publish","type":"product","link":"https:\/\/modernteh.md\/ru\/catalog\/intex-piscina-gonflabila-pentru-copii-crabul-vesel-183%d1%8551-cm-880l-3\/","title":{"rendered":"INTEX Piscin\u0103 gonflabil\u0103 pentru copii \u201eCrabul vesel\u201d 183\u044551 cm, 880L, 3+"},"content":{"rendered":"<h1 class=\"product_title entry-title wd-entities-title\">INTEX Piscin\u0103 gonflabil\u0103 pentru copii \u201eCrabul vesel\u201d 183\u044551 cm, 880L, 3+<\/h1>\n<p><strong>Piscina gonflabil\u0103 Intex \u201eCrab\u201d<\/strong><\/p>\n<p>Piscina Intex \u201eCrab\u201d are un design adorabil sub form\u0103 de crab, cu cle\u0219ti gonflabili \u0219i ochi mari \u0219i ie\u0219i\u021bi. Este o alegere perfect\u0103 pentru distrac\u021bie \u00een aer liber sau \u00een interior, av\u00e2nd un design compact care nu va ocupa mult spa\u021biu, fiind u\u0219or de depozitat \u00een apartamente mici sau chiar \u00een ma\u0219in\u0103. Ideal\u0103 pentru zilele toride de var\u0103, poate fi instalat\u0103 cu u\u0219urin\u021b\u0103 \u00een gr\u0103dina sau pe terasa casei de vacan\u021b\u0103.<\/p>\n<p><strong>Caracteristici:<\/strong><\/p>\n<ul>\n<li><strong>V\u00e2rst\u0103 recomandat\u0103:<\/strong>\u00a0De la 3 ani<\/li>\n<li><strong>Tip:<\/strong>\u00a0Deschis<\/li>\n<li><strong>Form\u0103:<\/strong>\u00a0Rotund\u0103<\/li>\n<li><strong>Material:<\/strong>\u00a0Vinil triplu stratificat (dou\u0103 straturi de vinil \u0219i un strat de plas\u0103 de fibre de sticl\u0103)<\/li>\n<li><strong>Diametru:<\/strong>\u00a0183 cm<\/li>\n<li><strong>Volum (la 80% umplere):<\/strong>\u00a0880 l<\/li>\n<li><strong>Ambalaj:<\/strong>\u00a0Cutie<\/li>\n<\/ul>\n<p><strong>Pachetul include:<\/strong><\/p>\n<ul>\n<li>Piscina<\/li>\n<li>Supap\u0103 de drenaj<\/li>\n<\/ul>\n<p><strong>Observa\u021bie:<\/strong><\/p>\n<ul>\n<li>Pompa de umflare nu este inclus\u0103 (se recomand\u0103 utilizarea pompei Intex 68612 pentru umflare).<\/li>\n<\/ul>\n<h4><strong>Preg\u0103tirea terenului pentru piscin\u0103:<\/strong><\/h4>\n<p><strong>1. Cur\u0103\u021bare \u0219i nivelare:<\/strong><br \/>\n\u00cendep\u0103rta\u021bi toate resturile, pietrele, r\u0103d\u0103cinile copacilor \u0219i arbu\u0219tii. Nivela\u021bi suprafa\u021ba, elimin\u00e2nd denivel\u0103rile \u0219i gropile.<\/p>\n<p><strong>2. Strat de nisip (op\u021bional):<\/strong><br \/>\nPres\u0103ra\u021bi uniform un strat de nisip pentru a crea o baz\u0103 plan\u0103 \u0219i stabil\u0103.<\/p>\n<p><strong>3. Strat de protec\u021bie:<\/strong><br \/>\nA\u0219eza\u021bi o protec\u021bie din material polimeric, cum ar fi folie, polistiren sau geotextil.<\/p>\n<p><strong>4. Protec\u021bie suplimentar\u0103 (op\u021bional):<\/strong><br \/>\nPentru o durabilitate \u0219i protec\u021bie sporit\u0103, se pot folosi polistiren extrudat, polistiren expandat sau o plac\u0103 de beton.<\/p>","protected":false},"excerpt":{"rendered":"<p>INTEX Piscin\u0103 gonflabil\u0103 pentru copii \u201eCrabul vesel\u201d 183\u044551 cm, 880L, 3+ Piscina gonflabil\u0103 Intex \u201eCrab\u201d Piscina Intex \u201eCrab\u201d are un<\/p>","protected":false},"featured_media":4450,"template":"","meta":[],"product_cat":[203],"product_tag":[],"class_list":{"0":"post-4449","1":"product","2":"type-product","3":"status-publish","4":"has-post-thumbnail","6":"product_cat-bazine-si-camping","8":"first","9":"instock","10":"shipping-taxable","11":"purchasable","12":"product-type-simple"},"yoast_head":"<!-- This site is optimized with the Yoast SEO plugin v20.12 - https:\/\/yoast.com\/wordpress\/plugins\/seo\/ -->\n<title>INTEX Piscin\u0103 gonflabil\u0103 pentru copii \u201eCrabul vesel\u201d 183\u044551 cm, 880L, 3+ - Modernteh<\/title>\n<meta name=\"description\" content=\"INTEX Piscin\u0103 gonflabil\u0103 pentru copii Easy Set \u201eCrabul vesel\u201d 183\u044551 cm, 880L, 3+\" \/>\n<meta name=\"robots\" content=\"index, follow, max-snippet:-1, max-image-preview:large, max-video-preview:-1\" \/>\n<link rel=\"canonical\" href=\"https:\/\/modernteh.md\/ru\/catalog\/intex-piscina-gonflabila-pentru-copii-crabul-vesel-183\u044551-cm-880l-3\/\" \/>\n<meta property=\"og:locale\" content=\"ru_RU\" \/>\n<meta property=\"og:type\" content=\"article\" \/>\n<meta property=\"og:title\" content=\"INTEX Piscin\u0103 gonflabil\u0103 pentru copii \u201eCrabul vesel\u201d 183\u044551 cm, 880L, 3+ - Modernteh\" \/>\n<meta property=\"og:description\" content=\"INTEX Piscin\u0103 gonflabil\u0103 pentru copii Easy Set \u201eCrabul vesel\u201d 183\u044551 cm, 880L, 3+\" \/>\n<meta property=\"og:url\" content=\"https:\/\/modernteh.md\/ru\/catalog\/intex-piscina-gonflabila-pentru-copii-crabul-vesel-183\u044551-cm-880l-3\/\" \/>\n<meta property=\"og:site_name\" content=\"Modernteh\" \/>\n<meta property=\"article:publisher\" content=\"https:\/\/www.facebook.com\/profile.php?id=100082695620019\" \/>\n<meta property=\"og:image\" content=\"https:\/\/modernteh.md\/wp-content\/uploads\/2025\/06\/piscina-gomflabila2.jpg\" \/>\n\t<meta property=\"og:image:width\" content=\"600\" \/>\n\t<meta property=\"og:image:height\" content=\"600\" \/>\n\t<meta property=\"og:image:type\" content=\"image\/jpeg\" \/>\n<meta name=\"twitter:card\" content=\"summary_large_image\" \/>\n<meta name=\"twitter:label1\" content=\"\u041f\u0440\u0438\u043c\u0435\u0440\u043d\u043e\u0435 \u0432\u0440\u0435\u043c\u044f \u0434\u043b\u044f \u0447\u0442\u0435\u043d\u0438\u044f\" \/>\n\t<meta name=\"twitter:data1\" content=\"2 \u043c\u0438\u043d\u0443\u0442\u044b\" \/>\n<script type=\"application\/ld+json\" class=\"yoast-schema-graph\">{\"@context\":\"https:\/\/schema.org\",\"@graph\":[{\"@type\":\"WebPage\",\"@id\":\"https:\/\/modernteh.md\/catalog\/intex-piscina-gonflabila-pentru-copii-crabul-vesel-183%d1%8551-cm-880l-3\/\",\"url\":\"https:\/\/modernteh.md\/catalog\/intex-piscina-gonflabila-pentru-copii-crabul-vesel-183%d1%8551-cm-880l-3\/\",\"name\":\"INTEX Piscin\u0103 gonflabil\u0103 pentru copii \u201eCrabul vesel\u201d 183\u044551 cm, 880L, 3+ - Modernteh\",\"isPartOf\":{\"@id\":\"https:\/\/modernteh.md\/#website\"},\"datePublished\":\"2025-06-18T07:46:11+00:00\",\"dateModified\":\"2025-06-18T07:46:11+00:00\",\"description\":\"INTEX Piscin\u0103 gonflabil\u0103 pentru copii Easy Set \u201eCrabul vesel\u201d 183\u044551 cm, 880L, 3+\",\"breadcrumb\":{\"@id\":\"https:\/\/modernteh.md\/catalog\/intex-piscina-gonflabila-pentru-copii-crabul-vesel-183%d1%8551-cm-880l-3\/#breadcrumb\"},\"inLanguage\":\"ru-RU\",\"potentialAction\":[{\"@type\":\"ReadAction\",\"target\":[\"https:\/\/modernteh.md\/catalog\/intex-piscina-gonflabila-pentru-copii-crabul-vesel-183%d1%8551-cm-880l-3\/\"]}]},{\"@type\":\"BreadcrumbList\",\"@id\":\"https:\/\/modernteh.md\/catalog\/intex-piscina-gonflabila-pentru-copii-crabul-vesel-183%d1%8551-cm-880l-3\/#breadcrumb\",\"itemListElement\":[{\"@type\":\"ListItem\",\"position\":1,\"name\":\"Prima pagin\u0103\",\"item\":\"https:\/\/modernteh.md\/\"},{\"@type\":\"ListItem\",\"position\":2,\"name\":\"Catalog\",\"item\":\"https:\/\/modernteh.md\/catalog\/\"},{\"@type\":\"ListItem\",\"position\":3,\"name\":\"INTEX Piscin\u0103 gonflabil\u0103 pentru copii \u201eCrabul vesel\u201d 183\u044551 cm, 880L, 3+\"}]},{\"@type\":\"WebSite\",\"@id\":\"https:\/\/modernteh.md\/#website\",\"url\":\"https:\/\/modernteh.md\/\",\"name\":\"Modernteh\",\"description\":\"Modernteh\",\"publisher\":{\"@id\":\"https:\/\/modernteh.md\/#organization\"},\"potentialAction\":[{\"@type\":\"SearchAction\",\"target\":{\"@type\":\"EntryPoint\",\"urlTemplate\":\"https:\/\/modernteh.md\/?s={search_term_string}\"},\"query-input\":\"required name=search_term_string\"}],\"inLanguage\":\"ru-RU\"},{\"@type\":\"Organization\",\"@id\":\"https:\/\/modernteh.md\/#organization\",\"name\":\"Modernteh\",\"url\":\"https:\/\/modernteh.md\/\",\"logo\":{\"@type\":\"ImageObject\",\"inLanguage\":\"ru-RU\",\"@id\":\"https:\/\/modernteh.md\/#\/schema\/logo\/image\/\",\"url\":\"https:\/\/modernteh.md\/wp-content\/uploads\/2022\/06\/Logo_site-2.png\",\"contentUrl\":\"https:\/\/modernteh.md\/wp-content\/uploads\/2022\/06\/Logo_site-2.png\",\"width\":500,\"height\":487,\"caption\":\"Modernteh\"},\"image\":{\"@id\":\"https:\/\/modernteh.md\/#\/schema\/logo\/image\/\"},\"sameAs\":[\"https:\/\/www.facebook.com\/profile.php?id=100082695620019\"]}]}<\/script>\n<!-- \/ Yoast SEO plugin. -->","yoast_head_json":{"title":"INTEX Piscin\u0103 gonflabil\u0103 pentru copii \u201eCrabul vesel\u201d 183\u044551 cm, 880L, 3+ - Modernteh","description":"INTEX Piscin\u0103 gonflabil\u0103 pentru copii Easy Set \u201eCrabul vesel\u201d 183\u044551 cm, 880L, 3+","robots":{"index":"index","follow":"follow","max-snippet":"max-snippet:-1","max-image-preview":"max-image-preview:large","max-video-preview":"max-video-preview:-1"},"canonical":"https:\/\/modernteh.md\/ru\/catalog\/intex-piscina-gonflabila-pentru-copii-crabul-vesel-183\u044551-cm-880l-3\/","og_locale":"ru_RU","og_type":"article","og_title":"INTEX Piscin\u0103 gonflabil\u0103 pentru copii \u201eCrabul vesel\u201d 183\u044551 cm, 880L, 3+ - Modernteh","og_description":"INTEX Piscin\u0103 gonflabil\u0103 pentru copii Easy Set \u201eCrabul vesel\u201d 183\u044551 cm, 880L, 3+","og_url":"https:\/\/modernteh.md\/ru\/catalog\/intex-piscina-gonflabila-pentru-copii-crabul-vesel-183\u044551-cm-880l-3\/","og_site_name":"Modernteh","article_publisher":"https:\/\/www.facebook.com\/profile.php?id=100082695620019","og_image":[{"width":600,"height":600,"url":"https:\/\/modernteh.md\/wp-content\/uploads\/2025\/06\/piscina-gomflabila2.jpg","type":"image\/jpeg"}],"twitter_card":"summary_large_image","twitter_misc":{"\u041f\u0440\u0438\u043c\u0435\u0440\u043d\u043e\u0435 \u0432\u0440\u0435\u043c\u044f \u0434\u043b\u044f \u0447\u0442\u0435\u043d\u0438\u044f":"2 \u043c\u0438\u043d\u0443\u0442\u044b"},"schema":{"@context":"https:\/\/schema.org","@graph":[{"@type":"WebPage","@id":"https:\/\/modernteh.md\/catalog\/intex-piscina-gonflabila-pentru-copii-crabul-vesel-183%d1%8551-cm-880l-3\/","url":"https:\/\/modernteh.md\/catalog\/intex-piscina-gonflabila-pentru-copii-crabul-vesel-183%d1%8551-cm-880l-3\/","name":"INTEX Piscin\u0103 gonflabil\u0103 pentru copii \u201eCrabul vesel\u201d 183\u044551 cm, 880L, 3+ - Modernteh","isPartOf":{"@id":"https:\/\/modernteh.md\/#website"},"datePublished":"2025-06-18T07:46:11+00:00","dateModified":"2025-06-18T07:46:11+00:00","description":"INTEX Piscin\u0103 gonflabil\u0103 pentru copii Easy Set \u201eCrabul vesel\u201d 183\u044551 cm, 880L, 3+","breadcrumb":{"@id":"https:\/\/modernteh.md\/catalog\/intex-piscina-gonflabila-pentru-copii-crabul-vesel-183%d1%8551-cm-880l-3\/#breadcrumb"},"inLanguage":"ru-RU","potentialAction":[{"@type":"ReadAction","target":["https:\/\/modernteh.md\/catalog\/intex-piscina-gonflabila-pentru-copii-crabul-vesel-183%d1%8551-cm-880l-3\/"]}]},{"@type":"BreadcrumbList","@id":"https:\/\/modernteh.md\/catalog\/intex-piscina-gonflabila-pentru-copii-crabul-vesel-183%d1%8551-cm-880l-3\/#breadcrumb","itemListElement":[{"@type":"ListItem","position":1,"name":"Prima pagin\u0103","item":"https:\/\/modernteh.md\/"},{"@type":"ListItem","position":2,"name":"Catalog","item":"https:\/\/modernteh.md\/catalog\/"},{"@type":"ListItem","position":3,"name":"INTEX Piscin\u0103 gonflabil\u0103 pentru copii \u201eCrabul vesel\u201d 183\u044551 cm, 880L, 3+"}]},{"@type":"WebSite","@id":"https:\/\/modernteh.md\/#website","url":"https:\/\/modernteh.md\/","name":"Modernteh","description":"Modernteh","publisher":{"@id":"https:\/\/modernteh.md\/#organization"},"potentialAction":[{"@type":"SearchAction","target":{"@type":"EntryPoint","urlTemplate":"https:\/\/modernteh.md\/?s={search_term_string}"},"query-input":"required name=search_term_string"}],"inLanguage":"ru-RU"},{"@type":"Organization","@id":"https:\/\/modernteh.md\/#organization","name":"Modernteh","url":"https:\/\/modernteh.md\/","logo":{"@type":"ImageObject","inLanguage":"ru-RU","@id":"https:\/\/modernteh.md\/#\/schema\/logo\/image\/","url":"https:\/\/modernteh.md\/wp-content\/uploads\/2022\/06\/Logo_site-2.png","contentUrl":"https:\/\/modernteh.md\/wp-content\/uploads\/2022\/06\/Logo_site-2.png","width":500,"height":487,"caption":"Modernteh"},"image":{"@id":"https:\/\/modernteh.md\/#\/schema\/logo\/image\/"},"sameAs":["https:\/\/www.facebook.com\/profile.php?id=100082695620019"]}]}},"_links":{"self":[{"href":"https:\/\/modernteh.md\/ru\/wp-json\/wp\/v2\/product\/4449","targetHints":{"allow":["GET"]}}],"collection":[{"href":"https:\/\/modernteh.md\/ru\/wp-json\/wp\/v2\/product"}],"about":[{"href":"https:\/\/modernteh.md\/ru\/wp-json\/wp\/v2\/types\/product"}],"wp:featuredmedia":[{"embeddable":true,"href":"https:\/\/modernteh.md\/ru\/wp-json\/wp\/v2\/media\/4450"}],"wp:attachment":[{"href":"https:\/\/modernteh.md\/ru\/wp-json\/wp\/v2\/media?parent=4449"}],"wp:term":[{"taxonomy":"product_cat","embeddable":true,"href":"https:\/\/modernteh.md\/ru\/wp-json\/wp\/v2\/product_cat?post=4449"},{"taxonomy":"product_tag","embeddable":true,"href":"https:\/\/modernteh.md\/ru\/wp-json\/wp\/v2\/product_tag?post=4449"}],"curies":[{"name":"wp","href":"https:\/\/api.w.org\/{rel}","templated":true}]}}