{"id":4457,"date":"2025-06-18T08:02:41","date_gmt":"2025-06-18T08:02:41","guid":{"rendered":"https:\/\/modernteh.md\/?post_type=product&#038;p=4457"},"modified":"2025-06-18T08:02:42","modified_gmt":"2025-06-18T08:02:42","slug":"pastile-multifunctionale-total-blue-20-g-x-9-buc","status":"publish","type":"product","link":"https:\/\/modernteh.md\/ru\/catalog\/pastile-multifunctionale-total-blue-20-g-x-9-buc\/","title":{"rendered":"Pastile multifunc\u021bionale \u201eTotal Blue\u201d, 20 g x 9 buc"},"content":{"rendered":"<p>Pastile multifunc\u021bionale \u201eTotal Blue\u201d, 20 g x 9 buc<\/p>\n<p>Tabletele multifunc\u021bionale mici, de doar 20 g, care se dizolv\u0103 lent, sunt concepute pentru dezinfec\u021bia pe termen lung, tratarea algelor \u0219i coagularea apei din piscin\u0103.<\/p>\n<h3>Con\u021bine:<\/h3>\n<ul>\n<li>clor<\/li>\n<li>algicid<\/li>\n<li>floculant.<\/li>\n<\/ul>\n<h2>Dozare:<\/h2>\n<ul>\n<li>4 tablete la 10 m3 de ap\u0103 o dat\u0103 pe s\u0103pt\u0103m\u00e2n\u0103.<\/li>\n<li>Doza poate varia \u00een func\u021bie de condi\u021biile meteorologice, utilizarea piscinei etc.<\/li>\n<\/ul>\n<h2><strong>Instruc\u021biuni:<\/strong><\/h2>\n<ul>\n<li>Pune\u021bi num\u0103rul necesar de tablete \u00een co\u0219ul de skimmer sau \u00een dozatorul plutitor.<\/li>\n<\/ul>\n<p><em><strong>Nu este destinat tratamentului primar sau clor\u0103rii de \u0219oc (brusc) \u2013 \u00een aceste scopuri este mai bine s\u0103 utiliza\u021bi tablete cu dizolvare rapid\u0103 (Chemoclor T-Schnelltabletten)<\/strong><\/em><\/p>","protected":false},"excerpt":{"rendered":"<p>Pastile multifunc\u021bionale \u201eTotal Blue\u201d, 20 g x 9 buc Tabletele multifunc\u021bionale mici, de doar 20 g, care se dizolv\u0103 lent,<\/p>","protected":false},"featured_media":4458,"template":"","meta":[],"product_cat":[203],"product_tag":[],"class_list":{"0":"post-4457","1":"product","2":"type-product","3":"status-publish","4":"has-post-thumbnail","6":"product_cat-bazine-si-camping","8":"first","9":"instock","10":"shipping-taxable","11":"purchasable","12":"product-type-simple"},"yoast_head":"<!-- This site is optimized with the Yoast SEO plugin v20.12 - https:\/\/yoast.com\/wordpress\/plugins\/seo\/ -->\n<title>Pastile multifunc\u021bionale \u201eTotal Blue\u201d, 20 g x 9 buc - Modernteh<\/title>\n<meta name=\"robots\" content=\"index, follow, max-snippet:-1, max-image-preview:large, max-video-preview:-1\" \/>\n<link rel=\"canonical\" href=\"https:\/\/modernteh.md\/ru\/catalog\/pastile-multifunctionale-total-blue-20-g-x-9-buc\/\" \/>\n<meta property=\"og:locale\" content=\"ru_RU\" \/>\n<meta property=\"og:type\" content=\"article\" \/>\n<meta property=\"og:title\" content=\"Pastile multifunc\u021bionale \u201eTotal Blue\u201d, 20 g x 9 buc - Modernteh\" \/>\n<meta property=\"og:description\" content=\"Pastile multifunc\u021bionale \u201eTotal Blue\u201d, 20 g x 9 buc Tabletele multifunc\u021bionale mici, de doar 20 g, care se dizolv\u0103 lent,\" \/>\n<meta property=\"og:url\" content=\"https:\/\/modernteh.md\/ru\/catalog\/pastile-multifunctionale-total-blue-20-g-x-9-buc\/\" \/>\n<meta property=\"og:site_name\" content=\"Modernteh\" \/>\n<meta property=\"article:publisher\" content=\"https:\/\/www.facebook.com\/profile.php?id=100082695620019\" \/>\n<meta property=\"article:modified_time\" content=\"2025-06-18T08:02:42+00:00\" \/>\n<meta property=\"og:image\" content=\"https:\/\/modernteh.md\/wp-content\/uploads\/2025\/06\/2-5-2-1.png\" \/>\n\t<meta property=\"og:image:width\" content=\"600\" \/>\n\t<meta property=\"og:image:height\" content=\"600\" \/>\n\t<meta property=\"og:image:type\" content=\"image\/png\" \/>\n<meta name=\"twitter:card\" content=\"summary_large_image\" \/>\n<meta name=\"twitter:label1\" content=\"\u041f\u0440\u0438\u043c\u0435\u0440\u043d\u043e\u0435 \u0432\u0440\u0435\u043c\u044f \u0434\u043b\u044f \u0447\u0442\u0435\u043d\u0438\u044f\" \/>\n\t<meta name=\"twitter:data1\" content=\"1 \u043c\u0438\u043d\u0443\u0442\u0430\" \/>\n<script type=\"application\/ld+json\" class=\"yoast-schema-graph\">{\"@context\":\"https:\/\/schema.org\",\"@graph\":[{\"@type\":\"WebPage\",\"@id\":\"https:\/\/modernteh.md\/catalog\/pastile-multifunctionale-total-blue-20-g-x-9-buc\/\",\"url\":\"https:\/\/modernteh.md\/catalog\/pastile-multifunctionale-total-blue-20-g-x-9-buc\/\",\"name\":\"Pastile multifunc\u021bionale \u201eTotal Blue\u201d, 20 g x 9 buc - Modernteh\",\"isPartOf\":{\"@id\":\"https:\/\/modernteh.md\/#website\"},\"datePublished\":\"2025-06-18T08:02:41+00:00\",\"dateModified\":\"2025-06-18T08:02:42+00:00\",\"breadcrumb\":{\"@id\":\"https:\/\/modernteh.md\/catalog\/pastile-multifunctionale-total-blue-20-g-x-9-buc\/#breadcrumb\"},\"inLanguage\":\"ru-RU\",\"potentialAction\":[{\"@type\":\"ReadAction\",\"target\":[\"https:\/\/modernteh.md\/catalog\/pastile-multifunctionale-total-blue-20-g-x-9-buc\/\"]}]},{\"@type\":\"BreadcrumbList\",\"@id\":\"https:\/\/modernteh.md\/catalog\/pastile-multifunctionale-total-blue-20-g-x-9-buc\/#breadcrumb\",\"itemListElement\":[{\"@type\":\"ListItem\",\"position\":1,\"name\":\"Prima pagin\u0103\",\"item\":\"https:\/\/modernteh.md\/\"},{\"@type\":\"ListItem\",\"position\":2,\"name\":\"Catalog\",\"item\":\"https:\/\/modernteh.md\/catalog\/\"},{\"@type\":\"ListItem\",\"position\":3,\"name\":\"Pastile multifunc\u021bionale \u201eTotal Blue\u201d, 20 g x 9 buc\"}]},{\"@type\":\"WebSite\",\"@id\":\"https:\/\/modernteh.md\/#website\",\"url\":\"https:\/\/modernteh.md\/\",\"name\":\"Modernteh\",\"description\":\"Modernteh\",\"publisher\":{\"@id\":\"https:\/\/modernteh.md\/#organization\"},\"potentialAction\":[{\"@type\":\"SearchAction\",\"target\":{\"@type\":\"EntryPoint\",\"urlTemplate\":\"https:\/\/modernteh.md\/?s={search_term_string}\"},\"query-input\":\"required name=search_term_string\"}],\"inLanguage\":\"ru-RU\"},{\"@type\":\"Organization\",\"@id\":\"https:\/\/modernteh.md\/#organization\",\"name\":\"Modernteh\",\"url\":\"https:\/\/modernteh.md\/\",\"logo\":{\"@type\":\"ImageObject\",\"inLanguage\":\"ru-RU\",\"@id\":\"https:\/\/modernteh.md\/#\/schema\/logo\/image\/\",\"url\":\"https:\/\/modernteh.md\/wp-content\/uploads\/2022\/06\/Logo_site-2.png\",\"contentUrl\":\"https:\/\/modernteh.md\/wp-content\/uploads\/2022\/06\/Logo_site-2.png\",\"width\":500,\"height\":487,\"caption\":\"Modernteh\"},\"image\":{\"@id\":\"https:\/\/modernteh.md\/#\/schema\/logo\/image\/\"},\"sameAs\":[\"https:\/\/www.facebook.com\/profile.php?id=100082695620019\"]}]}<\/script>\n<!-- \/ Yoast SEO plugin. -->","yoast_head_json":{"title":"Pastile multifunc\u021bionale \u201eTotal Blue\u201d, 20 g x 9 buc - Modernteh","robots":{"index":"index","follow":"follow","max-snippet":"max-snippet:-1","max-image-preview":"max-image-preview:large","max-video-preview":"max-video-preview:-1"},"canonical":"https:\/\/modernteh.md\/ru\/catalog\/pastile-multifunctionale-total-blue-20-g-x-9-buc\/","og_locale":"ru_RU","og_type":"article","og_title":"Pastile multifunc\u021bionale \u201eTotal Blue\u201d, 20 g x 9 buc - Modernteh","og_description":"Pastile multifunc\u021bionale \u201eTotal Blue\u201d, 20 g x 9 buc Tabletele multifunc\u021bionale mici, de doar 20 g, care se dizolv\u0103 lent,","og_url":"https:\/\/modernteh.md\/ru\/catalog\/pastile-multifunctionale-total-blue-20-g-x-9-buc\/","og_site_name":"Modernteh","article_publisher":"https:\/\/www.facebook.com\/profile.php?id=100082695620019","article_modified_time":"2025-06-18T08:02:42+00:00","og_image":[{"width":600,"height":600,"url":"https:\/\/modernteh.md\/wp-content\/uploads\/2025\/06\/2-5-2-1.png","type":"image\/png"}],"twitter_card":"summary_large_image","twitter_misc":{"\u041f\u0440\u0438\u043c\u0435\u0440\u043d\u043e\u0435 \u0432\u0440\u0435\u043c\u044f \u0434\u043b\u044f \u0447\u0442\u0435\u043d\u0438\u044f":"1 \u043c\u0438\u043d\u0443\u0442\u0430"},"schema":{"@context":"https:\/\/schema.org","@graph":[{"@type":"WebPage","@id":"https:\/\/modernteh.md\/catalog\/pastile-multifunctionale-total-blue-20-g-x-9-buc\/","url":"https:\/\/modernteh.md\/catalog\/pastile-multifunctionale-total-blue-20-g-x-9-buc\/","name":"Pastile multifunc\u021bionale \u201eTotal Blue\u201d, 20 g x 9 buc - Modernteh","isPartOf":{"@id":"https:\/\/modernteh.md\/#website"},"datePublished":"2025-06-18T08:02:41+00:00","dateModified":"2025-06-18T08:02:42+00:00","breadcrumb":{"@id":"https:\/\/modernteh.md\/catalog\/pastile-multifunctionale-total-blue-20-g-x-9-buc\/#breadcrumb"},"inLanguage":"ru-RU","potentialAction":[{"@type":"ReadAction","target":["https:\/\/modernteh.md\/catalog\/pastile-multifunctionale-total-blue-20-g-x-9-buc\/"]}]},{"@type":"BreadcrumbList","@id":"https:\/\/modernteh.md\/catalog\/pastile-multifunctionale-total-blue-20-g-x-9-buc\/#breadcrumb","itemListElement":[{"@type":"ListItem","position":1,"name":"Prima pagin\u0103","item":"https:\/\/modernteh.md\/"},{"@type":"ListItem","position":2,"name":"Catalog","item":"https:\/\/modernteh.md\/catalog\/"},{"@type":"ListItem","position":3,"name":"Pastile multifunc\u021bionale \u201eTotal Blue\u201d, 20 g x 9 buc"}]},{"@type":"WebSite","@id":"https:\/\/modernteh.md\/#website","url":"https:\/\/modernteh.md\/","name":"Modernteh","description":"Modernteh","publisher":{"@id":"https:\/\/modernteh.md\/#organization"},"potentialAction":[{"@type":"SearchAction","target":{"@type":"EntryPoint","urlTemplate":"https:\/\/modernteh.md\/?s={search_term_string}"},"query-input":"required name=search_term_string"}],"inLanguage":"ru-RU"},{"@type":"Organization","@id":"https:\/\/modernteh.md\/#organization","name":"Modernteh","url":"https:\/\/modernteh.md\/","logo":{"@type":"ImageObject","inLanguage":"ru-RU","@id":"https:\/\/modernteh.md\/#\/schema\/logo\/image\/","url":"https:\/\/modernteh.md\/wp-content\/uploads\/2022\/06\/Logo_site-2.png","contentUrl":"https:\/\/modernteh.md\/wp-content\/uploads\/2022\/06\/Logo_site-2.png","width":500,"height":487,"caption":"Modernteh"},"image":{"@id":"https:\/\/modernteh.md\/#\/schema\/logo\/image\/"},"sameAs":["https:\/\/www.facebook.com\/profile.php?id=100082695620019"]}]}},"_links":{"self":[{"href":"https:\/\/modernteh.md\/ru\/wp-json\/wp\/v2\/product\/4457","targetHints":{"allow":["GET"]}}],"collection":[{"href":"https:\/\/modernteh.md\/ru\/wp-json\/wp\/v2\/product"}],"about":[{"href":"https:\/\/modernteh.md\/ru\/wp-json\/wp\/v2\/types\/product"}],"wp:featuredmedia":[{"embeddable":true,"href":"https:\/\/modernteh.md\/ru\/wp-json\/wp\/v2\/media\/4458"}],"wp:attachment":[{"href":"https:\/\/modernteh.md\/ru\/wp-json\/wp\/v2\/media?parent=4457"}],"wp:term":[{"taxonomy":"product_cat","embeddable":true,"href":"https:\/\/modernteh.md\/ru\/wp-json\/wp\/v2\/product_cat?post=4457"},{"taxonomy":"product_tag","embeddable":true,"href":"https:\/\/modernteh.md\/ru\/wp-json\/wp\/v2\/product_tag?post=4457"}],"curies":[{"name":"wp","href":"https:\/\/api.w.org\/{rel}","templated":true}]}}