{"id":4464,"date":"2025-06-18T08:17:32","date_gmt":"2025-06-18T08:17:32","guid":{"rendered":"https:\/\/modernteh.md\/?post_type=product&#038;p=4464"},"modified":"2026-03-12T12:18:32","modified_gmt":"2026-03-12T12:18:32","slug":"intex-pompa-de-aer-manuala-double-quick-i-furtun-cu-3-duze-29-cm","status":"publish","type":"product","link":"https:\/\/modernteh.md\/ru\/catalog\/intex-pompa-de-aer-manuala-double-quick-i-furtun-cu-3-duze-29-cm\/","title":{"rendered":"INTEX Pompa de aer manual\u0103 &#8222;Double Quick I&#8221;, furtun cu 3 duze, 29 cm"},"content":{"rendered":"<p>INTEX Pompa de aer manual\u0103 &#8222;Double Quick I&#8221;, furtun cu 3 duze, 29 cm<\/p>\n<p>Pompa manual\u0103 DOUBLE QUICK este un dispozitiv manual pentru umflarea rapid\u0103. Aceasta dispune de un sistem cu dubl\u0103 ac\u021biune, adic\u0103 umfl\u0103 produsul at\u00e2t \u00een mi\u0219carea de deplasare, c\u00e2t \u0219i \u00een mi\u0219carea de \u00eentoarcere a pistonului.<\/p>\n<p>\u00cempreun\u0103 cu pompa, se livreaz\u0103 un furtun flexibil \u0219i 3 duze pentru toate tipurile de produse gonflabile. Pompa este compatibil\u0103 cu toate produsele gonflabile INTEX.<\/p>\n<p>Caracteristici produs: Dimensiune: 29 cm<br \/>\nDimensiuni ambalaj: 11x11x31 cm<br \/>\nVolum ambalaj: 0,004 m\u00b3<br \/>\nGreutate ambalaj: 0,42 kg<\/p>","protected":false},"excerpt":{"rendered":"<p>INTEX Pompa de aer manual\u0103 &#8222;Double Quick I&#8221;, furtun cu 3 duze, 29 cm Pompa manual\u0103 DOUBLE QUICK este un<\/p>","protected":false},"featured_media":4465,"template":"","meta":[],"product_cat":[203],"product_tag":[],"class_list":{"0":"post-4464","1":"product","2":"type-product","3":"status-publish","4":"has-post-thumbnail","6":"product_cat-bazine-si-camping","8":"first","9":"instock","10":"shipping-taxable","11":"purchasable","12":"product-type-simple"},"yoast_head":"<!-- This site is optimized with the Yoast SEO plugin v20.12 - https:\/\/yoast.com\/wordpress\/plugins\/seo\/ -->\n<title>INTEX Pompa de aer manual\u0103 &quot;Double Quick I&quot;, furtun cu 3 duze, 29 cm - Modernteh<\/title>\n<meta name=\"robots\" content=\"index, follow, max-snippet:-1, max-image-preview:large, max-video-preview:-1\" \/>\n<link rel=\"canonical\" href=\"https:\/\/modernteh.md\/ru\/catalog\/intex-pompa-de-aer-manuala-double-quick-i-furtun-cu-3-duze-29-cm\/\" \/>\n<meta property=\"og:locale\" content=\"ru_RU\" \/>\n<meta property=\"og:type\" content=\"article\" \/>\n<meta property=\"og:title\" content=\"INTEX Pompa de aer manual\u0103 &quot;Double Quick I&quot;, furtun cu 3 duze, 29 cm - Modernteh\" \/>\n<meta property=\"og:description\" content=\"INTEX Pompa de aer manual\u0103 &#8222;Double Quick I&#8221;, furtun cu 3 duze, 29 cm Pompa manual\u0103 DOUBLE QUICK este un\" \/>\n<meta property=\"og:url\" content=\"https:\/\/modernteh.md\/ru\/catalog\/intex-pompa-de-aer-manuala-double-quick-i-furtun-cu-3-duze-29-cm\/\" \/>\n<meta property=\"og:site_name\" content=\"Modernteh\" \/>\n<meta property=\"article:publisher\" content=\"https:\/\/www.facebook.com\/profile.php?id=100082695620019\" \/>\n<meta property=\"article:modified_time\" content=\"2026-03-12T12:18:32+00:00\" \/>\n<meta property=\"og:image\" content=\"https:\/\/modernteh.md\/wp-content\/uploads\/2025\/06\/68612-2.jpg\" \/>\n\t<meta property=\"og:image:width\" content=\"600\" \/>\n\t<meta property=\"og:image:height\" content=\"600\" \/>\n\t<meta property=\"og:image:type\" content=\"image\/jpeg\" \/>\n<meta name=\"twitter:card\" content=\"summary_large_image\" \/>\n<meta name=\"twitter:label1\" content=\"\u041f\u0440\u0438\u043c\u0435\u0440\u043d\u043e\u0435 \u0432\u0440\u0435\u043c\u044f \u0434\u043b\u044f \u0447\u0442\u0435\u043d\u0438\u044f\" \/>\n\t<meta name=\"twitter:data1\" content=\"1 \u043c\u0438\u043d\u0443\u0442\u0430\" \/>\n<script type=\"application\/ld+json\" class=\"yoast-schema-graph\">{\"@context\":\"https:\/\/schema.org\",\"@graph\":[{\"@type\":\"WebPage\",\"@id\":\"https:\/\/modernteh.md\/catalog\/intex-pompa-de-aer-manuala-double-quick-i-furtun-cu-3-duze-29-cm\/\",\"url\":\"https:\/\/modernteh.md\/catalog\/intex-pompa-de-aer-manuala-double-quick-i-furtun-cu-3-duze-29-cm\/\",\"name\":\"INTEX Pompa de aer manual\u0103 \\\"Double Quick I\\\", furtun cu 3 duze, 29 cm - Modernteh\",\"isPartOf\":{\"@id\":\"https:\/\/modernteh.md\/#website\"},\"datePublished\":\"2025-06-18T08:17:32+00:00\",\"dateModified\":\"2026-03-12T12:18:32+00:00\",\"breadcrumb\":{\"@id\":\"https:\/\/modernteh.md\/catalog\/intex-pompa-de-aer-manuala-double-quick-i-furtun-cu-3-duze-29-cm\/#breadcrumb\"},\"inLanguage\":\"ru-RU\",\"potentialAction\":[{\"@type\":\"ReadAction\",\"target\":[\"https:\/\/modernteh.md\/catalog\/intex-pompa-de-aer-manuala-double-quick-i-furtun-cu-3-duze-29-cm\/\"]}]},{\"@type\":\"BreadcrumbList\",\"@id\":\"https:\/\/modernteh.md\/catalog\/intex-pompa-de-aer-manuala-double-quick-i-furtun-cu-3-duze-29-cm\/#breadcrumb\",\"itemListElement\":[{\"@type\":\"ListItem\",\"position\":1,\"name\":\"Prima pagin\u0103\",\"item\":\"https:\/\/modernteh.md\/\"},{\"@type\":\"ListItem\",\"position\":2,\"name\":\"Catalog\",\"item\":\"https:\/\/modernteh.md\/catalog\/\"},{\"@type\":\"ListItem\",\"position\":3,\"name\":\"INTEX Pompa de aer manual\u0103 &#8222;Double Quick I&#8221;, furtun cu 3 duze, 29 cm\"}]},{\"@type\":\"WebSite\",\"@id\":\"https:\/\/modernteh.md\/#website\",\"url\":\"https:\/\/modernteh.md\/\",\"name\":\"Modernteh\",\"description\":\"Modernteh\",\"publisher\":{\"@id\":\"https:\/\/modernteh.md\/#organization\"},\"potentialAction\":[{\"@type\":\"SearchAction\",\"target\":{\"@type\":\"EntryPoint\",\"urlTemplate\":\"https:\/\/modernteh.md\/?s={search_term_string}\"},\"query-input\":\"required name=search_term_string\"}],\"inLanguage\":\"ru-RU\"},{\"@type\":\"Organization\",\"@id\":\"https:\/\/modernteh.md\/#organization\",\"name\":\"Modernteh\",\"url\":\"https:\/\/modernteh.md\/\",\"logo\":{\"@type\":\"ImageObject\",\"inLanguage\":\"ru-RU\",\"@id\":\"https:\/\/modernteh.md\/#\/schema\/logo\/image\/\",\"url\":\"https:\/\/modernteh.md\/wp-content\/uploads\/2022\/06\/Logo_site-2.png\",\"contentUrl\":\"https:\/\/modernteh.md\/wp-content\/uploads\/2022\/06\/Logo_site-2.png\",\"width\":500,\"height\":487,\"caption\":\"Modernteh\"},\"image\":{\"@id\":\"https:\/\/modernteh.md\/#\/schema\/logo\/image\/\"},\"sameAs\":[\"https:\/\/www.facebook.com\/profile.php?id=100082695620019\"]}]}<\/script>\n<!-- \/ Yoast SEO plugin. -->","yoast_head_json":{"title":"INTEX Pompa de aer manual\u0103 \"Double Quick I\", furtun cu 3 duze, 29 cm - Modernteh","robots":{"index":"index","follow":"follow","max-snippet":"max-snippet:-1","max-image-preview":"max-image-preview:large","max-video-preview":"max-video-preview:-1"},"canonical":"https:\/\/modernteh.md\/ru\/catalog\/intex-pompa-de-aer-manuala-double-quick-i-furtun-cu-3-duze-29-cm\/","og_locale":"ru_RU","og_type":"article","og_title":"INTEX Pompa de aer manual\u0103 \"Double Quick I\", furtun cu 3 duze, 29 cm - Modernteh","og_description":"INTEX Pompa de aer manual\u0103 &#8222;Double Quick I&#8221;, furtun cu 3 duze, 29 cm Pompa manual\u0103 DOUBLE QUICK este un","og_url":"https:\/\/modernteh.md\/ru\/catalog\/intex-pompa-de-aer-manuala-double-quick-i-furtun-cu-3-duze-29-cm\/","og_site_name":"Modernteh","article_publisher":"https:\/\/www.facebook.com\/profile.php?id=100082695620019","article_modified_time":"2026-03-12T12:18:32+00:00","og_image":[{"width":600,"height":600,"url":"https:\/\/modernteh.md\/wp-content\/uploads\/2025\/06\/68612-2.jpg","type":"image\/jpeg"}],"twitter_card":"summary_large_image","twitter_misc":{"\u041f\u0440\u0438\u043c\u0435\u0440\u043d\u043e\u0435 \u0432\u0440\u0435\u043c\u044f \u0434\u043b\u044f \u0447\u0442\u0435\u043d\u0438\u044f":"1 \u043c\u0438\u043d\u0443\u0442\u0430"},"schema":{"@context":"https:\/\/schema.org","@graph":[{"@type":"WebPage","@id":"https:\/\/modernteh.md\/catalog\/intex-pompa-de-aer-manuala-double-quick-i-furtun-cu-3-duze-29-cm\/","url":"https:\/\/modernteh.md\/catalog\/intex-pompa-de-aer-manuala-double-quick-i-furtun-cu-3-duze-29-cm\/","name":"INTEX Pompa de aer manual\u0103 \"Double Quick I\", furtun cu 3 duze, 29 cm - Modernteh","isPartOf":{"@id":"https:\/\/modernteh.md\/#website"},"datePublished":"2025-06-18T08:17:32+00:00","dateModified":"2026-03-12T12:18:32+00:00","breadcrumb":{"@id":"https:\/\/modernteh.md\/catalog\/intex-pompa-de-aer-manuala-double-quick-i-furtun-cu-3-duze-29-cm\/#breadcrumb"},"inLanguage":"ru-RU","potentialAction":[{"@type":"ReadAction","target":["https:\/\/modernteh.md\/catalog\/intex-pompa-de-aer-manuala-double-quick-i-furtun-cu-3-duze-29-cm\/"]}]},{"@type":"BreadcrumbList","@id":"https:\/\/modernteh.md\/catalog\/intex-pompa-de-aer-manuala-double-quick-i-furtun-cu-3-duze-29-cm\/#breadcrumb","itemListElement":[{"@type":"ListItem","position":1,"name":"Prima pagin\u0103","item":"https:\/\/modernteh.md\/"},{"@type":"ListItem","position":2,"name":"Catalog","item":"https:\/\/modernteh.md\/catalog\/"},{"@type":"ListItem","position":3,"name":"INTEX Pompa de aer manual\u0103 &#8222;Double Quick I&#8221;, furtun cu 3 duze, 29 cm"}]},{"@type":"WebSite","@id":"https:\/\/modernteh.md\/#website","url":"https:\/\/modernteh.md\/","name":"Modernteh","description":"Modernteh","publisher":{"@id":"https:\/\/modernteh.md\/#organization"},"potentialAction":[{"@type":"SearchAction","target":{"@type":"EntryPoint","urlTemplate":"https:\/\/modernteh.md\/?s={search_term_string}"},"query-input":"required name=search_term_string"}],"inLanguage":"ru-RU"},{"@type":"Organization","@id":"https:\/\/modernteh.md\/#organization","name":"Modernteh","url":"https:\/\/modernteh.md\/","logo":{"@type":"ImageObject","inLanguage":"ru-RU","@id":"https:\/\/modernteh.md\/#\/schema\/logo\/image\/","url":"https:\/\/modernteh.md\/wp-content\/uploads\/2022\/06\/Logo_site-2.png","contentUrl":"https:\/\/modernteh.md\/wp-content\/uploads\/2022\/06\/Logo_site-2.png","width":500,"height":487,"caption":"Modernteh"},"image":{"@id":"https:\/\/modernteh.md\/#\/schema\/logo\/image\/"},"sameAs":["https:\/\/www.facebook.com\/profile.php?id=100082695620019"]}]}},"_links":{"self":[{"href":"https:\/\/modernteh.md\/ru\/wp-json\/wp\/v2\/product\/4464","targetHints":{"allow":["GET"]}}],"collection":[{"href":"https:\/\/modernteh.md\/ru\/wp-json\/wp\/v2\/product"}],"about":[{"href":"https:\/\/modernteh.md\/ru\/wp-json\/wp\/v2\/types\/product"}],"wp:featuredmedia":[{"embeddable":true,"href":"https:\/\/modernteh.md\/ru\/wp-json\/wp\/v2\/media\/4465"}],"wp:attachment":[{"href":"https:\/\/modernteh.md\/ru\/wp-json\/wp\/v2\/media?parent=4464"}],"wp:term":[{"taxonomy":"product_cat","embeddable":true,"href":"https:\/\/modernteh.md\/ru\/wp-json\/wp\/v2\/product_cat?post=4464"},{"taxonomy":"product_tag","embeddable":true,"href":"https:\/\/modernteh.md\/ru\/wp-json\/wp\/v2\/product_tag?post=4464"}],"curies":[{"name":"wp","href":"https:\/\/api.w.org\/{rel}","templated":true}]}}