{"id":4467,"date":"2025-06-18T08:24:25","date_gmt":"2025-06-18T08:24:25","guid":{"rendered":"https:\/\/modernteh.md\/?post_type=product&#038;p=4467"},"modified":"2026-03-12T12:18:02","modified_gmt":"2026-03-12T12:18:02","slug":"intex-pompa-de-aer-electrica-mini-quickfill-usb-5v-3-duze","status":"publish","type":"product","link":"https:\/\/modernteh.md\/ru\/catalog\/intex-pompa-de-aer-electrica-mini-quickfill-usb-5v-3-duze\/","title":{"rendered":"INTEX Pomp\u0103 de aer electric\u0103 &#8222;Mini QuickFill&#8221; USB 5V , 3 duze"},"content":{"rendered":"<p>INTEX Pomp\u0103 de aer electric\u0103 &#8222;Mini QuickFill&#8221; USB 5V , 3 duze<\/p>\n<p>Cu ajutorul pompei electrice Intex Quick Fill, care func\u021bioneaz\u0103 prin USB, pute\u021bi umfla rapid orice produs, de la o minge p\u00e2n\u0103 la o barc\u0103, f\u0103r\u0103 a depune efort. Pur \u0219i simplu conecta\u021bi duza pompei la orificiu, iar \u00een doar c\u00e2teva minute (\u00een func\u021bie de volumul necesar de aer), produsul va fi gata de utilizare!<\/p>\n<h4>Caracteristici:<\/h4>\n<ul>\n<li>Func\u021bioneaz\u0103 prin USB 5V cu un curent de 2A sau mai mare (\u00eenc\u0103rc\u0103toare pentru smartphone, \u00eenc\u0103rc\u0103toare auto USB sau baterii portabile).<\/li>\n<li>Debit de aer: 150 l\/min.<\/li>\n<li>Potrivit pentru toate produsele Intex.<\/li>\n<li>Permite at\u00e2t umflarea, c\u00e2t \u0219i dezumflarea produselor.<\/li>\n<\/ul>\n<p><strong>Aten\u021bie!<\/strong>\u00a0Pompa electric\u0103 Quick Fill USB este destinat\u0103 umfl\u0103rii rapide a piscinei sau saltelei dvs. aproximativ p\u00e2n\u0103 la 80% din volumul maxim, pentru a evita suprapresiunea \u0219i deteriorarea. Dac\u0103 este necesar, pute\u021bi finaliza umflarea cu o pomp\u0103 manual\u0103 sau cu piciorul. Fi\u021bi aten\u021bi! Evita\u021bi supraumflarea produselor gonflabile pe vreme cald\u0103 \u2013 la temperaturi ridicate, aerul din interior se poate dilata \u0219i produsul poate exploda.<\/p>\n<h4>Con\u021binutul setului:<\/h4>\n<ul>\n<li>Pomp\u0103<\/li>\n<li>Duze \u2013 3 buc.<\/li>\n<\/ul>","protected":false},"excerpt":{"rendered":"<p>INTEX Pomp\u0103 de aer electric\u0103 &#8222;Mini QuickFill&#8221; USB 5V , 3 duze Cu ajutorul pompei electrice Intex Quick Fill, care<\/p>","protected":false},"featured_media":4469,"template":"","meta":[],"product_cat":[203],"product_tag":[],"class_list":{"0":"post-4467","1":"product","2":"type-product","3":"status-publish","4":"has-post-thumbnail","6":"product_cat-bazine-si-camping","8":"first","9":"instock","10":"shipping-taxable","11":"purchasable","12":"product-type-simple"},"yoast_head":"<!-- This site is optimized with the Yoast SEO plugin v20.12 - https:\/\/yoast.com\/wordpress\/plugins\/seo\/ -->\n<title>INTEX Pomp\u0103 de aer electric\u0103 &quot;Mini QuickFill&quot; USB 5V , 3 duze - Modernteh<\/title>\n<meta name=\"robots\" content=\"index, follow, max-snippet:-1, max-image-preview:large, max-video-preview:-1\" \/>\n<link rel=\"canonical\" href=\"https:\/\/modernteh.md\/ru\/catalog\/intex-pompa-de-aer-electrica-mini-quickfill-usb-5v-3-duze\/\" \/>\n<meta property=\"og:locale\" content=\"ru_RU\" \/>\n<meta property=\"og:type\" content=\"article\" \/>\n<meta property=\"og:title\" content=\"INTEX Pomp\u0103 de aer electric\u0103 &quot;Mini QuickFill&quot; USB 5V , 3 duze - Modernteh\" \/>\n<meta property=\"og:description\" content=\"INTEX Pomp\u0103 de aer electric\u0103 &#8222;Mini QuickFill&#8221; USB 5V , 3 duze Cu ajutorul pompei electrice Intex Quick Fill, care\" \/>\n<meta property=\"og:url\" content=\"https:\/\/modernteh.md\/ru\/catalog\/intex-pompa-de-aer-electrica-mini-quickfill-usb-5v-3-duze\/\" \/>\n<meta property=\"og:site_name\" content=\"Modernteh\" \/>\n<meta property=\"article:publisher\" content=\"https:\/\/www.facebook.com\/profile.php?id=100082695620019\" \/>\n<meta property=\"article:modified_time\" content=\"2026-03-12T12:18:02+00:00\" \/>\n<meta property=\"og:image\" content=\"https:\/\/modernteh.md\/wp-content\/uploads\/2025\/06\/66636-5.jpg\" \/>\n\t<meta property=\"og:image:width\" content=\"600\" \/>\n\t<meta property=\"og:image:height\" content=\"600\" \/>\n\t<meta property=\"og:image:type\" content=\"image\/jpeg\" \/>\n<meta name=\"twitter:card\" content=\"summary_large_image\" \/>\n<meta name=\"twitter:label1\" content=\"\u041f\u0440\u0438\u043c\u0435\u0440\u043d\u043e\u0435 \u0432\u0440\u0435\u043c\u044f \u0434\u043b\u044f \u0447\u0442\u0435\u043d\u0438\u044f\" \/>\n\t<meta name=\"twitter:data1\" content=\"1 \u043c\u0438\u043d\u0443\u0442\u0430\" \/>\n<script type=\"application\/ld+json\" class=\"yoast-schema-graph\">{\"@context\":\"https:\/\/schema.org\",\"@graph\":[{\"@type\":\"WebPage\",\"@id\":\"https:\/\/modernteh.md\/catalog\/intex-pompa-de-aer-electrica-mini-quickfill-usb-5v-3-duze\/\",\"url\":\"https:\/\/modernteh.md\/catalog\/intex-pompa-de-aer-electrica-mini-quickfill-usb-5v-3-duze\/\",\"name\":\"INTEX Pomp\u0103 de aer electric\u0103 \\\"Mini QuickFill\\\" USB 5V , 3 duze - Modernteh\",\"isPartOf\":{\"@id\":\"https:\/\/modernteh.md\/#website\"},\"datePublished\":\"2025-06-18T08:24:25+00:00\",\"dateModified\":\"2026-03-12T12:18:02+00:00\",\"breadcrumb\":{\"@id\":\"https:\/\/modernteh.md\/catalog\/intex-pompa-de-aer-electrica-mini-quickfill-usb-5v-3-duze\/#breadcrumb\"},\"inLanguage\":\"ru-RU\",\"potentialAction\":[{\"@type\":\"ReadAction\",\"target\":[\"https:\/\/modernteh.md\/catalog\/intex-pompa-de-aer-electrica-mini-quickfill-usb-5v-3-duze\/\"]}]},{\"@type\":\"BreadcrumbList\",\"@id\":\"https:\/\/modernteh.md\/catalog\/intex-pompa-de-aer-electrica-mini-quickfill-usb-5v-3-duze\/#breadcrumb\",\"itemListElement\":[{\"@type\":\"ListItem\",\"position\":1,\"name\":\"Prima pagin\u0103\",\"item\":\"https:\/\/modernteh.md\/\"},{\"@type\":\"ListItem\",\"position\":2,\"name\":\"Catalog\",\"item\":\"https:\/\/modernteh.md\/catalog\/\"},{\"@type\":\"ListItem\",\"position\":3,\"name\":\"INTEX Pomp\u0103 de aer electric\u0103 &#8222;Mini QuickFill&#8221; USB 5V , 3 duze\"}]},{\"@type\":\"WebSite\",\"@id\":\"https:\/\/modernteh.md\/#website\",\"url\":\"https:\/\/modernteh.md\/\",\"name\":\"Modernteh\",\"description\":\"Modernteh\",\"publisher\":{\"@id\":\"https:\/\/modernteh.md\/#organization\"},\"potentialAction\":[{\"@type\":\"SearchAction\",\"target\":{\"@type\":\"EntryPoint\",\"urlTemplate\":\"https:\/\/modernteh.md\/?s={search_term_string}\"},\"query-input\":\"required name=search_term_string\"}],\"inLanguage\":\"ru-RU\"},{\"@type\":\"Organization\",\"@id\":\"https:\/\/modernteh.md\/#organization\",\"name\":\"Modernteh\",\"url\":\"https:\/\/modernteh.md\/\",\"logo\":{\"@type\":\"ImageObject\",\"inLanguage\":\"ru-RU\",\"@id\":\"https:\/\/modernteh.md\/#\/schema\/logo\/image\/\",\"url\":\"https:\/\/modernteh.md\/wp-content\/uploads\/2022\/06\/Logo_site-2.png\",\"contentUrl\":\"https:\/\/modernteh.md\/wp-content\/uploads\/2022\/06\/Logo_site-2.png\",\"width\":500,\"height\":487,\"caption\":\"Modernteh\"},\"image\":{\"@id\":\"https:\/\/modernteh.md\/#\/schema\/logo\/image\/\"},\"sameAs\":[\"https:\/\/www.facebook.com\/profile.php?id=100082695620019\"]}]}<\/script>\n<!-- \/ Yoast SEO plugin. -->","yoast_head_json":{"title":"INTEX Pomp\u0103 de aer electric\u0103 \"Mini QuickFill\" USB 5V , 3 duze - Modernteh","robots":{"index":"index","follow":"follow","max-snippet":"max-snippet:-1","max-image-preview":"max-image-preview:large","max-video-preview":"max-video-preview:-1"},"canonical":"https:\/\/modernteh.md\/ru\/catalog\/intex-pompa-de-aer-electrica-mini-quickfill-usb-5v-3-duze\/","og_locale":"ru_RU","og_type":"article","og_title":"INTEX Pomp\u0103 de aer electric\u0103 \"Mini QuickFill\" USB 5V , 3 duze - Modernteh","og_description":"INTEX Pomp\u0103 de aer electric\u0103 &#8222;Mini QuickFill&#8221; USB 5V , 3 duze Cu ajutorul pompei electrice Intex Quick Fill, care","og_url":"https:\/\/modernteh.md\/ru\/catalog\/intex-pompa-de-aer-electrica-mini-quickfill-usb-5v-3-duze\/","og_site_name":"Modernteh","article_publisher":"https:\/\/www.facebook.com\/profile.php?id=100082695620019","article_modified_time":"2026-03-12T12:18:02+00:00","og_image":[{"width":600,"height":600,"url":"https:\/\/modernteh.md\/wp-content\/uploads\/2025\/06\/66636-5.jpg","type":"image\/jpeg"}],"twitter_card":"summary_large_image","twitter_misc":{"\u041f\u0440\u0438\u043c\u0435\u0440\u043d\u043e\u0435 \u0432\u0440\u0435\u043c\u044f \u0434\u043b\u044f \u0447\u0442\u0435\u043d\u0438\u044f":"1 \u043c\u0438\u043d\u0443\u0442\u0430"},"schema":{"@context":"https:\/\/schema.org","@graph":[{"@type":"WebPage","@id":"https:\/\/modernteh.md\/catalog\/intex-pompa-de-aer-electrica-mini-quickfill-usb-5v-3-duze\/","url":"https:\/\/modernteh.md\/catalog\/intex-pompa-de-aer-electrica-mini-quickfill-usb-5v-3-duze\/","name":"INTEX Pomp\u0103 de aer electric\u0103 \"Mini QuickFill\" USB 5V , 3 duze - Modernteh","isPartOf":{"@id":"https:\/\/modernteh.md\/#website"},"datePublished":"2025-06-18T08:24:25+00:00","dateModified":"2026-03-12T12:18:02+00:00","breadcrumb":{"@id":"https:\/\/modernteh.md\/catalog\/intex-pompa-de-aer-electrica-mini-quickfill-usb-5v-3-duze\/#breadcrumb"},"inLanguage":"ru-RU","potentialAction":[{"@type":"ReadAction","target":["https:\/\/modernteh.md\/catalog\/intex-pompa-de-aer-electrica-mini-quickfill-usb-5v-3-duze\/"]}]},{"@type":"BreadcrumbList","@id":"https:\/\/modernteh.md\/catalog\/intex-pompa-de-aer-electrica-mini-quickfill-usb-5v-3-duze\/#breadcrumb","itemListElement":[{"@type":"ListItem","position":1,"name":"Prima pagin\u0103","item":"https:\/\/modernteh.md\/"},{"@type":"ListItem","position":2,"name":"Catalog","item":"https:\/\/modernteh.md\/catalog\/"},{"@type":"ListItem","position":3,"name":"INTEX Pomp\u0103 de aer electric\u0103 &#8222;Mini QuickFill&#8221; USB 5V , 3 duze"}]},{"@type":"WebSite","@id":"https:\/\/modernteh.md\/#website","url":"https:\/\/modernteh.md\/","name":"Modernteh","description":"Modernteh","publisher":{"@id":"https:\/\/modernteh.md\/#organization"},"potentialAction":[{"@type":"SearchAction","target":{"@type":"EntryPoint","urlTemplate":"https:\/\/modernteh.md\/?s={search_term_string}"},"query-input":"required name=search_term_string"}],"inLanguage":"ru-RU"},{"@type":"Organization","@id":"https:\/\/modernteh.md\/#organization","name":"Modernteh","url":"https:\/\/modernteh.md\/","logo":{"@type":"ImageObject","inLanguage":"ru-RU","@id":"https:\/\/modernteh.md\/#\/schema\/logo\/image\/","url":"https:\/\/modernteh.md\/wp-content\/uploads\/2022\/06\/Logo_site-2.png","contentUrl":"https:\/\/modernteh.md\/wp-content\/uploads\/2022\/06\/Logo_site-2.png","width":500,"height":487,"caption":"Modernteh"},"image":{"@id":"https:\/\/modernteh.md\/#\/schema\/logo\/image\/"},"sameAs":["https:\/\/www.facebook.com\/profile.php?id=100082695620019"]}]}},"_links":{"self":[{"href":"https:\/\/modernteh.md\/ru\/wp-json\/wp\/v2\/product\/4467","targetHints":{"allow":["GET"]}}],"collection":[{"href":"https:\/\/modernteh.md\/ru\/wp-json\/wp\/v2\/product"}],"about":[{"href":"https:\/\/modernteh.md\/ru\/wp-json\/wp\/v2\/types\/product"}],"wp:featuredmedia":[{"embeddable":true,"href":"https:\/\/modernteh.md\/ru\/wp-json\/wp\/v2\/media\/4469"}],"wp:attachment":[{"href":"https:\/\/modernteh.md\/ru\/wp-json\/wp\/v2\/media?parent=4467"}],"wp:term":[{"taxonomy":"product_cat","embeddable":true,"href":"https:\/\/modernteh.md\/ru\/wp-json\/wp\/v2\/product_cat?post=4467"},{"taxonomy":"product_tag","embeddable":true,"href":"https:\/\/modernteh.md\/ru\/wp-json\/wp\/v2\/product_tag?post=4467"}],"curies":[{"name":"wp","href":"https:\/\/api.w.org\/{rel}","templated":true}]}}