{"id":4471,"date":"2025-06-18T08:54:13","date_gmt":"2025-06-18T08:54:13","guid":{"rendered":"https:\/\/modernteh.md\/?post_type=product&#038;p=4471"},"modified":"2025-06-18T08:54:14","modified_gmt":"2025-06-18T08:54:14","slug":"intex-piscina-gonflabila-pentru-copii-apus-de-soare-168x46-cm-780-l-3","status":"publish","type":"product","link":"https:\/\/modernteh.md\/ru\/catalog\/intex-piscina-gonflabila-pentru-copii-apus-de-soare-168x46-cm-780-l-3\/","title":{"rendered":"INTEX Piscin\u0103 gonflabil\u0103 pentru copii \u201cApus de soare\u201d 168\u00d746 cm 780 L 3+"},"content":{"rendered":"<h1 class=\"product_title entry-title wd-entities-title\">INTEX Piscin\u0103 gonflabil\u0103 pentru copii \u201cApus de soare\u201d 168\u00d746 cm, 780 L, 3+<\/h1>\n<p>Piscina gonflabil\u0103 pentru copii 168\u00d746 cm \u201eCurcubeu\u201d 780 l (Intex 56441) este realizat\u0103 din material de \u00eenalt\u0103 rezisten\u021b\u0103. Nu necesit\u0103 preg\u0103tirea special\u0103 a terenului, ceea ce o face u\u0219or de instalat oriunde pe terenul de vacan\u021b\u0103, iar datorit\u0103 dimensiunilor sale compacte, este perfect\u0103 pentru a fi luat\u0103 \u00een vacan\u021b\u0103. Bordurile gonflabile asigur\u0103 protec\u021bie \u00eempotriva accident\u0103rilor \u0219i loviturilor.<\/p>\n<p>Caracteristici:<\/p>\n<ul>\n<li>Dimensiuni: \u00een\u0103l\u021bime 46 cm, diametru 168 cm<\/li>\n<li>Capacitate ap\u0103 (la 37 cm \u00een\u0103l\u021bime): 780 l<\/li>\n<li>Timp de asamblare: 10 minute<\/li>\n<li>Greutate: 2,6 kg<\/li>\n<\/ul>","protected":false},"excerpt":{"rendered":"<p>INTEX Piscin\u0103 gonflabil\u0103 pentru copii \u201cApus de soare\u201d 168\u00d746 cm, 780 L, 3+ Piscina gonflabil\u0103 pentru copii 168\u00d746 cm \u201eCurcubeu\u201d<\/p>","protected":false},"featured_media":4472,"template":"","meta":[],"product_cat":[203],"product_tag":[],"class_list":{"0":"post-4471","1":"product","2":"type-product","3":"status-publish","4":"has-post-thumbnail","6":"product_cat-bazine-si-camping","8":"first","9":"instock","10":"shipping-taxable","11":"purchasable","12":"product-type-simple"},"yoast_head":"<!-- This site is optimized with the Yoast SEO plugin v20.12 - https:\/\/yoast.com\/wordpress\/plugins\/seo\/ -->\n<title>INTEX Piscin\u0103 gonflabil\u0103 pentru copii \u201cApus de soare\u201d 168\u00d746 cm 780 L 3+ - Modernteh<\/title>\n<meta name=\"description\" content=\"INTEX Piscin\u0103 gonflabil\u0103 pentru copii \u201cApus de soare\u201d 168\u00d746 cm, 780 L, 3+\" \/>\n<meta name=\"robots\" content=\"index, follow, max-snippet:-1, max-image-preview:large, max-video-preview:-1\" \/>\n<link rel=\"canonical\" href=\"https:\/\/modernteh.md\/ru\/catalog\/intex-piscina-gonflabila-pentru-copii-apus-de-soare-168x46-cm-780-l-3\/\" \/>\n<meta property=\"og:locale\" content=\"ru_RU\" \/>\n<meta property=\"og:type\" content=\"article\" \/>\n<meta property=\"og:title\" content=\"INTEX Piscin\u0103 gonflabil\u0103 pentru copii \u201cApus de soare\u201d 168\u00d746 cm 780 L 3+ - Modernteh\" \/>\n<meta property=\"og:description\" content=\"INTEX Piscin\u0103 gonflabil\u0103 pentru copii \u201cApus de soare\u201d 168\u00d746 cm, 780 L, 3+\" \/>\n<meta property=\"og:url\" content=\"https:\/\/modernteh.md\/ru\/catalog\/intex-piscina-gonflabila-pentru-copii-apus-de-soare-168x46-cm-780-l-3\/\" \/>\n<meta property=\"og:site_name\" content=\"Modernteh\" \/>\n<meta property=\"article:publisher\" content=\"https:\/\/www.facebook.com\/profile.php?id=100082695620019\" \/>\n<meta property=\"article:modified_time\" content=\"2025-06-18T08:54:14+00:00\" \/>\n<meta property=\"og:image\" content=\"https:\/\/modernteh.md\/wp-content\/uploads\/2025\/06\/e0330-11.png\" \/>\n\t<meta property=\"og:image:width\" content=\"600\" \/>\n\t<meta property=\"og:image:height\" content=\"600\" \/>\n\t<meta property=\"og:image:type\" content=\"image\/png\" \/>\n<meta name=\"twitter:card\" content=\"summary_large_image\" \/>\n<meta name=\"twitter:label1\" content=\"\u041f\u0440\u0438\u043c\u0435\u0440\u043d\u043e\u0435 \u0432\u0440\u0435\u043c\u044f \u0434\u043b\u044f \u0447\u0442\u0435\u043d\u0438\u044f\" \/>\n\t<meta name=\"twitter:data1\" content=\"1 \u043c\u0438\u043d\u0443\u0442\u0430\" \/>\n<script type=\"application\/ld+json\" class=\"yoast-schema-graph\">{\"@context\":\"https:\/\/schema.org\",\"@graph\":[{\"@type\":\"WebPage\",\"@id\":\"https:\/\/modernteh.md\/catalog\/intex-piscina-gonflabila-pentru-copii-apus-de-soare-168x46-cm-780-l-3\/\",\"url\":\"https:\/\/modernteh.md\/catalog\/intex-piscina-gonflabila-pentru-copii-apus-de-soare-168x46-cm-780-l-3\/\",\"name\":\"INTEX Piscin\u0103 gonflabil\u0103 pentru copii \u201cApus de soare\u201d 168\u00d746 cm 780 L 3+ - Modernteh\",\"isPartOf\":{\"@id\":\"https:\/\/modernteh.md\/#website\"},\"datePublished\":\"2025-06-18T08:54:13+00:00\",\"dateModified\":\"2025-06-18T08:54:14+00:00\",\"description\":\"INTEX Piscin\u0103 gonflabil\u0103 pentru copii \u201cApus de soare\u201d 168\u00d746 cm, 780 L, 3+\",\"breadcrumb\":{\"@id\":\"https:\/\/modernteh.md\/catalog\/intex-piscina-gonflabila-pentru-copii-apus-de-soare-168x46-cm-780-l-3\/#breadcrumb\"},\"inLanguage\":\"ru-RU\",\"potentialAction\":[{\"@type\":\"ReadAction\",\"target\":[\"https:\/\/modernteh.md\/catalog\/intex-piscina-gonflabila-pentru-copii-apus-de-soare-168x46-cm-780-l-3\/\"]}]},{\"@type\":\"BreadcrumbList\",\"@id\":\"https:\/\/modernteh.md\/catalog\/intex-piscina-gonflabila-pentru-copii-apus-de-soare-168x46-cm-780-l-3\/#breadcrumb\",\"itemListElement\":[{\"@type\":\"ListItem\",\"position\":1,\"name\":\"Prima pagin\u0103\",\"item\":\"https:\/\/modernteh.md\/\"},{\"@type\":\"ListItem\",\"position\":2,\"name\":\"Catalog\",\"item\":\"https:\/\/modernteh.md\/catalog\/\"},{\"@type\":\"ListItem\",\"position\":3,\"name\":\"INTEX Piscin\u0103 gonflabil\u0103 pentru copii \u201cApus de soare\u201d 168\u00d746 cm 780 L 3+\"}]},{\"@type\":\"WebSite\",\"@id\":\"https:\/\/modernteh.md\/#website\",\"url\":\"https:\/\/modernteh.md\/\",\"name\":\"Modernteh\",\"description\":\"Modernteh\",\"publisher\":{\"@id\":\"https:\/\/modernteh.md\/#organization\"},\"potentialAction\":[{\"@type\":\"SearchAction\",\"target\":{\"@type\":\"EntryPoint\",\"urlTemplate\":\"https:\/\/modernteh.md\/?s={search_term_string}\"},\"query-input\":\"required name=search_term_string\"}],\"inLanguage\":\"ru-RU\"},{\"@type\":\"Organization\",\"@id\":\"https:\/\/modernteh.md\/#organization\",\"name\":\"Modernteh\",\"url\":\"https:\/\/modernteh.md\/\",\"logo\":{\"@type\":\"ImageObject\",\"inLanguage\":\"ru-RU\",\"@id\":\"https:\/\/modernteh.md\/#\/schema\/logo\/image\/\",\"url\":\"https:\/\/modernteh.md\/wp-content\/uploads\/2022\/06\/Logo_site-2.png\",\"contentUrl\":\"https:\/\/modernteh.md\/wp-content\/uploads\/2022\/06\/Logo_site-2.png\",\"width\":500,\"height\":487,\"caption\":\"Modernteh\"},\"image\":{\"@id\":\"https:\/\/modernteh.md\/#\/schema\/logo\/image\/\"},\"sameAs\":[\"https:\/\/www.facebook.com\/profile.php?id=100082695620019\"]}]}<\/script>\n<!-- \/ Yoast SEO plugin. -->","yoast_head_json":{"title":"INTEX Piscin\u0103 gonflabil\u0103 pentru copii \u201cApus de soare\u201d 168\u00d746 cm 780 L 3+ - Modernteh","description":"INTEX Piscin\u0103 gonflabil\u0103 pentru copii \u201cApus de soare\u201d 168\u00d746 cm, 780 L, 3+","robots":{"index":"index","follow":"follow","max-snippet":"max-snippet:-1","max-image-preview":"max-image-preview:large","max-video-preview":"max-video-preview:-1"},"canonical":"https:\/\/modernteh.md\/ru\/catalog\/intex-piscina-gonflabila-pentru-copii-apus-de-soare-168x46-cm-780-l-3\/","og_locale":"ru_RU","og_type":"article","og_title":"INTEX Piscin\u0103 gonflabil\u0103 pentru copii \u201cApus de soare\u201d 168\u00d746 cm 780 L 3+ - Modernteh","og_description":"INTEX Piscin\u0103 gonflabil\u0103 pentru copii \u201cApus de soare\u201d 168\u00d746 cm, 780 L, 3+","og_url":"https:\/\/modernteh.md\/ru\/catalog\/intex-piscina-gonflabila-pentru-copii-apus-de-soare-168x46-cm-780-l-3\/","og_site_name":"Modernteh","article_publisher":"https:\/\/www.facebook.com\/profile.php?id=100082695620019","article_modified_time":"2025-06-18T08:54:14+00:00","og_image":[{"width":600,"height":600,"url":"https:\/\/modernteh.md\/wp-content\/uploads\/2025\/06\/e0330-11.png","type":"image\/png"}],"twitter_card":"summary_large_image","twitter_misc":{"\u041f\u0440\u0438\u043c\u0435\u0440\u043d\u043e\u0435 \u0432\u0440\u0435\u043c\u044f \u0434\u043b\u044f \u0447\u0442\u0435\u043d\u0438\u044f":"1 \u043c\u0438\u043d\u0443\u0442\u0430"},"schema":{"@context":"https:\/\/schema.org","@graph":[{"@type":"WebPage","@id":"https:\/\/modernteh.md\/catalog\/intex-piscina-gonflabila-pentru-copii-apus-de-soare-168x46-cm-780-l-3\/","url":"https:\/\/modernteh.md\/catalog\/intex-piscina-gonflabila-pentru-copii-apus-de-soare-168x46-cm-780-l-3\/","name":"INTEX Piscin\u0103 gonflabil\u0103 pentru copii \u201cApus de soare\u201d 168\u00d746 cm 780 L 3+ - Modernteh","isPartOf":{"@id":"https:\/\/modernteh.md\/#website"},"datePublished":"2025-06-18T08:54:13+00:00","dateModified":"2025-06-18T08:54:14+00:00","description":"INTEX Piscin\u0103 gonflabil\u0103 pentru copii \u201cApus de soare\u201d 168\u00d746 cm, 780 L, 3+","breadcrumb":{"@id":"https:\/\/modernteh.md\/catalog\/intex-piscina-gonflabila-pentru-copii-apus-de-soare-168x46-cm-780-l-3\/#breadcrumb"},"inLanguage":"ru-RU","potentialAction":[{"@type":"ReadAction","target":["https:\/\/modernteh.md\/catalog\/intex-piscina-gonflabila-pentru-copii-apus-de-soare-168x46-cm-780-l-3\/"]}]},{"@type":"BreadcrumbList","@id":"https:\/\/modernteh.md\/catalog\/intex-piscina-gonflabila-pentru-copii-apus-de-soare-168x46-cm-780-l-3\/#breadcrumb","itemListElement":[{"@type":"ListItem","position":1,"name":"Prima pagin\u0103","item":"https:\/\/modernteh.md\/"},{"@type":"ListItem","position":2,"name":"Catalog","item":"https:\/\/modernteh.md\/catalog\/"},{"@type":"ListItem","position":3,"name":"INTEX Piscin\u0103 gonflabil\u0103 pentru copii \u201cApus de soare\u201d 168\u00d746 cm 780 L 3+"}]},{"@type":"WebSite","@id":"https:\/\/modernteh.md\/#website","url":"https:\/\/modernteh.md\/","name":"Modernteh","description":"Modernteh","publisher":{"@id":"https:\/\/modernteh.md\/#organization"},"potentialAction":[{"@type":"SearchAction","target":{"@type":"EntryPoint","urlTemplate":"https:\/\/modernteh.md\/?s={search_term_string}"},"query-input":"required name=search_term_string"}],"inLanguage":"ru-RU"},{"@type":"Organization","@id":"https:\/\/modernteh.md\/#organization","name":"Modernteh","url":"https:\/\/modernteh.md\/","logo":{"@type":"ImageObject","inLanguage":"ru-RU","@id":"https:\/\/modernteh.md\/#\/schema\/logo\/image\/","url":"https:\/\/modernteh.md\/wp-content\/uploads\/2022\/06\/Logo_site-2.png","contentUrl":"https:\/\/modernteh.md\/wp-content\/uploads\/2022\/06\/Logo_site-2.png","width":500,"height":487,"caption":"Modernteh"},"image":{"@id":"https:\/\/modernteh.md\/#\/schema\/logo\/image\/"},"sameAs":["https:\/\/www.facebook.com\/profile.php?id=100082695620019"]}]}},"_links":{"self":[{"href":"https:\/\/modernteh.md\/ru\/wp-json\/wp\/v2\/product\/4471","targetHints":{"allow":["GET"]}}],"collection":[{"href":"https:\/\/modernteh.md\/ru\/wp-json\/wp\/v2\/product"}],"about":[{"href":"https:\/\/modernteh.md\/ru\/wp-json\/wp\/v2\/types\/product"}],"wp:featuredmedia":[{"embeddable":true,"href":"https:\/\/modernteh.md\/ru\/wp-json\/wp\/v2\/media\/4472"}],"wp:attachment":[{"href":"https:\/\/modernteh.md\/ru\/wp-json\/wp\/v2\/media?parent=4471"}],"wp:term":[{"taxonomy":"product_cat","embeddable":true,"href":"https:\/\/modernteh.md\/ru\/wp-json\/wp\/v2\/product_cat?post=4471"},{"taxonomy":"product_tag","embeddable":true,"href":"https:\/\/modernteh.md\/ru\/wp-json\/wp\/v2\/product_tag?post=4471"}],"curies":[{"name":"wp","href":"https:\/\/api.w.org\/{rel}","templated":true}]}}