{"id":4499,"date":"2025-06-23T16:41:47","date_gmt":"2025-06-23T16:41:47","guid":{"rendered":"https:\/\/modernteh.md\/?post_type=product&#038;p=4499"},"modified":"2026-02-18T11:30:37","modified_gmt":"2026-02-18T11:30:37","slug":"motopompa-diesel-10cp-47m3-ora-7-5-bar","status":"publish","type":"product","link":"https:\/\/modernteh.md\/ru\/catalog\/motopompa-diesel-10cp-47m3-ora-7-5-bar\/","title":{"rendered":"MOTOPOMPA DIESEL 10cp, 47m3\/ora, 7.5 bar"},"content":{"rendered":"<h1 class=\"product_title entry-title wd-entities-title\">MOTOPOMPA DIESEL 10cp, 47m3\/ora,\u00a07.5\u00a0bar<\/h1>\n<table class=\"woocommerce-product-attributes shop_attributes\">\n<tbody>\n<tr class=\"woocommerce-product-attributes-item woocommerce-product-attributes-item--attribute_pa_brand\">\n<th class=\"woocommerce-product-attributes-item__label\"><span class=\"wd-attr-name\">Brand<\/span><\/th>\n<td class=\"woocommerce-product-attributes-item__value\">NORWIK<\/td>\n<\/tr>\n<tr class=\"woocommerce-product-attributes-item woocommerce-product-attributes-item--attribute_pa_inaltime-refulare\">\n<th class=\"woocommerce-product-attributes-item__label\"><span class=\"wd-attr-name\">Inaltime refulare<\/span><\/th>\n<td class=\"woocommerce-product-attributes-item__value\">75 m<\/td>\n<\/tr>\n<tr class=\"woocommerce-product-attributes-item woocommerce-product-attributes-item--attribute_pa_debit-maxim\">\n<th class=\"woocommerce-product-attributes-item__label\"><span class=\"wd-attr-name\">Debit maxim<\/span><\/th>\n<td class=\"woocommerce-product-attributes-item__value\">47m3\/h<\/td>\n<\/tr>\n<tr class=\"woocommerce-product-attributes-item woocommerce-product-attributes-item--attribute_pa_putere-motor-termic\">\n<th class=\"woocommerce-product-attributes-item__label\"><span class=\"wd-attr-name\">Putere motor termic<\/span><\/th>\n<td class=\"woocommerce-product-attributes-item__value\">10 cp<\/td>\n<\/tr>\n<tr class=\"woocommerce-product-attributes-item woocommerce-product-attributes-item--attribute_pa_rotatii-motor\">\n<th class=\"woocommerce-product-attributes-item__label\"><span class=\"wd-attr-name\">Rotatii motor<\/span><\/th>\n<td class=\"woocommerce-product-attributes-item__value\">3600 rot\/min<\/td>\n<\/tr>\n<\/tbody>\n<\/table>\n<p data-start=\"155\" data-end=\"456\">Motopompa\u00a0<strong data-start=\"165\" data-end=\"180\">DNK30CP-188<\/strong>\u00a0este proiectat\u0103 pentru a face fa\u021b\u0103 celor mai solicitante lucr\u0103ri de pompare a apei \u00een agricultur\u0103, construc\u021bii sau iriga\u021bii industriale. Echipat\u0103 cu un motor puternic\u00a0<strong data-start=\"348\" data-end=\"359\">NK186FA<\/strong>\u00a0de\u00a0<strong data-start=\"363\" data-end=\"372\">10 CP<\/strong>, aceast\u0103 pomp\u0103 din font\u0103 este construit\u0103 pentru durabilitate \u0219i performan\u021b\u0103 de top.<\/p>\n<p data-start=\"458\" data-end=\"727\"><strong data-start=\"461\" data-end=\"477\">Debit maxim:<\/strong>\u00a047 m\u00b3\/h<br data-start=\"485\" data-end=\"488\" \/><strong data-start=\"491\" data-end=\"523\">\u00cen\u0103l\u021bime maxim\u0103 de refulare:<\/strong>\u00a075 m<br data-start=\"528\" data-end=\"531\" \/><strong data-start=\"534\" data-end=\"555\">Aspira\u021bie maxim\u0103:<\/strong>\u00a07 m<br data-start=\"559\" data-end=\"562\" \/><strong data-start=\"565\" data-end=\"586\" data-is-only-node=\"\">Capacitate motor:<\/strong>\u00a0418 cc<br data-start=\"593\" data-end=\"596\" \/><strong data-start=\"599\" data-end=\"611\">Tura\u021bie:<\/strong>\u00a03600 rpm<br data-start=\"620\" data-end=\"623\" \/><strong data-start=\"626\" data-end=\"658\">Racorduri de intrare\/ie\u0219ire:<\/strong>\u00a03\u2033 x 3\u2033 cu rotor de 188 mm<br data-start=\"685\" data-end=\"688\" \/><strong data-start=\"691\" data-end=\"714\">Certificare emisii:<\/strong>\u00a0EURO STAGE V<\/p>","protected":false},"excerpt":{"rendered":"<p>MOTOPOMPA DIESEL 10cp, 47m3\/ora,\u00a07.5\u00a0bar Brand NORWIK Inaltime refulare 75 m Debit maxim 47m3\/h Putere motor termic 10 cp Rotatii motor<\/p>","protected":false},"featured_media":4501,"template":"","meta":[],"product_cat":[115],"product_tag":[],"class_list":{"0":"post-4499","1":"product","2":"type-product","3":"status-publish","4":"has-post-thumbnail","6":"product_cat-motopompe","8":"first","9":"instock","10":"shipping-taxable","11":"purchasable","12":"product-type-simple"},"yoast_head":"<!-- This site is optimized with the Yoast SEO plugin v20.12 - https:\/\/yoast.com\/wordpress\/plugins\/seo\/ -->\n<title>MOTOPOMPA DIESEL 10cp, 47m3\/ora, 7.5 bar - Modernteh<\/title>\n<meta name=\"description\" content=\"MOTOPOMPA DIESEL 10cp, 47m3\/ora,\u00a07.5\u00a0bar\" \/>\n<meta name=\"robots\" content=\"index, follow, max-snippet:-1, max-image-preview:large, max-video-preview:-1\" \/>\n<link rel=\"canonical\" href=\"https:\/\/modernteh.md\/ru\/catalog\/motopompa-diesel-10cp-47m3-ora-7-5-bar\/\" \/>\n<meta property=\"og:locale\" content=\"ru_RU\" \/>\n<meta property=\"og:type\" content=\"article\" \/>\n<meta property=\"og:title\" content=\"MOTOPOMPA DIESEL 10cp, 47m3\/ora, 7.5 bar - Modernteh\" \/>\n<meta property=\"og:description\" content=\"MOTOPOMPA DIESEL 10cp, 47m3\/ora,\u00a07.5\u00a0bar\" \/>\n<meta property=\"og:url\" content=\"https:\/\/modernteh.md\/ru\/catalog\/motopompa-diesel-10cp-47m3-ora-7-5-bar\/\" \/>\n<meta property=\"og:site_name\" content=\"Modernteh\" \/>\n<meta property=\"article:publisher\" content=\"https:\/\/www.facebook.com\/profile.php?id=100082695620019\" \/>\n<meta property=\"article:modified_time\" content=\"2026-02-18T11:30:37+00:00\" \/>\n<meta property=\"og:image\" content=\"https:\/\/modernteh.md\/wp-content\/uploads\/2025\/06\/DNK30CP-188-1-3.webp\" \/>\n\t<meta property=\"og:image:width\" content=\"1080\" \/>\n\t<meta property=\"og:image:height\" content=\"1242\" \/>\n\t<meta property=\"og:image:type\" content=\"image\/webp\" \/>\n<meta name=\"twitter:card\" content=\"summary_large_image\" \/>\n<meta name=\"twitter:label1\" content=\"\u041f\u0440\u0438\u043c\u0435\u0440\u043d\u043e\u0435 \u0432\u0440\u0435\u043c\u044f \u0434\u043b\u044f \u0447\u0442\u0435\u043d\u0438\u044f\" \/>\n\t<meta name=\"twitter:data1\" content=\"1 \u043c\u0438\u043d\u0443\u0442\u0430\" \/>\n<script type=\"application\/ld+json\" class=\"yoast-schema-graph\">{\"@context\":\"https:\/\/schema.org\",\"@graph\":[{\"@type\":\"WebPage\",\"@id\":\"https:\/\/modernteh.md\/catalog\/motopompa-diesel-10cp-47m3-ora-7-5-bar\/\",\"url\":\"https:\/\/modernteh.md\/catalog\/motopompa-diesel-10cp-47m3-ora-7-5-bar\/\",\"name\":\"MOTOPOMPA DIESEL 10cp, 47m3\/ora, 7.5 bar - Modernteh\",\"isPartOf\":{\"@id\":\"https:\/\/modernteh.md\/#website\"},\"datePublished\":\"2025-06-23T16:41:47+00:00\",\"dateModified\":\"2026-02-18T11:30:37+00:00\",\"description\":\"MOTOPOMPA DIESEL 10cp, 47m3\/ora,\u00a07.5\u00a0bar\",\"breadcrumb\":{\"@id\":\"https:\/\/modernteh.md\/catalog\/motopompa-diesel-10cp-47m3-ora-7-5-bar\/#breadcrumb\"},\"inLanguage\":\"ru-RU\",\"potentialAction\":[{\"@type\":\"ReadAction\",\"target\":[\"https:\/\/modernteh.md\/catalog\/motopompa-diesel-10cp-47m3-ora-7-5-bar\/\"]}]},{\"@type\":\"BreadcrumbList\",\"@id\":\"https:\/\/modernteh.md\/catalog\/motopompa-diesel-10cp-47m3-ora-7-5-bar\/#breadcrumb\",\"itemListElement\":[{\"@type\":\"ListItem\",\"position\":1,\"name\":\"Prima pagin\u0103\",\"item\":\"https:\/\/modernteh.md\/\"},{\"@type\":\"ListItem\",\"position\":2,\"name\":\"Catalog\",\"item\":\"https:\/\/modernteh.md\/catalog\/\"},{\"@type\":\"ListItem\",\"position\":3,\"name\":\"MOTOPOMPA DIESEL 10cp, 47m3\/ora, 7.5 bar\"}]},{\"@type\":\"WebSite\",\"@id\":\"https:\/\/modernteh.md\/#website\",\"url\":\"https:\/\/modernteh.md\/\",\"name\":\"Modernteh\",\"description\":\"Modernteh\",\"publisher\":{\"@id\":\"https:\/\/modernteh.md\/#organization\"},\"potentialAction\":[{\"@type\":\"SearchAction\",\"target\":{\"@type\":\"EntryPoint\",\"urlTemplate\":\"https:\/\/modernteh.md\/?s={search_term_string}\"},\"query-input\":\"required name=search_term_string\"}],\"inLanguage\":\"ru-RU\"},{\"@type\":\"Organization\",\"@id\":\"https:\/\/modernteh.md\/#organization\",\"name\":\"Modernteh\",\"url\":\"https:\/\/modernteh.md\/\",\"logo\":{\"@type\":\"ImageObject\",\"inLanguage\":\"ru-RU\",\"@id\":\"https:\/\/modernteh.md\/#\/schema\/logo\/image\/\",\"url\":\"https:\/\/modernteh.md\/wp-content\/uploads\/2022\/06\/Logo_site-2.png\",\"contentUrl\":\"https:\/\/modernteh.md\/wp-content\/uploads\/2022\/06\/Logo_site-2.png\",\"width\":500,\"height\":487,\"caption\":\"Modernteh\"},\"image\":{\"@id\":\"https:\/\/modernteh.md\/#\/schema\/logo\/image\/\"},\"sameAs\":[\"https:\/\/www.facebook.com\/profile.php?id=100082695620019\"]}]}<\/script>\n<!-- \/ Yoast SEO plugin. -->","yoast_head_json":{"title":"MOTOPOMPA DIESEL 10cp, 47m3\/ora, 7.5 bar - Modernteh","description":"MOTOPOMPA DIESEL 10cp, 47m3\/ora,\u00a07.5\u00a0bar","robots":{"index":"index","follow":"follow","max-snippet":"max-snippet:-1","max-image-preview":"max-image-preview:large","max-video-preview":"max-video-preview:-1"},"canonical":"https:\/\/modernteh.md\/ru\/catalog\/motopompa-diesel-10cp-47m3-ora-7-5-bar\/","og_locale":"ru_RU","og_type":"article","og_title":"MOTOPOMPA DIESEL 10cp, 47m3\/ora, 7.5 bar - Modernteh","og_description":"MOTOPOMPA DIESEL 10cp, 47m3\/ora,\u00a07.5\u00a0bar","og_url":"https:\/\/modernteh.md\/ru\/catalog\/motopompa-diesel-10cp-47m3-ora-7-5-bar\/","og_site_name":"Modernteh","article_publisher":"https:\/\/www.facebook.com\/profile.php?id=100082695620019","article_modified_time":"2026-02-18T11:30:37+00:00","og_image":[{"width":1080,"height":1242,"url":"https:\/\/modernteh.md\/wp-content\/uploads\/2025\/06\/DNK30CP-188-1-3.webp","type":"image\/webp"}],"twitter_card":"summary_large_image","twitter_misc":{"\u041f\u0440\u0438\u043c\u0435\u0440\u043d\u043e\u0435 \u0432\u0440\u0435\u043c\u044f \u0434\u043b\u044f \u0447\u0442\u0435\u043d\u0438\u044f":"1 \u043c\u0438\u043d\u0443\u0442\u0430"},"schema":{"@context":"https:\/\/schema.org","@graph":[{"@type":"WebPage","@id":"https:\/\/modernteh.md\/catalog\/motopompa-diesel-10cp-47m3-ora-7-5-bar\/","url":"https:\/\/modernteh.md\/catalog\/motopompa-diesel-10cp-47m3-ora-7-5-bar\/","name":"MOTOPOMPA DIESEL 10cp, 47m3\/ora, 7.5 bar - Modernteh","isPartOf":{"@id":"https:\/\/modernteh.md\/#website"},"datePublished":"2025-06-23T16:41:47+00:00","dateModified":"2026-02-18T11:30:37+00:00","description":"MOTOPOMPA DIESEL 10cp, 47m3\/ora,\u00a07.5\u00a0bar","breadcrumb":{"@id":"https:\/\/modernteh.md\/catalog\/motopompa-diesel-10cp-47m3-ora-7-5-bar\/#breadcrumb"},"inLanguage":"ru-RU","potentialAction":[{"@type":"ReadAction","target":["https:\/\/modernteh.md\/catalog\/motopompa-diesel-10cp-47m3-ora-7-5-bar\/"]}]},{"@type":"BreadcrumbList","@id":"https:\/\/modernteh.md\/catalog\/motopompa-diesel-10cp-47m3-ora-7-5-bar\/#breadcrumb","itemListElement":[{"@type":"ListItem","position":1,"name":"Prima pagin\u0103","item":"https:\/\/modernteh.md\/"},{"@type":"ListItem","position":2,"name":"Catalog","item":"https:\/\/modernteh.md\/catalog\/"},{"@type":"ListItem","position":3,"name":"MOTOPOMPA DIESEL 10cp, 47m3\/ora, 7.5 bar"}]},{"@type":"WebSite","@id":"https:\/\/modernteh.md\/#website","url":"https:\/\/modernteh.md\/","name":"Modernteh","description":"Modernteh","publisher":{"@id":"https:\/\/modernteh.md\/#organization"},"potentialAction":[{"@type":"SearchAction","target":{"@type":"EntryPoint","urlTemplate":"https:\/\/modernteh.md\/?s={search_term_string}"},"query-input":"required name=search_term_string"}],"inLanguage":"ru-RU"},{"@type":"Organization","@id":"https:\/\/modernteh.md\/#organization","name":"Modernteh","url":"https:\/\/modernteh.md\/","logo":{"@type":"ImageObject","inLanguage":"ru-RU","@id":"https:\/\/modernteh.md\/#\/schema\/logo\/image\/","url":"https:\/\/modernteh.md\/wp-content\/uploads\/2022\/06\/Logo_site-2.png","contentUrl":"https:\/\/modernteh.md\/wp-content\/uploads\/2022\/06\/Logo_site-2.png","width":500,"height":487,"caption":"Modernteh"},"image":{"@id":"https:\/\/modernteh.md\/#\/schema\/logo\/image\/"},"sameAs":["https:\/\/www.facebook.com\/profile.php?id=100082695620019"]}]}},"_links":{"self":[{"href":"https:\/\/modernteh.md\/ru\/wp-json\/wp\/v2\/product\/4499","targetHints":{"allow":["GET"]}}],"collection":[{"href":"https:\/\/modernteh.md\/ru\/wp-json\/wp\/v2\/product"}],"about":[{"href":"https:\/\/modernteh.md\/ru\/wp-json\/wp\/v2\/types\/product"}],"wp:featuredmedia":[{"embeddable":true,"href":"https:\/\/modernteh.md\/ru\/wp-json\/wp\/v2\/media\/4501"}],"wp:attachment":[{"href":"https:\/\/modernteh.md\/ru\/wp-json\/wp\/v2\/media?parent=4499"}],"wp:term":[{"taxonomy":"product_cat","embeddable":true,"href":"https:\/\/modernteh.md\/ru\/wp-json\/wp\/v2\/product_cat?post=4499"},{"taxonomy":"product_tag","embeddable":true,"href":"https:\/\/modernteh.md\/ru\/wp-json\/wp\/v2\/product_tag?post=4499"}],"curies":[{"name":"wp","href":"https:\/\/api.w.org\/{rel}","templated":true}]}}