{"id":4502,"date":"2025-06-26T07:50:21","date_gmt":"2025-06-26T07:50:21","guid":{"rendered":"https:\/\/modernteh.md\/?post_type=product&#038;p=4502"},"modified":"2025-06-26T07:50:22","modified_gmt":"2025-06-26T07:50:22","slug":"masina-de-spalat-cu-presiune-cu-motor-benzina","status":"publish","type":"product","link":"https:\/\/modernteh.md\/ru\/catalog\/masina-de-spalat-cu-presiune-cu-motor-benzina\/","title":{"rendered":"Masina de spalat cu presiune cu motor benzina"},"content":{"rendered":"<p data-start=\"205\" data-end=\"440\">Masina de spalat cu presiune cu motor benzina<\/p>\n<p data-start=\"205\" data-end=\"440\">Proiectat pentru performan\u021b\u0103 \u0219i mobilitate, modelul\u00a0<strong data-start=\"257\" data-end=\"272\">NK3WZ-3600A<\/strong>\u00a0este un aparat de sp\u0103lat cu ap\u0103 rece, alimentat cu benzin\u0103, ideal pentru lucr\u0103ri de cur\u0103\u021benie exigente \u00een domenii precum construc\u021bii, agricultur\u0103, auto sau industrial.<\/p>\n<p data-start=\"442\" data-end=\"671\"><strong data-start=\"445\" data-end=\"465\">Presiune maxim\u0103:<\/strong>\u00a0248 bar \/ 3600 psi<br data-start=\"484\" data-end=\"487\" \/><strong data-start=\"490\" data-end=\"506\">Debit maxim:<\/strong>\u00a017 l\/min (4.5 gpm)<br data-start=\"525\" data-end=\"528\" \/><strong data-start=\"531\" data-end=\"541\">Motor:<\/strong>\u00a0NK188F \u2013 13 CP<br data-start=\"556\" data-end=\"559\" \/><strong data-start=\"562\" data-end=\"588\" data-is-only-node=\"\">Capacitate cilindric\u0103:<\/strong>\u00a0390 cc<br data-start=\"595\" data-end=\"598\" \/><strong data-start=\"601\" data-end=\"614\">Op\u021bional:<\/strong>\u00a0versiune compatibil\u0103 cu normele de emisii EURO STAGE V<\/p>\n<p data-start=\"673\" data-end=\"929\">Autonomie total\u0103 \u2013 func\u021bioneaz\u0103 f\u0103r\u0103 surs\u0103 de curent electric<br data-start=\"736\" data-end=\"739\" \/>Putere mare, perfect\u0103 pentru murd\u0103rie persistent\u0103<br data-start=\"790\" data-end=\"793\" \/>Cadru metalic robust, cu ro\u021bi pentru transport facil<br data-start=\"847\" data-end=\"850\" \/>Ideal pentru profesioni\u0219ti, ferme, ateliere, cur\u021bi sau sp\u0103l\u0103torii auto mobile<\/p>","protected":false},"excerpt":{"rendered":"<p>Masina de spalat cu presiune cu motor benzina Proiectat pentru performan\u021b\u0103 \u0219i mobilitate, modelul\u00a0NK3WZ-3600A\u00a0este un aparat de sp\u0103lat cu ap\u0103<\/p>","protected":false},"featured_media":4503,"template":"","meta":[],"product_cat":[152],"product_tag":[],"class_list":{"0":"post-4502","1":"product","2":"type-product","3":"status-publish","4":"has-post-thumbnail","6":"product_cat-masini-de-spalat-cu-presiune","8":"first","9":"instock","10":"shipping-taxable","11":"purchasable","12":"product-type-simple"},"yoast_head":"<!-- This site is optimized with the Yoast SEO plugin v20.12 - https:\/\/yoast.com\/wordpress\/plugins\/seo\/ -->\n<title>Masina de spalat cu presiune cu motor benzina - Modernteh<\/title>\n<meta name=\"description\" content=\"Masina de spalat cu presiune cu motor benzina\" \/>\n<meta name=\"robots\" content=\"index, follow, max-snippet:-1, max-image-preview:large, max-video-preview:-1\" \/>\n<link rel=\"canonical\" href=\"https:\/\/modernteh.md\/ru\/catalog\/masina-de-spalat-cu-presiune-cu-motor-benzina\/\" \/>\n<meta property=\"og:locale\" content=\"ru_RU\" \/>\n<meta property=\"og:type\" content=\"article\" \/>\n<meta property=\"og:title\" content=\"Masina de spalat cu presiune cu motor benzina - Modernteh\" \/>\n<meta property=\"og:description\" content=\"Masina de spalat cu presiune cu motor benzina\" \/>\n<meta property=\"og:url\" content=\"https:\/\/modernteh.md\/ru\/catalog\/masina-de-spalat-cu-presiune-cu-motor-benzina\/\" \/>\n<meta property=\"og:site_name\" content=\"Modernteh\" \/>\n<meta property=\"article:publisher\" content=\"https:\/\/www.facebook.com\/profile.php?id=100082695620019\" \/>\n<meta property=\"article:modified_time\" content=\"2025-06-26T07:50:22+00:00\" \/>\n<meta property=\"og:image\" content=\"https:\/\/modernteh.md\/wp-content\/uploads\/2025\/06\/masinadespalatcupresiuneinalta-ezgif.com-webp-to-jpg-converter.jpg\" \/>\n\t<meta property=\"og:image:width\" content=\"700\" \/>\n\t<meta property=\"og:image:height\" content=\"805\" \/>\n\t<meta property=\"og:image:type\" content=\"image\/jpeg\" \/>\n<meta name=\"twitter:card\" content=\"summary_large_image\" \/>\n<meta name=\"twitter:label1\" content=\"\u041f\u0440\u0438\u043c\u0435\u0440\u043d\u043e\u0435 \u0432\u0440\u0435\u043c\u044f \u0434\u043b\u044f \u0447\u0442\u0435\u043d\u0438\u044f\" \/>\n\t<meta name=\"twitter:data1\" content=\"1 \u043c\u0438\u043d\u0443\u0442\u0430\" \/>\n<script type=\"application\/ld+json\" class=\"yoast-schema-graph\">{\"@context\":\"https:\/\/schema.org\",\"@graph\":[{\"@type\":\"WebPage\",\"@id\":\"https:\/\/modernteh.md\/catalog\/masina-de-spalat-cu-presiune-cu-motor-benzina\/\",\"url\":\"https:\/\/modernteh.md\/catalog\/masina-de-spalat-cu-presiune-cu-motor-benzina\/\",\"name\":\"Masina de spalat cu presiune cu motor benzina - Modernteh\",\"isPartOf\":{\"@id\":\"https:\/\/modernteh.md\/#website\"},\"datePublished\":\"2025-06-26T07:50:21+00:00\",\"dateModified\":\"2025-06-26T07:50:22+00:00\",\"description\":\"Masina de spalat cu presiune cu motor benzina\",\"breadcrumb\":{\"@id\":\"https:\/\/modernteh.md\/catalog\/masina-de-spalat-cu-presiune-cu-motor-benzina\/#breadcrumb\"},\"inLanguage\":\"ru-RU\",\"potentialAction\":[{\"@type\":\"ReadAction\",\"target\":[\"https:\/\/modernteh.md\/catalog\/masina-de-spalat-cu-presiune-cu-motor-benzina\/\"]}]},{\"@type\":\"BreadcrumbList\",\"@id\":\"https:\/\/modernteh.md\/catalog\/masina-de-spalat-cu-presiune-cu-motor-benzina\/#breadcrumb\",\"itemListElement\":[{\"@type\":\"ListItem\",\"position\":1,\"name\":\"Prima pagin\u0103\",\"item\":\"https:\/\/modernteh.md\/\"},{\"@type\":\"ListItem\",\"position\":2,\"name\":\"Catalog\",\"item\":\"https:\/\/modernteh.md\/catalog\/\"},{\"@type\":\"ListItem\",\"position\":3,\"name\":\"Masina de spalat cu presiune cu motor benzina\"}]},{\"@type\":\"WebSite\",\"@id\":\"https:\/\/modernteh.md\/#website\",\"url\":\"https:\/\/modernteh.md\/\",\"name\":\"Modernteh\",\"description\":\"Modernteh\",\"publisher\":{\"@id\":\"https:\/\/modernteh.md\/#organization\"},\"potentialAction\":[{\"@type\":\"SearchAction\",\"target\":{\"@type\":\"EntryPoint\",\"urlTemplate\":\"https:\/\/modernteh.md\/?s={search_term_string}\"},\"query-input\":\"required name=search_term_string\"}],\"inLanguage\":\"ru-RU\"},{\"@type\":\"Organization\",\"@id\":\"https:\/\/modernteh.md\/#organization\",\"name\":\"Modernteh\",\"url\":\"https:\/\/modernteh.md\/\",\"logo\":{\"@type\":\"ImageObject\",\"inLanguage\":\"ru-RU\",\"@id\":\"https:\/\/modernteh.md\/#\/schema\/logo\/image\/\",\"url\":\"https:\/\/modernteh.md\/wp-content\/uploads\/2022\/06\/Logo_site-2.png\",\"contentUrl\":\"https:\/\/modernteh.md\/wp-content\/uploads\/2022\/06\/Logo_site-2.png\",\"width\":500,\"height\":487,\"caption\":\"Modernteh\"},\"image\":{\"@id\":\"https:\/\/modernteh.md\/#\/schema\/logo\/image\/\"},\"sameAs\":[\"https:\/\/www.facebook.com\/profile.php?id=100082695620019\"]}]}<\/script>\n<!-- \/ Yoast SEO plugin. -->","yoast_head_json":{"title":"Masina de spalat cu presiune cu motor benzina - Modernteh","description":"Masina de spalat cu presiune cu motor benzina","robots":{"index":"index","follow":"follow","max-snippet":"max-snippet:-1","max-image-preview":"max-image-preview:large","max-video-preview":"max-video-preview:-1"},"canonical":"https:\/\/modernteh.md\/ru\/catalog\/masina-de-spalat-cu-presiune-cu-motor-benzina\/","og_locale":"ru_RU","og_type":"article","og_title":"Masina de spalat cu presiune cu motor benzina - Modernteh","og_description":"Masina de spalat cu presiune cu motor benzina","og_url":"https:\/\/modernteh.md\/ru\/catalog\/masina-de-spalat-cu-presiune-cu-motor-benzina\/","og_site_name":"Modernteh","article_publisher":"https:\/\/www.facebook.com\/profile.php?id=100082695620019","article_modified_time":"2025-06-26T07:50:22+00:00","og_image":[{"width":700,"height":805,"url":"https:\/\/modernteh.md\/wp-content\/uploads\/2025\/06\/masinadespalatcupresiuneinalta-ezgif.com-webp-to-jpg-converter.jpg","type":"image\/jpeg"}],"twitter_card":"summary_large_image","twitter_misc":{"\u041f\u0440\u0438\u043c\u0435\u0440\u043d\u043e\u0435 \u0432\u0440\u0435\u043c\u044f \u0434\u043b\u044f \u0447\u0442\u0435\u043d\u0438\u044f":"1 \u043c\u0438\u043d\u0443\u0442\u0430"},"schema":{"@context":"https:\/\/schema.org","@graph":[{"@type":"WebPage","@id":"https:\/\/modernteh.md\/catalog\/masina-de-spalat-cu-presiune-cu-motor-benzina\/","url":"https:\/\/modernteh.md\/catalog\/masina-de-spalat-cu-presiune-cu-motor-benzina\/","name":"Masina de spalat cu presiune cu motor benzina - Modernteh","isPartOf":{"@id":"https:\/\/modernteh.md\/#website"},"datePublished":"2025-06-26T07:50:21+00:00","dateModified":"2025-06-26T07:50:22+00:00","description":"Masina de spalat cu presiune cu motor benzina","breadcrumb":{"@id":"https:\/\/modernteh.md\/catalog\/masina-de-spalat-cu-presiune-cu-motor-benzina\/#breadcrumb"},"inLanguage":"ru-RU","potentialAction":[{"@type":"ReadAction","target":["https:\/\/modernteh.md\/catalog\/masina-de-spalat-cu-presiune-cu-motor-benzina\/"]}]},{"@type":"BreadcrumbList","@id":"https:\/\/modernteh.md\/catalog\/masina-de-spalat-cu-presiune-cu-motor-benzina\/#breadcrumb","itemListElement":[{"@type":"ListItem","position":1,"name":"Prima pagin\u0103","item":"https:\/\/modernteh.md\/"},{"@type":"ListItem","position":2,"name":"Catalog","item":"https:\/\/modernteh.md\/catalog\/"},{"@type":"ListItem","position":3,"name":"Masina de spalat cu presiune cu motor benzina"}]},{"@type":"WebSite","@id":"https:\/\/modernteh.md\/#website","url":"https:\/\/modernteh.md\/","name":"Modernteh","description":"Modernteh","publisher":{"@id":"https:\/\/modernteh.md\/#organization"},"potentialAction":[{"@type":"SearchAction","target":{"@type":"EntryPoint","urlTemplate":"https:\/\/modernteh.md\/?s={search_term_string}"},"query-input":"required name=search_term_string"}],"inLanguage":"ru-RU"},{"@type":"Organization","@id":"https:\/\/modernteh.md\/#organization","name":"Modernteh","url":"https:\/\/modernteh.md\/","logo":{"@type":"ImageObject","inLanguage":"ru-RU","@id":"https:\/\/modernteh.md\/#\/schema\/logo\/image\/","url":"https:\/\/modernteh.md\/wp-content\/uploads\/2022\/06\/Logo_site-2.png","contentUrl":"https:\/\/modernteh.md\/wp-content\/uploads\/2022\/06\/Logo_site-2.png","width":500,"height":487,"caption":"Modernteh"},"image":{"@id":"https:\/\/modernteh.md\/#\/schema\/logo\/image\/"},"sameAs":["https:\/\/www.facebook.com\/profile.php?id=100082695620019"]}]}},"_links":{"self":[{"href":"https:\/\/modernteh.md\/ru\/wp-json\/wp\/v2\/product\/4502","targetHints":{"allow":["GET"]}}],"collection":[{"href":"https:\/\/modernteh.md\/ru\/wp-json\/wp\/v2\/product"}],"about":[{"href":"https:\/\/modernteh.md\/ru\/wp-json\/wp\/v2\/types\/product"}],"wp:featuredmedia":[{"embeddable":true,"href":"https:\/\/modernteh.md\/ru\/wp-json\/wp\/v2\/media\/4503"}],"wp:attachment":[{"href":"https:\/\/modernteh.md\/ru\/wp-json\/wp\/v2\/media?parent=4502"}],"wp:term":[{"taxonomy":"product_cat","embeddable":true,"href":"https:\/\/modernteh.md\/ru\/wp-json\/wp\/v2\/product_cat?post=4502"},{"taxonomy":"product_tag","embeddable":true,"href":"https:\/\/modernteh.md\/ru\/wp-json\/wp\/v2\/product_tag?post=4502"}],"curies":[{"name":"wp","href":"https:\/\/api.w.org\/{rel}","templated":true}]}}