{"id":4504,"date":"2025-06-26T08:36:53","date_gmt":"2025-06-26T08:36:53","guid":{"rendered":"https:\/\/modernteh.md\/?post_type=product&#038;p=4504"},"modified":"2025-06-26T08:36:54","modified_gmt":"2025-06-26T08:36:54","slug":"motocoasa-cu-benzina-togo-tg-5200bc","status":"publish","type":"product","link":"https:\/\/modernteh.md\/ru\/catalog\/motocoasa-cu-benzina-togo-tg-5200bc\/","title":{"rendered":"Motocoas\u0103 cu benzin\u0103 TOGO TG-5200BC"},"content":{"rendered":"<h1>Motocoas\u0103 cu benzin\u0103 TOGO TG-5200BC<\/h1>\n<p>este un echipament puternic \u0219i versatil, ideal pentru gr\u0103din\u0103ritul de zi cu zi. Datorit\u0103 motorului s\u0103u de 4 kW (echivalentul a 5,4 CP), acest model ofer\u0103 performan\u021be excelente pentru t\u0103ierea ierbii \u0219i \u00eengrijirea vegeta\u021biei. Este echipat cu un motor pe 2 timpi, av\u00e2nd o capacitate cilindric\u0103 de 51,2 cc, ceea ce asigur\u0103 o func\u021bionare fiabil\u0103 \u0219i eficient\u0103.<\/p>\n<p>Cu o l\u0103\u021bime de t\u0103iere de 430 mm (pentru fir) \u0219i 255 mm (pentru disc), motocoasa ofer\u0103 o performan\u021b\u0103 excelent\u0103 la t\u0103ierea ierbii \u0219i a arbu\u0219tilor mici. Designul ergonomic \u0219i greutatea de doar 6,5 kg o fac u\u0219or de manevrat, iar curelele reglabile pentru ambele umeri asigur\u0103 confort \u00een timpul lucrului prelungit. Motorul de \u00eenalt\u0103 performan\u021b\u0103, tura\u021bia maxim\u0103 de 3000 rot\/min \u0219i accesoriile incluse fac ca acest model s\u0103 fie ideal at\u00e2t pentru utilizarea profesional\u0103, c\u00e2t \u0219i pentru amatori. Acesta este partenerul perfect pentru orice proiect de \u00eengrijire a gr\u0103dinii.<\/p>\n<p><strong>Specifica\u021bii:<\/strong><\/p>\n<ol>\n<li><strong>Motor:<\/strong>\u00a02 timpi, 51,2 cm\u00b3<\/li>\n<li><strong>Putere motor:<\/strong>\u00a05,4 CP<\/li>\n<li><strong>Tura\u021bie maxim\u0103:<\/strong>\u00a03000 rot\/min<\/li>\n<li><strong>L\u0103\u021bime t\u0103iere fir:<\/strong>\u00a0430 mm<\/li>\n<li><strong>L\u0103\u021bime t\u0103iere disc:<\/strong>\u00a0255 mm<\/li>\n<li><strong>Capacitate rezervor:<\/strong>\u00a01 L<\/li>\n<li><strong>Greutate:<\/strong>\u00a06,5 kg<\/li>\n<\/ol>\n<p><strong>Complectare:<\/strong><\/p>\n<ol>\n<li>Cutie\/Accesorii<\/li>\n<li>Cu\u021bite\/Fir<\/li>\n<li>Curea pe ambii umeri<\/li>\n<\/ol>","protected":false},"excerpt":{"rendered":"<p>Motocoas\u0103 cu benzin\u0103 TOGO TG-5200BC este un echipament puternic \u0219i versatil, ideal pentru gr\u0103din\u0103ritul de zi cu zi. Datorit\u0103 motorului<\/p>","protected":false},"featured_media":4505,"template":"","meta":[],"product_cat":[140],"product_tag":[],"class_list":{"0":"post-4504","1":"product","2":"type-product","3":"status-publish","4":"has-post-thumbnail","6":"product_cat-masini-de-tuns-iarba","8":"first","9":"instock","10":"shipping-taxable","11":"purchasable","12":"product-type-simple"},"yoast_head":"<!-- This site is optimized with the Yoast SEO plugin v20.12 - https:\/\/yoast.com\/wordpress\/plugins\/seo\/ -->\n<title>Motocoas\u0103 cu benzin\u0103 TOGO TG-5200BC - Modernteh<\/title>\n<meta name=\"description\" content=\"Motocoas\u0103 cu benzin\u0103 TOGO TG-5200BC\" \/>\n<meta name=\"robots\" content=\"index, follow, max-snippet:-1, max-image-preview:large, max-video-preview:-1\" \/>\n<link rel=\"canonical\" href=\"https:\/\/modernteh.md\/ru\/catalog\/motocoasa-cu-benzina-togo-tg-5200bc\/\" \/>\n<meta property=\"og:locale\" content=\"ru_RU\" \/>\n<meta property=\"og:type\" content=\"article\" \/>\n<meta property=\"og:title\" content=\"Motocoas\u0103 cu benzin\u0103 TOGO TG-5200BC - Modernteh\" \/>\n<meta property=\"og:description\" content=\"Motocoas\u0103 cu benzin\u0103 TOGO TG-5200BC\" \/>\n<meta property=\"og:url\" content=\"https:\/\/modernteh.md\/ru\/catalog\/motocoasa-cu-benzina-togo-tg-5200bc\/\" \/>\n<meta property=\"og:site_name\" content=\"Modernteh\" \/>\n<meta property=\"article:publisher\" content=\"https:\/\/www.facebook.com\/profile.php?id=100082695620019\" \/>\n<meta property=\"article:modified_time\" content=\"2025-06-26T08:36:54+00:00\" \/>\n<meta property=\"og:image\" content=\"https:\/\/modernteh.md\/wp-content\/uploads\/2025\/06\/xMotocoasaP20peP20benzinaP20TOGOP20TG-5200BCP20new.png.pagespeed.ic_.lZWST81eb2.png\" \/>\n\t<meta property=\"og:image:width\" content=\"800\" \/>\n\t<meta property=\"og:image:height\" content=\"800\" \/>\n\t<meta property=\"og:image:type\" content=\"image\/png\" \/>\n<meta name=\"twitter:card\" content=\"summary_large_image\" \/>\n<meta name=\"twitter:label1\" content=\"\u041f\u0440\u0438\u043c\u0435\u0440\u043d\u043e\u0435 \u0432\u0440\u0435\u043c\u044f \u0434\u043b\u044f \u0447\u0442\u0435\u043d\u0438\u044f\" \/>\n\t<meta name=\"twitter:data1\" content=\"2 \u043c\u0438\u043d\u0443\u0442\u044b\" \/>\n<script type=\"application\/ld+json\" class=\"yoast-schema-graph\">{\"@context\":\"https:\/\/schema.org\",\"@graph\":[{\"@type\":\"WebPage\",\"@id\":\"https:\/\/modernteh.md\/catalog\/motocoasa-cu-benzina-togo-tg-5200bc\/\",\"url\":\"https:\/\/modernteh.md\/catalog\/motocoasa-cu-benzina-togo-tg-5200bc\/\",\"name\":\"Motocoas\u0103 cu benzin\u0103 TOGO TG-5200BC - Modernteh\",\"isPartOf\":{\"@id\":\"https:\/\/modernteh.md\/#website\"},\"datePublished\":\"2025-06-26T08:36:53+00:00\",\"dateModified\":\"2025-06-26T08:36:54+00:00\",\"description\":\"Motocoas\u0103 cu benzin\u0103 TOGO TG-5200BC\",\"breadcrumb\":{\"@id\":\"https:\/\/modernteh.md\/catalog\/motocoasa-cu-benzina-togo-tg-5200bc\/#breadcrumb\"},\"inLanguage\":\"ru-RU\",\"potentialAction\":[{\"@type\":\"ReadAction\",\"target\":[\"https:\/\/modernteh.md\/catalog\/motocoasa-cu-benzina-togo-tg-5200bc\/\"]}]},{\"@type\":\"BreadcrumbList\",\"@id\":\"https:\/\/modernteh.md\/catalog\/motocoasa-cu-benzina-togo-tg-5200bc\/#breadcrumb\",\"itemListElement\":[{\"@type\":\"ListItem\",\"position\":1,\"name\":\"Prima pagin\u0103\",\"item\":\"https:\/\/modernteh.md\/\"},{\"@type\":\"ListItem\",\"position\":2,\"name\":\"Catalog\",\"item\":\"https:\/\/modernteh.md\/catalog\/\"},{\"@type\":\"ListItem\",\"position\":3,\"name\":\"Motocoas\u0103 cu benzin\u0103 TOGO TG-5200BC\"}]},{\"@type\":\"WebSite\",\"@id\":\"https:\/\/modernteh.md\/#website\",\"url\":\"https:\/\/modernteh.md\/\",\"name\":\"Modernteh\",\"description\":\"Modernteh\",\"publisher\":{\"@id\":\"https:\/\/modernteh.md\/#organization\"},\"potentialAction\":[{\"@type\":\"SearchAction\",\"target\":{\"@type\":\"EntryPoint\",\"urlTemplate\":\"https:\/\/modernteh.md\/?s={search_term_string}\"},\"query-input\":\"required name=search_term_string\"}],\"inLanguage\":\"ru-RU\"},{\"@type\":\"Organization\",\"@id\":\"https:\/\/modernteh.md\/#organization\",\"name\":\"Modernteh\",\"url\":\"https:\/\/modernteh.md\/\",\"logo\":{\"@type\":\"ImageObject\",\"inLanguage\":\"ru-RU\",\"@id\":\"https:\/\/modernteh.md\/#\/schema\/logo\/image\/\",\"url\":\"https:\/\/modernteh.md\/wp-content\/uploads\/2022\/06\/Logo_site-2.png\",\"contentUrl\":\"https:\/\/modernteh.md\/wp-content\/uploads\/2022\/06\/Logo_site-2.png\",\"width\":500,\"height\":487,\"caption\":\"Modernteh\"},\"image\":{\"@id\":\"https:\/\/modernteh.md\/#\/schema\/logo\/image\/\"},\"sameAs\":[\"https:\/\/www.facebook.com\/profile.php?id=100082695620019\"]}]}<\/script>\n<!-- \/ Yoast SEO plugin. -->","yoast_head_json":{"title":"Motocoas\u0103 cu benzin\u0103 TOGO TG-5200BC - Modernteh","description":"Motocoas\u0103 cu benzin\u0103 TOGO TG-5200BC","robots":{"index":"index","follow":"follow","max-snippet":"max-snippet:-1","max-image-preview":"max-image-preview:large","max-video-preview":"max-video-preview:-1"},"canonical":"https:\/\/modernteh.md\/ru\/catalog\/motocoasa-cu-benzina-togo-tg-5200bc\/","og_locale":"ru_RU","og_type":"article","og_title":"Motocoas\u0103 cu benzin\u0103 TOGO TG-5200BC - Modernteh","og_description":"Motocoas\u0103 cu benzin\u0103 TOGO TG-5200BC","og_url":"https:\/\/modernteh.md\/ru\/catalog\/motocoasa-cu-benzina-togo-tg-5200bc\/","og_site_name":"Modernteh","article_publisher":"https:\/\/www.facebook.com\/profile.php?id=100082695620019","article_modified_time":"2025-06-26T08:36:54+00:00","og_image":[{"width":800,"height":800,"url":"https:\/\/modernteh.md\/wp-content\/uploads\/2025\/06\/xMotocoasaP20peP20benzinaP20TOGOP20TG-5200BCP20new.png.pagespeed.ic_.lZWST81eb2.png","type":"image\/png"}],"twitter_card":"summary_large_image","twitter_misc":{"\u041f\u0440\u0438\u043c\u0435\u0440\u043d\u043e\u0435 \u0432\u0440\u0435\u043c\u044f \u0434\u043b\u044f \u0447\u0442\u0435\u043d\u0438\u044f":"2 \u043c\u0438\u043d\u0443\u0442\u044b"},"schema":{"@context":"https:\/\/schema.org","@graph":[{"@type":"WebPage","@id":"https:\/\/modernteh.md\/catalog\/motocoasa-cu-benzina-togo-tg-5200bc\/","url":"https:\/\/modernteh.md\/catalog\/motocoasa-cu-benzina-togo-tg-5200bc\/","name":"Motocoas\u0103 cu benzin\u0103 TOGO TG-5200BC - Modernteh","isPartOf":{"@id":"https:\/\/modernteh.md\/#website"},"datePublished":"2025-06-26T08:36:53+00:00","dateModified":"2025-06-26T08:36:54+00:00","description":"Motocoas\u0103 cu benzin\u0103 TOGO TG-5200BC","breadcrumb":{"@id":"https:\/\/modernteh.md\/catalog\/motocoasa-cu-benzina-togo-tg-5200bc\/#breadcrumb"},"inLanguage":"ru-RU","potentialAction":[{"@type":"ReadAction","target":["https:\/\/modernteh.md\/catalog\/motocoasa-cu-benzina-togo-tg-5200bc\/"]}]},{"@type":"BreadcrumbList","@id":"https:\/\/modernteh.md\/catalog\/motocoasa-cu-benzina-togo-tg-5200bc\/#breadcrumb","itemListElement":[{"@type":"ListItem","position":1,"name":"Prima pagin\u0103","item":"https:\/\/modernteh.md\/"},{"@type":"ListItem","position":2,"name":"Catalog","item":"https:\/\/modernteh.md\/catalog\/"},{"@type":"ListItem","position":3,"name":"Motocoas\u0103 cu benzin\u0103 TOGO TG-5200BC"}]},{"@type":"WebSite","@id":"https:\/\/modernteh.md\/#website","url":"https:\/\/modernteh.md\/","name":"Modernteh","description":"Modernteh","publisher":{"@id":"https:\/\/modernteh.md\/#organization"},"potentialAction":[{"@type":"SearchAction","target":{"@type":"EntryPoint","urlTemplate":"https:\/\/modernteh.md\/?s={search_term_string}"},"query-input":"required name=search_term_string"}],"inLanguage":"ru-RU"},{"@type":"Organization","@id":"https:\/\/modernteh.md\/#organization","name":"Modernteh","url":"https:\/\/modernteh.md\/","logo":{"@type":"ImageObject","inLanguage":"ru-RU","@id":"https:\/\/modernteh.md\/#\/schema\/logo\/image\/","url":"https:\/\/modernteh.md\/wp-content\/uploads\/2022\/06\/Logo_site-2.png","contentUrl":"https:\/\/modernteh.md\/wp-content\/uploads\/2022\/06\/Logo_site-2.png","width":500,"height":487,"caption":"Modernteh"},"image":{"@id":"https:\/\/modernteh.md\/#\/schema\/logo\/image\/"},"sameAs":["https:\/\/www.facebook.com\/profile.php?id=100082695620019"]}]}},"_links":{"self":[{"href":"https:\/\/modernteh.md\/ru\/wp-json\/wp\/v2\/product\/4504","targetHints":{"allow":["GET"]}}],"collection":[{"href":"https:\/\/modernteh.md\/ru\/wp-json\/wp\/v2\/product"}],"about":[{"href":"https:\/\/modernteh.md\/ru\/wp-json\/wp\/v2\/types\/product"}],"wp:featuredmedia":[{"embeddable":true,"href":"https:\/\/modernteh.md\/ru\/wp-json\/wp\/v2\/media\/4505"}],"wp:attachment":[{"href":"https:\/\/modernteh.md\/ru\/wp-json\/wp\/v2\/media?parent=4504"}],"wp:term":[{"taxonomy":"product_cat","embeddable":true,"href":"https:\/\/modernteh.md\/ru\/wp-json\/wp\/v2\/product_cat?post=4504"},{"taxonomy":"product_tag","embeddable":true,"href":"https:\/\/modernteh.md\/ru\/wp-json\/wp\/v2\/product_tag?post=4504"}],"curies":[{"name":"wp","href":"https:\/\/api.w.org\/{rel}","templated":true}]}}