{"id":4513,"date":"2025-06-26T08:48:40","date_gmt":"2025-06-26T08:48:40","guid":{"rendered":"https:\/\/modernteh.md\/?post_type=product&#038;p=4513"},"modified":"2025-06-26T08:48:41","modified_gmt":"2025-06-26T08:48:41","slug":"prasitoare-pentru-motocoasa-togo-tg-28-275","status":"publish","type":"product","link":"https:\/\/modernteh.md\/ru\/catalog\/prasitoare-pentru-motocoasa-togo-tg-28-275\/","title":{"rendered":"Pr\u0103\u0219itoare pentru motocoas\u0103 TOGO TG-28-275"},"content":{"rendered":"<h1>Pr\u0103\u0219itoare pentru motocoas\u0103 TOGO TG-28-275<\/h1>\n<p>este accesoriul ideal pentru motocoas\u0103, conceput pentru a u\u0219ura lucr\u0103rile de \u00eentre\u021binere a gr\u0103dinii \u0219i pentru a \u00eembun\u0103t\u0103\u021bi s\u0103n\u0103tatea solului. Cu o\u00a0<strong>l\u0103\u021bime de lucru de 275 mm<\/strong>\u00a0\u0219i o\u00a0<strong>ad\u00e2ncime de lucru de 90 mm<\/strong>, este perfect\u0103 pentru\u00a0<strong>eliminarea buruienilor<\/strong>,\u00a0<strong>aerisirea solului<\/strong>\u00a0\u0219i\u00a0<strong>preg\u0103tirea patului germinativ<\/strong>\u00a0\u00een jurul plantelor.<\/p>\n<p><i>Construit\u0103 cu o\u00a0<strong>bar\u0103 durabil\u0103 de 28 mm<\/strong>, pr\u0103sitoarea este compatibil\u0103 cu majoritatea motocoaselor echipate corespunz\u0103tor \u0219i ofer\u0103\u00a0<strong>manevrabilitate u\u0219oar\u0103<\/strong>\u00a0datorit\u0103\u00a0<strong>greut\u0103\u021bii reduse de doar 2,85 kg<\/strong>.<\/i><\/p>\n<p><strong>\u0422\u0435\u0445\u043d\u0438\u0447\u0435\u0441\u043a\u0438\u0435 \u0445\u0430\u0440\u0430\u043a\u0442\u0435\u0440\u0438\u0441\u0442\u0438\u043a\u0438:<\/strong><\/p>\n<ol>\n<li><strong>\u2713<\/strong>\u00a0<strong>Produc\u0103tor:<\/strong>\u00a0TOGO<\/li>\n<li><strong>\u2713<\/strong>\u00a0<strong>Model:<\/strong>\u00a0TG-28-275<\/li>\n<li><strong>\u2713<\/strong>\u00a0<strong>Diametru bar\u0103:<\/strong>\u00a028 mm<\/li>\n<li><strong>\u2713<\/strong>\u00a0<strong>L\u0103\u021bime de lucru:<\/strong>\u00a0275 mm<\/li>\n<li><strong>\u2713<\/strong>\u00a0<strong>Ad\u00e2ncime de lucru:<\/strong>\u00a090 mm<\/li>\n<li><strong>\u2713<\/strong>\u00a0<strong>Greutate:<\/strong>\u00a02,85 kg<\/li>\n<\/ol>","protected":false},"excerpt":{"rendered":"<p>Pr\u0103\u0219itoare pentru motocoas\u0103 TOGO TG-28-275 este accesoriul ideal pentru motocoas\u0103, conceput pentru a u\u0219ura lucr\u0103rile de \u00eentre\u021binere a gr\u0103dinii \u0219i<\/p>","protected":false},"featured_media":4514,"template":"","meta":[],"product_cat":[140],"product_tag":[],"class_list":{"0":"post-4513","1":"product","2":"type-product","3":"status-publish","4":"has-post-thumbnail","6":"product_cat-masini-de-tuns-iarba","8":"first","9":"instock","10":"shipping-taxable","11":"purchasable","12":"product-type-simple"},"yoast_head":"<!-- This site is optimized with the Yoast SEO plugin v20.12 - https:\/\/yoast.com\/wordpress\/plugins\/seo\/ -->\n<title>Pr\u0103\u0219itoare pentru motocoas\u0103 TOGO TG-28-275 - Modernteh<\/title>\n<meta name=\"description\" content=\"Pr\u0103\u0219itoare pentru motocoas\u0103 TOGO TG-28-275\" \/>\n<meta name=\"robots\" content=\"index, follow, max-snippet:-1, max-image-preview:large, max-video-preview:-1\" \/>\n<link rel=\"canonical\" href=\"https:\/\/modernteh.md\/ru\/catalog\/prasitoare-pentru-motocoasa-togo-tg-28-275\/\" \/>\n<meta property=\"og:locale\" content=\"ru_RU\" \/>\n<meta property=\"og:type\" content=\"article\" \/>\n<meta property=\"og:title\" content=\"Pr\u0103\u0219itoare pentru motocoas\u0103 TOGO TG-28-275 - Modernteh\" \/>\n<meta property=\"og:description\" content=\"Pr\u0103\u0219itoare pentru motocoas\u0103 TOGO TG-28-275\" \/>\n<meta property=\"og:url\" content=\"https:\/\/modernteh.md\/ru\/catalog\/prasitoare-pentru-motocoasa-togo-tg-28-275\/\" \/>\n<meta property=\"og:site_name\" content=\"Modernteh\" \/>\n<meta property=\"article:publisher\" content=\"https:\/\/www.facebook.com\/profile.php?id=100082695620019\" \/>\n<meta property=\"article:modified_time\" content=\"2025-06-26T08:48:41+00:00\" \/>\n<meta property=\"og:image\" content=\"https:\/\/modernteh.md\/wp-content\/uploads\/2025\/06\/xPrasitoareP20pentruP20motocoasaP20TOGOP20TG-28-275.png.pagespeed.ic_.wp04vTbLmH.png\" \/>\n\t<meta property=\"og:image:width\" content=\"800\" \/>\n\t<meta property=\"og:image:height\" content=\"800\" \/>\n\t<meta property=\"og:image:type\" content=\"image\/png\" \/>\n<meta name=\"twitter:card\" content=\"summary_large_image\" \/>\n<meta name=\"twitter:label1\" content=\"\u041f\u0440\u0438\u043c\u0435\u0440\u043d\u043e\u0435 \u0432\u0440\u0435\u043c\u044f \u0434\u043b\u044f \u0447\u0442\u0435\u043d\u0438\u044f\" \/>\n\t<meta name=\"twitter:data1\" content=\"1 \u043c\u0438\u043d\u0443\u0442\u0430\" \/>\n<script type=\"application\/ld+json\" class=\"yoast-schema-graph\">{\"@context\":\"https:\/\/schema.org\",\"@graph\":[{\"@type\":\"WebPage\",\"@id\":\"https:\/\/modernteh.md\/catalog\/prasitoare-pentru-motocoasa-togo-tg-28-275\/\",\"url\":\"https:\/\/modernteh.md\/catalog\/prasitoare-pentru-motocoasa-togo-tg-28-275\/\",\"name\":\"Pr\u0103\u0219itoare pentru motocoas\u0103 TOGO TG-28-275 - Modernteh\",\"isPartOf\":{\"@id\":\"https:\/\/modernteh.md\/#website\"},\"datePublished\":\"2025-06-26T08:48:40+00:00\",\"dateModified\":\"2025-06-26T08:48:41+00:00\",\"description\":\"Pr\u0103\u0219itoare pentru motocoas\u0103 TOGO TG-28-275\",\"breadcrumb\":{\"@id\":\"https:\/\/modernteh.md\/catalog\/prasitoare-pentru-motocoasa-togo-tg-28-275\/#breadcrumb\"},\"inLanguage\":\"ru-RU\",\"potentialAction\":[{\"@type\":\"ReadAction\",\"target\":[\"https:\/\/modernteh.md\/catalog\/prasitoare-pentru-motocoasa-togo-tg-28-275\/\"]}]},{\"@type\":\"BreadcrumbList\",\"@id\":\"https:\/\/modernteh.md\/catalog\/prasitoare-pentru-motocoasa-togo-tg-28-275\/#breadcrumb\",\"itemListElement\":[{\"@type\":\"ListItem\",\"position\":1,\"name\":\"Prima pagin\u0103\",\"item\":\"https:\/\/modernteh.md\/\"},{\"@type\":\"ListItem\",\"position\":2,\"name\":\"Catalog\",\"item\":\"https:\/\/modernteh.md\/catalog\/\"},{\"@type\":\"ListItem\",\"position\":3,\"name\":\"Pr\u0103\u0219itoare pentru motocoas\u0103 TOGO TG-28-275\"}]},{\"@type\":\"WebSite\",\"@id\":\"https:\/\/modernteh.md\/#website\",\"url\":\"https:\/\/modernteh.md\/\",\"name\":\"Modernteh\",\"description\":\"Modernteh\",\"publisher\":{\"@id\":\"https:\/\/modernteh.md\/#organization\"},\"potentialAction\":[{\"@type\":\"SearchAction\",\"target\":{\"@type\":\"EntryPoint\",\"urlTemplate\":\"https:\/\/modernteh.md\/?s={search_term_string}\"},\"query-input\":\"required name=search_term_string\"}],\"inLanguage\":\"ru-RU\"},{\"@type\":\"Organization\",\"@id\":\"https:\/\/modernteh.md\/#organization\",\"name\":\"Modernteh\",\"url\":\"https:\/\/modernteh.md\/\",\"logo\":{\"@type\":\"ImageObject\",\"inLanguage\":\"ru-RU\",\"@id\":\"https:\/\/modernteh.md\/#\/schema\/logo\/image\/\",\"url\":\"https:\/\/modernteh.md\/wp-content\/uploads\/2022\/06\/Logo_site-2.png\",\"contentUrl\":\"https:\/\/modernteh.md\/wp-content\/uploads\/2022\/06\/Logo_site-2.png\",\"width\":500,\"height\":487,\"caption\":\"Modernteh\"},\"image\":{\"@id\":\"https:\/\/modernteh.md\/#\/schema\/logo\/image\/\"},\"sameAs\":[\"https:\/\/www.facebook.com\/profile.php?id=100082695620019\"]}]}<\/script>\n<!-- \/ Yoast SEO plugin. -->","yoast_head_json":{"title":"Pr\u0103\u0219itoare pentru motocoas\u0103 TOGO TG-28-275 - Modernteh","description":"Pr\u0103\u0219itoare pentru motocoas\u0103 TOGO TG-28-275","robots":{"index":"index","follow":"follow","max-snippet":"max-snippet:-1","max-image-preview":"max-image-preview:large","max-video-preview":"max-video-preview:-1"},"canonical":"https:\/\/modernteh.md\/ru\/catalog\/prasitoare-pentru-motocoasa-togo-tg-28-275\/","og_locale":"ru_RU","og_type":"article","og_title":"Pr\u0103\u0219itoare pentru motocoas\u0103 TOGO TG-28-275 - Modernteh","og_description":"Pr\u0103\u0219itoare pentru motocoas\u0103 TOGO TG-28-275","og_url":"https:\/\/modernteh.md\/ru\/catalog\/prasitoare-pentru-motocoasa-togo-tg-28-275\/","og_site_name":"Modernteh","article_publisher":"https:\/\/www.facebook.com\/profile.php?id=100082695620019","article_modified_time":"2025-06-26T08:48:41+00:00","og_image":[{"width":800,"height":800,"url":"https:\/\/modernteh.md\/wp-content\/uploads\/2025\/06\/xPrasitoareP20pentruP20motocoasaP20TOGOP20TG-28-275.png.pagespeed.ic_.wp04vTbLmH.png","type":"image\/png"}],"twitter_card":"summary_large_image","twitter_misc":{"\u041f\u0440\u0438\u043c\u0435\u0440\u043d\u043e\u0435 \u0432\u0440\u0435\u043c\u044f \u0434\u043b\u044f \u0447\u0442\u0435\u043d\u0438\u044f":"1 \u043c\u0438\u043d\u0443\u0442\u0430"},"schema":{"@context":"https:\/\/schema.org","@graph":[{"@type":"WebPage","@id":"https:\/\/modernteh.md\/catalog\/prasitoare-pentru-motocoasa-togo-tg-28-275\/","url":"https:\/\/modernteh.md\/catalog\/prasitoare-pentru-motocoasa-togo-tg-28-275\/","name":"Pr\u0103\u0219itoare pentru motocoas\u0103 TOGO TG-28-275 - Modernteh","isPartOf":{"@id":"https:\/\/modernteh.md\/#website"},"datePublished":"2025-06-26T08:48:40+00:00","dateModified":"2025-06-26T08:48:41+00:00","description":"Pr\u0103\u0219itoare pentru motocoas\u0103 TOGO TG-28-275","breadcrumb":{"@id":"https:\/\/modernteh.md\/catalog\/prasitoare-pentru-motocoasa-togo-tg-28-275\/#breadcrumb"},"inLanguage":"ru-RU","potentialAction":[{"@type":"ReadAction","target":["https:\/\/modernteh.md\/catalog\/prasitoare-pentru-motocoasa-togo-tg-28-275\/"]}]},{"@type":"BreadcrumbList","@id":"https:\/\/modernteh.md\/catalog\/prasitoare-pentru-motocoasa-togo-tg-28-275\/#breadcrumb","itemListElement":[{"@type":"ListItem","position":1,"name":"Prima pagin\u0103","item":"https:\/\/modernteh.md\/"},{"@type":"ListItem","position":2,"name":"Catalog","item":"https:\/\/modernteh.md\/catalog\/"},{"@type":"ListItem","position":3,"name":"Pr\u0103\u0219itoare pentru motocoas\u0103 TOGO TG-28-275"}]},{"@type":"WebSite","@id":"https:\/\/modernteh.md\/#website","url":"https:\/\/modernteh.md\/","name":"Modernteh","description":"Modernteh","publisher":{"@id":"https:\/\/modernteh.md\/#organization"},"potentialAction":[{"@type":"SearchAction","target":{"@type":"EntryPoint","urlTemplate":"https:\/\/modernteh.md\/?s={search_term_string}"},"query-input":"required name=search_term_string"}],"inLanguage":"ru-RU"},{"@type":"Organization","@id":"https:\/\/modernteh.md\/#organization","name":"Modernteh","url":"https:\/\/modernteh.md\/","logo":{"@type":"ImageObject","inLanguage":"ru-RU","@id":"https:\/\/modernteh.md\/#\/schema\/logo\/image\/","url":"https:\/\/modernteh.md\/wp-content\/uploads\/2022\/06\/Logo_site-2.png","contentUrl":"https:\/\/modernteh.md\/wp-content\/uploads\/2022\/06\/Logo_site-2.png","width":500,"height":487,"caption":"Modernteh"},"image":{"@id":"https:\/\/modernteh.md\/#\/schema\/logo\/image\/"},"sameAs":["https:\/\/www.facebook.com\/profile.php?id=100082695620019"]}]}},"_links":{"self":[{"href":"https:\/\/modernteh.md\/ru\/wp-json\/wp\/v2\/product\/4513","targetHints":{"allow":["GET"]}}],"collection":[{"href":"https:\/\/modernteh.md\/ru\/wp-json\/wp\/v2\/product"}],"about":[{"href":"https:\/\/modernteh.md\/ru\/wp-json\/wp\/v2\/types\/product"}],"wp:featuredmedia":[{"embeddable":true,"href":"https:\/\/modernteh.md\/ru\/wp-json\/wp\/v2\/media\/4514"}],"wp:attachment":[{"href":"https:\/\/modernteh.md\/ru\/wp-json\/wp\/v2\/media?parent=4513"}],"wp:term":[{"taxonomy":"product_cat","embeddable":true,"href":"https:\/\/modernteh.md\/ru\/wp-json\/wp\/v2\/product_cat?post=4513"},{"taxonomy":"product_tag","embeddable":true,"href":"https:\/\/modernteh.md\/ru\/wp-json\/wp\/v2\/product_tag?post=4513"}],"curies":[{"name":"wp","href":"https:\/\/api.w.org\/{rel}","templated":true}]}}