{"id":4517,"date":"2025-06-26T09:02:27","date_gmt":"2025-06-26T09:02:27","guid":{"rendered":"https:\/\/modernteh.md\/?post_type=product&#038;p=4517"},"modified":"2025-06-26T09:02:28","modified_gmt":"2025-06-26T09:02:28","slug":"motofierastrau-pe-benzina-togo-tg-cs5200","status":"publish","type":"product","link":"https:\/\/modernteh.md\/ru\/catalog\/motofierastrau-pe-benzina-togo-tg-cs5200\/","title":{"rendered":"Motofierastr\u0103u pe benzin\u0103 TOGO TG-CS5200"},"content":{"rendered":"<h1>Motofierastr\u0103u pe benzin\u0103 TOGO TG-CS5200<\/h1>\n<p>este un fier\u0103str\u0103u pe benzin\u0103 puternic \u0219i fiabil, conceput pentru a face fa\u021b\u0103 diverselor lucr\u0103ri de t\u0103iere a lemnului, at\u00e2t \u00een regim profesional, c\u00e2t \u0219i casnic. Echipat cu un motor \u00een\u00a0<strong>doi timpi<\/strong>, cu un volum de\u00a0<strong>49,3 cm\u00b3<\/strong>\u00a0\u0219i o putere de\u00a0<strong>2000 W (2,7 CP)<\/strong>, acest fier\u0103str\u0103u ofer\u0103 performan\u021b\u0103 \u0219i eficien\u021b\u0103 superioare.<\/p>\n<p>Pornirea manual\u0103 asigur\u0103 o utilizare u\u0219oar\u0103 \u0219i rapid\u0103. Fier\u0103str\u0103ul vine cu\u00a0<strong>dou\u0103 lame interschimbabile<\/strong>\u00a0de\u00a0<strong>450 mm \u0219i 500 mm<\/strong>, ceea ce \u00ee\u021bi ofer\u0103 flexibilitate pentru diferite tipuri de t\u0103ieri.\u00a0<strong>Lan\u021burile cu pas de 0,325<\/strong>\u00a0ofer\u0103 o t\u0103iere stabil\u0103 \u0219i precis\u0103, iar\u00a0<strong>fr\u00e2na de lan\u021b<\/strong>\u00a0cre\u0219te nivelul de siguran\u021b\u0103 \u00een timpul lucrului.<\/p>\n<p>Cu un\u00a0<strong>rezervor de combustibil de 550 ml<\/strong>\u00a0\u0219i un\u00a0<strong>rezervor de ulei de 250 ml<\/strong>, Togo TG-CS5200 permite o operare de durat\u0103, f\u0103r\u0103 \u00eentreruperi frecvente.<\/p>\n<p><strong>Caracteristici tehnice:<\/strong><\/p>\n<ol>\n<li><strong>\u2713<\/strong>\u00a0Motor: 2 timpi, benzin\u0103<\/li>\n<li><strong>\u2713<\/strong>\u00a0Capacitate cilindric\u0103: 49,3 cm\u00b3<\/li>\n<li><strong>\u2713<\/strong>\u00a0Putere: 2000 W (2,7 CP)<\/li>\n<li><strong>\u2713<\/strong>\u00a0Lungime ghidaj: 450 mm \u0219i 500 mm<\/li>\n<li><strong>\u2713<\/strong>\u00a0Pas lan\u021b: 0,325<\/li>\n<li><strong>\u2713<\/strong>\u00a0Pornire: Manual\u0103<\/li>\n<li><strong>\u2713<\/strong>\u00a0Capacitate rezervor combustibil: 550 ml<\/li>\n<li><strong>\u2713<\/strong>\u00a0Capacitate rezervor ulei lan\u021b: 250 ml<\/li>\n<li><strong>\u2713<\/strong>\u00a0Fr\u00e2n\u0103 de lan\u021b: Da<\/li>\n<\/ol>\n<p><strong>Con\u021binut pachet:<\/strong><\/p>\n<ol>\n<li><strong>\u2713<\/strong>\u00a01 x Lam\u0103 450 mm<\/li>\n<li><strong>\u2713<\/strong>\u00a01 x Lam\u0103 500 mm<\/li>\n<li><strong>\u2713<\/strong>\u00a01 x Lan\u021b 450 mm<\/li>\n<li><strong>\u2713<\/strong>\u00a01 x Lan\u021b 500 mm<\/li>\n<li><strong>\u2713<\/strong>\u00a01 x Protec\u021bie lam\u0103<\/li>\n<li><strong>\u2713<\/strong>\u00a01 x Bidon pentru amestec combustibil<\/li>\n<li><strong>\u2713<\/strong>\u00a01 x Trus\u0103 de asamblare<\/li>\n<\/ol>","protected":false},"excerpt":{"rendered":"<p>Motofierastr\u0103u pe benzin\u0103 TOGO TG-CS5200 este un fier\u0103str\u0103u pe benzin\u0103 puternic \u0219i fiabil, conceput pentru a face fa\u021b\u0103 diverselor lucr\u0103ri<\/p>","protected":false},"featured_media":4518,"template":"","meta":[],"product_cat":[146],"product_tag":[],"class_list":{"0":"post-4517","1":"product","2":"type-product","3":"status-publish","4":"has-post-thumbnail","6":"product_cat-motoferastraie","8":"first","9":"instock","10":"shipping-taxable","11":"purchasable","12":"product-type-simple"},"yoast_head":"<!-- This site is optimized with the Yoast SEO plugin v20.12 - https:\/\/yoast.com\/wordpress\/plugins\/seo\/ -->\n<title>Motofierastr\u0103u pe benzin\u0103 TOGO TG-CS5200 - Modernteh<\/title>\n<meta name=\"description\" content=\"Motofierastr\u0103u pe benzin\u0103 TOGO TG-CS5200\" \/>\n<meta name=\"robots\" content=\"index, follow, max-snippet:-1, max-image-preview:large, max-video-preview:-1\" \/>\n<link rel=\"canonical\" href=\"https:\/\/modernteh.md\/ru\/catalog\/motofierastrau-pe-benzina-togo-tg-cs5200\/\" \/>\n<meta property=\"og:locale\" content=\"ru_RU\" \/>\n<meta property=\"og:type\" content=\"article\" \/>\n<meta property=\"og:title\" content=\"Motofierastr\u0103u pe benzin\u0103 TOGO TG-CS5200 - Modernteh\" \/>\n<meta property=\"og:description\" content=\"Motofierastr\u0103u pe benzin\u0103 TOGO TG-CS5200\" \/>\n<meta property=\"og:url\" content=\"https:\/\/modernteh.md\/ru\/catalog\/motofierastrau-pe-benzina-togo-tg-cs5200\/\" \/>\n<meta property=\"og:site_name\" content=\"Modernteh\" \/>\n<meta property=\"article:publisher\" content=\"https:\/\/www.facebook.com\/profile.php?id=100082695620019\" \/>\n<meta property=\"article:modified_time\" content=\"2025-06-26T09:02:28+00:00\" \/>\n<meta property=\"og:image\" content=\"https:\/\/modernteh.md\/wp-content\/uploads\/2025\/06\/Motofierastrau-pe-benzina-TOGO-TG-CS5200-new.png\" \/>\n\t<meta property=\"og:image:width\" content=\"800\" \/>\n\t<meta property=\"og:image:height\" content=\"800\" \/>\n\t<meta property=\"og:image:type\" content=\"image\/png\" \/>\n<meta name=\"twitter:card\" content=\"summary_large_image\" \/>\n<meta name=\"twitter:label1\" content=\"\u041f\u0440\u0438\u043c\u0435\u0440\u043d\u043e\u0435 \u0432\u0440\u0435\u043c\u044f \u0434\u043b\u044f \u0447\u0442\u0435\u043d\u0438\u044f\" \/>\n\t<meta name=\"twitter:data1\" content=\"2 \u043c\u0438\u043d\u0443\u0442\u044b\" \/>\n<script type=\"application\/ld+json\" class=\"yoast-schema-graph\">{\"@context\":\"https:\/\/schema.org\",\"@graph\":[{\"@type\":\"WebPage\",\"@id\":\"https:\/\/modernteh.md\/catalog\/motofierastrau-pe-benzina-togo-tg-cs5200\/\",\"url\":\"https:\/\/modernteh.md\/catalog\/motofierastrau-pe-benzina-togo-tg-cs5200\/\",\"name\":\"Motofierastr\u0103u pe benzin\u0103 TOGO TG-CS5200 - Modernteh\",\"isPartOf\":{\"@id\":\"https:\/\/modernteh.md\/#website\"},\"datePublished\":\"2025-06-26T09:02:27+00:00\",\"dateModified\":\"2025-06-26T09:02:28+00:00\",\"description\":\"Motofierastr\u0103u pe benzin\u0103 TOGO TG-CS5200\",\"breadcrumb\":{\"@id\":\"https:\/\/modernteh.md\/catalog\/motofierastrau-pe-benzina-togo-tg-cs5200\/#breadcrumb\"},\"inLanguage\":\"ru-RU\",\"potentialAction\":[{\"@type\":\"ReadAction\",\"target\":[\"https:\/\/modernteh.md\/catalog\/motofierastrau-pe-benzina-togo-tg-cs5200\/\"]}]},{\"@type\":\"BreadcrumbList\",\"@id\":\"https:\/\/modernteh.md\/catalog\/motofierastrau-pe-benzina-togo-tg-cs5200\/#breadcrumb\",\"itemListElement\":[{\"@type\":\"ListItem\",\"position\":1,\"name\":\"Prima pagin\u0103\",\"item\":\"https:\/\/modernteh.md\/\"},{\"@type\":\"ListItem\",\"position\":2,\"name\":\"Catalog\",\"item\":\"https:\/\/modernteh.md\/catalog\/\"},{\"@type\":\"ListItem\",\"position\":3,\"name\":\"Motofierastr\u0103u pe benzin\u0103 TOGO TG-CS5200\"}]},{\"@type\":\"WebSite\",\"@id\":\"https:\/\/modernteh.md\/#website\",\"url\":\"https:\/\/modernteh.md\/\",\"name\":\"Modernteh\",\"description\":\"Modernteh\",\"publisher\":{\"@id\":\"https:\/\/modernteh.md\/#organization\"},\"potentialAction\":[{\"@type\":\"SearchAction\",\"target\":{\"@type\":\"EntryPoint\",\"urlTemplate\":\"https:\/\/modernteh.md\/?s={search_term_string}\"},\"query-input\":\"required name=search_term_string\"}],\"inLanguage\":\"ru-RU\"},{\"@type\":\"Organization\",\"@id\":\"https:\/\/modernteh.md\/#organization\",\"name\":\"Modernteh\",\"url\":\"https:\/\/modernteh.md\/\",\"logo\":{\"@type\":\"ImageObject\",\"inLanguage\":\"ru-RU\",\"@id\":\"https:\/\/modernteh.md\/#\/schema\/logo\/image\/\",\"url\":\"https:\/\/modernteh.md\/wp-content\/uploads\/2022\/06\/Logo_site-2.png\",\"contentUrl\":\"https:\/\/modernteh.md\/wp-content\/uploads\/2022\/06\/Logo_site-2.png\",\"width\":500,\"height\":487,\"caption\":\"Modernteh\"},\"image\":{\"@id\":\"https:\/\/modernteh.md\/#\/schema\/logo\/image\/\"},\"sameAs\":[\"https:\/\/www.facebook.com\/profile.php?id=100082695620019\"]}]}<\/script>\n<!-- \/ Yoast SEO plugin. -->","yoast_head_json":{"title":"Motofierastr\u0103u pe benzin\u0103 TOGO TG-CS5200 - Modernteh","description":"Motofierastr\u0103u pe benzin\u0103 TOGO TG-CS5200","robots":{"index":"index","follow":"follow","max-snippet":"max-snippet:-1","max-image-preview":"max-image-preview:large","max-video-preview":"max-video-preview:-1"},"canonical":"https:\/\/modernteh.md\/ru\/catalog\/motofierastrau-pe-benzina-togo-tg-cs5200\/","og_locale":"ru_RU","og_type":"article","og_title":"Motofierastr\u0103u pe benzin\u0103 TOGO TG-CS5200 - Modernteh","og_description":"Motofierastr\u0103u pe benzin\u0103 TOGO TG-CS5200","og_url":"https:\/\/modernteh.md\/ru\/catalog\/motofierastrau-pe-benzina-togo-tg-cs5200\/","og_site_name":"Modernteh","article_publisher":"https:\/\/www.facebook.com\/profile.php?id=100082695620019","article_modified_time":"2025-06-26T09:02:28+00:00","og_image":[{"width":800,"height":800,"url":"https:\/\/modernteh.md\/wp-content\/uploads\/2025\/06\/Motofierastrau-pe-benzina-TOGO-TG-CS5200-new.png","type":"image\/png"}],"twitter_card":"summary_large_image","twitter_misc":{"\u041f\u0440\u0438\u043c\u0435\u0440\u043d\u043e\u0435 \u0432\u0440\u0435\u043c\u044f \u0434\u043b\u044f \u0447\u0442\u0435\u043d\u0438\u044f":"2 \u043c\u0438\u043d\u0443\u0442\u044b"},"schema":{"@context":"https:\/\/schema.org","@graph":[{"@type":"WebPage","@id":"https:\/\/modernteh.md\/catalog\/motofierastrau-pe-benzina-togo-tg-cs5200\/","url":"https:\/\/modernteh.md\/catalog\/motofierastrau-pe-benzina-togo-tg-cs5200\/","name":"Motofierastr\u0103u pe benzin\u0103 TOGO TG-CS5200 - Modernteh","isPartOf":{"@id":"https:\/\/modernteh.md\/#website"},"datePublished":"2025-06-26T09:02:27+00:00","dateModified":"2025-06-26T09:02:28+00:00","description":"Motofierastr\u0103u pe benzin\u0103 TOGO TG-CS5200","breadcrumb":{"@id":"https:\/\/modernteh.md\/catalog\/motofierastrau-pe-benzina-togo-tg-cs5200\/#breadcrumb"},"inLanguage":"ru-RU","potentialAction":[{"@type":"ReadAction","target":["https:\/\/modernteh.md\/catalog\/motofierastrau-pe-benzina-togo-tg-cs5200\/"]}]},{"@type":"BreadcrumbList","@id":"https:\/\/modernteh.md\/catalog\/motofierastrau-pe-benzina-togo-tg-cs5200\/#breadcrumb","itemListElement":[{"@type":"ListItem","position":1,"name":"Prima pagin\u0103","item":"https:\/\/modernteh.md\/"},{"@type":"ListItem","position":2,"name":"Catalog","item":"https:\/\/modernteh.md\/catalog\/"},{"@type":"ListItem","position":3,"name":"Motofierastr\u0103u pe benzin\u0103 TOGO TG-CS5200"}]},{"@type":"WebSite","@id":"https:\/\/modernteh.md\/#website","url":"https:\/\/modernteh.md\/","name":"Modernteh","description":"Modernteh","publisher":{"@id":"https:\/\/modernteh.md\/#organization"},"potentialAction":[{"@type":"SearchAction","target":{"@type":"EntryPoint","urlTemplate":"https:\/\/modernteh.md\/?s={search_term_string}"},"query-input":"required name=search_term_string"}],"inLanguage":"ru-RU"},{"@type":"Organization","@id":"https:\/\/modernteh.md\/#organization","name":"Modernteh","url":"https:\/\/modernteh.md\/","logo":{"@type":"ImageObject","inLanguage":"ru-RU","@id":"https:\/\/modernteh.md\/#\/schema\/logo\/image\/","url":"https:\/\/modernteh.md\/wp-content\/uploads\/2022\/06\/Logo_site-2.png","contentUrl":"https:\/\/modernteh.md\/wp-content\/uploads\/2022\/06\/Logo_site-2.png","width":500,"height":487,"caption":"Modernteh"},"image":{"@id":"https:\/\/modernteh.md\/#\/schema\/logo\/image\/"},"sameAs":["https:\/\/www.facebook.com\/profile.php?id=100082695620019"]}]}},"_links":{"self":[{"href":"https:\/\/modernteh.md\/ru\/wp-json\/wp\/v2\/product\/4517","targetHints":{"allow":["GET"]}}],"collection":[{"href":"https:\/\/modernteh.md\/ru\/wp-json\/wp\/v2\/product"}],"about":[{"href":"https:\/\/modernteh.md\/ru\/wp-json\/wp\/v2\/types\/product"}],"wp:featuredmedia":[{"embeddable":true,"href":"https:\/\/modernteh.md\/ru\/wp-json\/wp\/v2\/media\/4518"}],"wp:attachment":[{"href":"https:\/\/modernteh.md\/ru\/wp-json\/wp\/v2\/media?parent=4517"}],"wp:term":[{"taxonomy":"product_cat","embeddable":true,"href":"https:\/\/modernteh.md\/ru\/wp-json\/wp\/v2\/product_cat?post=4517"},{"taxonomy":"product_tag","embeddable":true,"href":"https:\/\/modernteh.md\/ru\/wp-json\/wp\/v2\/product_tag?post=4517"}],"curies":[{"name":"wp","href":"https:\/\/api.w.org\/{rel}","templated":true}]}}