{"id":4525,"date":"2025-06-26T09:24:08","date_gmt":"2025-06-26T09:24:08","guid":{"rendered":"https:\/\/modernteh.md\/?post_type=product&#038;p=4525"},"modified":"2025-06-26T09:31:40","modified_gmt":"2025-06-26T09:31:40","slug":"motosapa-pe-benzina-togo-tg-st4001","status":"publish","type":"product","link":"https:\/\/modernteh.md\/ru\/catalog\/motosapa-pe-benzina-togo-tg-st4001\/","title":{"rendered":"Motosap\u0103 pe benzin\u0103 TOGO TG-ST4001-3"},"content":{"rendered":"<h1>Motosap\u0103 pe benzin\u0103 TOGO TG-ST4001-3<\/h1>\n<p>este o motosap\u0103 robust\u0103 \u0219i eficient\u0103, conceput\u0103 pentru prelucrarea solului \u00een gr\u0103dini, sere sau terenuri agricole de dimensiuni mici \u0219i medii. Echipat\u0103 cu un\u00a0<strong>motor \u00een 4 timpi<\/strong>\u00a0de\u00a0<strong>1,6 kW (2 CP)<\/strong>\u00a0\u0219i o\u00a0<strong>capacitate cilindric\u0103 de 55 cm\u00b3<\/strong>, aceast\u0103 motosap\u0103 ofer\u0103 performan\u021be stabile \u0219i durabilitate ridicat\u0103.<\/p>\n<p><strong>Performan\u021b\u0103 superioar\u0103:<\/strong><\/p>\n<ol>\n<li><strong>Pornire manual\u0103<\/strong>\u00a0\u2013 u\u0219oar\u0103 \u0219i fiabil\u0103<\/li>\n<li><strong>Tura\u021bie ralanti:<\/strong>\u00a03000 rpm<\/li>\n<li><strong>Tura\u021bie maxim\u0103:<\/strong>\u00a08000 rpm<\/li>\n<li><strong>L\u0103\u021bime de lucru:<\/strong>\u00a0360 mm<\/li>\n<li><strong>Ad\u00e2ncime de lucru reglabil\u0103:<\/strong>\u00a0\u00eentre 140 \u0219i 200 mm<\/li>\n<\/ol>\n<p><i>Cu un\u00a0<strong>rezervor de combustibil de 2 litri<\/strong>, motosapa ofer\u0103 o autonomie excelent\u0103 pentru sesiuni de lucru mai lungi. Greutatea de\u00a0<strong>29 kg<\/strong>\u00a0contribuie la stabilitatea utilajului, f\u0103r\u0103 a compromite mobilitatea.<\/i><\/p>\n<p><strong>\u0422\u0435\u0445\u043d\u0438\u0447\u0435\u0441\u043a\u0438\u0435 \u0445\u0430\u0440\u0430\u043a\u0442\u0435\u0440\u0438\u0441\u0442\u0438\u043a\u0438:<\/strong><\/p>\n<ol>\n<li>Produc\u0103tor: TOGO<\/li>\n<li>Tip motor: 4 timpi<\/li>\n<li>Capacitate cilindric\u0103: 55 cm\u00b3<\/li>\n<li>Putere motor: 1,6 kW \/ 2 CP<\/li>\n<li>Tura\u021bie ralanti: 3000 rpm<\/li>\n<li>Tura\u021bie maxim\u0103: 8000 rpm<\/li>\n<li>L\u0103\u021bime de lucru: 360 mm<\/li>\n<li>Ad\u00e2ncime de lucru: 140\u2013200 mm<\/li>\n<li>Capacitate rezervor combustibil: 2 litri<\/li>\n<li>Greutate: 29 kg<\/li>\n<\/ol>","protected":false},"excerpt":{"rendered":"<p>Motosap\u0103 pe benzin\u0103 TOGO TG-ST4001-3 este o motosap\u0103 robust\u0103 \u0219i eficient\u0103, conceput\u0103 pentru prelucrarea solului \u00een gr\u0103dini, sere sau terenuri<\/p>","protected":false},"featured_media":4529,"template":"","meta":[],"product_cat":[142],"product_tag":[],"class_list":{"0":"post-4525","1":"product","2":"type-product","3":"status-publish","4":"has-post-thumbnail","6":"product_cat-motocultoare","8":"first","9":"instock","10":"shipping-taxable","11":"purchasable","12":"product-type-simple"},"yoast_head":"<!-- This site is optimized with the Yoast SEO plugin v20.12 - https:\/\/yoast.com\/wordpress\/plugins\/seo\/ -->\n<title>Motosap\u0103 pe benzin\u0103 TOGO TG-ST4001-3 - Modernteh<\/title>\n<meta name=\"description\" content=\"Motosap\u0103 pe benzin\u0103 TOGO TG-ST4001-3\" \/>\n<meta name=\"robots\" content=\"index, follow, max-snippet:-1, max-image-preview:large, max-video-preview:-1\" \/>\n<link rel=\"canonical\" href=\"https:\/\/modernteh.md\/ru\/catalog\/motosapa-pe-benzina-togo-tg-st4001\/\" \/>\n<meta property=\"og:locale\" content=\"ru_RU\" \/>\n<meta property=\"og:type\" content=\"article\" \/>\n<meta property=\"og:title\" content=\"Motosap\u0103 pe benzin\u0103 TOGO TG-ST4001-3 - Modernteh\" \/>\n<meta property=\"og:description\" content=\"Motosap\u0103 pe benzin\u0103 TOGO TG-ST4001-3\" \/>\n<meta property=\"og:url\" content=\"https:\/\/modernteh.md\/ru\/catalog\/motosapa-pe-benzina-togo-tg-st4001\/\" \/>\n<meta property=\"og:site_name\" content=\"Modernteh\" \/>\n<meta property=\"article:publisher\" content=\"https:\/\/www.facebook.com\/profile.php?id=100082695620019\" \/>\n<meta property=\"article:modified_time\" content=\"2025-06-26T09:31:40+00:00\" \/>\n<meta property=\"og:image\" content=\"https:\/\/modernteh.md\/wp-content\/uploads\/2025\/06\/xMotosapaP20peP20benzinaP20TOGOP20TG-ST4001-3.png.pagespeed.ic_.IAgYboNZ2n.png\" \/>\n\t<meta property=\"og:image:width\" content=\"800\" \/>\n\t<meta property=\"og:image:height\" content=\"800\" \/>\n\t<meta property=\"og:image:type\" content=\"image\/png\" \/>\n<meta name=\"twitter:card\" content=\"summary_large_image\" \/>\n<meta name=\"twitter:label1\" content=\"\u041f\u0440\u0438\u043c\u0435\u0440\u043d\u043e\u0435 \u0432\u0440\u0435\u043c\u044f \u0434\u043b\u044f \u0447\u0442\u0435\u043d\u0438\u044f\" \/>\n\t<meta name=\"twitter:data1\" content=\"1 \u043c\u0438\u043d\u0443\u0442\u0430\" \/>\n<script type=\"application\/ld+json\" class=\"yoast-schema-graph\">{\"@context\":\"https:\/\/schema.org\",\"@graph\":[{\"@type\":\"WebPage\",\"@id\":\"https:\/\/modernteh.md\/catalog\/motosapa-pe-benzina-togo-tg-st4001\/\",\"url\":\"https:\/\/modernteh.md\/catalog\/motosapa-pe-benzina-togo-tg-st4001\/\",\"name\":\"Motosap\u0103 pe benzin\u0103 TOGO TG-ST4001-3 - Modernteh\",\"isPartOf\":{\"@id\":\"https:\/\/modernteh.md\/#website\"},\"datePublished\":\"2025-06-26T09:24:08+00:00\",\"dateModified\":\"2025-06-26T09:31:40+00:00\",\"description\":\"Motosap\u0103 pe benzin\u0103 TOGO TG-ST4001-3\",\"breadcrumb\":{\"@id\":\"https:\/\/modernteh.md\/catalog\/motosapa-pe-benzina-togo-tg-st4001\/#breadcrumb\"},\"inLanguage\":\"ru-RU\",\"potentialAction\":[{\"@type\":\"ReadAction\",\"target\":[\"https:\/\/modernteh.md\/catalog\/motosapa-pe-benzina-togo-tg-st4001\/\"]}]},{\"@type\":\"BreadcrumbList\",\"@id\":\"https:\/\/modernteh.md\/catalog\/motosapa-pe-benzina-togo-tg-st4001\/#breadcrumb\",\"itemListElement\":[{\"@type\":\"ListItem\",\"position\":1,\"name\":\"Prima pagin\u0103\",\"item\":\"https:\/\/modernteh.md\/\"},{\"@type\":\"ListItem\",\"position\":2,\"name\":\"Catalog\",\"item\":\"https:\/\/modernteh.md\/catalog\/\"},{\"@type\":\"ListItem\",\"position\":3,\"name\":\"Motosap\u0103 pe benzin\u0103 TOGO TG-ST4001-3\"}]},{\"@type\":\"WebSite\",\"@id\":\"https:\/\/modernteh.md\/#website\",\"url\":\"https:\/\/modernteh.md\/\",\"name\":\"Modernteh\",\"description\":\"Modernteh\",\"publisher\":{\"@id\":\"https:\/\/modernteh.md\/#organization\"},\"potentialAction\":[{\"@type\":\"SearchAction\",\"target\":{\"@type\":\"EntryPoint\",\"urlTemplate\":\"https:\/\/modernteh.md\/?s={search_term_string}\"},\"query-input\":\"required name=search_term_string\"}],\"inLanguage\":\"ru-RU\"},{\"@type\":\"Organization\",\"@id\":\"https:\/\/modernteh.md\/#organization\",\"name\":\"Modernteh\",\"url\":\"https:\/\/modernteh.md\/\",\"logo\":{\"@type\":\"ImageObject\",\"inLanguage\":\"ru-RU\",\"@id\":\"https:\/\/modernteh.md\/#\/schema\/logo\/image\/\",\"url\":\"https:\/\/modernteh.md\/wp-content\/uploads\/2022\/06\/Logo_site-2.png\",\"contentUrl\":\"https:\/\/modernteh.md\/wp-content\/uploads\/2022\/06\/Logo_site-2.png\",\"width\":500,\"height\":487,\"caption\":\"Modernteh\"},\"image\":{\"@id\":\"https:\/\/modernteh.md\/#\/schema\/logo\/image\/\"},\"sameAs\":[\"https:\/\/www.facebook.com\/profile.php?id=100082695620019\"]}]}<\/script>\n<!-- \/ Yoast SEO plugin. -->","yoast_head_json":{"title":"Motosap\u0103 pe benzin\u0103 TOGO TG-ST4001-3 - Modernteh","description":"Motosap\u0103 pe benzin\u0103 TOGO TG-ST4001-3","robots":{"index":"index","follow":"follow","max-snippet":"max-snippet:-1","max-image-preview":"max-image-preview:large","max-video-preview":"max-video-preview:-1"},"canonical":"https:\/\/modernteh.md\/ru\/catalog\/motosapa-pe-benzina-togo-tg-st4001\/","og_locale":"ru_RU","og_type":"article","og_title":"Motosap\u0103 pe benzin\u0103 TOGO TG-ST4001-3 - Modernteh","og_description":"Motosap\u0103 pe benzin\u0103 TOGO TG-ST4001-3","og_url":"https:\/\/modernteh.md\/ru\/catalog\/motosapa-pe-benzina-togo-tg-st4001\/","og_site_name":"Modernteh","article_publisher":"https:\/\/www.facebook.com\/profile.php?id=100082695620019","article_modified_time":"2025-06-26T09:31:40+00:00","og_image":[{"width":800,"height":800,"url":"https:\/\/modernteh.md\/wp-content\/uploads\/2025\/06\/xMotosapaP20peP20benzinaP20TOGOP20TG-ST4001-3.png.pagespeed.ic_.IAgYboNZ2n.png","type":"image\/png"}],"twitter_card":"summary_large_image","twitter_misc":{"\u041f\u0440\u0438\u043c\u0435\u0440\u043d\u043e\u0435 \u0432\u0440\u0435\u043c\u044f \u0434\u043b\u044f \u0447\u0442\u0435\u043d\u0438\u044f":"1 \u043c\u0438\u043d\u0443\u0442\u0430"},"schema":{"@context":"https:\/\/schema.org","@graph":[{"@type":"WebPage","@id":"https:\/\/modernteh.md\/catalog\/motosapa-pe-benzina-togo-tg-st4001\/","url":"https:\/\/modernteh.md\/catalog\/motosapa-pe-benzina-togo-tg-st4001\/","name":"Motosap\u0103 pe benzin\u0103 TOGO TG-ST4001-3 - Modernteh","isPartOf":{"@id":"https:\/\/modernteh.md\/#website"},"datePublished":"2025-06-26T09:24:08+00:00","dateModified":"2025-06-26T09:31:40+00:00","description":"Motosap\u0103 pe benzin\u0103 TOGO TG-ST4001-3","breadcrumb":{"@id":"https:\/\/modernteh.md\/catalog\/motosapa-pe-benzina-togo-tg-st4001\/#breadcrumb"},"inLanguage":"ru-RU","potentialAction":[{"@type":"ReadAction","target":["https:\/\/modernteh.md\/catalog\/motosapa-pe-benzina-togo-tg-st4001\/"]}]},{"@type":"BreadcrumbList","@id":"https:\/\/modernteh.md\/catalog\/motosapa-pe-benzina-togo-tg-st4001\/#breadcrumb","itemListElement":[{"@type":"ListItem","position":1,"name":"Prima pagin\u0103","item":"https:\/\/modernteh.md\/"},{"@type":"ListItem","position":2,"name":"Catalog","item":"https:\/\/modernteh.md\/catalog\/"},{"@type":"ListItem","position":3,"name":"Motosap\u0103 pe benzin\u0103 TOGO TG-ST4001-3"}]},{"@type":"WebSite","@id":"https:\/\/modernteh.md\/#website","url":"https:\/\/modernteh.md\/","name":"Modernteh","description":"Modernteh","publisher":{"@id":"https:\/\/modernteh.md\/#organization"},"potentialAction":[{"@type":"SearchAction","target":{"@type":"EntryPoint","urlTemplate":"https:\/\/modernteh.md\/?s={search_term_string}"},"query-input":"required name=search_term_string"}],"inLanguage":"ru-RU"},{"@type":"Organization","@id":"https:\/\/modernteh.md\/#organization","name":"Modernteh","url":"https:\/\/modernteh.md\/","logo":{"@type":"ImageObject","inLanguage":"ru-RU","@id":"https:\/\/modernteh.md\/#\/schema\/logo\/image\/","url":"https:\/\/modernteh.md\/wp-content\/uploads\/2022\/06\/Logo_site-2.png","contentUrl":"https:\/\/modernteh.md\/wp-content\/uploads\/2022\/06\/Logo_site-2.png","width":500,"height":487,"caption":"Modernteh"},"image":{"@id":"https:\/\/modernteh.md\/#\/schema\/logo\/image\/"},"sameAs":["https:\/\/www.facebook.com\/profile.php?id=100082695620019"]}]}},"_links":{"self":[{"href":"https:\/\/modernteh.md\/ru\/wp-json\/wp\/v2\/product\/4525","targetHints":{"allow":["GET"]}}],"collection":[{"href":"https:\/\/modernteh.md\/ru\/wp-json\/wp\/v2\/product"}],"about":[{"href":"https:\/\/modernteh.md\/ru\/wp-json\/wp\/v2\/types\/product"}],"wp:featuredmedia":[{"embeddable":true,"href":"https:\/\/modernteh.md\/ru\/wp-json\/wp\/v2\/media\/4529"}],"wp:attachment":[{"href":"https:\/\/modernteh.md\/ru\/wp-json\/wp\/v2\/media?parent=4525"}],"wp:term":[{"taxonomy":"product_cat","embeddable":true,"href":"https:\/\/modernteh.md\/ru\/wp-json\/wp\/v2\/product_cat?post=4525"},{"taxonomy":"product_tag","embeddable":true,"href":"https:\/\/modernteh.md\/ru\/wp-json\/wp\/v2\/product_tag?post=4525"}],"curies":[{"name":"wp","href":"https:\/\/api.w.org\/{rel}","templated":true}]}}