{"id":4532,"date":"2025-06-26T09:39:41","date_gmt":"2025-06-26T09:39:41","guid":{"rendered":"https:\/\/modernteh.md\/?post_type=product&#038;p=4532"},"modified":"2025-06-26T09:39:42","modified_gmt":"2025-06-26T09:39:42","slug":"motosapa-pe-benzina-togo-tg-st3001","status":"publish","type":"product","link":"https:\/\/modernteh.md\/ru\/catalog\/motosapa-pe-benzina-togo-tg-st3001\/","title":{"rendered":"Motosapa pe benzina TOGO TG-ST3001"},"content":{"rendered":"<h1>Motosapa pe benzina TOGO TG-ST3001<\/h1>\n<div id=\"specifications\" class=\"tab-content features\">\n<div class=\"table-container\">\n<div class=\"table-row\">\n<div class=\"table-box\">\n<div class=\"table-title\">\n<h3>Producator:<span style=\"color: #333333; font-size: 16px;\">TOGO<\/span><\/h3>\n<\/div>\n<\/div>\n<div class=\"table-box\">\n<div class=\"table-title\">\n<h3>Alimentare:<span style=\"color: #333333; font-size: 16px;\">Benzina<\/span><\/h3>\n<\/div>\n<\/div>\n<\/div>\n<div class=\"table-row\">\n<div class=\"table-box\">\n<div class=\"table-title\">\n<h3>Putere motor:<span style=\"color: #333333; font-size: 16px;\">2000 W<\/span><\/h3>\n<\/div>\n<\/div>\n<div class=\"table-box\">\n<div class=\"table-title\">\n<h3>Tip motor:<span style=\"color: #333333; font-size: 16px;\">2 timpi<\/span><\/h3>\n<\/div>\n<\/div>\n<\/div>\n<div class=\"table-row\">\n<div class=\"table-box\">\n<div class=\"table-title\">\n<h3>Latime de lucru:<span style=\"color: #333333; font-size: 16px;\">45 cm<\/span><\/h3>\n<\/div>\n<\/div>\n<\/div>\n<div class=\"table-row\">\n<div class=\"table-box\">\n<div class=\"table-title\">\n<h3>Greutate:<span style=\"color: #333333; font-size: 16px;\">31 kg<\/span><\/h3>\n<\/div>\n<\/div>\n<div class=\"table-box\">\n<div class=\"table-title\">\n<h3>Tip pornire:<span style=\"color: #333333; font-size: 16px;\">Manuala<\/span><\/h3>\n<\/div>\n<\/div>\n<\/div>\n<div class=\"table-row\">\n<div class=\"table-box\">\n<div class=\"table-title\">\n<h3>Turatii motor:<span style=\"color: #333333; font-size: 16px;\">8000 rpm<\/span><\/h3>\n<\/div>\n<\/div>\n<\/div>\n<div class=\"table-row\">\n<div class=\"table-box\">\n<div class=\"table-title\">\n<h3>Numar viteze:<span style=\"color: #333333; font-size: 16px;\">1 inainte<\/span><\/h3>\n<\/div>\n<\/div>\n<div class=\"table-box\">\n<div class=\"table-title\">\n<h3>Volum rezervor combustibil:<span style=\"color: #333333; font-size: 16px;\">1.3 l<\/span><\/h3>\n<\/div>\n<\/div>\n<\/div>\n<div class=\"table-row\">\n<div class=\"table-box\">\n<div class=\"table-title\">\n<h3>Adancimea de prelucrare:<span style=\"color: #333333; font-size: 16px;\">150 &#8211; 220 mm<\/span><\/h3>\n<\/div>\n<\/div>\n<\/div>\n<\/div>\n<\/div>\n<div id=\"description\" class=\"tab-content description\">\n<div class=\"tab-title\">\n<h3>\u041e\u043f\u0438\u0441\u0430\u043d\u0438\u0435<\/h3>\n<\/div>\n<div class=\"content-info description-text\">\n<p>Motosapa pe benzina TOGO TG-ST3001 este un echipament puternic \u0219i eficient, perfect pentru a lucra \u00een gr\u0103din\u0103 sau \u00een agricultur\u0103. Aceast\u0103 motosap\u0103 este produs\u0103 de TOGO \u0219i vine echipat\u0103 cu un motor de 2 timpi \u0219i putere maxim\u0103 de 2.7 cai putere sau 2 kW. Cu o capacitate cilindric\u0103 de 63.3 cc \u0219i turatii motor de 8000 rpm, aceast\u0103 motosap\u0103 va face munca de prelucrare a solului mai u\u0219oar\u0103 \u0219i mai rapid\u0103. TG-ST3001 are o l\u0103\u021bime de prelucrare de 450 mm \u0219i o ad\u00e2ncime de prelucrare reglabil\u0103 \u00eentre 150 \u0219i 220 mm, ceea ce \u00ee\u021bi ofer\u0103 control total asupra procesului de lucru. Aceast\u0103 motosap\u0103 dispune de pornire manual\u0103 \u0219i un singur tip de vitez\u0103 \u00eenainte. Cu un rezervor de combustibil de 1.3 litri, vei putea lucra f\u0103r\u0103 \u00eentreruperi prelungite<\/p>\n<\/div>\n<\/div>","protected":false},"excerpt":{"rendered":"<p>Motosapa pe benzina TOGO TG-ST3001 Producator:TOGO Alimentare:Benzina Putere motor:2000 W Tip motor:2 timpi Latime de lucru:45 cm Greutate:31 kg Tip<\/p>","protected":false},"featured_media":4533,"template":"","meta":[],"product_cat":[142],"product_tag":[],"class_list":{"0":"post-4532","1":"product","2":"type-product","3":"status-publish","4":"has-post-thumbnail","6":"product_cat-motocultoare","8":"first","9":"instock","10":"shipping-taxable","11":"purchasable","12":"product-type-simple"},"yoast_head":"<!-- This site is optimized with the Yoast SEO plugin v20.12 - https:\/\/yoast.com\/wordpress\/plugins\/seo\/ -->\n<title>Motosapa pe benzina TOGO TG-ST3001 - Modernteh<\/title>\n<meta name=\"description\" content=\"Motosapa pe benzina TOGO TG-ST3001\" \/>\n<meta name=\"robots\" content=\"index, follow, max-snippet:-1, max-image-preview:large, max-video-preview:-1\" \/>\n<link rel=\"canonical\" href=\"https:\/\/modernteh.md\/ru\/catalog\/motosapa-pe-benzina-togo-tg-st3001\/\" \/>\n<meta property=\"og:locale\" content=\"ru_RU\" \/>\n<meta property=\"og:type\" content=\"article\" \/>\n<meta property=\"og:title\" content=\"Motosapa pe benzina TOGO TG-ST3001 - Modernteh\" \/>\n<meta property=\"og:description\" content=\"Motosapa pe benzina TOGO TG-ST3001\" \/>\n<meta property=\"og:url\" content=\"https:\/\/modernteh.md\/ru\/catalog\/motosapa-pe-benzina-togo-tg-st3001\/\" \/>\n<meta property=\"og:site_name\" content=\"Modernteh\" \/>\n<meta property=\"article:publisher\" content=\"https:\/\/www.facebook.com\/profile.php?id=100082695620019\" \/>\n<meta property=\"article:modified_time\" content=\"2025-06-26T09:39:42+00:00\" \/>\n<meta property=\"og:image\" content=\"https:\/\/modernteh.md\/wp-content\/uploads\/2025\/06\/ximg_6800e1158587f.png.pagespeed.ic_.cGg77eK9nz.png\" \/>\n\t<meta property=\"og:image:width\" content=\"800\" \/>\n\t<meta property=\"og:image:height\" content=\"800\" \/>\n\t<meta property=\"og:image:type\" content=\"image\/png\" \/>\n<meta name=\"twitter:card\" content=\"summary_large_image\" \/>\n<meta name=\"twitter:label1\" content=\"\u041f\u0440\u0438\u043c\u0435\u0440\u043d\u043e\u0435 \u0432\u0440\u0435\u043c\u044f \u0434\u043b\u044f \u0447\u0442\u0435\u043d\u0438\u044f\" \/>\n\t<meta name=\"twitter:data1\" content=\"1 \u043c\u0438\u043d\u0443\u0442\u0430\" \/>\n<script type=\"application\/ld+json\" class=\"yoast-schema-graph\">{\"@context\":\"https:\/\/schema.org\",\"@graph\":[{\"@type\":\"WebPage\",\"@id\":\"https:\/\/modernteh.md\/catalog\/motosapa-pe-benzina-togo-tg-st3001\/\",\"url\":\"https:\/\/modernteh.md\/catalog\/motosapa-pe-benzina-togo-tg-st3001\/\",\"name\":\"Motosapa pe benzina TOGO TG-ST3001 - Modernteh\",\"isPartOf\":{\"@id\":\"https:\/\/modernteh.md\/#website\"},\"datePublished\":\"2025-06-26T09:39:41+00:00\",\"dateModified\":\"2025-06-26T09:39:42+00:00\",\"description\":\"Motosapa pe benzina TOGO TG-ST3001\",\"breadcrumb\":{\"@id\":\"https:\/\/modernteh.md\/catalog\/motosapa-pe-benzina-togo-tg-st3001\/#breadcrumb\"},\"inLanguage\":\"ru-RU\",\"potentialAction\":[{\"@type\":\"ReadAction\",\"target\":[\"https:\/\/modernteh.md\/catalog\/motosapa-pe-benzina-togo-tg-st3001\/\"]}]},{\"@type\":\"BreadcrumbList\",\"@id\":\"https:\/\/modernteh.md\/catalog\/motosapa-pe-benzina-togo-tg-st3001\/#breadcrumb\",\"itemListElement\":[{\"@type\":\"ListItem\",\"position\":1,\"name\":\"Prima pagin\u0103\",\"item\":\"https:\/\/modernteh.md\/\"},{\"@type\":\"ListItem\",\"position\":2,\"name\":\"Catalog\",\"item\":\"https:\/\/modernteh.md\/catalog\/\"},{\"@type\":\"ListItem\",\"position\":3,\"name\":\"Motosapa pe benzina TOGO TG-ST3001\"}]},{\"@type\":\"WebSite\",\"@id\":\"https:\/\/modernteh.md\/#website\",\"url\":\"https:\/\/modernteh.md\/\",\"name\":\"Modernteh\",\"description\":\"Modernteh\",\"publisher\":{\"@id\":\"https:\/\/modernteh.md\/#organization\"},\"potentialAction\":[{\"@type\":\"SearchAction\",\"target\":{\"@type\":\"EntryPoint\",\"urlTemplate\":\"https:\/\/modernteh.md\/?s={search_term_string}\"},\"query-input\":\"required name=search_term_string\"}],\"inLanguage\":\"ru-RU\"},{\"@type\":\"Organization\",\"@id\":\"https:\/\/modernteh.md\/#organization\",\"name\":\"Modernteh\",\"url\":\"https:\/\/modernteh.md\/\",\"logo\":{\"@type\":\"ImageObject\",\"inLanguage\":\"ru-RU\",\"@id\":\"https:\/\/modernteh.md\/#\/schema\/logo\/image\/\",\"url\":\"https:\/\/modernteh.md\/wp-content\/uploads\/2022\/06\/Logo_site-2.png\",\"contentUrl\":\"https:\/\/modernteh.md\/wp-content\/uploads\/2022\/06\/Logo_site-2.png\",\"width\":500,\"height\":487,\"caption\":\"Modernteh\"},\"image\":{\"@id\":\"https:\/\/modernteh.md\/#\/schema\/logo\/image\/\"},\"sameAs\":[\"https:\/\/www.facebook.com\/profile.php?id=100082695620019\"]}]}<\/script>\n<!-- \/ Yoast SEO plugin. -->","yoast_head_json":{"title":"Motosapa pe benzina TOGO TG-ST3001 - Modernteh","description":"Motosapa pe benzina TOGO TG-ST3001","robots":{"index":"index","follow":"follow","max-snippet":"max-snippet:-1","max-image-preview":"max-image-preview:large","max-video-preview":"max-video-preview:-1"},"canonical":"https:\/\/modernteh.md\/ru\/catalog\/motosapa-pe-benzina-togo-tg-st3001\/","og_locale":"ru_RU","og_type":"article","og_title":"Motosapa pe benzina TOGO TG-ST3001 - Modernteh","og_description":"Motosapa pe benzina TOGO TG-ST3001","og_url":"https:\/\/modernteh.md\/ru\/catalog\/motosapa-pe-benzina-togo-tg-st3001\/","og_site_name":"Modernteh","article_publisher":"https:\/\/www.facebook.com\/profile.php?id=100082695620019","article_modified_time":"2025-06-26T09:39:42+00:00","og_image":[{"width":800,"height":800,"url":"https:\/\/modernteh.md\/wp-content\/uploads\/2025\/06\/ximg_6800e1158587f.png.pagespeed.ic_.cGg77eK9nz.png","type":"image\/png"}],"twitter_card":"summary_large_image","twitter_misc":{"\u041f\u0440\u0438\u043c\u0435\u0440\u043d\u043e\u0435 \u0432\u0440\u0435\u043c\u044f \u0434\u043b\u044f \u0447\u0442\u0435\u043d\u0438\u044f":"1 \u043c\u0438\u043d\u0443\u0442\u0430"},"schema":{"@context":"https:\/\/schema.org","@graph":[{"@type":"WebPage","@id":"https:\/\/modernteh.md\/catalog\/motosapa-pe-benzina-togo-tg-st3001\/","url":"https:\/\/modernteh.md\/catalog\/motosapa-pe-benzina-togo-tg-st3001\/","name":"Motosapa pe benzina TOGO TG-ST3001 - Modernteh","isPartOf":{"@id":"https:\/\/modernteh.md\/#website"},"datePublished":"2025-06-26T09:39:41+00:00","dateModified":"2025-06-26T09:39:42+00:00","description":"Motosapa pe benzina TOGO TG-ST3001","breadcrumb":{"@id":"https:\/\/modernteh.md\/catalog\/motosapa-pe-benzina-togo-tg-st3001\/#breadcrumb"},"inLanguage":"ru-RU","potentialAction":[{"@type":"ReadAction","target":["https:\/\/modernteh.md\/catalog\/motosapa-pe-benzina-togo-tg-st3001\/"]}]},{"@type":"BreadcrumbList","@id":"https:\/\/modernteh.md\/catalog\/motosapa-pe-benzina-togo-tg-st3001\/#breadcrumb","itemListElement":[{"@type":"ListItem","position":1,"name":"Prima pagin\u0103","item":"https:\/\/modernteh.md\/"},{"@type":"ListItem","position":2,"name":"Catalog","item":"https:\/\/modernteh.md\/catalog\/"},{"@type":"ListItem","position":3,"name":"Motosapa pe benzina TOGO TG-ST3001"}]},{"@type":"WebSite","@id":"https:\/\/modernteh.md\/#website","url":"https:\/\/modernteh.md\/","name":"Modernteh","description":"Modernteh","publisher":{"@id":"https:\/\/modernteh.md\/#organization"},"potentialAction":[{"@type":"SearchAction","target":{"@type":"EntryPoint","urlTemplate":"https:\/\/modernteh.md\/?s={search_term_string}"},"query-input":"required name=search_term_string"}],"inLanguage":"ru-RU"},{"@type":"Organization","@id":"https:\/\/modernteh.md\/#organization","name":"Modernteh","url":"https:\/\/modernteh.md\/","logo":{"@type":"ImageObject","inLanguage":"ru-RU","@id":"https:\/\/modernteh.md\/#\/schema\/logo\/image\/","url":"https:\/\/modernteh.md\/wp-content\/uploads\/2022\/06\/Logo_site-2.png","contentUrl":"https:\/\/modernteh.md\/wp-content\/uploads\/2022\/06\/Logo_site-2.png","width":500,"height":487,"caption":"Modernteh"},"image":{"@id":"https:\/\/modernteh.md\/#\/schema\/logo\/image\/"},"sameAs":["https:\/\/www.facebook.com\/profile.php?id=100082695620019"]}]}},"_links":{"self":[{"href":"https:\/\/modernteh.md\/ru\/wp-json\/wp\/v2\/product\/4532","targetHints":{"allow":["GET"]}}],"collection":[{"href":"https:\/\/modernteh.md\/ru\/wp-json\/wp\/v2\/product"}],"about":[{"href":"https:\/\/modernteh.md\/ru\/wp-json\/wp\/v2\/types\/product"}],"wp:featuredmedia":[{"embeddable":true,"href":"https:\/\/modernteh.md\/ru\/wp-json\/wp\/v2\/media\/4533"}],"wp:attachment":[{"href":"https:\/\/modernteh.md\/ru\/wp-json\/wp\/v2\/media?parent=4532"}],"wp:term":[{"taxonomy":"product_cat","embeddable":true,"href":"https:\/\/modernteh.md\/ru\/wp-json\/wp\/v2\/product_cat?post=4532"},{"taxonomy":"product_tag","embeddable":true,"href":"https:\/\/modernteh.md\/ru\/wp-json\/wp\/v2\/product_tag?post=4532"}],"curies":[{"name":"wp","href":"https:\/\/api.w.org\/{rel}","templated":true}]}}