{"id":4543,"date":"2025-06-26T10:14:41","date_gmt":"2025-06-26T10:14:41","guid":{"rendered":"https:\/\/modernteh.md\/?post_type=product&#038;p=4543"},"modified":"2025-06-26T10:14:42","modified_gmt":"2025-06-26T10:14:42","slug":"pompa-submersibila-demetra-4qgd1-2-100-0-75","status":"publish","type":"product","link":"https:\/\/modernteh.md\/ru\/catalog\/pompa-submersibila-demetra-4qgd1-2-100-0-75\/","title":{"rendered":"Pomp\u0103 submersibil\u0103 Demetra 4QGD1.2-100-0.75"},"content":{"rendered":"<h1>Pomp\u0103 submersibil\u0103 Demetra 4QGD1.2-100-0.75<\/h1>\n<p>este o\u00a0<strong>pomp\u0103 submersibil\u0103 de \u00eenalt\u0103 calitate<\/strong>, ideal\u0103 pentru uz casnic, ferme sau aplica\u021bii comerciale. Construit\u0103 din\u00a0<strong>o\u021bel inoxidabil durabil<\/strong>, ofer\u0103 performan\u021b\u0103 constant\u0103 \u0219i o durat\u0103 de via\u021b\u0103 \u00eendelungat\u0103.<\/p>\n<p>Cu o\u00a0<strong>putere de 1500 W (2 CP)<\/strong>\u00a0\u0219i alimentare la\u00a0<strong>220 V \/ 50 Hz<\/strong>, aceast\u0103 pomp\u0103 este capabil\u0103 s\u0103 livreze\u00a0<strong>un debit de 25 litri\/minut (1500 l\/h)<\/strong>\u00a0la\u00a0<strong>o \u00een\u0103l\u021bime maxim\u0103 de refulare de 70 m<\/strong>. Este dotat\u0103 cu\u00a0<strong>plutitor pentru oprire automat\u0103<\/strong>, protej\u00e2nd pompa de func\u021bionarea \u00een gol.<\/p>\n<p><strong>\u0422\u0435\u0445\u043d\u0438\u0447\u0435\u0441\u043a\u0438\u0435 \u0445\u0430\u0440\u0430\u043a\u0442\u0435\u0440\u0438\u0441\u0442\u0438\u043a\u0438:<\/strong><\/p>\n<ol>\n<li><strong>Putere:<\/strong>\u00a01500 W \/ 2 CP<\/li>\n<li><strong>Tensiune:<\/strong>\u00a0220 V | 50 Hz<\/li>\n<li><strong>Debit maxim:<\/strong>\u00a025 l\/min (1500 l\/h)<\/li>\n<li><strong>\u00cen\u0103l\u021bime max. refulare:<\/strong>\u00a070 m<\/li>\n<li><strong>Material carcas\u0103:<\/strong>\u00a0o\u021bel inoxidabil<\/li>\n<li><strong>Func\u021bie plutitor:<\/strong>\u00a0da (oprire automat\u0103)<\/li>\n<li><strong>Tip ap\u0103:<\/strong>\u00a0curat\u0103<\/li>\n<li><strong>Tip instalare:<\/strong>\u00a0submersibil\u0103<\/li>\n<\/ol>","protected":false},"excerpt":{"rendered":"<p>Pomp\u0103 submersibil\u0103 Demetra 4QGD1.2-100-0.75 este o\u00a0pomp\u0103 submersibil\u0103 de \u00eenalt\u0103 calitate, ideal\u0103 pentru uz casnic, ferme sau aplica\u021bii comerciale. Construit\u0103 din\u00a0o\u021bel<\/p>","protected":false},"featured_media":4544,"template":"","meta":[],"product_cat":[117],"product_tag":[],"class_list":{"0":"post-4543","1":"product","2":"type-product","3":"status-publish","4":"has-post-thumbnail","6":"product_cat-pompe-submersibile","8":"first","9":"instock","10":"shipping-taxable","11":"purchasable","12":"product-type-simple"},"yoast_head":"<!-- This site is optimized with the Yoast SEO plugin v20.12 - https:\/\/yoast.com\/wordpress\/plugins\/seo\/ -->\n<title>Pomp\u0103 submersibil\u0103 Demetra 4QGD1.2-100-0.75 - Modernteh<\/title>\n<meta name=\"description\" content=\"Pomp\u0103 submersibil\u0103 Demetra 4QGD1.2-100-0.75\" \/>\n<meta name=\"robots\" content=\"index, follow, max-snippet:-1, max-image-preview:large, max-video-preview:-1\" \/>\n<link rel=\"canonical\" href=\"https:\/\/modernteh.md\/ru\/catalog\/pompa-submersibila-demetra-4qgd1-2-100-0-75\/\" \/>\n<meta property=\"og:locale\" content=\"ru_RU\" \/>\n<meta property=\"og:type\" content=\"article\" \/>\n<meta property=\"og:title\" content=\"Pomp\u0103 submersibil\u0103 Demetra 4QGD1.2-100-0.75 - Modernteh\" \/>\n<meta property=\"og:description\" content=\"Pomp\u0103 submersibil\u0103 Demetra 4QGD1.2-100-0.75\" \/>\n<meta property=\"og:url\" content=\"https:\/\/modernteh.md\/ru\/catalog\/pompa-submersibila-demetra-4qgd1-2-100-0-75\/\" \/>\n<meta property=\"og:site_name\" content=\"Modernteh\" \/>\n<meta property=\"article:publisher\" content=\"https:\/\/www.facebook.com\/profile.php?id=100082695620019\" \/>\n<meta property=\"article:modified_time\" content=\"2025-06-26T10:14:42+00:00\" \/>\n<meta property=\"og:image\" content=\"https:\/\/modernteh.md\/wp-content\/uploads\/2025\/06\/Pompa-submersibila-Demetra-4QGD1.2-100-0.75.png\" \/>\n\t<meta property=\"og:image:width\" content=\"800\" \/>\n\t<meta property=\"og:image:height\" content=\"800\" \/>\n\t<meta property=\"og:image:type\" content=\"image\/png\" \/>\n<meta name=\"twitter:card\" content=\"summary_large_image\" \/>\n<meta name=\"twitter:label1\" content=\"\u041f\u0440\u0438\u043c\u0435\u0440\u043d\u043e\u0435 \u0432\u0440\u0435\u043c\u044f \u0434\u043b\u044f \u0447\u0442\u0435\u043d\u0438\u044f\" \/>\n\t<meta name=\"twitter:data1\" content=\"1 \u043c\u0438\u043d\u0443\u0442\u0430\" \/>\n<script type=\"application\/ld+json\" class=\"yoast-schema-graph\">{\"@context\":\"https:\/\/schema.org\",\"@graph\":[{\"@type\":\"WebPage\",\"@id\":\"https:\/\/modernteh.md\/catalog\/pompa-submersibila-demetra-4qgd1-2-100-0-75\/\",\"url\":\"https:\/\/modernteh.md\/catalog\/pompa-submersibila-demetra-4qgd1-2-100-0-75\/\",\"name\":\"Pomp\u0103 submersibil\u0103 Demetra 4QGD1.2-100-0.75 - Modernteh\",\"isPartOf\":{\"@id\":\"https:\/\/modernteh.md\/#website\"},\"datePublished\":\"2025-06-26T10:14:41+00:00\",\"dateModified\":\"2025-06-26T10:14:42+00:00\",\"description\":\"Pomp\u0103 submersibil\u0103 Demetra 4QGD1.2-100-0.75\",\"breadcrumb\":{\"@id\":\"https:\/\/modernteh.md\/catalog\/pompa-submersibila-demetra-4qgd1-2-100-0-75\/#breadcrumb\"},\"inLanguage\":\"ru-RU\",\"potentialAction\":[{\"@type\":\"ReadAction\",\"target\":[\"https:\/\/modernteh.md\/catalog\/pompa-submersibila-demetra-4qgd1-2-100-0-75\/\"]}]},{\"@type\":\"BreadcrumbList\",\"@id\":\"https:\/\/modernteh.md\/catalog\/pompa-submersibila-demetra-4qgd1-2-100-0-75\/#breadcrumb\",\"itemListElement\":[{\"@type\":\"ListItem\",\"position\":1,\"name\":\"Prima pagin\u0103\",\"item\":\"https:\/\/modernteh.md\/\"},{\"@type\":\"ListItem\",\"position\":2,\"name\":\"Catalog\",\"item\":\"https:\/\/modernteh.md\/catalog\/\"},{\"@type\":\"ListItem\",\"position\":3,\"name\":\"Pomp\u0103 submersibil\u0103 Demetra 4QGD1.2-100-0.75\"}]},{\"@type\":\"WebSite\",\"@id\":\"https:\/\/modernteh.md\/#website\",\"url\":\"https:\/\/modernteh.md\/\",\"name\":\"Modernteh\",\"description\":\"Modernteh\",\"publisher\":{\"@id\":\"https:\/\/modernteh.md\/#organization\"},\"potentialAction\":[{\"@type\":\"SearchAction\",\"target\":{\"@type\":\"EntryPoint\",\"urlTemplate\":\"https:\/\/modernteh.md\/?s={search_term_string}\"},\"query-input\":\"required name=search_term_string\"}],\"inLanguage\":\"ru-RU\"},{\"@type\":\"Organization\",\"@id\":\"https:\/\/modernteh.md\/#organization\",\"name\":\"Modernteh\",\"url\":\"https:\/\/modernteh.md\/\",\"logo\":{\"@type\":\"ImageObject\",\"inLanguage\":\"ru-RU\",\"@id\":\"https:\/\/modernteh.md\/#\/schema\/logo\/image\/\",\"url\":\"https:\/\/modernteh.md\/wp-content\/uploads\/2022\/06\/Logo_site-2.png\",\"contentUrl\":\"https:\/\/modernteh.md\/wp-content\/uploads\/2022\/06\/Logo_site-2.png\",\"width\":500,\"height\":487,\"caption\":\"Modernteh\"},\"image\":{\"@id\":\"https:\/\/modernteh.md\/#\/schema\/logo\/image\/\"},\"sameAs\":[\"https:\/\/www.facebook.com\/profile.php?id=100082695620019\"]}]}<\/script>\n<!-- \/ Yoast SEO plugin. -->","yoast_head_json":{"title":"Pomp\u0103 submersibil\u0103 Demetra 4QGD1.2-100-0.75 - Modernteh","description":"Pomp\u0103 submersibil\u0103 Demetra 4QGD1.2-100-0.75","robots":{"index":"index","follow":"follow","max-snippet":"max-snippet:-1","max-image-preview":"max-image-preview:large","max-video-preview":"max-video-preview:-1"},"canonical":"https:\/\/modernteh.md\/ru\/catalog\/pompa-submersibila-demetra-4qgd1-2-100-0-75\/","og_locale":"ru_RU","og_type":"article","og_title":"Pomp\u0103 submersibil\u0103 Demetra 4QGD1.2-100-0.75 - Modernteh","og_description":"Pomp\u0103 submersibil\u0103 Demetra 4QGD1.2-100-0.75","og_url":"https:\/\/modernteh.md\/ru\/catalog\/pompa-submersibila-demetra-4qgd1-2-100-0-75\/","og_site_name":"Modernteh","article_publisher":"https:\/\/www.facebook.com\/profile.php?id=100082695620019","article_modified_time":"2025-06-26T10:14:42+00:00","og_image":[{"width":800,"height":800,"url":"https:\/\/modernteh.md\/wp-content\/uploads\/2025\/06\/Pompa-submersibila-Demetra-4QGD1.2-100-0.75.png","type":"image\/png"}],"twitter_card":"summary_large_image","twitter_misc":{"\u041f\u0440\u0438\u043c\u0435\u0440\u043d\u043e\u0435 \u0432\u0440\u0435\u043c\u044f \u0434\u043b\u044f \u0447\u0442\u0435\u043d\u0438\u044f":"1 \u043c\u0438\u043d\u0443\u0442\u0430"},"schema":{"@context":"https:\/\/schema.org","@graph":[{"@type":"WebPage","@id":"https:\/\/modernteh.md\/catalog\/pompa-submersibila-demetra-4qgd1-2-100-0-75\/","url":"https:\/\/modernteh.md\/catalog\/pompa-submersibila-demetra-4qgd1-2-100-0-75\/","name":"Pomp\u0103 submersibil\u0103 Demetra 4QGD1.2-100-0.75 - Modernteh","isPartOf":{"@id":"https:\/\/modernteh.md\/#website"},"datePublished":"2025-06-26T10:14:41+00:00","dateModified":"2025-06-26T10:14:42+00:00","description":"Pomp\u0103 submersibil\u0103 Demetra 4QGD1.2-100-0.75","breadcrumb":{"@id":"https:\/\/modernteh.md\/catalog\/pompa-submersibila-demetra-4qgd1-2-100-0-75\/#breadcrumb"},"inLanguage":"ru-RU","potentialAction":[{"@type":"ReadAction","target":["https:\/\/modernteh.md\/catalog\/pompa-submersibila-demetra-4qgd1-2-100-0-75\/"]}]},{"@type":"BreadcrumbList","@id":"https:\/\/modernteh.md\/catalog\/pompa-submersibila-demetra-4qgd1-2-100-0-75\/#breadcrumb","itemListElement":[{"@type":"ListItem","position":1,"name":"Prima pagin\u0103","item":"https:\/\/modernteh.md\/"},{"@type":"ListItem","position":2,"name":"Catalog","item":"https:\/\/modernteh.md\/catalog\/"},{"@type":"ListItem","position":3,"name":"Pomp\u0103 submersibil\u0103 Demetra 4QGD1.2-100-0.75"}]},{"@type":"WebSite","@id":"https:\/\/modernteh.md\/#website","url":"https:\/\/modernteh.md\/","name":"Modernteh","description":"Modernteh","publisher":{"@id":"https:\/\/modernteh.md\/#organization"},"potentialAction":[{"@type":"SearchAction","target":{"@type":"EntryPoint","urlTemplate":"https:\/\/modernteh.md\/?s={search_term_string}"},"query-input":"required name=search_term_string"}],"inLanguage":"ru-RU"},{"@type":"Organization","@id":"https:\/\/modernteh.md\/#organization","name":"Modernteh","url":"https:\/\/modernteh.md\/","logo":{"@type":"ImageObject","inLanguage":"ru-RU","@id":"https:\/\/modernteh.md\/#\/schema\/logo\/image\/","url":"https:\/\/modernteh.md\/wp-content\/uploads\/2022\/06\/Logo_site-2.png","contentUrl":"https:\/\/modernteh.md\/wp-content\/uploads\/2022\/06\/Logo_site-2.png","width":500,"height":487,"caption":"Modernteh"},"image":{"@id":"https:\/\/modernteh.md\/#\/schema\/logo\/image\/"},"sameAs":["https:\/\/www.facebook.com\/profile.php?id=100082695620019"]}]}},"_links":{"self":[{"href":"https:\/\/modernteh.md\/ru\/wp-json\/wp\/v2\/product\/4543","targetHints":{"allow":["GET"]}}],"collection":[{"href":"https:\/\/modernteh.md\/ru\/wp-json\/wp\/v2\/product"}],"about":[{"href":"https:\/\/modernteh.md\/ru\/wp-json\/wp\/v2\/types\/product"}],"wp:featuredmedia":[{"embeddable":true,"href":"https:\/\/modernteh.md\/ru\/wp-json\/wp\/v2\/media\/4544"}],"wp:attachment":[{"href":"https:\/\/modernteh.md\/ru\/wp-json\/wp\/v2\/media?parent=4543"}],"wp:term":[{"taxonomy":"product_cat","embeddable":true,"href":"https:\/\/modernteh.md\/ru\/wp-json\/wp\/v2\/product_cat?post=4543"},{"taxonomy":"product_tag","embeddable":true,"href":"https:\/\/modernteh.md\/ru\/wp-json\/wp\/v2\/product_tag?post=4543"}],"curies":[{"name":"wp","href":"https:\/\/api.w.org\/{rel}","templated":true}]}}