{"id":4566,"date":"2025-06-30T09:19:19","date_gmt":"2025-06-30T09:19:19","guid":{"rendered":"https:\/\/modernteh.md\/?post_type=product&#038;p=4566"},"modified":"2025-06-30T09:19:20","modified_gmt":"2025-06-30T09:19:20","slug":"motoburghiu-pe-benzina-togo-tg-d003","status":"publish","type":"product","link":"https:\/\/modernteh.md\/ru\/catalog\/motoburghiu-pe-benzina-togo-tg-d003\/","title":{"rendered":"Motoburghiu pe benzin\u0103 TOGO TG-D003"},"content":{"rendered":"<h1>Motoburghiu pe benzin\u0103 TOGO TG-D003<\/h1>\n<p>Un motoburghiu\u00a0<strong>TOGO TG-D003<\/strong>\u00a0te scute\u0219te de efortul fizic al s\u0103p\u0103rii cu cazmaua. Este ideal pentru lucr\u0103ri precum plantarea st\u00e2lpilor \u00een vie, a pomilor \u00een livad\u0103 sau pentru diverse activit\u0103\u021bi \u00een gospod\u0103rie. Cu un motor puternic \u00een 4 timpi \u0219i o construc\u021bie robust\u0103, acest motoburghiu ofer\u0103 o solu\u021bie eficient\u0103 \u0219i rapid\u0103 pentru realizarea g\u0103urilor ad\u00e2nci \u0219i \u00eenguste \u00een sol.<\/p>\n<p>Burghiul inclus (\u00d8150 mm, ad\u00e2ncime 800 mm) permite s\u0103parea precis\u0103, ideal\u0103 pentru st\u00e2lpi, arbori sau funda\u021bii. Dispozitivul este compatibil \u0219i cu burghie de 100 mm \u0219i 200 mm, ceea ce \u00eel face versatil pentru orice nevoie din gr\u0103din\u0103 sau \u0219antier.<\/p>\n<p><strong>\u0422\u0435\u0445\u043d\u0438\u0447\u0435\u0441\u043a\u0438\u0435 \u0445\u0430\u0440\u0430\u043a\u0442\u0435\u0440\u0438\u0441\u0442\u0438\u043a\u0438:<\/strong><\/p>\n<ol>\n<li><strong>\u2713<\/strong>\u00a0<strong>Produc\u0103tor:<\/strong>\u00a0TOGO<\/li>\n<li><strong>\u2713<\/strong>\u00a0<strong>Model:<\/strong>\u00a0TG-D003<\/li>\n<li><strong>\u2713<\/strong>\u00a0<strong>Motor:<\/strong>\u00a04 timpi, benzin\u0103<\/li>\n<li><strong>\u2713<\/strong>\u00a0<strong>Pornire:<\/strong>\u00a0Manual\u0103<\/li>\n<li><strong>\u2713<\/strong>\u00a0<strong>Capacitate cilindric\u0103:<\/strong>\u00a055 cc<\/li>\n<li><strong>\u2713<\/strong>\u00a0<strong>Putere motor:<\/strong>\u00a01,6 kW \/ 2 CP<\/li>\n<li><strong>\u2713<\/strong>\u00a0<strong>Vitez\u0103 burghiu:<\/strong>\u00a00 \u2013 120 rpm<\/li>\n<li><strong>\u2713<\/strong>\u00a0<strong>Dimensiuni burghiu inclus:<\/strong>\u00a0800 x 150 mm<\/li>\n<li><strong>\u2713<\/strong>\u00a0<strong>Compatibilitate burghie:<\/strong>\u00a0\u00d8100, \u00d8150, \u00d8200 mm<\/li>\n<li><strong>\u2713<\/strong>\u00a0<strong>Nivel zgomot:<\/strong>\u00a0100 dB<\/li>\n<li><strong>\u2713<\/strong>\u00a0<strong>Rezervor combustibil:<\/strong>\u00a02 L<\/li>\n<li><strong>\u2713<\/strong>\u00a0<strong>Nivel vibra\u021bii:<\/strong>\u00a03,58 m\/s\u00b2<\/li>\n<li><strong>\u2713<\/strong>\u00a0<strong>Greutate:<\/strong>\u00a010,5 kg<\/li>\n<\/ol>","protected":false},"excerpt":{"rendered":"<p>Motoburghiu pe benzin\u0103 TOGO TG-D003 Un motoburghiu\u00a0TOGO TG-D003\u00a0te scute\u0219te de efortul fizic al s\u0103p\u0103rii cu cazmaua. Este ideal pentru lucr\u0103ri<\/p>","protected":false},"featured_media":4563,"template":"","meta":[],"product_cat":[121],"product_tag":[],"class_list":{"0":"post-4566","1":"product","2":"type-product","3":"status-publish","4":"has-post-thumbnail","6":"product_cat-motoare-benzina-diesel","8":"first","9":"instock","10":"shipping-taxable","11":"purchasable","12":"product-type-simple"},"yoast_head":"<!-- This site is optimized with the Yoast SEO plugin v20.12 - https:\/\/yoast.com\/wordpress\/plugins\/seo\/ -->\n<title>Motoburghiu pe benzin\u0103 TOGO TG-D003 - Modernteh<\/title>\n<meta name=\"description\" content=\"Motoburghiu pe benzin\u0103 TOGO TG-D003\" \/>\n<meta name=\"robots\" content=\"index, follow, max-snippet:-1, max-image-preview:large, max-video-preview:-1\" \/>\n<link rel=\"canonical\" href=\"https:\/\/modernteh.md\/ru\/catalog\/motoburghiu-pe-benzina-togo-tg-d003\/\" \/>\n<meta property=\"og:locale\" content=\"ru_RU\" \/>\n<meta property=\"og:type\" content=\"article\" \/>\n<meta property=\"og:title\" content=\"Motoburghiu pe benzin\u0103 TOGO TG-D003 - Modernteh\" \/>\n<meta property=\"og:description\" content=\"Motoburghiu pe benzin\u0103 TOGO TG-D003\" \/>\n<meta property=\"og:url\" content=\"https:\/\/modernteh.md\/ru\/catalog\/motoburghiu-pe-benzina-togo-tg-d003\/\" \/>\n<meta property=\"og:site_name\" content=\"Modernteh\" \/>\n<meta property=\"article:publisher\" content=\"https:\/\/www.facebook.com\/profile.php?id=100082695620019\" \/>\n<meta property=\"article:modified_time\" content=\"2025-06-30T09:19:20+00:00\" \/>\n<meta property=\"og:image\" content=\"https:\/\/modernteh.md\/wp-content\/uploads\/2025\/06\/Motoburghiu-pe-benzina-TOGO-TG-D001.png\" \/>\n\t<meta property=\"og:image:width\" content=\"800\" \/>\n\t<meta property=\"og:image:height\" content=\"800\" \/>\n\t<meta property=\"og:image:type\" content=\"image\/png\" \/>\n<meta name=\"twitter:card\" content=\"summary_large_image\" \/>\n<meta name=\"twitter:label1\" content=\"\u041f\u0440\u0438\u043c\u0435\u0440\u043d\u043e\u0435 \u0432\u0440\u0435\u043c\u044f \u0434\u043b\u044f \u0447\u0442\u0435\u043d\u0438\u044f\" \/>\n\t<meta name=\"twitter:data1\" content=\"1 \u043c\u0438\u043d\u0443\u0442\u0430\" \/>\n<script type=\"application\/ld+json\" class=\"yoast-schema-graph\">{\"@context\":\"https:\/\/schema.org\",\"@graph\":[{\"@type\":\"WebPage\",\"@id\":\"https:\/\/modernteh.md\/catalog\/motoburghiu-pe-benzina-togo-tg-d003\/\",\"url\":\"https:\/\/modernteh.md\/catalog\/motoburghiu-pe-benzina-togo-tg-d003\/\",\"name\":\"Motoburghiu pe benzin\u0103 TOGO TG-D003 - Modernteh\",\"isPartOf\":{\"@id\":\"https:\/\/modernteh.md\/#website\"},\"datePublished\":\"2025-06-30T09:19:19+00:00\",\"dateModified\":\"2025-06-30T09:19:20+00:00\",\"description\":\"Motoburghiu pe benzin\u0103 TOGO TG-D003\",\"breadcrumb\":{\"@id\":\"https:\/\/modernteh.md\/catalog\/motoburghiu-pe-benzina-togo-tg-d003\/#breadcrumb\"},\"inLanguage\":\"ru-RU\",\"potentialAction\":[{\"@type\":\"ReadAction\",\"target\":[\"https:\/\/modernteh.md\/catalog\/motoburghiu-pe-benzina-togo-tg-d003\/\"]}]},{\"@type\":\"BreadcrumbList\",\"@id\":\"https:\/\/modernteh.md\/catalog\/motoburghiu-pe-benzina-togo-tg-d003\/#breadcrumb\",\"itemListElement\":[{\"@type\":\"ListItem\",\"position\":1,\"name\":\"Prima pagin\u0103\",\"item\":\"https:\/\/modernteh.md\/\"},{\"@type\":\"ListItem\",\"position\":2,\"name\":\"Catalog\",\"item\":\"https:\/\/modernteh.md\/catalog\/\"},{\"@type\":\"ListItem\",\"position\":3,\"name\":\"Motoburghiu pe benzin\u0103 TOGO TG-D003\"}]},{\"@type\":\"WebSite\",\"@id\":\"https:\/\/modernteh.md\/#website\",\"url\":\"https:\/\/modernteh.md\/\",\"name\":\"Modernteh\",\"description\":\"Modernteh\",\"publisher\":{\"@id\":\"https:\/\/modernteh.md\/#organization\"},\"potentialAction\":[{\"@type\":\"SearchAction\",\"target\":{\"@type\":\"EntryPoint\",\"urlTemplate\":\"https:\/\/modernteh.md\/?s={search_term_string}\"},\"query-input\":\"required name=search_term_string\"}],\"inLanguage\":\"ru-RU\"},{\"@type\":\"Organization\",\"@id\":\"https:\/\/modernteh.md\/#organization\",\"name\":\"Modernteh\",\"url\":\"https:\/\/modernteh.md\/\",\"logo\":{\"@type\":\"ImageObject\",\"inLanguage\":\"ru-RU\",\"@id\":\"https:\/\/modernteh.md\/#\/schema\/logo\/image\/\",\"url\":\"https:\/\/modernteh.md\/wp-content\/uploads\/2022\/06\/Logo_site-2.png\",\"contentUrl\":\"https:\/\/modernteh.md\/wp-content\/uploads\/2022\/06\/Logo_site-2.png\",\"width\":500,\"height\":487,\"caption\":\"Modernteh\"},\"image\":{\"@id\":\"https:\/\/modernteh.md\/#\/schema\/logo\/image\/\"},\"sameAs\":[\"https:\/\/www.facebook.com\/profile.php?id=100082695620019\"]}]}<\/script>\n<!-- \/ Yoast SEO plugin. -->","yoast_head_json":{"title":"Motoburghiu pe benzin\u0103 TOGO TG-D003 - Modernteh","description":"Motoburghiu pe benzin\u0103 TOGO TG-D003","robots":{"index":"index","follow":"follow","max-snippet":"max-snippet:-1","max-image-preview":"max-image-preview:large","max-video-preview":"max-video-preview:-1"},"canonical":"https:\/\/modernteh.md\/ru\/catalog\/motoburghiu-pe-benzina-togo-tg-d003\/","og_locale":"ru_RU","og_type":"article","og_title":"Motoburghiu pe benzin\u0103 TOGO TG-D003 - Modernteh","og_description":"Motoburghiu pe benzin\u0103 TOGO TG-D003","og_url":"https:\/\/modernteh.md\/ru\/catalog\/motoburghiu-pe-benzina-togo-tg-d003\/","og_site_name":"Modernteh","article_publisher":"https:\/\/www.facebook.com\/profile.php?id=100082695620019","article_modified_time":"2025-06-30T09:19:20+00:00","og_image":[{"width":800,"height":800,"url":"https:\/\/modernteh.md\/wp-content\/uploads\/2025\/06\/Motoburghiu-pe-benzina-TOGO-TG-D001.png","type":"image\/png"}],"twitter_card":"summary_large_image","twitter_misc":{"\u041f\u0440\u0438\u043c\u0435\u0440\u043d\u043e\u0435 \u0432\u0440\u0435\u043c\u044f \u0434\u043b\u044f \u0447\u0442\u0435\u043d\u0438\u044f":"1 \u043c\u0438\u043d\u0443\u0442\u0430"},"schema":{"@context":"https:\/\/schema.org","@graph":[{"@type":"WebPage","@id":"https:\/\/modernteh.md\/catalog\/motoburghiu-pe-benzina-togo-tg-d003\/","url":"https:\/\/modernteh.md\/catalog\/motoburghiu-pe-benzina-togo-tg-d003\/","name":"Motoburghiu pe benzin\u0103 TOGO TG-D003 - Modernteh","isPartOf":{"@id":"https:\/\/modernteh.md\/#website"},"datePublished":"2025-06-30T09:19:19+00:00","dateModified":"2025-06-30T09:19:20+00:00","description":"Motoburghiu pe benzin\u0103 TOGO TG-D003","breadcrumb":{"@id":"https:\/\/modernteh.md\/catalog\/motoburghiu-pe-benzina-togo-tg-d003\/#breadcrumb"},"inLanguage":"ru-RU","potentialAction":[{"@type":"ReadAction","target":["https:\/\/modernteh.md\/catalog\/motoburghiu-pe-benzina-togo-tg-d003\/"]}]},{"@type":"BreadcrumbList","@id":"https:\/\/modernteh.md\/catalog\/motoburghiu-pe-benzina-togo-tg-d003\/#breadcrumb","itemListElement":[{"@type":"ListItem","position":1,"name":"Prima pagin\u0103","item":"https:\/\/modernteh.md\/"},{"@type":"ListItem","position":2,"name":"Catalog","item":"https:\/\/modernteh.md\/catalog\/"},{"@type":"ListItem","position":3,"name":"Motoburghiu pe benzin\u0103 TOGO TG-D003"}]},{"@type":"WebSite","@id":"https:\/\/modernteh.md\/#website","url":"https:\/\/modernteh.md\/","name":"Modernteh","description":"Modernteh","publisher":{"@id":"https:\/\/modernteh.md\/#organization"},"potentialAction":[{"@type":"SearchAction","target":{"@type":"EntryPoint","urlTemplate":"https:\/\/modernteh.md\/?s={search_term_string}"},"query-input":"required name=search_term_string"}],"inLanguage":"ru-RU"},{"@type":"Organization","@id":"https:\/\/modernteh.md\/#organization","name":"Modernteh","url":"https:\/\/modernteh.md\/","logo":{"@type":"ImageObject","inLanguage":"ru-RU","@id":"https:\/\/modernteh.md\/#\/schema\/logo\/image\/","url":"https:\/\/modernteh.md\/wp-content\/uploads\/2022\/06\/Logo_site-2.png","contentUrl":"https:\/\/modernteh.md\/wp-content\/uploads\/2022\/06\/Logo_site-2.png","width":500,"height":487,"caption":"Modernteh"},"image":{"@id":"https:\/\/modernteh.md\/#\/schema\/logo\/image\/"},"sameAs":["https:\/\/www.facebook.com\/profile.php?id=100082695620019"]}]}},"_links":{"self":[{"href":"https:\/\/modernteh.md\/ru\/wp-json\/wp\/v2\/product\/4566","targetHints":{"allow":["GET"]}}],"collection":[{"href":"https:\/\/modernteh.md\/ru\/wp-json\/wp\/v2\/product"}],"about":[{"href":"https:\/\/modernteh.md\/ru\/wp-json\/wp\/v2\/types\/product"}],"wp:featuredmedia":[{"embeddable":true,"href":"https:\/\/modernteh.md\/ru\/wp-json\/wp\/v2\/media\/4563"}],"wp:attachment":[{"href":"https:\/\/modernteh.md\/ru\/wp-json\/wp\/v2\/media?parent=4566"}],"wp:term":[{"taxonomy":"product_cat","embeddable":true,"href":"https:\/\/modernteh.md\/ru\/wp-json\/wp\/v2\/product_cat?post=4566"},{"taxonomy":"product_tag","embeddable":true,"href":"https:\/\/modernteh.md\/ru\/wp-json\/wp\/v2\/product_tag?post=4566"}],"curies":[{"name":"wp","href":"https:\/\/api.w.org\/{rel}","templated":true}]}}