{"id":4569,"date":"2025-06-30T09:37:17","date_gmt":"2025-06-30T09:37:17","guid":{"rendered":"https:\/\/modernteh.md\/?post_type=product&#038;p=4569"},"modified":"2025-06-30T09:37:18","modified_gmt":"2025-06-30T09:37:18","slug":"disc-cu-40-dinti-pentru-motocoasa-togo-40t","status":"publish","type":"product","link":"https:\/\/modernteh.md\/ru\/catalog\/disc-cu-40-dinti-pentru-motocoasa-togo-40t\/","title":{"rendered":"Disc cu 40 din\u021bi pentru motocoas\u0103 TOGO 40T"},"content":{"rendered":"<h1>Disc cu 40 din\u021bi pentru motocoas\u0103 TOGO 40T<\/h1>\n<p><strong>Discul TOGO 40T<\/strong>\u00a0cu\u00a0<strong>40 de din\u021bi<\/strong>\u00a0este alegerea ideal\u0103 pentru utilizatorii care doresc s\u0103 \u00eembun\u0103t\u0103\u021beasc\u0103 performan\u021ba motocoasei lor. Fabricat din\u00a0<strong>o\u021bel inoxidabil de \u00eenalt\u0103 calitate<\/strong>, acest disc asigur\u0103\u00a0<strong>durabilitate<\/strong>\u00a0\u0219i\u00a0<strong>rezisten\u021b\u0103 sporit\u0103<\/strong>\u00a0la uzur\u0103, fiind perfect pentru lucr\u0103ri intense \u00een gr\u0103din\u0103 sau pe teren accidentat.<\/p>\n<p>Num\u0103rul mare de din\u021bi contribuie la o\u00a0<strong>t\u0103iere precis\u0103, curat\u0103 \u0219i eficient\u0103<\/strong>, at\u00e2t pentru iarb\u0103 deas\u0103, c\u00e2t \u0219i pentru arbu\u0219ti sau vegeta\u021bie mai dur\u0103. Compatibil cu majoritatea motocoaselor dotate cu sistem de prindere standard, TOGO 40T este un accesoriu fiabil \u0219i de lung\u0103 durat\u0103.<\/p>\n<p><strong>Caracteristici tehnice:<\/strong><\/p>\n<ol>\n<li>Produc\u0103tor: TOGO<\/li>\n<li>Model: 40T<\/li>\n<li>Num\u0103r din\u021bi: 40<\/li>\n<li>Material: O\u021bel inoxidabil<\/li>\n<li>Utilizare: T\u0103iere iarb\u0103, arbu\u0219ti, vegeta\u021bie dens\u0103<\/li>\n<\/ol>","protected":false},"excerpt":{"rendered":"<p>Disc cu 40 din\u021bi pentru motocoas\u0103 TOGO 40T Discul TOGO 40T\u00a0cu\u00a040 de din\u021bi\u00a0este alegerea ideal\u0103 pentru utilizatorii care doresc s\u0103<\/p>","protected":false},"featured_media":4570,"template":"","meta":[],"product_cat":[140],"product_tag":[],"class_list":{"0":"post-4569","1":"product","2":"type-product","3":"status-publish","4":"has-post-thumbnail","6":"product_cat-masini-de-tuns-iarba","8":"first","9":"instock","10":"shipping-taxable","11":"purchasable","12":"product-type-simple"},"yoast_head":"<!-- This site is optimized with the Yoast SEO plugin v20.12 - https:\/\/yoast.com\/wordpress\/plugins\/seo\/ -->\n<title>Disc cu 40 din\u021bi pentru motocoas\u0103 TOGO 40T - Modernteh<\/title>\n<meta name=\"description\" content=\"Disc cu 40 din\u021bi pentru motocoas\u0103 TOGO 40T\" \/>\n<meta name=\"robots\" content=\"index, follow, max-snippet:-1, max-image-preview:large, max-video-preview:-1\" \/>\n<link rel=\"canonical\" href=\"https:\/\/modernteh.md\/ru\/catalog\/disc-cu-40-dinti-pentru-motocoasa-togo-40t\/\" \/>\n<meta property=\"og:locale\" content=\"ru_RU\" \/>\n<meta property=\"og:type\" content=\"article\" \/>\n<meta property=\"og:title\" content=\"Disc cu 40 din\u021bi pentru motocoas\u0103 TOGO 40T - Modernteh\" \/>\n<meta property=\"og:description\" content=\"Disc cu 40 din\u021bi pentru motocoas\u0103 TOGO 40T\" \/>\n<meta property=\"og:url\" content=\"https:\/\/modernteh.md\/ru\/catalog\/disc-cu-40-dinti-pentru-motocoasa-togo-40t\/\" \/>\n<meta property=\"og:site_name\" content=\"Modernteh\" \/>\n<meta property=\"article:publisher\" content=\"https:\/\/www.facebook.com\/profile.php?id=100082695620019\" \/>\n<meta property=\"article:modified_time\" content=\"2025-06-30T09:37:18+00:00\" \/>\n<meta property=\"og:image\" content=\"https:\/\/modernteh.md\/wp-content\/uploads\/2025\/06\/Disc-in-40-dinti-pentru-motocoasa-TOGO-40T.png\" \/>\n\t<meta property=\"og:image:width\" content=\"500\" \/>\n\t<meta property=\"og:image:height\" content=\"500\" \/>\n\t<meta property=\"og:image:type\" content=\"image\/png\" \/>\n<meta name=\"twitter:card\" content=\"summary_large_image\" \/>\n<meta name=\"twitter:label1\" content=\"\u041f\u0440\u0438\u043c\u0435\u0440\u043d\u043e\u0435 \u0432\u0440\u0435\u043c\u044f \u0434\u043b\u044f \u0447\u0442\u0435\u043d\u0438\u044f\" \/>\n\t<meta name=\"twitter:data1\" content=\"1 \u043c\u0438\u043d\u0443\u0442\u0430\" \/>\n<script type=\"application\/ld+json\" class=\"yoast-schema-graph\">{\"@context\":\"https:\/\/schema.org\",\"@graph\":[{\"@type\":\"WebPage\",\"@id\":\"https:\/\/modernteh.md\/catalog\/disc-cu-40-dinti-pentru-motocoasa-togo-40t\/\",\"url\":\"https:\/\/modernteh.md\/catalog\/disc-cu-40-dinti-pentru-motocoasa-togo-40t\/\",\"name\":\"Disc cu 40 din\u021bi pentru motocoas\u0103 TOGO 40T - Modernteh\",\"isPartOf\":{\"@id\":\"https:\/\/modernteh.md\/#website\"},\"datePublished\":\"2025-06-30T09:37:17+00:00\",\"dateModified\":\"2025-06-30T09:37:18+00:00\",\"description\":\"Disc cu 40 din\u021bi pentru motocoas\u0103 TOGO 40T\",\"breadcrumb\":{\"@id\":\"https:\/\/modernteh.md\/catalog\/disc-cu-40-dinti-pentru-motocoasa-togo-40t\/#breadcrumb\"},\"inLanguage\":\"ru-RU\",\"potentialAction\":[{\"@type\":\"ReadAction\",\"target\":[\"https:\/\/modernteh.md\/catalog\/disc-cu-40-dinti-pentru-motocoasa-togo-40t\/\"]}]},{\"@type\":\"BreadcrumbList\",\"@id\":\"https:\/\/modernteh.md\/catalog\/disc-cu-40-dinti-pentru-motocoasa-togo-40t\/#breadcrumb\",\"itemListElement\":[{\"@type\":\"ListItem\",\"position\":1,\"name\":\"Prima pagin\u0103\",\"item\":\"https:\/\/modernteh.md\/\"},{\"@type\":\"ListItem\",\"position\":2,\"name\":\"Catalog\",\"item\":\"https:\/\/modernteh.md\/catalog\/\"},{\"@type\":\"ListItem\",\"position\":3,\"name\":\"Disc cu 40 din\u021bi pentru motocoas\u0103 TOGO 40T\"}]},{\"@type\":\"WebSite\",\"@id\":\"https:\/\/modernteh.md\/#website\",\"url\":\"https:\/\/modernteh.md\/\",\"name\":\"Modernteh\",\"description\":\"Modernteh\",\"publisher\":{\"@id\":\"https:\/\/modernteh.md\/#organization\"},\"potentialAction\":[{\"@type\":\"SearchAction\",\"target\":{\"@type\":\"EntryPoint\",\"urlTemplate\":\"https:\/\/modernteh.md\/?s={search_term_string}\"},\"query-input\":\"required name=search_term_string\"}],\"inLanguage\":\"ru-RU\"},{\"@type\":\"Organization\",\"@id\":\"https:\/\/modernteh.md\/#organization\",\"name\":\"Modernteh\",\"url\":\"https:\/\/modernteh.md\/\",\"logo\":{\"@type\":\"ImageObject\",\"inLanguage\":\"ru-RU\",\"@id\":\"https:\/\/modernteh.md\/#\/schema\/logo\/image\/\",\"url\":\"https:\/\/modernteh.md\/wp-content\/uploads\/2022\/06\/Logo_site-2.png\",\"contentUrl\":\"https:\/\/modernteh.md\/wp-content\/uploads\/2022\/06\/Logo_site-2.png\",\"width\":500,\"height\":487,\"caption\":\"Modernteh\"},\"image\":{\"@id\":\"https:\/\/modernteh.md\/#\/schema\/logo\/image\/\"},\"sameAs\":[\"https:\/\/www.facebook.com\/profile.php?id=100082695620019\"]}]}<\/script>\n<!-- \/ Yoast SEO plugin. -->","yoast_head_json":{"title":"Disc cu 40 din\u021bi pentru motocoas\u0103 TOGO 40T - Modernteh","description":"Disc cu 40 din\u021bi pentru motocoas\u0103 TOGO 40T","robots":{"index":"index","follow":"follow","max-snippet":"max-snippet:-1","max-image-preview":"max-image-preview:large","max-video-preview":"max-video-preview:-1"},"canonical":"https:\/\/modernteh.md\/ru\/catalog\/disc-cu-40-dinti-pentru-motocoasa-togo-40t\/","og_locale":"ru_RU","og_type":"article","og_title":"Disc cu 40 din\u021bi pentru motocoas\u0103 TOGO 40T - Modernteh","og_description":"Disc cu 40 din\u021bi pentru motocoas\u0103 TOGO 40T","og_url":"https:\/\/modernteh.md\/ru\/catalog\/disc-cu-40-dinti-pentru-motocoasa-togo-40t\/","og_site_name":"Modernteh","article_publisher":"https:\/\/www.facebook.com\/profile.php?id=100082695620019","article_modified_time":"2025-06-30T09:37:18+00:00","og_image":[{"width":500,"height":500,"url":"https:\/\/modernteh.md\/wp-content\/uploads\/2025\/06\/Disc-in-40-dinti-pentru-motocoasa-TOGO-40T.png","type":"image\/png"}],"twitter_card":"summary_large_image","twitter_misc":{"\u041f\u0440\u0438\u043c\u0435\u0440\u043d\u043e\u0435 \u0432\u0440\u0435\u043c\u044f \u0434\u043b\u044f \u0447\u0442\u0435\u043d\u0438\u044f":"1 \u043c\u0438\u043d\u0443\u0442\u0430"},"schema":{"@context":"https:\/\/schema.org","@graph":[{"@type":"WebPage","@id":"https:\/\/modernteh.md\/catalog\/disc-cu-40-dinti-pentru-motocoasa-togo-40t\/","url":"https:\/\/modernteh.md\/catalog\/disc-cu-40-dinti-pentru-motocoasa-togo-40t\/","name":"Disc cu 40 din\u021bi pentru motocoas\u0103 TOGO 40T - Modernteh","isPartOf":{"@id":"https:\/\/modernteh.md\/#website"},"datePublished":"2025-06-30T09:37:17+00:00","dateModified":"2025-06-30T09:37:18+00:00","description":"Disc cu 40 din\u021bi pentru motocoas\u0103 TOGO 40T","breadcrumb":{"@id":"https:\/\/modernteh.md\/catalog\/disc-cu-40-dinti-pentru-motocoasa-togo-40t\/#breadcrumb"},"inLanguage":"ru-RU","potentialAction":[{"@type":"ReadAction","target":["https:\/\/modernteh.md\/catalog\/disc-cu-40-dinti-pentru-motocoasa-togo-40t\/"]}]},{"@type":"BreadcrumbList","@id":"https:\/\/modernteh.md\/catalog\/disc-cu-40-dinti-pentru-motocoasa-togo-40t\/#breadcrumb","itemListElement":[{"@type":"ListItem","position":1,"name":"Prima pagin\u0103","item":"https:\/\/modernteh.md\/"},{"@type":"ListItem","position":2,"name":"Catalog","item":"https:\/\/modernteh.md\/catalog\/"},{"@type":"ListItem","position":3,"name":"Disc cu 40 din\u021bi pentru motocoas\u0103 TOGO 40T"}]},{"@type":"WebSite","@id":"https:\/\/modernteh.md\/#website","url":"https:\/\/modernteh.md\/","name":"Modernteh","description":"Modernteh","publisher":{"@id":"https:\/\/modernteh.md\/#organization"},"potentialAction":[{"@type":"SearchAction","target":{"@type":"EntryPoint","urlTemplate":"https:\/\/modernteh.md\/?s={search_term_string}"},"query-input":"required name=search_term_string"}],"inLanguage":"ru-RU"},{"@type":"Organization","@id":"https:\/\/modernteh.md\/#organization","name":"Modernteh","url":"https:\/\/modernteh.md\/","logo":{"@type":"ImageObject","inLanguage":"ru-RU","@id":"https:\/\/modernteh.md\/#\/schema\/logo\/image\/","url":"https:\/\/modernteh.md\/wp-content\/uploads\/2022\/06\/Logo_site-2.png","contentUrl":"https:\/\/modernteh.md\/wp-content\/uploads\/2022\/06\/Logo_site-2.png","width":500,"height":487,"caption":"Modernteh"},"image":{"@id":"https:\/\/modernteh.md\/#\/schema\/logo\/image\/"},"sameAs":["https:\/\/www.facebook.com\/profile.php?id=100082695620019"]}]}},"_links":{"self":[{"href":"https:\/\/modernteh.md\/ru\/wp-json\/wp\/v2\/product\/4569","targetHints":{"allow":["GET"]}}],"collection":[{"href":"https:\/\/modernteh.md\/ru\/wp-json\/wp\/v2\/product"}],"about":[{"href":"https:\/\/modernteh.md\/ru\/wp-json\/wp\/v2\/types\/product"}],"wp:featuredmedia":[{"embeddable":true,"href":"https:\/\/modernteh.md\/ru\/wp-json\/wp\/v2\/media\/4570"}],"wp:attachment":[{"href":"https:\/\/modernteh.md\/ru\/wp-json\/wp\/v2\/media?parent=4569"}],"wp:term":[{"taxonomy":"product_cat","embeddable":true,"href":"https:\/\/modernteh.md\/ru\/wp-json\/wp\/v2\/product_cat?post=4569"},{"taxonomy":"product_tag","embeddable":true,"href":"https:\/\/modernteh.md\/ru\/wp-json\/wp\/v2\/product_tag?post=4569"}],"curies":[{"name":"wp","href":"https:\/\/api.w.org\/{rel}","templated":true}]}}